{"id":25321,"date":"2020-12-08T11:10:21","date_gmt":"2020-12-08T10:10:21","guid":{"rendered":"https:\/\/www.cinier.com\/produits\/unis-xl\/"},"modified":"2022-07-27T15:04:28","modified_gmt":"2022-07-27T13:04:28","slug":"unis-xl","status":"publish","type":"product","link":"https:\/\/www.cinier.com\/us\/produits\/unis-xl\/","title":{"rendered":"Solid"},"content":{"rendered":"<section class=\"ps-block ps-block--image-xl-text\">\n  \n<img loading=\"lazy\" decoding=\"async\"\n    src=\"https:\/\/www.cinier.com\/app\/uploads\/2022\/06\/03-Full.png\"\n  srcset=\"https:\/\/www.cinier.com\/app\/uploads\/2022\/06\/03-Full.png 1920w, https:\/\/www.cinier.com\/app\/uploads\/2022\/06\/03-Full.png 3840w\"\n  sizes=\"auto, (max-width: 639px) 1920px, 3840px\"\n  width=\"3840\"\n  height=\"1600\"\n  alt=\"Ultra Silent\"\n  class=\"lozad\"\n>\n\n\n\n  <div class=\"ps-block__container\">\n    <div class=\"ps-block__grid\">\n      <div class=\"ps-block__content\">\n        <h2 class=\"ps-block__title\">\n          Ultra Silent\n        <\/h2>\n        <p class=\"ps-block__subtitle\">\n          Purified draft-free air providing exceptional climate for your environment\n        <\/p>\n      <\/div>\n    <\/div>\n  <\/div>\n<\/section>\n\n\n<section class=\"ps-block ps-block--texts-images\">\n  <div class=\"ps-block__container\">\n    <div class=\"ps-block__grid\">\n                    <div class=\"ps-block__item\">\n          \n<img loading=\"lazy\" decoding=\"async\"\n    src=\"https:\/\/www.cinier.com\/app\/uploads\/2022\/06\/02.1-2cols-1280x1280.png\"\n  srcset=\"https:\/\/www.cinier.com\/app\/uploads\/2022\/06\/02.1-2cols-1280x1280.png 1280w\"\n  sizes=\"auto, 1280px\"\n  width=\"1380\"\n  height=\"1800\"\n  alt=\"greenor chaud froid\"\n  class=\"lozad\"\n>\n\n\n\n          <div class=\"ps-block__heading\">\n            <h2 class=\"ps-block__title\">\n              Heating\/Cooling\n            <\/h2>\n            <p class=\"ps-block__subtitle\">\n              Allows heating or air conditioning with Air\/Water heat pump (chilled water technology)\n            <\/p>\n          <\/div>\n        <\/div>\n              <div class=\"ps-block__item\">\n          \n<img loading=\"lazy\" decoding=\"async\"\n    src=\"https:\/\/www.cinier.com\/app\/uploads\/2022\/06\/02.2-2cols-1280x1280.png\"\n  srcset=\"https:\/\/www.cinier.com\/app\/uploads\/2022\/06\/02.2-2cols-1280x1280.png 1280w\"\n  sizes=\"auto, 1280px\"\n  width=\"1380\"\n  height=\"1800\"\n  alt=\"\"\n  class=\"lozad\"\n>\n\n\n\n          <div class=\"ps-block__heading\">\n            <h2 class=\"ps-block__title\">\n              Antiviral exchanger \/ UV filter\n            <\/h2>\n            <p class=\"ps-block__subtitle\">\n              Patented 100% copper vertical exchanger Purifies the air of bacteria in less than 2 hours\n            <\/p>\n          <\/div>\n        <\/div>\n          <\/div>\n  <\/div>\n<\/section>\n\n\n<section class=\"ps-block ps-block--text-in-image\">\n  <div class=\"ps-block__container\">\n    <div class=\"ps-block__content\">\n      \n<img loading=\"lazy\" decoding=\"async\"\n    src=\"https:\/\/www.cinier.com\/app\/uploads\/2021\/12\/estampe-2.jpg\"\n  srcset=\"https:\/\/www.cinier.com\/app\/uploads\/2021\/12\/estampe-2.jpg 1410w, https:\/\/www.cinier.com\/app\/uploads\/2021\/12\/estampe-2.jpg 2820w\"\n  sizes=\"auto, (max-width: 639px) 1410px, 2820px\"\n  width=\"1111\"\n  height=\"896\"\n  alt=\"\"\n  class=\"lozad\"\n>\n\n\n\n      <div class=\"ps-block__heading\">\n        <h2 class=\"ps-block__title\">\n          Unique pieces\n        <\/h2>\n        <p class=\"ps-block__subtitle\">\n          Assembled on an order-by-demand basis, taking up to 20h for one Greenor XL \n        <\/p>\n      <\/div>\n    <\/div>\n  <\/div>\n<\/section>\n","protected":false},"featured_media":18446,"template":"","product_range":[673,780],"product_color":[],"class_list":["post-25321","product","type-product","status-publish","has-post-thumbnail","hentry","product_range-greenor-fancoil","product_range-greenor-xl-us"],"acf":[],"yoast_head":"<!-- This site is optimized with the Yoast SEO plugin v27.5 - https:\/\/yoast.com\/product\/yoast-seo-wordpress\/ -->\n<title>Solid - GREENOR Fancoil, GREENOR XL | Cinier<\/title>\n<meta name=\"description\" content=\"Facile \u00e0 installer sur une pompe \u00e0 chaleur air-eau, les ventilo-convecteurs GREENOR XL UNIS ont un design alliant la simplicit\u00e9 et la sobri\u00e9t\u00e9\" \/>\n<meta name=\"robots\" content=\"index, follow, max-snippet:-1, max-image-preview:large, max-video-preview:-1\" \/>\n<link rel=\"canonical\" href=\"https:\/\/www.cinier.com\/us\/produits\/unis-xl\/\" \/>\n<meta property=\"og:locale\" content=\"en_US\" \/>\n<meta property=\"og:type\" content=\"article\" \/>\n<meta property=\"og:title\" content=\"Solid - GREENOR Fancoil, GREENOR XL | Cinier\" \/>\n<meta property=\"og:description\" content=\"Facile \u00e0 installer sur une pompe \u00e0 chaleur air-eau, les ventilo-convecteurs GREENOR XL UNIS ont un design alliant la simplicit\u00e9 et la sobri\u00e9t\u00e9\" \/>\n<meta property=\"og:url\" content=\"https:\/\/www.cinier.com\/us\/produits\/unis-xl\/\" \/>\n<meta property=\"og:site_name\" content=\"Cinier\" \/>\n<meta property=\"article:publisher\" content=\"https:\/\/www.facebook.com\/cinierdesign\/?ref=bookmarks\" \/>\n<meta property=\"article:modified_time\" content=\"2022-07-27T13:04:28+00:00\" \/>\n<meta property=\"og:image\" content=\"https:\/\/www.cinier.com\/app\/uploads\/2020\/07\/unis-xl-3.png\" \/>\n\t<meta property=\"og:image:width\" content=\"1350\" \/>\n\t<meta property=\"og:image:height\" content=\"1800\" \/>\n\t<meta property=\"og:image:type\" content=\"image\/png\" \/>\n<meta name=\"twitter:card\" content=\"summary_large_image\" \/>\n<script type=\"application\/ld+json\" class=\"yoast-schema-graph\">{\"@context\":\"https:\\\/\\\/schema.org\",\"@graph\":[{\"@type\":\"WebPage\",\"@id\":\"https:\\\/\\\/www.cinier.com\\\/us\\\/produits\\\/unis-xl\\\/\",\"url\":\"https:\\\/\\\/www.cinier.com\\\/us\\\/produits\\\/unis-xl\\\/\",\"name\":\"Solid - GREENOR Fancoil, GREENOR XL | Cinier\",\"isPartOf\":{\"@id\":\"https:\\\/\\\/www.cinier.com\\\/us\\\/#website\"},\"primaryImageOfPage\":{\"@id\":\"https:\\\/\\\/www.cinier.com\\\/us\\\/produits\\\/unis-xl\\\/#primaryimage\"},\"image\":{\"@id\":\"https:\\\/\\\/www.cinier.com\\\/us\\\/produits\\\/unis-xl\\\/#primaryimage\"},\"thumbnailUrl\":\"https:\\\/\\\/www.cinier.com\\\/app\\\/uploads\\\/2020\\\/07\\\/unis-xl-3.png\",\"datePublished\":\"2020-12-08T10:10:21+00:00\",\"dateModified\":\"2022-07-27T13:04:28+00:00\",\"description\":\"Facile \u00e0 installer sur une pompe \u00e0 chaleur air-eau, les ventilo-convecteurs GREENOR XL UNIS ont un design alliant la simplicit\u00e9 et la sobri\u00e9t\u00e9\",\"breadcrumb\":{\"@id\":\"https:\\\/\\\/www.cinier.com\\\/us\\\/produits\\\/unis-xl\\\/#breadcrumb\"},\"inLanguage\":\"en-US\",\"potentialAction\":[{\"@type\":\"ReadAction\",\"target\":[\"https:\\\/\\\/www.cinier.com\\\/us\\\/produits\\\/unis-xl\\\/\"]}]},{\"@type\":\"ImageObject\",\"inLanguage\":\"en-US\",\"@id\":\"https:\\\/\\\/www.cinier.com\\\/us\\\/produits\\\/unis-xl\\\/#primaryimage\",\"url\":\"https:\\\/\\\/www.cinier.com\\\/app\\\/uploads\\\/2020\\\/07\\\/unis-xl-3.png\",\"contentUrl\":\"https:\\\/\\\/www.cinier.com\\\/app\\\/uploads\\\/2020\\\/07\\\/unis-xl-3.png\",\"width\":1350,\"height\":1800,\"caption\":\"UNIS XL 6\"},{\"@type\":\"BreadcrumbList\",\"@id\":\"https:\\\/\\\/www.cinier.com\\\/us\\\/produits\\\/unis-xl\\\/#breadcrumb\",\"itemListElement\":[{\"@type\":\"ListItem\",\"position\":1,\"name\":\"Accueil\",\"item\":\"https:\\\/\\\/www.cinier.com\\\/us\\\/\"},{\"@type\":\"ListItem\",\"position\":2,\"name\":\"Products\",\"item\":\"https:\\\/\\\/www.cinier.com\\\/us\\\/produits\\\/\"},{\"@type\":\"ListItem\",\"position\":3,\"name\":\"Solid\"}]},{\"@type\":\"WebSite\",\"@id\":\"https:\\\/\\\/www.cinier.com\\\/us\\\/#website\",\"url\":\"https:\\\/\\\/www.cinier.com\\\/us\\\/\",\"name\":\"Cinier\",\"description\":\"Radiateurs et Luminaires Contemporains\",\"publisher\":{\"@id\":\"https:\\\/\\\/www.cinier.com\\\/us\\\/#organization\"},\"potentialAction\":[{\"@type\":\"SearchAction\",\"target\":{\"@type\":\"EntryPoint\",\"urlTemplate\":\"https:\\\/\\\/www.cinier.com\\\/us\\\/?s={search_term_string}\"},\"query-input\":{\"@type\":\"PropertyValueSpecification\",\"valueRequired\":true,\"valueName\":\"search_term_string\"}}],\"inLanguage\":\"en-US\"},{\"@type\":\"Organization\",\"@id\":\"https:\\\/\\\/www.cinier.com\\\/us\\\/#organization\",\"name\":\"Cinier\",\"url\":\"https:\\\/\\\/www.cinier.com\\\/us\\\/\",\"logo\":{\"@type\":\"ImageObject\",\"inLanguage\":\"en-US\",\"@id\":\"https:\\\/\\\/www.cinier.com\\\/us\\\/#\\\/schema\\\/logo\\\/image\\\/\",\"url\":\"https:\\\/\\\/www.cinier.com\\\/app\\\/uploads\\\/2019\\\/08\\\/logo.png\",\"contentUrl\":\"https:\\\/\\\/www.cinier.com\\\/app\\\/uploads\\\/2019\\\/08\\\/logo.png\",\"width\":258,\"height\":122,\"caption\":\"Cinier\"},\"image\":{\"@id\":\"https:\\\/\\\/www.cinier.com\\\/us\\\/#\\\/schema\\\/logo\\\/image\\\/\"},\"sameAs\":[\"https:\\\/\\\/www.facebook.com\\\/cinierdesign\\\/?ref=bookmarks\",\"https:\\\/\\\/www.instagram.com\\\/cinier_design\\\/?hl=en\",\"https:\\\/\\\/www.linkedin.com\\\/company\\\/cinier-paris\\\/?viewAsMember=true\",\"https:\\\/\\\/www.pinterest.fr\\\/CINIERFrance\\\/\",\"https:\\\/\\\/www.youtube.com\\\/watch?v=EBncqm0X6-4\"]}]}<\/script>\n<!-- \/ Yoast SEO plugin. -->","yoast_head_json":{"title":"Solid - GREENOR Fancoil, GREENOR XL | Cinier","description":"Facile \u00e0 installer sur une pompe \u00e0 chaleur air-eau, les ventilo-convecteurs GREENOR XL UNIS ont un design alliant la simplicit\u00e9 et la sobri\u00e9t\u00e9","robots":{"index":"index","follow":"follow","max-snippet":"max-snippet:-1","max-image-preview":"max-image-preview:large","max-video-preview":"max-video-preview:-1"},"canonical":"https:\/\/www.cinier.com\/us\/produits\/unis-xl\/","og_locale":"en_US","og_type":"article","og_title":"Solid - GREENOR Fancoil, GREENOR XL | Cinier","og_description":"Facile \u00e0 installer sur une pompe \u00e0 chaleur air-eau, les ventilo-convecteurs GREENOR XL UNIS ont un design alliant la simplicit\u00e9 et la sobri\u00e9t\u00e9","og_url":"https:\/\/www.cinier.com\/us\/produits\/unis-xl\/","og_site_name":"Cinier","article_publisher":"https:\/\/www.facebook.com\/cinierdesign\/?ref=bookmarks","article_modified_time":"2022-07-27T13:04:28+00:00","og_image":[{"width":1350,"height":1800,"url":"https:\/\/www.cinier.com\/app\/uploads\/2020\/07\/unis-xl-3.png","type":"image\/png"}],"twitter_card":"summary_large_image","schema":{"@context":"https:\/\/schema.org","@graph":[{"@type":"WebPage","@id":"https:\/\/www.cinier.com\/us\/produits\/unis-xl\/","url":"https:\/\/www.cinier.com\/us\/produits\/unis-xl\/","name":"Solid - GREENOR Fancoil, GREENOR XL | Cinier","isPartOf":{"@id":"https:\/\/www.cinier.com\/us\/#website"},"primaryImageOfPage":{"@id":"https:\/\/www.cinier.com\/us\/produits\/unis-xl\/#primaryimage"},"image":{"@id":"https:\/\/www.cinier.com\/us\/produits\/unis-xl\/#primaryimage"},"thumbnailUrl":"https:\/\/www.cinier.com\/app\/uploads\/2020\/07\/unis-xl-3.png","datePublished":"2020-12-08T10:10:21+00:00","dateModified":"2022-07-27T13:04:28+00:00","description":"Facile \u00e0 installer sur une pompe \u00e0 chaleur air-eau, les ventilo-convecteurs GREENOR XL UNIS ont un design alliant la simplicit\u00e9 et la sobri\u00e9t\u00e9","breadcrumb":{"@id":"https:\/\/www.cinier.com\/us\/produits\/unis-xl\/#breadcrumb"},"inLanguage":"en-US","potentialAction":[{"@type":"ReadAction","target":["https:\/\/www.cinier.com\/us\/produits\/unis-xl\/"]}]},{"@type":"ImageObject","inLanguage":"en-US","@id":"https:\/\/www.cinier.com\/us\/produits\/unis-xl\/#primaryimage","url":"https:\/\/www.cinier.com\/app\/uploads\/2020\/07\/unis-xl-3.png","contentUrl":"https:\/\/www.cinier.com\/app\/uploads\/2020\/07\/unis-xl-3.png","width":1350,"height":1800,"caption":"UNIS XL 6"},{"@type":"BreadcrumbList","@id":"https:\/\/www.cinier.com\/us\/produits\/unis-xl\/#breadcrumb","itemListElement":[{"@type":"ListItem","position":1,"name":"Accueil","item":"https:\/\/www.cinier.com\/us\/"},{"@type":"ListItem","position":2,"name":"Products","item":"https:\/\/www.cinier.com\/us\/produits\/"},{"@type":"ListItem","position":3,"name":"Solid"}]},{"@type":"WebSite","@id":"https:\/\/www.cinier.com\/us\/#website","url":"https:\/\/www.cinier.com\/us\/","name":"Cinier","description":"Radiateurs et Luminaires Contemporains","publisher":{"@id":"https:\/\/www.cinier.com\/us\/#organization"},"potentialAction":[{"@type":"SearchAction","target":{"@type":"EntryPoint","urlTemplate":"https:\/\/www.cinier.com\/us\/?s={search_term_string}"},"query-input":{"@type":"PropertyValueSpecification","valueRequired":true,"valueName":"search_term_string"}}],"inLanguage":"en-US"},{"@type":"Organization","@id":"https:\/\/www.cinier.com\/us\/#organization","name":"Cinier","url":"https:\/\/www.cinier.com\/us\/","logo":{"@type":"ImageObject","inLanguage":"en-US","@id":"https:\/\/www.cinier.com\/us\/#\/schema\/logo\/image\/","url":"https:\/\/www.cinier.com\/app\/uploads\/2019\/08\/logo.png","contentUrl":"https:\/\/www.cinier.com\/app\/uploads\/2019\/08\/logo.png","width":258,"height":122,"caption":"Cinier"},"image":{"@id":"https:\/\/www.cinier.com\/us\/#\/schema\/logo\/image\/"},"sameAs":["https:\/\/www.facebook.com\/cinierdesign\/?ref=bookmarks","https:\/\/www.instagram.com\/cinier_design\/?hl=en","https:\/\/www.linkedin.com\/company\/cinier-paris\/?viewAsMember=true","https:\/\/www.pinterest.fr\/CINIERFrance\/","https:\/\/www.youtube.com\/watch?v=EBncqm0X6-4"]}]}},"_links":{"self":[{"href":"https:\/\/www.cinier.com\/us\/wp-json\/wp\/v2\/product\/25321","targetHints":{"allow":["GET"]}}],"collection":[{"href":"https:\/\/www.cinier.com\/us\/wp-json\/wp\/v2\/product"}],"about":[{"href":"https:\/\/www.cinier.com\/us\/wp-json\/wp\/v2\/types\/product"}],"wp:featuredmedia":[{"embeddable":true,"href":"https:\/\/www.cinier.com\/us\/wp-json\/wp\/v2\/media\/18446"}],"wp:attachment":[{"href":"https:\/\/www.cinier.com\/us\/wp-json\/wp\/v2\/media?parent=25321"}],"wp:term":[{"taxonomy":"product_range","embeddable":true,"href":"https:\/\/www.cinier.com\/us\/wp-json\/wp\/v2\/product_range?post=25321"},{"taxonomy":"product_color","embeddable":true,"href":"https:\/\/www.cinier.com\/us\/wp-json\/wp\/v2\/product_color?post=25321"}],"curies":[{"name":"wp","href":"https:\/\/api.w.org\/{rel}","templated":true}]}}