{"id":30050,"date":"2022-07-22T15:38:40","date_gmt":"2022-07-22T13:38:40","guid":{"rendered":"https:\/\/www.cinier.com\/produits\/piece-unique-xl\/"},"modified":"2024-05-07T10:00:02","modified_gmt":"2024-05-07T08:00:02","slug":"piece-unique-xl","status":"publish","type":"product","link":"https:\/\/www.cinier.com\/ru\/\u043f\u0440\u043e\u0434\u0443\u043a\u0442\u044b\/piece-unique-xl\/","title":{"rendered":"PIECE UNIQUE XL"},"content":{"rendered":"<section class=\"ps-block ps-block--image-xl-text\">\n  \n<img loading=\"lazy\" decoding=\"async\"\n    src=\"https:\/\/www.cinier.com\/app\/uploads\/2022\/06\/03-Full.png\"\n  srcset=\"https:\/\/www.cinier.com\/app\/uploads\/2022\/06\/03-Full.png 1920w, https:\/\/www.cinier.com\/app\/uploads\/2022\/06\/03-Full.png 3840w\"\n  sizes=\"auto, (max-width: 639px) 1920px, 3840px\"\n  width=\"3840\"\n  height=\"1600\"\n  alt=\"Ultra Silent\"\n  class=\"lozad\"\n>\n\n\n\n  <div class=\"ps-block__container\">\n    <div class=\"ps-block__grid\">\n      <div class=\"ps-block__content\">\n        <h2 class=\"ps-block__title\">\n          Ultra silencieux\n        <\/h2>\n        <p class=\"ps-block__subtitle\">\n          Sans courant d&#8217;air et ultra-silencieux pour offrir un climat exceptionnel\n        <\/p>\n      <\/div>\n    <\/div>\n  <\/div>\n<\/section>\n\n\n<section class=\"ps-block ps-block--texts-images\">\n  <div class=\"ps-block__container\">\n    <div class=\"ps-block__grid\">\n                    <div class=\"ps-block__item\">\n          \n<img loading=\"lazy\" decoding=\"async\"\n    src=\"https:\/\/www.cinier.com\/app\/uploads\/2022\/06\/02.1-2cols-1280x1280.png\"\n  srcset=\"https:\/\/www.cinier.com\/app\/uploads\/2022\/06\/02.1-2cols-1280x1280.png 1280w\"\n  sizes=\"auto, 1280px\"\n  width=\"1380\"\n  height=\"1800\"\n  alt=\"greenor chaud froid\"\n  class=\"lozad\"\n>\n\n\n\n          <div class=\"ps-block__heading\">\n            <h2 class=\"ps-block__title\">\n              Chaud\/Froid\n            <\/h2>\n            <p class=\"ps-block__subtitle\">\n              Permet de faire du chaud ou du froid (climatisation) avec une pompe \u00e0 chaleur Air\/Eau (Technologie eau glac\u00e9e). \n            <\/p>\n          <\/div>\n        <\/div>\n              <div class=\"ps-block__item\">\n          \n<img loading=\"lazy\" decoding=\"async\"\n    src=\"https:\/\/www.cinier.com\/app\/uploads\/2022\/06\/02.2-2cols-1280x1280.png\"\n  srcset=\"https:\/\/www.cinier.com\/app\/uploads\/2022\/06\/02.2-2cols-1280x1280.png 1280w\"\n  sizes=\"auto, 1280px\"\n  width=\"1380\"\n  height=\"1800\"\n  alt=\"\"\n  class=\"lozad\"\n>\n\n\n\n          <div class=\"ps-block__heading\">\n            <h2 class=\"ps-block__title\">\n              Echangeur antiviral \/ Filtre UV \n            <\/h2>\n            <p class=\"ps-block__subtitle\">\n              Purifie l&#8217;air en p\u00e9riode de pand\u00e9mie en moins de 2 heures. \u00c9changeur vertical brevet\u00e9 100% en cuivre. \n            <\/p>\n          <\/div>\n        <\/div>\n          <\/div>\n  <\/div>\n<\/section>\n\n\n<section class=\"ps-block ps-block--text-in-image\">\n  <div class=\"ps-block__container\">\n    <div class=\"ps-block__content\">\n      \n<img loading=\"lazy\" decoding=\"async\"\n    src=\"https:\/\/www.cinier.com\/app\/uploads\/2021\/12\/estampe-2.jpg\"\n  srcset=\"https:\/\/www.cinier.com\/app\/uploads\/2021\/12\/estampe-2.jpg 1410w, https:\/\/www.cinier.com\/app\/uploads\/2021\/12\/estampe-2.jpg 2820w\"\n  sizes=\"auto, (max-width: 639px) 1410px, 2820px\"\n  width=\"1111\"\n  height=\"896\"\n  alt=\"\"\n  class=\"lozad\"\n>\n\n\n\n      <div class=\"ps-block__heading\">\n        <h2 class=\"ps-block__title\">\n          Des pi\u00e8ces uniques\n        <\/h2>\n        <p class=\"ps-block__subtitle\">\n          R\u00e9alis\u00e9es \u00e0 la main, avec des pigments naturels\n        <\/p>\n      <\/div>\n    <\/div>\n  <\/div>\n<\/section>\n\n\n<section class=\"ps-block ps-block--texts-images\">\n  <div class=\"ps-block__container\">\n    <div class=\"ps-block__grid\">\n                    <div class=\"ps-block__item\">\n          \n<img loading=\"lazy\" decoding=\"async\"\n    src=\"https:\/\/www.cinier.com\/app\/uploads\/2020\/02\/titane-bronze-3-1280x1280.jpg\"\n  srcset=\"https:\/\/www.cinier.com\/app\/uploads\/2020\/02\/titane-bronze-3-1280x1280.jpg 1280w\"\n  sizes=\"auto, 1280px\"\n  width=\"2481\"\n  height=\"2482\"\n  alt=\"\"\n  class=\"lozad\"\n>\n\n\n\n          <div class=\"ps-block__heading\">\n            <h2 class=\"ps-block__title\">\n              \n            <\/h2>\n            <p class=\"ps-block__subtitle\">\n              \n            <\/p>\n          <\/div>\n        <\/div>\n              <div class=\"ps-block__item\">\n          \n<img loading=\"lazy\" decoding=\"async\"\n    src=\"https:\/\/www.cinier.com\/app\/uploads\/2024\/05\/contemporains-xl-4-1280x1280.png\"\n  srcset=\"https:\/\/www.cinier.com\/app\/uploads\/2024\/05\/contemporains-xl-4-1280x1280.png 1280w\"\n  sizes=\"auto, 1280px\"\n  width=\"1380\"\n  height=\"1800\"\n  alt=\"\"\n  class=\"lozad\"\n>\n\n\n\n          <div class=\"ps-block__heading\">\n            <h2 class=\"ps-block__title\">\n              \n            <\/h2>\n            <p class=\"ps-block__subtitle\">\n              \n            <\/p>\n          <\/div>\n        <\/div>\n          <\/div>\n  <\/div>\n<\/section>\n\n\n<section class=\"ps-block ps-block--heading\" data-animated>\n  <div class=\"ps-block__container\">\n    <div class=\"ps-block__grid\">\n      <div class=\"ps-block__content\">\n        <div class=\"ps-block__body\">\n          <div class=\"ps-block__item\">\n            \n<h3 class=\"wp-block-heading\">Sch\u00e9ma de principe pour raccorder votre Greenor sur une pompe \u00e0 chaleur<\/h3>\n\n          <\/div>\n        <\/div>\n      <\/div>\n    <\/div>\n  <\/div>\n<\/section>\n\n\n<section class=\"ps-block ps-block--text-in-image\">\n  <div class=\"ps-block__container\">\n    <div class=\"ps-block__content\">\n      \n<img loading=\"lazy\" decoding=\"async\"\n    src=\"https:\/\/www.cinier.com\/app\/uploads\/2022\/07\/piece-unique-xl-8-2820x1410.png\"\n  srcset=\"https:\/\/www.cinier.com\/app\/uploads\/2022\/07\/piece-unique-xl-8-1410x705.png 1410w, https:\/\/www.cinier.com\/app\/uploads\/2022\/07\/piece-unique-xl-8-2820x1410.png 2820w\"\n  sizes=\"auto, (max-width: 639px) 1410px, 2820px\"\n  width=\"3840\"\n  height=\"3360\"\n  alt=\"PIECE UNIQUE XL 7\"\n  class=\"lozad\"\n>\n\n\n\n      <div class=\"ps-block__heading\">\n        <h2 class=\"ps-block__title\">\n          \n        <\/h2>\n        <p class=\"ps-block__subtitle\">\n          \n        <\/p>\n      <\/div>\n    <\/div>\n  <\/div>\n<\/section>\n","protected":false},"featured_media":8737,"template":"","product_range":[412],"product_color":[],"class_list":["post-30050","product","type-product","status-publish","has-post-thumbnail","hentry","product_range-collection-greenor-ru"],"acf":[],"yoast_head":"<!-- This site is optimized with the Yoast SEO plugin v27.5 - https:\/\/yoast.com\/product\/yoast-seo-wordpress\/ -->\n<title>PIECE UNIQUE XL - Greenor\u00ae \u0444\u0430\u043d\u043a\u043e\u0439\u043b\u044b | Cinier<\/title>\n<meta name=\"description\" content=\"PIECE UNIQUE XL, Cr\u00e9ations de Johanne Cinier, Greenor\u00ae \u0444\u0430\u043d\u043a\u043e\u0439\u043b\u044b\" \/>\n<meta name=\"robots\" content=\"index, follow, max-snippet:-1, max-image-preview:large, max-video-preview:-1\" \/>\n<link rel=\"canonical\" href=\"https:\/\/www.cinier.com\/ru\/\u043f\u0440\u043e\u0434\u0443\u043a\u0442\u044b\/piece-unique-xl\/\" \/>\n<meta property=\"og:locale\" content=\"ru_RU\" \/>\n<meta property=\"og:type\" content=\"article\" \/>\n<meta property=\"og:title\" content=\"PIECE UNIQUE XL - Greenor\u00ae \u0444\u0430\u043d\u043a\u043e\u0439\u043b\u044b | Cinier\" \/>\n<meta property=\"og:description\" content=\"PIECE UNIQUE XL, Cr\u00e9ations de Johanne Cinier, Greenor\u00ae \u0444\u0430\u043d\u043a\u043e\u0439\u043b\u044b\" \/>\n<meta property=\"og:url\" content=\"https:\/\/www.cinier.com\/ru\/\u043f\u0440\u043e\u0434\u0443\u043a\u0442\u044b\/piece-unique-xl\/\" \/>\n<meta property=\"og:site_name\" content=\"Cinier\" \/>\n<meta property=\"article:publisher\" content=\"https:\/\/www.facebook.com\/cinierdesign\/?ref=bookmarks\" \/>\n<meta property=\"article:modified_time\" content=\"2024-05-07T08:00:02+00:00\" \/>\n<meta property=\"og:image\" content=\"https:\/\/www.cinier.com\/app\/uploads\/2019\/09\/greenor-barcelona-D-2400x1800-768x1024.png\" \/>\n\t<meta property=\"og:image:width\" content=\"768\" \/>\n\t<meta property=\"og:image:height\" content=\"1024\" \/>\n\t<meta property=\"og:image:type\" content=\"image\/png\" \/>\n<meta name=\"twitter:card\" content=\"summary_large_image\" \/>\n<script type=\"application\/ld+json\" class=\"yoast-schema-graph\">{\"@context\":\"https:\\\/\\\/schema.org\",\"@graph\":[{\"@type\":\"WebPage\",\"@id\":\"https:\\\/\\\/www.cinier.com\\\/ru\\\/\u043f\u0440\u043e\u0434\u0443\u043a\u0442\u044b\\\/piece-unique-xl\\\/\",\"url\":\"https:\\\/\\\/www.cinier.com\\\/ru\\\/\u043f\u0440\u043e\u0434\u0443\u043a\u0442\u044b\\\/piece-unique-xl\\\/\",\"name\":\"PIECE UNIQUE XL - Greenor\u00ae \u0444\u0430\u043d\u043a\u043e\u0439\u043b\u044b | Cinier\",\"isPartOf\":{\"@id\":\"https:\\\/\\\/www.cinier.com\\\/ru\\\/#website\"},\"primaryImageOfPage\":{\"@id\":\"https:\\\/\\\/www.cinier.com\\\/ru\\\/\u043f\u0440\u043e\u0434\u0443\u043a\u0442\u044b\\\/piece-unique-xl\\\/#primaryimage\"},\"image\":{\"@id\":\"https:\\\/\\\/www.cinier.com\\\/ru\\\/\u043f\u0440\u043e\u0434\u0443\u043a\u0442\u044b\\\/piece-unique-xl\\\/#primaryimage\"},\"thumbnailUrl\":\"https:\\\/\\\/www.cinier.com\\\/app\\\/uploads\\\/2019\\\/09\\\/greenor-barcelona-D-2400x1800.png\",\"datePublished\":\"2022-07-22T13:38:40+00:00\",\"dateModified\":\"2024-05-07T08:00:02+00:00\",\"description\":\"PIECE UNIQUE XL, Cr\u00e9ations de Johanne Cinier, Greenor\u00ae \u0444\u0430\u043d\u043a\u043e\u0439\u043b\u044b\",\"breadcrumb\":{\"@id\":\"https:\\\/\\\/www.cinier.com\\\/ru\\\/\u043f\u0440\u043e\u0434\u0443\u043a\u0442\u044b\\\/piece-unique-xl\\\/#breadcrumb\"},\"inLanguage\":\"ru-RU\",\"potentialAction\":[{\"@type\":\"ReadAction\",\"target\":[\"https:\\\/\\\/www.cinier.com\\\/ru\\\/\u043f\u0440\u043e\u0434\u0443\u043a\u0442\u044b\\\/piece-unique-xl\\\/\"]}]},{\"@type\":\"ImageObject\",\"inLanguage\":\"ru-RU\",\"@id\":\"https:\\\/\\\/www.cinier.com\\\/ru\\\/\u043f\u0440\u043e\u0434\u0443\u043a\u0442\u044b\\\/piece-unique-xl\\\/#primaryimage\",\"url\":\"https:\\\/\\\/www.cinier.com\\\/app\\\/uploads\\\/2019\\\/09\\\/greenor-barcelona-D-2400x1800.png\",\"contentUrl\":\"https:\\\/\\\/www.cinier.com\\\/app\\\/uploads\\\/2019\\\/09\\\/greenor-barcelona-D-2400x1800.png\",\"width\":1800,\"height\":2400,\"caption\":\"Barcelona 1\"},{\"@type\":\"BreadcrumbList\",\"@id\":\"https:\\\/\\\/www.cinier.com\\\/ru\\\/\u043f\u0440\u043e\u0434\u0443\u043a\u0442\u044b\\\/piece-unique-xl\\\/#breadcrumb\",\"itemListElement\":[{\"@type\":\"ListItem\",\"position\":1,\"name\":\"Accueil\",\"item\":\"https:\\\/\\\/www.cinier.com\\\/ru\\\/\"},{\"@type\":\"ListItem\",\"position\":2,\"name\":\"\u0422\u043e\u0432\u0430\u0440\u044b\",\"item\":\"https:\\\/\\\/www.cinier.com\\\/ru\\\/\u043f\u0440\u043e\u0434\u0443\u043a\u0442\u044b\\\/\"},{\"@type\":\"ListItem\",\"position\":3,\"name\":\"PIECE UNIQUE XL\"}]},{\"@type\":\"WebSite\",\"@id\":\"https:\\\/\\\/www.cinier.com\\\/ru\\\/#website\",\"url\":\"https:\\\/\\\/www.cinier.com\\\/ru\\\/\",\"name\":\"Cinier\",\"description\":\"Radiateurs et Luminaires Contemporains\",\"publisher\":{\"@id\":\"https:\\\/\\\/www.cinier.com\\\/ru\\\/#organization\"},\"potentialAction\":[{\"@type\":\"SearchAction\",\"target\":{\"@type\":\"EntryPoint\",\"urlTemplate\":\"https:\\\/\\\/www.cinier.com\\\/ru\\\/?s={search_term_string}\"},\"query-input\":{\"@type\":\"PropertyValueSpecification\",\"valueRequired\":true,\"valueName\":\"search_term_string\"}}],\"inLanguage\":\"ru-RU\"},{\"@type\":\"Organization\",\"@id\":\"https:\\\/\\\/www.cinier.com\\\/ru\\\/#organization\",\"name\":\"Cinier\",\"url\":\"https:\\\/\\\/www.cinier.com\\\/ru\\\/\",\"logo\":{\"@type\":\"ImageObject\",\"inLanguage\":\"ru-RU\",\"@id\":\"https:\\\/\\\/www.cinier.com\\\/ru\\\/#\\\/schema\\\/logo\\\/image\\\/\",\"url\":\"https:\\\/\\\/www.cinier.com\\\/app\\\/uploads\\\/2019\\\/08\\\/logo.png\",\"contentUrl\":\"https:\\\/\\\/www.cinier.com\\\/app\\\/uploads\\\/2019\\\/08\\\/logo.png\",\"width\":258,\"height\":122,\"caption\":\"Cinier\"},\"image\":{\"@id\":\"https:\\\/\\\/www.cinier.com\\\/ru\\\/#\\\/schema\\\/logo\\\/image\\\/\"},\"sameAs\":[\"https:\\\/\\\/www.facebook.com\\\/cinierdesign\\\/?ref=bookmarks\",\"https:\\\/\\\/www.instagram.com\\\/cinier_design\\\/?hl=en\",\"https:\\\/\\\/www.linkedin.com\\\/company\\\/cinier-paris\\\/?viewAsMember=true\",\"https:\\\/\\\/www.pinterest.fr\\\/CINIERFrance\\\/\",\"https:\\\/\\\/www.youtube.com\\\/watch?v=EBncqm0X6-4\"]}]}<\/script>\n<!-- \/ Yoast SEO plugin. -->","yoast_head_json":{"title":"PIECE UNIQUE XL - Greenor\u00ae \u0444\u0430\u043d\u043a\u043e\u0439\u043b\u044b | Cinier","description":"PIECE UNIQUE XL, Cr\u00e9ations de Johanne Cinier, Greenor\u00ae \u0444\u0430\u043d\u043a\u043e\u0439\u043b\u044b","robots":{"index":"index","follow":"follow","max-snippet":"max-snippet:-1","max-image-preview":"max-image-preview:large","max-video-preview":"max-video-preview:-1"},"canonical":"https:\/\/www.cinier.com\/ru\/\u043f\u0440\u043e\u0434\u0443\u043a\u0442\u044b\/piece-unique-xl\/","og_locale":"ru_RU","og_type":"article","og_title":"PIECE UNIQUE XL - Greenor\u00ae \u0444\u0430\u043d\u043a\u043e\u0439\u043b\u044b | Cinier","og_description":"PIECE UNIQUE XL, Cr\u00e9ations de Johanne Cinier, Greenor\u00ae \u0444\u0430\u043d\u043a\u043e\u0439\u043b\u044b","og_url":"https:\/\/www.cinier.com\/ru\/\u043f\u0440\u043e\u0434\u0443\u043a\u0442\u044b\/piece-unique-xl\/","og_site_name":"Cinier","article_publisher":"https:\/\/www.facebook.com\/cinierdesign\/?ref=bookmarks","article_modified_time":"2024-05-07T08:00:02+00:00","og_image":[{"width":768,"height":1024,"url":"https:\/\/www.cinier.com\/app\/uploads\/2019\/09\/greenor-barcelona-D-2400x1800-768x1024.png","type":"image\/png"}],"twitter_card":"summary_large_image","schema":{"@context":"https:\/\/schema.org","@graph":[{"@type":"WebPage","@id":"https:\/\/www.cinier.com\/ru\/\u043f\u0440\u043e\u0434\u0443\u043a\u0442\u044b\/piece-unique-xl\/","url":"https:\/\/www.cinier.com\/ru\/\u043f\u0440\u043e\u0434\u0443\u043a\u0442\u044b\/piece-unique-xl\/","name":"PIECE UNIQUE XL - Greenor\u00ae \u0444\u0430\u043d\u043a\u043e\u0439\u043b\u044b | Cinier","isPartOf":{"@id":"https:\/\/www.cinier.com\/ru\/#website"},"primaryImageOfPage":{"@id":"https:\/\/www.cinier.com\/ru\/\u043f\u0440\u043e\u0434\u0443\u043a\u0442\u044b\/piece-unique-xl\/#primaryimage"},"image":{"@id":"https:\/\/www.cinier.com\/ru\/\u043f\u0440\u043e\u0434\u0443\u043a\u0442\u044b\/piece-unique-xl\/#primaryimage"},"thumbnailUrl":"https:\/\/www.cinier.com\/app\/uploads\/2019\/09\/greenor-barcelona-D-2400x1800.png","datePublished":"2022-07-22T13:38:40+00:00","dateModified":"2024-05-07T08:00:02+00:00","description":"PIECE UNIQUE XL, Cr\u00e9ations de Johanne Cinier, Greenor\u00ae \u0444\u0430\u043d\u043a\u043e\u0439\u043b\u044b","breadcrumb":{"@id":"https:\/\/www.cinier.com\/ru\/\u043f\u0440\u043e\u0434\u0443\u043a\u0442\u044b\/piece-unique-xl\/#breadcrumb"},"inLanguage":"ru-RU","potentialAction":[{"@type":"ReadAction","target":["https:\/\/www.cinier.com\/ru\/\u043f\u0440\u043e\u0434\u0443\u043a\u0442\u044b\/piece-unique-xl\/"]}]},{"@type":"ImageObject","inLanguage":"ru-RU","@id":"https:\/\/www.cinier.com\/ru\/\u043f\u0440\u043e\u0434\u0443\u043a\u0442\u044b\/piece-unique-xl\/#primaryimage","url":"https:\/\/www.cinier.com\/app\/uploads\/2019\/09\/greenor-barcelona-D-2400x1800.png","contentUrl":"https:\/\/www.cinier.com\/app\/uploads\/2019\/09\/greenor-barcelona-D-2400x1800.png","width":1800,"height":2400,"caption":"Barcelona 1"},{"@type":"BreadcrumbList","@id":"https:\/\/www.cinier.com\/ru\/\u043f\u0440\u043e\u0434\u0443\u043a\u0442\u044b\/piece-unique-xl\/#breadcrumb","itemListElement":[{"@type":"ListItem","position":1,"name":"Accueil","item":"https:\/\/www.cinier.com\/ru\/"},{"@type":"ListItem","position":2,"name":"\u0422\u043e\u0432\u0430\u0440\u044b","item":"https:\/\/www.cinier.com\/ru\/\u043f\u0440\u043e\u0434\u0443\u043a\u0442\u044b\/"},{"@type":"ListItem","position":3,"name":"PIECE UNIQUE XL"}]},{"@type":"WebSite","@id":"https:\/\/www.cinier.com\/ru\/#website","url":"https:\/\/www.cinier.com\/ru\/","name":"Cinier","description":"Radiateurs et Luminaires Contemporains","publisher":{"@id":"https:\/\/www.cinier.com\/ru\/#organization"},"potentialAction":[{"@type":"SearchAction","target":{"@type":"EntryPoint","urlTemplate":"https:\/\/www.cinier.com\/ru\/?s={search_term_string}"},"query-input":{"@type":"PropertyValueSpecification","valueRequired":true,"valueName":"search_term_string"}}],"inLanguage":"ru-RU"},{"@type":"Organization","@id":"https:\/\/www.cinier.com\/ru\/#organization","name":"Cinier","url":"https:\/\/www.cinier.com\/ru\/","logo":{"@type":"ImageObject","inLanguage":"ru-RU","@id":"https:\/\/www.cinier.com\/ru\/#\/schema\/logo\/image\/","url":"https:\/\/www.cinier.com\/app\/uploads\/2019\/08\/logo.png","contentUrl":"https:\/\/www.cinier.com\/app\/uploads\/2019\/08\/logo.png","width":258,"height":122,"caption":"Cinier"},"image":{"@id":"https:\/\/www.cinier.com\/ru\/#\/schema\/logo\/image\/"},"sameAs":["https:\/\/www.facebook.com\/cinierdesign\/?ref=bookmarks","https:\/\/www.instagram.com\/cinier_design\/?hl=en","https:\/\/www.linkedin.com\/company\/cinier-paris\/?viewAsMember=true","https:\/\/www.pinterest.fr\/CINIERFrance\/","https:\/\/www.youtube.com\/watch?v=EBncqm0X6-4"]}]}},"_links":{"self":[{"href":"https:\/\/www.cinier.com\/ru\/wp-json\/wp\/v2\/product\/30050","targetHints":{"allow":["GET"]}}],"collection":[{"href":"https:\/\/www.cinier.com\/ru\/wp-json\/wp\/v2\/product"}],"about":[{"href":"https:\/\/www.cinier.com\/ru\/wp-json\/wp\/v2\/types\/product"}],"wp:featuredmedia":[{"embeddable":true,"href":"https:\/\/www.cinier.com\/ru\/wp-json\/wp\/v2\/media\/8737"}],"wp:attachment":[{"href":"https:\/\/www.cinier.com\/ru\/wp-json\/wp\/v2\/media?parent=30050"}],"wp:term":[{"taxonomy":"product_range","embeddable":true,"href":"https:\/\/www.cinier.com\/ru\/wp-json\/wp\/v2\/product_range?post=30050"},{"taxonomy":"product_color","embeddable":true,"href":"https:\/\/www.cinier.com\/ru\/wp-json\/wp\/v2\/product_color?post=30050"}],"curies":[{"name":"wp","href":"https:\/\/api.w.org\/{rel}","templated":true}]}}