{"id":34650,"date":"2025-03-31T17:14:29","date_gmt":"2025-03-31T15:14:29","guid":{"rendered":"https:\/\/www.cinier.com\/produits\/chauffe-serviettes-orbeo-miroir\/"},"modified":"2025-06-06T11:22:28","modified_gmt":"2025-06-06T09:22:28","slug":"chauffe-serviettes-orbeo-miroir","status":"publish","type":"product","link":"https:\/\/www.cinier.com\/it\/prodotti\/chauffe-serviettes-orbeo-miroir\/","title":{"rendered":"Orb\u00e9o miroir"},"content":{"rendered":"","protected":false},"featured_media":34751,"template":"","product_range":[641],"product_color":[],"class_list":["post-34650","product","type-product","status-publish","has-post-thumbnail","hentry","product_range-ss-contemporanei-it"],"acf":[],"yoast_head":"<!-- This site is optimized with the Yoast SEO plugin v27.2 - https:\/\/yoast.com\/product\/yoast-seo-wordpress\/ -->\n<title>Orb\u00e9o miroir - Contemporanei | Cinier<\/title>\n<meta name=\"description\" content=\"En pierre olycale &amp; miroir biseaut\u00e9, Orb\u00e9o diffuse une chaleur douce et enveloppante, parfaite pour des serviettes toujours agr\u00e9ables au toucher.\" \/>\n<meta name=\"robots\" content=\"index, follow, max-snippet:-1, max-image-preview:large, max-video-preview:-1\" \/>\n<link rel=\"canonical\" href=\"https:\/\/www.cinier.com\/it\/prodotti\/chauffe-serviettes-orbeo-miroir\/\" \/>\n<meta property=\"og:locale\" content=\"it_IT\" \/>\n<meta property=\"og:type\" content=\"article\" \/>\n<meta property=\"og:title\" content=\"Orb\u00e9o miroir - Contemporanei | Cinier\" \/>\n<meta property=\"og:description\" content=\"En pierre olycale &amp; miroir biseaut\u00e9, Orb\u00e9o diffuse une chaleur douce et enveloppante, parfaite pour des serviettes toujours agr\u00e9ables au toucher.\" \/>\n<meta property=\"og:url\" content=\"https:\/\/www.cinier.com\/it\/prodotti\/chauffe-serviettes-orbeo-miroir\/\" \/>\n<meta property=\"og:site_name\" content=\"Cinier\" \/>\n<meta property=\"article:publisher\" content=\"https:\/\/www.facebook.com\/cinierdesign\/?ref=bookmarks\" \/>\n<meta property=\"article:modified_time\" content=\"2025-06-06T09:22:28+00:00\" \/>\n<meta property=\"og:image\" content=\"https:\/\/www.cinier.com\/app\/uploads\/2025\/04\/orbeo-miroir.jpg\" \/>\n\t<meta property=\"og:image:width\" content=\"2481\" \/>\n\t<meta property=\"og:image:height\" content=\"3508\" \/>\n\t<meta property=\"og:image:type\" content=\"image\/jpeg\" \/>\n<meta name=\"twitter:card\" content=\"summary_large_image\" \/>\n<script type=\"application\/ld+json\" class=\"yoast-schema-graph\">{\"@context\":\"https:\/\/schema.org\",\"@graph\":[{\"@type\":\"WebPage\",\"@id\":\"https:\/\/www.cinier.com\/it\/prodotti\/chauffe-serviettes-orbeo-miroir\/\",\"url\":\"https:\/\/www.cinier.com\/it\/prodotti\/chauffe-serviettes-orbeo-miroir\/\",\"name\":\"Orb\u00e9o miroir - Contemporanei | Cinier\",\"isPartOf\":{\"@id\":\"https:\/\/www.cinier.com\/it\/#website\"},\"primaryImageOfPage\":{\"@id\":\"https:\/\/www.cinier.com\/it\/prodotti\/chauffe-serviettes-orbeo-miroir\/#primaryimage\"},\"image\":{\"@id\":\"https:\/\/www.cinier.com\/it\/prodotti\/chauffe-serviettes-orbeo-miroir\/#primaryimage\"},\"thumbnailUrl\":\"https:\/\/www.cinier.com\/app\/uploads\/2025\/04\/orbeo-miroir.jpg\",\"datePublished\":\"2025-03-31T15:14:29+00:00\",\"dateModified\":\"2025-06-06T09:22:28+00:00\",\"description\":\"En pierre olycale & miroir biseaut\u00e9, Orb\u00e9o diffuse une chaleur douce et enveloppante, parfaite pour des serviettes toujours agr\u00e9ables au toucher.\",\"breadcrumb\":{\"@id\":\"https:\/\/www.cinier.com\/it\/prodotti\/chauffe-serviettes-orbeo-miroir\/#breadcrumb\"},\"inLanguage\":\"it-IT\",\"potentialAction\":[{\"@type\":\"ReadAction\",\"target\":[\"https:\/\/www.cinier.com\/it\/prodotti\/chauffe-serviettes-orbeo-miroir\/\"]}]},{\"@type\":\"ImageObject\",\"inLanguage\":\"it-IT\",\"@id\":\"https:\/\/www.cinier.com\/it\/prodotti\/chauffe-serviettes-orbeo-miroir\/#primaryimage\",\"url\":\"https:\/\/www.cinier.com\/app\/uploads\/2025\/04\/orbeo-miroir.jpg\",\"contentUrl\":\"https:\/\/www.cinier.com\/app\/uploads\/2025\/04\/orbeo-miroir.jpg\",\"width\":2481,\"height\":3508,\"caption\":\"Orb\u00e9o miroir 4\"},{\"@type\":\"BreadcrumbList\",\"@id\":\"https:\/\/www.cinier.com\/it\/prodotti\/chauffe-serviettes-orbeo-miroir\/#breadcrumb\",\"itemListElement\":[{\"@type\":\"ListItem\",\"position\":1,\"name\":\"Accueil\",\"item\":\"https:\/\/www.cinier.com\/it\/\"},{\"@type\":\"ListItem\",\"position\":2,\"name\":\"Prodotti\",\"item\":\"https:\/\/www.cinier.com\/it\/prodotti\/\"},{\"@type\":\"ListItem\",\"position\":3,\"name\":\"Orb\u00e9o miroir\"}]},{\"@type\":\"WebSite\",\"@id\":\"https:\/\/www.cinier.com\/it\/#website\",\"url\":\"https:\/\/www.cinier.com\/it\/\",\"name\":\"Cinier\",\"description\":\"SOLUTIONS HAUT DE GAMME POUR LE DESIGN D&#039;INT\u00c9RIEUR\",\"publisher\":{\"@id\":\"https:\/\/www.cinier.com\/it\/#organization\"},\"potentialAction\":[{\"@type\":\"SearchAction\",\"target\":{\"@type\":\"EntryPoint\",\"urlTemplate\":\"https:\/\/www.cinier.com\/it\/?s={search_term_string}\"},\"query-input\":{\"@type\":\"PropertyValueSpecification\",\"valueRequired\":true,\"valueName\":\"search_term_string\"}}],\"inLanguage\":\"it-IT\"},{\"@type\":\"Organization\",\"@id\":\"https:\/\/www.cinier.com\/it\/#organization\",\"name\":\"Cinier\",\"url\":\"https:\/\/www.cinier.com\/it\/\",\"logo\":{\"@type\":\"ImageObject\",\"inLanguage\":\"it-IT\",\"@id\":\"https:\/\/www.cinier.com\/it\/#\/schema\/logo\/image\/\",\"url\":\"https:\/\/www.cinier.com\/app\/uploads\/2019\/08\/logo.png\",\"contentUrl\":\"https:\/\/www.cinier.com\/app\/uploads\/2019\/08\/logo.png\",\"width\":258,\"height\":122,\"caption\":\"Cinier\"},\"image\":{\"@id\":\"https:\/\/www.cinier.com\/it\/#\/schema\/logo\/image\/\"},\"sameAs\":[\"https:\/\/www.facebook.com\/cinierdesign\/?ref=bookmarks\",\"https:\/\/www.instagram.com\/cinier_design\/?hl=en\",\"https:\/\/www.linkedin.com\/company\/cinier-paris\/?viewAsMember=true\",\"https:\/\/www.pinterest.fr\/CINIERFrance\/\",\"https:\/\/www.youtube.com\/watch?v=EBncqm0X6-4\"]}]}<\/script>\n<!-- \/ Yoast SEO plugin. -->","yoast_head_json":{"title":"Orb\u00e9o miroir - Contemporanei | Cinier","description":"En pierre olycale & miroir biseaut\u00e9, Orb\u00e9o diffuse une chaleur douce et enveloppante, parfaite pour des serviettes toujours agr\u00e9ables au toucher.","robots":{"index":"index","follow":"follow","max-snippet":"max-snippet:-1","max-image-preview":"max-image-preview:large","max-video-preview":"max-video-preview:-1"},"canonical":"https:\/\/www.cinier.com\/it\/prodotti\/chauffe-serviettes-orbeo-miroir\/","og_locale":"it_IT","og_type":"article","og_title":"Orb\u00e9o miroir - Contemporanei | Cinier","og_description":"En pierre olycale & miroir biseaut\u00e9, Orb\u00e9o diffuse une chaleur douce et enveloppante, parfaite pour des serviettes toujours agr\u00e9ables au toucher.","og_url":"https:\/\/www.cinier.com\/it\/prodotti\/chauffe-serviettes-orbeo-miroir\/","og_site_name":"Cinier","article_publisher":"https:\/\/www.facebook.com\/cinierdesign\/?ref=bookmarks","article_modified_time":"2025-06-06T09:22:28+00:00","og_image":[{"width":2481,"height":3508,"url":"https:\/\/www.cinier.com\/app\/uploads\/2025\/04\/orbeo-miroir.jpg","type":"image\/jpeg"}],"twitter_card":"summary_large_image","schema":{"@context":"https:\/\/schema.org","@graph":[{"@type":"WebPage","@id":"https:\/\/www.cinier.com\/it\/prodotti\/chauffe-serviettes-orbeo-miroir\/","url":"https:\/\/www.cinier.com\/it\/prodotti\/chauffe-serviettes-orbeo-miroir\/","name":"Orb\u00e9o miroir - Contemporanei | Cinier","isPartOf":{"@id":"https:\/\/www.cinier.com\/it\/#website"},"primaryImageOfPage":{"@id":"https:\/\/www.cinier.com\/it\/prodotti\/chauffe-serviettes-orbeo-miroir\/#primaryimage"},"image":{"@id":"https:\/\/www.cinier.com\/it\/prodotti\/chauffe-serviettes-orbeo-miroir\/#primaryimage"},"thumbnailUrl":"https:\/\/www.cinier.com\/app\/uploads\/2025\/04\/orbeo-miroir.jpg","datePublished":"2025-03-31T15:14:29+00:00","dateModified":"2025-06-06T09:22:28+00:00","description":"En pierre olycale & miroir biseaut\u00e9, Orb\u00e9o diffuse une chaleur douce et enveloppante, parfaite pour des serviettes toujours agr\u00e9ables au toucher.","breadcrumb":{"@id":"https:\/\/www.cinier.com\/it\/prodotti\/chauffe-serviettes-orbeo-miroir\/#breadcrumb"},"inLanguage":"it-IT","potentialAction":[{"@type":"ReadAction","target":["https:\/\/www.cinier.com\/it\/prodotti\/chauffe-serviettes-orbeo-miroir\/"]}]},{"@type":"ImageObject","inLanguage":"it-IT","@id":"https:\/\/www.cinier.com\/it\/prodotti\/chauffe-serviettes-orbeo-miroir\/#primaryimage","url":"https:\/\/www.cinier.com\/app\/uploads\/2025\/04\/orbeo-miroir.jpg","contentUrl":"https:\/\/www.cinier.com\/app\/uploads\/2025\/04\/orbeo-miroir.jpg","width":2481,"height":3508,"caption":"Orb\u00e9o miroir 4"},{"@type":"BreadcrumbList","@id":"https:\/\/www.cinier.com\/it\/prodotti\/chauffe-serviettes-orbeo-miroir\/#breadcrumb","itemListElement":[{"@type":"ListItem","position":1,"name":"Accueil","item":"https:\/\/www.cinier.com\/it\/"},{"@type":"ListItem","position":2,"name":"Prodotti","item":"https:\/\/www.cinier.com\/it\/prodotti\/"},{"@type":"ListItem","position":3,"name":"Orb\u00e9o miroir"}]},{"@type":"WebSite","@id":"https:\/\/www.cinier.com\/it\/#website","url":"https:\/\/www.cinier.com\/it\/","name":"Cinier","description":"SOLUTIONS HAUT DE GAMME POUR LE DESIGN D&#039;INT\u00c9RIEUR","publisher":{"@id":"https:\/\/www.cinier.com\/it\/#organization"},"potentialAction":[{"@type":"SearchAction","target":{"@type":"EntryPoint","urlTemplate":"https:\/\/www.cinier.com\/it\/?s={search_term_string}"},"query-input":{"@type":"PropertyValueSpecification","valueRequired":true,"valueName":"search_term_string"}}],"inLanguage":"it-IT"},{"@type":"Organization","@id":"https:\/\/www.cinier.com\/it\/#organization","name":"Cinier","url":"https:\/\/www.cinier.com\/it\/","logo":{"@type":"ImageObject","inLanguage":"it-IT","@id":"https:\/\/www.cinier.com\/it\/#\/schema\/logo\/image\/","url":"https:\/\/www.cinier.com\/app\/uploads\/2019\/08\/logo.png","contentUrl":"https:\/\/www.cinier.com\/app\/uploads\/2019\/08\/logo.png","width":258,"height":122,"caption":"Cinier"},"image":{"@id":"https:\/\/www.cinier.com\/it\/#\/schema\/logo\/image\/"},"sameAs":["https:\/\/www.facebook.com\/cinierdesign\/?ref=bookmarks","https:\/\/www.instagram.com\/cinier_design\/?hl=en","https:\/\/www.linkedin.com\/company\/cinier-paris\/?viewAsMember=true","https:\/\/www.pinterest.fr\/CINIERFrance\/","https:\/\/www.youtube.com\/watch?v=EBncqm0X6-4"]}]}},"_links":{"self":[{"href":"https:\/\/www.cinier.com\/it\/wp-json\/wp\/v2\/product\/34650","targetHints":{"allow":["GET"]}}],"collection":[{"href":"https:\/\/www.cinier.com\/it\/wp-json\/wp\/v2\/product"}],"about":[{"href":"https:\/\/www.cinier.com\/it\/wp-json\/wp\/v2\/types\/product"}],"wp:featuredmedia":[{"embeddable":true,"href":"https:\/\/www.cinier.com\/it\/wp-json\/wp\/v2\/media\/34751"}],"wp:attachment":[{"href":"https:\/\/www.cinier.com\/it\/wp-json\/wp\/v2\/media?parent=34650"}],"wp:term":[{"taxonomy":"product_range","embeddable":true,"href":"https:\/\/www.cinier.com\/it\/wp-json\/wp\/v2\/product_range?post=34650"},{"taxonomy":"product_color","embeddable":true,"href":"https:\/\/www.cinier.com\/it\/wp-json\/wp\/v2\/product_color?post=34650"}],"curies":[{"name":"wp","href":"https:\/\/api.w.org\/{rel}","templated":true}]}}