{"id":32830,"date":"2020-12-08T11:10:21","date_gmt":"2020-12-08T10:10:21","guid":{"rendered":"https:\/\/www.cinier.com\/produits\/unis-xl\/"},"modified":"2020-12-08T11:10:21","modified_gmt":"2020-12-08T10:10:21","slug":"unis-xl","status":"publish","type":"product","link":"https:\/\/www.cinier.com\/it\/prodotti\/unis-xl\/","title":{"rendered":"UNIS XL"},"content":{"rendered":"<section class=\"ps-block ps-block--image-xl-text\">\n  \n<img loading=\"lazy\" decoding=\"async\"\n    src=\"https:\/\/www.cinier.com\/app\/uploads\/2020\/12\/piece-unique-xl-4.png\"\n  srcset=\"https:\/\/www.cinier.com\/app\/uploads\/2020\/12\/piece-unique-xl-4.png 1920w, https:\/\/www.cinier.com\/app\/uploads\/2020\/12\/piece-unique-xl-4.png 3840w\"\n  sizes=\"auto, (max-width: 639px) 1920px, 3840px\"\n  width=\"3840\"\n  height=\"1600\"\n  alt=\"PIECE UNIQUE XL 2\"\n  class=\"lozad\"\n>\n\n\n\n  <div class=\"ps-block__container\">\n    <div class=\"ps-block__grid\">\n      <div class=\"ps-block__content\">\n        <h2 class=\"ps-block__title\">\n          Ultra silencieux\n        <\/h2>\n        <p class=\"ps-block__subtitle\">\n          Sans courants d&#8217;air et ultra-silencieux pour offrir un climat exceptionnel\n        <\/p>\n      <\/div>\n    <\/div>\n  <\/div>\n<\/section>\n\n\n<section class=\"ps-block ps-block--texts-images\">\n  <div class=\"ps-block__container\">\n    <div class=\"ps-block__grid\">\n                    <div class=\"ps-block__item\">\n          \n<img loading=\"lazy\" decoding=\"async\"\n    src=\"https:\/\/www.cinier.com\/app\/uploads\/2022\/06\/02.1-2cols-1280x1280.png\"\n  srcset=\"https:\/\/www.cinier.com\/app\/uploads\/2022\/06\/02.1-2cols-1280x1280.png 1280w\"\n  sizes=\"auto, 1280px\"\n  width=\"1380\"\n  height=\"1800\"\n  alt=\"greenor chaud froid\"\n  class=\"lozad\"\n>\n\n\n\n          <div class=\"ps-block__heading\">\n            <h2 class=\"ps-block__title\">\n              Chaud\/Froid\n            <\/h2>\n            <p class=\"ps-block__subtitle\">\n              Permet de faire du chaud ou du froid (climatisation) avec une pompe \u00e0 chaleur Air\/Eau (Technologie eau glac\u00e9e). \n            <\/p>\n          <\/div>\n        <\/div>\n              <div class=\"ps-block__item\">\n          \n<img loading=\"lazy\" decoding=\"async\"\n    src=\"https:\/\/www.cinier.com\/app\/uploads\/2022\/06\/02.2-2cols-1280x1280.png\"\n  srcset=\"https:\/\/www.cinier.com\/app\/uploads\/2022\/06\/02.2-2cols-1280x1280.png 1280w\"\n  sizes=\"auto, 1280px\"\n  width=\"1380\"\n  height=\"1800\"\n  alt=\"\"\n  class=\"lozad\"\n>\n\n\n\n          <div class=\"ps-block__heading\">\n            <h2 class=\"ps-block__title\">\n              Echangeur antiviral \/ Filtre UV \n            <\/h2>\n            <p class=\"ps-block__subtitle\">\n              Purifie l&#8217;air en p\u00e9riode de pand\u00e9mie en moins de 2 heures. \u00c9changeur vertical brevet\u00e9 100% en cuivre. \n            <\/p>\n          <\/div>\n        <\/div>\n          <\/div>\n  <\/div>\n<\/section>\n\n\n<section class=\"ps-block ps-block--texts-images\">\n  <div class=\"ps-block__container\">\n    <div class=\"ps-block__grid\">\n                    <div class=\"ps-block__item\">\n          \n<img loading=\"lazy\" decoding=\"async\"\n    src=\"https:\/\/www.cinier.com\/app\/uploads\/2020\/11\/palmspring-7-1280x1280.jpg\"\n  srcset=\"https:\/\/www.cinier.com\/app\/uploads\/2020\/11\/palmspring-7-1280x1280.jpg 1280w\"\n  sizes=\"auto, 1280px\"\n  width=\"2481\"\n  height=\"2482\"\n  alt=\"\"\n  class=\"lozad\"\n>\n\n\n\n          <div class=\"ps-block__heading\">\n            <h2 class=\"ps-block__title\">\n              \n            <\/h2>\n            <p class=\"ps-block__subtitle\">\n              \n            <\/p>\n          <\/div>\n        <\/div>\n              <div class=\"ps-block__item\">\n          \n<img loading=\"lazy\" decoding=\"async\"\n    src=\"https:\/\/www.cinier.com\/app\/uploads\/2024\/05\/contemporains-xl-4-1280x1280.png\"\n  srcset=\"https:\/\/www.cinier.com\/app\/uploads\/2024\/05\/contemporains-xl-4-1280x1280.png 1280w\"\n  sizes=\"auto, 1280px\"\n  width=\"1380\"\n  height=\"1800\"\n  alt=\"\"\n  class=\"lozad\"\n>\n\n\n\n          <div class=\"ps-block__heading\">\n            <h2 class=\"ps-block__title\">\n              \n            <\/h2>\n            <p class=\"ps-block__subtitle\">\n              \n            <\/p>\n          <\/div>\n        <\/div>\n          <\/div>\n  <\/div>\n<\/section>\n\n\n<section class=\"ps-block ps-block--heading\" data-animated>\n  <div class=\"ps-block__container\">\n    <div class=\"ps-block__grid\">\n      <div class=\"ps-block__content\">\n        <div class=\"ps-block__body\">\n          <div class=\"ps-block__item\">\n            \n<h3 class=\"wp-block-heading\">Sch\u00e9ma de principe pour raccorder votre Greenor sur une pompe \u00e0 chaleur<\/h3>\n\n          <\/div>\n        <\/div>\n      <\/div>\n    <\/div>\n  <\/div>\n<\/section>\n\n\n        \n  <section class=\"ps-block ps-block--image\" data-animated data-toggle-class=\"in-viewport\">\n\n    <div class=\"ps-block__bg\">\n      <img loading=\"lazy\" decoding=\"async\"\n            src=\"https:\/\/www.cinier.com\/app\/uploads\/2022\/07\/piece-unique-xl-7-1280x1280.jpg\"\n      srcset=\"https:\/\/www.cinier.com\/app\/uploads\/2022\/07\/piece-unique-xl-7-650x650.jpg 650w, https:\/\/www.cinier.com\/app\/uploads\/2022\/07\/piece-unique-xl-7-1280x1280.jpg 1280w\"\n      sizes=\"auto, (max-width: 639px) 650px, 1280px\"\n      width=\"3840\"\n      height=\"3360\"\n      alt=\"\"\n      class=\"ps-block__img lozad\"\n      style=\"\"\n      >\n          <\/div>\n\n  <\/section>\n","protected":false},"featured_media":18449,"template":"","product_range":[627],"product_color":[],"class_list":["post-32830","product","type-product","status-publish","has-post-thumbnail","hentry","product_range-greenor-it"],"acf":[],"yoast_head":"<!-- This site is optimized with the Yoast SEO plugin v27.5 - https:\/\/yoast.com\/product\/yoast-seo-wordpress\/ -->\n<title>UNIS XL - Greenor | Cinier<\/title>\n<meta name=\"description\" content=\"UNIS XL, Esth\u00e9tique minimaliste, Greenor\" \/>\n<meta name=\"robots\" content=\"index, follow, max-snippet:-1, max-image-preview:large, max-video-preview:-1\" \/>\n<link rel=\"canonical\" href=\"https:\/\/www.cinier.com\/it\/prodotti\/unis-xl\/\" \/>\n<meta property=\"og:locale\" content=\"it_IT\" \/>\n<meta property=\"og:type\" content=\"article\" \/>\n<meta property=\"og:title\" content=\"UNIS XL - Greenor | Cinier\" \/>\n<meta property=\"og:description\" content=\"UNIS XL, Esth\u00e9tique minimaliste, Greenor\" \/>\n<meta property=\"og:url\" content=\"https:\/\/www.cinier.com\/it\/prodotti\/unis-xl\/\" \/>\n<meta property=\"og:site_name\" content=\"Cinier\" \/>\n<meta property=\"article:publisher\" content=\"https:\/\/www.facebook.com\/cinierdesign\/?ref=bookmarks\" \/>\n<meta name=\"twitter:card\" content=\"summary_large_image\" \/>\n<script type=\"application\/ld+json\" class=\"yoast-schema-graph\">{\"@context\":\"https:\\\/\\\/schema.org\",\"@graph\":[{\"@type\":\"WebPage\",\"@id\":\"https:\\\/\\\/www.cinier.com\\\/it\\\/prodotti\\\/unis-xl\\\/\",\"url\":\"https:\\\/\\\/www.cinier.com\\\/it\\\/prodotti\\\/unis-xl\\\/\",\"name\":\"UNIS XL - Greenor | Cinier\",\"isPartOf\":{\"@id\":\"https:\\\/\\\/www.cinier.com\\\/it\\\/#website\"},\"primaryImageOfPage\":{\"@id\":\"https:\\\/\\\/www.cinier.com\\\/it\\\/prodotti\\\/unis-xl\\\/#primaryimage\"},\"image\":{\"@id\":\"https:\\\/\\\/www.cinier.com\\\/it\\\/prodotti\\\/unis-xl\\\/#primaryimage\"},\"thumbnailUrl\":\"https:\\\/\\\/www.cinier.com\\\/app\\\/uploads\\\/2020\\\/07\\\/unis-xl-3.png\",\"datePublished\":\"2020-12-08T10:10:21+00:00\",\"description\":\"UNIS XL, Esth\u00e9tique minimaliste, Greenor\",\"breadcrumb\":{\"@id\":\"https:\\\/\\\/www.cinier.com\\\/it\\\/prodotti\\\/unis-xl\\\/#breadcrumb\"},\"inLanguage\":\"it-IT\",\"potentialAction\":[{\"@type\":\"ReadAction\",\"target\":[\"https:\\\/\\\/www.cinier.com\\\/it\\\/prodotti\\\/unis-xl\\\/\"]}]},{\"@type\":\"ImageObject\",\"inLanguage\":\"it-IT\",\"@id\":\"https:\\\/\\\/www.cinier.com\\\/it\\\/prodotti\\\/unis-xl\\\/#primaryimage\",\"url\":\"https:\\\/\\\/www.cinier.com\\\/app\\\/uploads\\\/2020\\\/07\\\/unis-xl-3.png\",\"contentUrl\":\"https:\\\/\\\/www.cinier.com\\\/app\\\/uploads\\\/2020\\\/07\\\/unis-xl-3.png\",\"width\":1350,\"height\":1800},{\"@type\":\"BreadcrumbList\",\"@id\":\"https:\\\/\\\/www.cinier.com\\\/it\\\/prodotti\\\/unis-xl\\\/#breadcrumb\",\"itemListElement\":[{\"@type\":\"ListItem\",\"position\":1,\"name\":\"Accueil\",\"item\":\"https:\\\/\\\/www.cinier.com\\\/it\\\/\"},{\"@type\":\"ListItem\",\"position\":2,\"name\":\"Prodotti\",\"item\":\"https:\\\/\\\/www.cinier.com\\\/it\\\/prodotti\\\/\"},{\"@type\":\"ListItem\",\"position\":3,\"name\":\"UNIS XL\"}]},{\"@type\":\"WebSite\",\"@id\":\"https:\\\/\\\/www.cinier.com\\\/it\\\/#website\",\"url\":\"https:\\\/\\\/www.cinier.com\\\/it\\\/\",\"name\":\"Cinier\",\"description\":\"SOLUTIONS HAUT DE GAMME POUR LE DESIGN D&#039;INT\u00c9RIEUR\",\"publisher\":{\"@id\":\"https:\\\/\\\/www.cinier.com\\\/it\\\/#organization\"},\"potentialAction\":[{\"@type\":\"SearchAction\",\"target\":{\"@type\":\"EntryPoint\",\"urlTemplate\":\"https:\\\/\\\/www.cinier.com\\\/it\\\/?s={search_term_string}\"},\"query-input\":{\"@type\":\"PropertyValueSpecification\",\"valueRequired\":true,\"valueName\":\"search_term_string\"}}],\"inLanguage\":\"it-IT\"},{\"@type\":\"Organization\",\"@id\":\"https:\\\/\\\/www.cinier.com\\\/it\\\/#organization\",\"name\":\"Cinier\",\"url\":\"https:\\\/\\\/www.cinier.com\\\/it\\\/\",\"logo\":{\"@type\":\"ImageObject\",\"inLanguage\":\"it-IT\",\"@id\":\"https:\\\/\\\/www.cinier.com\\\/it\\\/#\\\/schema\\\/logo\\\/image\\\/\",\"url\":\"https:\\\/\\\/www.cinier.com\\\/app\\\/uploads\\\/2019\\\/08\\\/logo.png\",\"contentUrl\":\"https:\\\/\\\/www.cinier.com\\\/app\\\/uploads\\\/2019\\\/08\\\/logo.png\",\"width\":258,\"height\":122,\"caption\":\"Cinier\"},\"image\":{\"@id\":\"https:\\\/\\\/www.cinier.com\\\/it\\\/#\\\/schema\\\/logo\\\/image\\\/\"},\"sameAs\":[\"https:\\\/\\\/www.facebook.com\\\/cinierdesign\\\/?ref=bookmarks\",\"https:\\\/\\\/www.instagram.com\\\/cinier_design\\\/?hl=en\",\"https:\\\/\\\/www.linkedin.com\\\/company\\\/cinier-paris\\\/?viewAsMember=true\",\"https:\\\/\\\/www.pinterest.fr\\\/CINIERFrance\\\/\",\"https:\\\/\\\/www.youtube.com\\\/watch?v=EBncqm0X6-4\"]}]}<\/script>\n<!-- \/ Yoast SEO plugin. -->","yoast_head_json":{"title":"UNIS XL - Greenor | Cinier","description":"UNIS XL, Esth\u00e9tique minimaliste, Greenor","robots":{"index":"index","follow":"follow","max-snippet":"max-snippet:-1","max-image-preview":"max-image-preview:large","max-video-preview":"max-video-preview:-1"},"canonical":"https:\/\/www.cinier.com\/it\/prodotti\/unis-xl\/","og_locale":"it_IT","og_type":"article","og_title":"UNIS XL - Greenor | Cinier","og_description":"UNIS XL, Esth\u00e9tique minimaliste, Greenor","og_url":"https:\/\/www.cinier.com\/it\/prodotti\/unis-xl\/","og_site_name":"Cinier","article_publisher":"https:\/\/www.facebook.com\/cinierdesign\/?ref=bookmarks","twitter_card":"summary_large_image","schema":{"@context":"https:\/\/schema.org","@graph":[{"@type":"WebPage","@id":"https:\/\/www.cinier.com\/it\/prodotti\/unis-xl\/","url":"https:\/\/www.cinier.com\/it\/prodotti\/unis-xl\/","name":"UNIS XL - Greenor | Cinier","isPartOf":{"@id":"https:\/\/www.cinier.com\/it\/#website"},"primaryImageOfPage":{"@id":"https:\/\/www.cinier.com\/it\/prodotti\/unis-xl\/#primaryimage"},"image":{"@id":"https:\/\/www.cinier.com\/it\/prodotti\/unis-xl\/#primaryimage"},"thumbnailUrl":"https:\/\/www.cinier.com\/app\/uploads\/2020\/07\/unis-xl-3.png","datePublished":"2020-12-08T10:10:21+00:00","description":"UNIS XL, Esth\u00e9tique minimaliste, Greenor","breadcrumb":{"@id":"https:\/\/www.cinier.com\/it\/prodotti\/unis-xl\/#breadcrumb"},"inLanguage":"it-IT","potentialAction":[{"@type":"ReadAction","target":["https:\/\/www.cinier.com\/it\/prodotti\/unis-xl\/"]}]},{"@type":"ImageObject","inLanguage":"it-IT","@id":"https:\/\/www.cinier.com\/it\/prodotti\/unis-xl\/#primaryimage","url":"https:\/\/www.cinier.com\/app\/uploads\/2020\/07\/unis-xl-3.png","contentUrl":"https:\/\/www.cinier.com\/app\/uploads\/2020\/07\/unis-xl-3.png","width":1350,"height":1800},{"@type":"BreadcrumbList","@id":"https:\/\/www.cinier.com\/it\/prodotti\/unis-xl\/#breadcrumb","itemListElement":[{"@type":"ListItem","position":1,"name":"Accueil","item":"https:\/\/www.cinier.com\/it\/"},{"@type":"ListItem","position":2,"name":"Prodotti","item":"https:\/\/www.cinier.com\/it\/prodotti\/"},{"@type":"ListItem","position":3,"name":"UNIS XL"}]},{"@type":"WebSite","@id":"https:\/\/www.cinier.com\/it\/#website","url":"https:\/\/www.cinier.com\/it\/","name":"Cinier","description":"SOLUTIONS HAUT DE GAMME POUR LE DESIGN D&#039;INT\u00c9RIEUR","publisher":{"@id":"https:\/\/www.cinier.com\/it\/#organization"},"potentialAction":[{"@type":"SearchAction","target":{"@type":"EntryPoint","urlTemplate":"https:\/\/www.cinier.com\/it\/?s={search_term_string}"},"query-input":{"@type":"PropertyValueSpecification","valueRequired":true,"valueName":"search_term_string"}}],"inLanguage":"it-IT"},{"@type":"Organization","@id":"https:\/\/www.cinier.com\/it\/#organization","name":"Cinier","url":"https:\/\/www.cinier.com\/it\/","logo":{"@type":"ImageObject","inLanguage":"it-IT","@id":"https:\/\/www.cinier.com\/it\/#\/schema\/logo\/image\/","url":"https:\/\/www.cinier.com\/app\/uploads\/2019\/08\/logo.png","contentUrl":"https:\/\/www.cinier.com\/app\/uploads\/2019\/08\/logo.png","width":258,"height":122,"caption":"Cinier"},"image":{"@id":"https:\/\/www.cinier.com\/it\/#\/schema\/logo\/image\/"},"sameAs":["https:\/\/www.facebook.com\/cinierdesign\/?ref=bookmarks","https:\/\/www.instagram.com\/cinier_design\/?hl=en","https:\/\/www.linkedin.com\/company\/cinier-paris\/?viewAsMember=true","https:\/\/www.pinterest.fr\/CINIERFrance\/","https:\/\/www.youtube.com\/watch?v=EBncqm0X6-4"]}]}},"_links":{"self":[{"href":"https:\/\/www.cinier.com\/it\/wp-json\/wp\/v2\/product\/32830","targetHints":{"allow":["GET"]}}],"collection":[{"href":"https:\/\/www.cinier.com\/it\/wp-json\/wp\/v2\/product"}],"about":[{"href":"https:\/\/www.cinier.com\/it\/wp-json\/wp\/v2\/types\/product"}],"wp:featuredmedia":[{"embeddable":true,"href":"https:\/\/www.cinier.com\/it\/wp-json\/wp\/v2\/media\/18449"}],"wp:attachment":[{"href":"https:\/\/www.cinier.com\/it\/wp-json\/wp\/v2\/media?parent=32830"}],"wp:term":[{"taxonomy":"product_range","embeddable":true,"href":"https:\/\/www.cinier.com\/it\/wp-json\/wp\/v2\/product_range?post=32830"},{"taxonomy":"product_color","embeddable":true,"href":"https:\/\/www.cinier.com\/it\/wp-json\/wp\/v2\/product_color?post=32830"}],"curies":[{"name":"wp","href":"https:\/\/api.w.org\/{rel}","templated":true}]}}