{"id":13752,"date":"2019-10-03T11:07:12","date_gmt":"2019-10-03T09:07:12","guid":{"rendered":"https:\/\/www.cinier.com\/produits\/nuit-etoilee\/"},"modified":"2024-04-26T14:50:28","modified_gmt":"2024-04-26T12:50:28","slug":"nuit-etoilee","status":"publish","type":"product","link":"https:\/\/www.cinier.com\/it\/prodotti\/nuit-etoilee\/","title":{"rendered":"Nuit \u00e9toil\u00e9e"},"content":{"rendered":"","protected":false},"featured_media":9072,"template":"","product_range":[406,636],"product_color":[],"class_list":["post-13752","product","type-product","status-publish","has-post-thumbnail","hentry","product_range-radiateurs-contemporains-it","product_range-r-pieces-uniques-it"],"acf":[],"yoast_head":"<!-- This site is optimized with the Yoast SEO plugin v27.2 - https:\/\/yoast.com\/product\/yoast-seo-wordpress\/ -->\n<title>Nuit \u00e9toil\u00e9e - Radiatori Contemporanei, Pezzi unici | Cinier<\/title>\n<meta name=\"description\" content=\"Nuit \u00e9toil\u00e9e, Eternamente cristallo, Radiatori Contemporanei, Pezzi unici\" \/>\n<meta name=\"robots\" content=\"index, follow, max-snippet:-1, max-image-preview:large, max-video-preview:-1\" \/>\n<link rel=\"canonical\" href=\"https:\/\/www.cinier.com\/it\/prodotti\/nuit-etoilee\/\" \/>\n<meta property=\"og:locale\" content=\"it_IT\" \/>\n<meta property=\"og:type\" content=\"article\" \/>\n<meta property=\"og:title\" content=\"Nuit \u00e9toil\u00e9e - Radiatori Contemporanei, Pezzi unici | Cinier\" \/>\n<meta property=\"og:description\" content=\"Nuit \u00e9toil\u00e9e, Eternamente cristallo, Radiatori Contemporanei, Pezzi unici\" \/>\n<meta property=\"og:url\" content=\"https:\/\/www.cinier.com\/it\/prodotti\/nuit-etoilee\/\" \/>\n<meta property=\"og:site_name\" content=\"Cinier\" \/>\n<meta property=\"article:publisher\" content=\"https:\/\/www.facebook.com\/cinierdesign\/?ref=bookmarks\" \/>\n<meta property=\"article:modified_time\" content=\"2024-04-26T12:50:28+00:00\" \/>\n<meta property=\"og:image\" content=\"https:\/\/www.cinier.com\/app\/uploads\/2019\/09\/nuit-D-2400x1800.png\" \/>\n\t<meta property=\"og:image:width\" content=\"1800\" \/>\n\t<meta property=\"og:image:height\" content=\"2400\" \/>\n\t<meta property=\"og:image:type\" content=\"image\/png\" \/>\n<meta name=\"twitter:card\" content=\"summary_large_image\" \/>\n<meta name=\"twitter:label1\" content=\"Est. reading time\" \/>\n\t<meta name=\"twitter:data1\" content=\"4 minutes\" \/>\n<script type=\"application\/ld+json\" class=\"yoast-schema-graph\">{\"@context\":\"https:\/\/schema.org\",\"@graph\":[{\"@type\":\"WebPage\",\"@id\":\"https:\/\/www.cinier.com\/it\/prodotti\/nuit-etoilee\/\",\"url\":\"https:\/\/www.cinier.com\/it\/prodotti\/nuit-etoilee\/\",\"name\":\"Nuit \u00e9toil\u00e9e - Radiatori Contemporanei, Pezzi unici | Cinier\",\"isPartOf\":{\"@id\":\"https:\/\/www.cinier.com\/it\/#website\"},\"primaryImageOfPage\":{\"@id\":\"https:\/\/www.cinier.com\/it\/prodotti\/nuit-etoilee\/#primaryimage\"},\"image\":{\"@id\":\"https:\/\/www.cinier.com\/it\/prodotti\/nuit-etoilee\/#primaryimage\"},\"thumbnailUrl\":\"https:\/\/www.cinier.com\/app\/uploads\/2019\/09\/nuit-D-2400x1800.png\",\"datePublished\":\"2019-10-03T09:07:12+00:00\",\"dateModified\":\"2024-04-26T12:50:28+00:00\",\"description\":\"Nuit \u00e9toil\u00e9e, Eternamente cristallo, Radiatori Contemporanei, Pezzi unici\",\"breadcrumb\":{\"@id\":\"https:\/\/www.cinier.com\/it\/prodotti\/nuit-etoilee\/#breadcrumb\"},\"inLanguage\":\"it-IT\",\"potentialAction\":[{\"@type\":\"ReadAction\",\"target\":[\"https:\/\/www.cinier.com\/it\/prodotti\/nuit-etoilee\/\"]}]},{\"@type\":\"ImageObject\",\"inLanguage\":\"it-IT\",\"@id\":\"https:\/\/www.cinier.com\/it\/prodotti\/nuit-etoilee\/#primaryimage\",\"url\":\"https:\/\/www.cinier.com\/app\/uploads\/2019\/09\/nuit-D-2400x1800.png\",\"contentUrl\":\"https:\/\/www.cinier.com\/app\/uploads\/2019\/09\/nuit-D-2400x1800.png\",\"width\":1800,\"height\":2400,\"caption\":\"Nuit \u00e9toil\u00e9e\"},{\"@type\":\"BreadcrumbList\",\"@id\":\"https:\/\/www.cinier.com\/it\/prodotti\/nuit-etoilee\/#breadcrumb\",\"itemListElement\":[{\"@type\":\"ListItem\",\"position\":1,\"name\":\"Accueil\",\"item\":\"https:\/\/www.cinier.com\/it\/\"},{\"@type\":\"ListItem\",\"position\":2,\"name\":\"Prodotti\",\"item\":\"https:\/\/www.cinier.com\/it\/prodotti\/\"},{\"@type\":\"ListItem\",\"position\":3,\"name\":\"Nuit \u00e9toil\u00e9e\"}]},{\"@type\":\"WebSite\",\"@id\":\"https:\/\/www.cinier.com\/it\/#website\",\"url\":\"https:\/\/www.cinier.com\/it\/\",\"name\":\"Cinier\",\"description\":\"SOLUTIONS HAUT DE GAMME POUR LE DESIGN D&#039;INT\u00c9RIEUR\",\"publisher\":{\"@id\":\"https:\/\/www.cinier.com\/it\/#organization\"},\"potentialAction\":[{\"@type\":\"SearchAction\",\"target\":{\"@type\":\"EntryPoint\",\"urlTemplate\":\"https:\/\/www.cinier.com\/it\/?s={search_term_string}\"},\"query-input\":{\"@type\":\"PropertyValueSpecification\",\"valueRequired\":true,\"valueName\":\"search_term_string\"}}],\"inLanguage\":\"it-IT\"},{\"@type\":\"Organization\",\"@id\":\"https:\/\/www.cinier.com\/it\/#organization\",\"name\":\"Cinier\",\"url\":\"https:\/\/www.cinier.com\/it\/\",\"logo\":{\"@type\":\"ImageObject\",\"inLanguage\":\"it-IT\",\"@id\":\"https:\/\/www.cinier.com\/it\/#\/schema\/logo\/image\/\",\"url\":\"https:\/\/www.cinier.com\/app\/uploads\/2019\/08\/logo.png\",\"contentUrl\":\"https:\/\/www.cinier.com\/app\/uploads\/2019\/08\/logo.png\",\"width\":258,\"height\":122,\"caption\":\"Cinier\"},\"image\":{\"@id\":\"https:\/\/www.cinier.com\/it\/#\/schema\/logo\/image\/\"},\"sameAs\":[\"https:\/\/www.facebook.com\/cinierdesign\/?ref=bookmarks\",\"https:\/\/www.instagram.com\/cinier_design\/?hl=en\",\"https:\/\/www.linkedin.com\/company\/cinier-paris\/?viewAsMember=true\",\"https:\/\/www.pinterest.fr\/CINIERFrance\/\",\"https:\/\/www.youtube.com\/watch?v=EBncqm0X6-4\"]}]}<\/script>\n<!-- \/ Yoast SEO plugin. -->","yoast_head_json":{"title":"Nuit \u00e9toil\u00e9e - Radiatori Contemporanei, Pezzi unici | Cinier","description":"Nuit \u00e9toil\u00e9e, Eternamente cristallo, Radiatori Contemporanei, Pezzi unici","robots":{"index":"index","follow":"follow","max-snippet":"max-snippet:-1","max-image-preview":"max-image-preview:large","max-video-preview":"max-video-preview:-1"},"canonical":"https:\/\/www.cinier.com\/it\/prodotti\/nuit-etoilee\/","og_locale":"it_IT","og_type":"article","og_title":"Nuit \u00e9toil\u00e9e - Radiatori Contemporanei, Pezzi unici | Cinier","og_description":"Nuit \u00e9toil\u00e9e, Eternamente cristallo, Radiatori Contemporanei, Pezzi unici","og_url":"https:\/\/www.cinier.com\/it\/prodotti\/nuit-etoilee\/","og_site_name":"Cinier","article_publisher":"https:\/\/www.facebook.com\/cinierdesign\/?ref=bookmarks","article_modified_time":"2024-04-26T12:50:28+00:00","og_image":[{"width":1800,"height":2400,"url":"https:\/\/www.cinier.com\/app\/uploads\/2019\/09\/nuit-D-2400x1800.png","type":"image\/png"}],"twitter_card":"summary_large_image","twitter_misc":{"Est. reading time":"4 minutes"},"schema":{"@context":"https:\/\/schema.org","@graph":[{"@type":"WebPage","@id":"https:\/\/www.cinier.com\/it\/prodotti\/nuit-etoilee\/","url":"https:\/\/www.cinier.com\/it\/prodotti\/nuit-etoilee\/","name":"Nuit \u00e9toil\u00e9e - Radiatori Contemporanei, Pezzi unici | Cinier","isPartOf":{"@id":"https:\/\/www.cinier.com\/it\/#website"},"primaryImageOfPage":{"@id":"https:\/\/www.cinier.com\/it\/prodotti\/nuit-etoilee\/#primaryimage"},"image":{"@id":"https:\/\/www.cinier.com\/it\/prodotti\/nuit-etoilee\/#primaryimage"},"thumbnailUrl":"https:\/\/www.cinier.com\/app\/uploads\/2019\/09\/nuit-D-2400x1800.png","datePublished":"2019-10-03T09:07:12+00:00","dateModified":"2024-04-26T12:50:28+00:00","description":"Nuit \u00e9toil\u00e9e, Eternamente cristallo, Radiatori Contemporanei, Pezzi unici","breadcrumb":{"@id":"https:\/\/www.cinier.com\/it\/prodotti\/nuit-etoilee\/#breadcrumb"},"inLanguage":"it-IT","potentialAction":[{"@type":"ReadAction","target":["https:\/\/www.cinier.com\/it\/prodotti\/nuit-etoilee\/"]}]},{"@type":"ImageObject","inLanguage":"it-IT","@id":"https:\/\/www.cinier.com\/it\/prodotti\/nuit-etoilee\/#primaryimage","url":"https:\/\/www.cinier.com\/app\/uploads\/2019\/09\/nuit-D-2400x1800.png","contentUrl":"https:\/\/www.cinier.com\/app\/uploads\/2019\/09\/nuit-D-2400x1800.png","width":1800,"height":2400,"caption":"Nuit \u00e9toil\u00e9e"},{"@type":"BreadcrumbList","@id":"https:\/\/www.cinier.com\/it\/prodotti\/nuit-etoilee\/#breadcrumb","itemListElement":[{"@type":"ListItem","position":1,"name":"Accueil","item":"https:\/\/www.cinier.com\/it\/"},{"@type":"ListItem","position":2,"name":"Prodotti","item":"https:\/\/www.cinier.com\/it\/prodotti\/"},{"@type":"ListItem","position":3,"name":"Nuit \u00e9toil\u00e9e"}]},{"@type":"WebSite","@id":"https:\/\/www.cinier.com\/it\/#website","url":"https:\/\/www.cinier.com\/it\/","name":"Cinier","description":"SOLUTIONS HAUT DE GAMME POUR LE DESIGN D&#039;INT\u00c9RIEUR","publisher":{"@id":"https:\/\/www.cinier.com\/it\/#organization"},"potentialAction":[{"@type":"SearchAction","target":{"@type":"EntryPoint","urlTemplate":"https:\/\/www.cinier.com\/it\/?s={search_term_string}"},"query-input":{"@type":"PropertyValueSpecification","valueRequired":true,"valueName":"search_term_string"}}],"inLanguage":"it-IT"},{"@type":"Organization","@id":"https:\/\/www.cinier.com\/it\/#organization","name":"Cinier","url":"https:\/\/www.cinier.com\/it\/","logo":{"@type":"ImageObject","inLanguage":"it-IT","@id":"https:\/\/www.cinier.com\/it\/#\/schema\/logo\/image\/","url":"https:\/\/www.cinier.com\/app\/uploads\/2019\/08\/logo.png","contentUrl":"https:\/\/www.cinier.com\/app\/uploads\/2019\/08\/logo.png","width":258,"height":122,"caption":"Cinier"},"image":{"@id":"https:\/\/www.cinier.com\/it\/#\/schema\/logo\/image\/"},"sameAs":["https:\/\/www.facebook.com\/cinierdesign\/?ref=bookmarks","https:\/\/www.instagram.com\/cinier_design\/?hl=en","https:\/\/www.linkedin.com\/company\/cinier-paris\/?viewAsMember=true","https:\/\/www.pinterest.fr\/CINIERFrance\/","https:\/\/www.youtube.com\/watch?v=EBncqm0X6-4"]}]}},"_links":{"self":[{"href":"https:\/\/www.cinier.com\/it\/wp-json\/wp\/v2\/product\/13752","targetHints":{"allow":["GET"]}}],"collection":[{"href":"https:\/\/www.cinier.com\/it\/wp-json\/wp\/v2\/product"}],"about":[{"href":"https:\/\/www.cinier.com\/it\/wp-json\/wp\/v2\/types\/product"}],"wp:featuredmedia":[{"embeddable":true,"href":"https:\/\/www.cinier.com\/it\/wp-json\/wp\/v2\/media\/9072"}],"wp:attachment":[{"href":"https:\/\/www.cinier.com\/it\/wp-json\/wp\/v2\/media?parent=13752"}],"wp:term":[{"taxonomy":"product_range","embeddable":true,"href":"https:\/\/www.cinier.com\/it\/wp-json\/wp\/v2\/product_range?post=13752"},{"taxonomy":"product_color","embeddable":true,"href":"https:\/\/www.cinier.com\/it\/wp-json\/wp\/v2\/product_color?post=13752"}],"curies":[{"name":"wp","href":"https:\/\/api.w.org\/{rel}","templated":true}]}}