{"id":10769,"date":"2019-10-02T11:58:31","date_gmt":"2019-10-02T09:58:31","guid":{"rendered":"http:\/\/www.cinier.com\/olycale\/"},"modified":"2019-10-31T16:43:30","modified_gmt":"2019-10-31T15:43:30","slug":"olycale","status":"publish","type":"page","link":"https:\/\/www.cinier.com\/it\/olycale\/","title":{"rendered":"Olycale\u00ae Radiatori &#038; Scaldasalviette"},"content":{"rendered":"<section class=\"ps-block ps-block--textimage image-right\" data-animated>\n  <div class=\"ps-block__container\">\n    <div class=\"ps-block__grid\">\n\n      <div class=\"ps-block__img\">\n                  <img class=\"lozad\" data-src=\"https:\/\/www.cinier.com\/app\/uploads\/2019\/08\/crafting-662x640.jpg\" data-srcset=\"https:\/\/www.cinier.com\/app\/uploads\/2019\/08\/crafting-662x640.jpg 690w\" alt=\"Olycale\u00ae\">\n              <\/div>\n\n      <div class=\"ps-block__body \">\n                <h3 class=\"title\">Performance Termica e materia ecologica<\/h3>\n                        <p class=\"text\">\n          Dopo 7 anni di ricerca e di sviluppo, gli atelier CINIER hanno realizzato la pietra OLYCALE\u00ae: una pietra naturale, frantumata e in seguito ristrutturata specificamente in modo da emettere un calore ad alta efficienza.\n        <\/p>\n                      <\/div>\n\n    <\/div>\n  <\/div>\n<\/section>\n\n\n<section class=\"ps-block ps-block--paragraph\" data-animated>\n  <div class=\"ps-block__container\">\n    <div class=\"ps-block__grid\">\n      <div class=\"ps-block__content\">\n        <div class=\"ps-block__body\">\n          <div class=\"ps-block__item\">\n            \n<p><strong>La pietra Olycale\u00ae possiede molteplici vantaggi:<\/strong><\/p>\n\n          <\/div>\n        <\/div>\n      <\/div>\n    <\/div>\n  <\/div>\n<\/section>\n\n\n\n\n<section class=\"ps-block ps-block--paragraph\" data-animated>\n  <div class=\"ps-block__container\">\n    <div class=\"ps-block__grid\">\n      <div class=\"ps-block__content\">\n        <div class=\"ps-block__body\">\n          <div class=\"ps-block__item\">\n            \n<p>Una vera e propria alternativa all\u2019acciaio, la ghisa o l\u2019alluminio, la pietra OLYCALE\u00ae, grazie alle sue propriet\u00e0 di irraggiamento senza precedenti, \u00e8 il materiale prediletto dal comfort.<\/p>\n\n          <\/div>\n        <\/div>\n      <\/div>\n    <\/div>\n  <\/div>\n<\/section>\n\n\n  <section class=\"ps-block ps-block--accordion\" data-animated>\n    <div class=\"ps-block__container\">\n      <div class=\"ps-block__grid\">\n        <div class=\"ps-block__content\">\n          <div class=\"ps-block__body\">\n            <div class=\"ps-block__item\">\n              <ul class=\"accordion\" data-accordion data-multi-expand=\"true\" data-allow-all-closed=\"true\">\n                                  <li class=\"accordion-item\" data-accordion-item>\n                    <a href=\"#\" class=\"accordion-title\">\n                      Un comfort d\u2019eccezione\n                      <span class=\"accordion-toggle\"><\/span>\n                    <\/a>\n                    <div class=\"accordion-content\" data-tab-content><p>Ogni radiatore CINIER \u00e8 studiato e concepito per offrire un comfort di riscaldamento eccezionale. La loro tecnologia si basa su 3 qualit\u00e0 essenzali:<\/p>\n<ul>\n<li>La trasmissione del calore data dalla pietra Olycale\u00ae<\/li>\n<li>L\u2019effetto di massa\/inerzia termica<\/li>\n<li>La bassa temperatura d\u2019emissione del calore grazie alla regolazione e alle grandi superfici di diffusione<\/li>\n<\/ul>\n<p>La pietra Olycale\u00ae: pietra naturale di colore bianco proveniente dai Pirenei, la pietra Olycale\u00ae viene frantumata ed in seguito ricomposta specificamente negli atelier Cinier in modo da emettere un calore di alto livello.<\/p>\n<p>Con un\u2019inerzia pari quasi alla ghisa, la pietra Olycale\u00ae possiede delle propriet\u00e0 di diffusione incomparabili, in grado di produrre un calore dolce e omogeneo.<\/p>\n<p>Il funzionamento dei radiatori \u00e8 totalmente silenzioso.<\/p>\n<\/div>\n                  <\/li>\n                                  <li class=\"accordion-item\" data-accordion-item>\n                    <a href=\"#\" class=\"accordion-title\">\n                      Principio del riscaldamento\n                      <span class=\"accordion-toggle\"><\/span>\n                    <\/a>\n                    <div class=\"accordion-content\" data-tab-content><p><strong>L\u2019effetto di massa termica (chiamata anche inerzia):<\/strong>\u00a0la massa termica della pietra Olycale\u00ae garantisce una funzione di \u2018accumulo\u2019 e di \u2018livellamento\u2019 dell\u2019emissione di calore. La pietra permette di emettere un \u2018calore dolce\u2019 avvolgente e senza interruzione, per mantenere in maniera costante la temperatura negli spazi sempre apportando un comfort eccezionale.<\/p>\n<p><strong>La bassa temperatura:<\/strong><br \/>\nL\u2019ampia superficie dei radiatori e la loro regolazione precisa permette di riscaldare gli ambienti a bassa temperatura e senza alcuna vibrazione d\u2019aria (totalmente silenziosi). L\u2019aria della stanza non risulta secca, bens\u00ec pi\u00f9 sana e gradevole da respirare.<br \/>\nQuesta diffusione a bassa temperatura evita la convezione (fonte di perdita del calore). Ci\u00f2 non crea polvere e rispetta il livello di umidit\u00e0 necessario alla qualit\u00e0 dell\u2019aria e alla vostra salute.<\/p>\n<div id=\"gtx-trans\" style=\"position: absolute; left: 138px; top: 110px;\">\n<div class=\"gtx-trans-icon\"><\/div>\n<\/div>\n<div id=\"gtx-trans\" style=\"position: absolute; left: 138px; top: 110px;\">\n<div class=\"gtx-trans-icon\"><\/div>\n<\/div>\n<\/div>\n                  <\/li>\n                                  <li class=\"accordion-item\" data-accordion-item>\n                    <a href=\"#\" class=\"accordion-title\">\n                      Radiatore acqua calda (riscaldamento centralizzato)\n                      <span class=\"accordion-toggle\"><\/span>\n                    <\/a>\n                    <div class=\"accordion-content\" data-tab-content><p><strong>Per gli impianti di riscaldamento centralizzato con caldaia e circolazione d\u2019acqua:<\/strong><\/p>\n<p><strong>Corpo riscaldante:<\/strong><br \/>\nIn versione riscaldamento centralizzato, il corpo riscaldante dei radiatori CINIER \u00e8 costituito da dei tubi in rame massiccio, rivestiti d\u2019un prodotto specifico anticorrosione e anti dilatazione per un silenzio e un\u2019affidabilit\u00e0 perfetti.<\/p>\n<p>Testato a 25 bar (per una pressione di esercizio possibile tra 1 e 10 bar), il corpo riscaldante in rame (circa 50 metri per radiatore) \u00e8 perfettamente equilibrato, di una solidit\u00e0 eccezionale e garantisce il flusso d\u2019acqua calda in maniera ottimale.<\/p>\n<p>Questo corpo riscaldante viene poi annegato interamente nella pietra Olycale grazie a un processo tecnologico esclusivo. In questo modo riscalda l\u2019intera superficie e la massa minerale stessa del radiatore che diffonde un calore naturale e di lunga durata.<\/p>\n<p><strong>Tutti i radiatori idraulici CINIER sono controllati secondo la norma EN442-2 da un laboratorio indipendente e riconosciuto. La loro qualit\u00e0 \u00e8 controllata e garantita.<\/strong><\/p>\n<\/div>\n                  <\/li>\n                                  <li class=\"accordion-item\" data-accordion-item>\n                    <a href=\"#\" class=\"accordion-title\">\n                      Collegamento idraulico &#038; potenza \n                      <span class=\"accordion-toggle\"><\/span>\n                    <\/a>\n                    <div class=\"accordion-content\" data-tab-content><p><strong>Collegamento:<\/strong><br \/>\nOccorre prevedere delle uscite d\u2019alimentazione possibilmente fisse per evitare di vedere le tubature.<br \/>\nGli schemi di connessione e le dimensioni\u00a0 d\u2019interasse sono forniti su richiesta.<br \/>\nOccorre inoltre prevedere i tempi di attesa e rientro con valvola a maschio conico \u00bd.<br \/>\nGli allacciamenti si fanno con flessibili (forniti con gomiti, raccordi e chiave per dadi).<\/p>\n<p><strong>Un rubinetto termostatico Oventrop insieme a una valvola di regolazione vengono inoltre forniti con ogni apparecchio.<\/strong><\/p>\n<p><strong>Specificit\u00e0 e innovazione CINIER:<\/strong><\/p>\n<p><strong>Rubinetto e collegamenti sono nascosti dietro l\u2019apparecchio per conservare l\u2019estetica di ogni prodotto Cinier in maniera integrale.<\/strong><\/p>\n<p><strong>Potenze:<\/strong><br \/>\nLe potenze vengono calcolate\u00a0<strong>secondo la norma europea EN 442-2 in delta T 50<\/strong>\u00a0(temperatura media dell\u2019acqua di riscaldamento di 70\u00b0C per 20\u00b0C in ambiente).\u00a0 Queste vengono controllate in un laboratorio indipendente riconosciuto.<\/p>\n<p>Possiamo inoltre indicarvi le potenze per un delta T 60 (temperatura media dell\u2019acqua di riscaldamento di 80\u00b0 per 20\u00b0 in ambiente) o delta T30 (temperatura media dell\u2019acqua di riscaldamento di 50\u00b0 per 20\u00b0 in ambiente). Per gli altri delta T, si prega di richiedere il catalogo delle potenze CINIER.<\/p>\n<\/div>\n                  <\/li>\n                                  <li class=\"accordion-item\" data-accordion-item>\n                    <a href=\"#\" class=\"accordion-title\">\n                      Corpo riscaldante elettrico\n                      <span class=\"accordion-toggle\"><\/span>\n                    <\/a>\n                    <div class=\"accordion-content\" data-tab-content><p><strong>Corpo riscaldante:<\/strong><br \/>\nIl corpo riscaldante \u00e8 composto da un cavo di riscaldamento specifico a doppio isolamento ed inalterabile nel tempo. Il cavo CINIER \u00e8 disposto in maniera omogenea su tutta la superficie del corpo riscaldante. Quest\u2019ultimo \u00e8 provvisto di un limitatore termico di sicurezza a doppio isolamento capillare di 2 metri, eliminando qualsiasi rischio di surriscaldamento.<\/p>\n<p>Il corpo riscaldante viene in seguito immesso interamente nella pietra Olycale grazie a un processo tecnologico esclusivo. In questo modo riscalda l\u2019intera superficie e la massa minerale stessa del radiatore che diffonde un calore naturale e di lunga durata.<\/p>\n<p><strong>Tutti i radiatori elettrici CINIER appartengono alla categoria II e alla normativa francese NF sull\u2019elettricit\u00e0. La loro qualit\u00e0 e sicurezza \u00e8 controllata e garantita.<\/strong><\/p>\n<p><strong>Collegamento:<\/strong><br \/>\nSar\u00e0 sufficiente una semplice presa elettrica. Ogni apparecchio \u00e8 munito di un nucleo pilota per essere controllato con gli altri radiatori della casa e quindi in modo da personalizzare ancora di pi\u00f9 il vostro comfort.<\/p>\n<\/div>\n                  <\/li>\n                                  <li class=\"accordion-item\" data-accordion-item>\n                    <a href=\"#\" class=\"accordion-title\">\n                      Regolazione &#038; termostato elettrico\n                      <span class=\"accordion-toggle\"><\/span>\n                    <\/a>\n                    <div class=\"accordion-content\" data-tab-content><p><strong>2 possibili termostati efficienti<\/strong>\u00a0accompagnano i radiatori elettrici CINIER:<\/p>\n<ul>\n<li>Un termostato integrato sul radiatore: regolazione elettronica integrale proporzionale RTS. Il principio \u00e8 semplice: il controllo RTS adatta costantemente e proporzionalmente la potenza del vostro radiatore ai bisogni termici del momento.\u00a0Unito all\u2019effetto d\u2019inerzia termica della pietra Olycale (che accumula e \u2018livella\u2019 l\u2019emissione di calore), la regolazione RTS permette di economizzare l\u2019energia in maniera significativa.<\/li>\n<\/ul>\n<p>Il controllo RTS CINIER \u00e8 inoltre fornito di un telecomando centrale a infrarossi per una programmazione e un controllo 7 giorni su 7, 24 ore al giorno del vostro comfort quotidiano.<\/p>\n<p>Adattando cos\u00ec la potenza dei vostri radiatori ai bisogni reali e riducendo la temperatura ambente di qualche grado durante la notte o in vostra assenza, il controllo RTS vi aiuta a raggiungere un vero e proprio risparmio energetico dal 20 al 30 %.<\/p>\n<p>Ogni radiatore con termostato RTS \u00e8 munito di un nucleo pilota per essere controllato, se lo desiderate, con tutti gli altri radiatori e per personalizzare ulteriormente il vostro comfort.<\/p>\n<ul>\n<li>O\u00a0un termostato remoto d\u2019alta qualit\u00e0. Pratico e facile da usare, pu\u00f2 essere appeso al muro o disposto su un mobile. Grazie alla tecnologia Radio, pu\u00f2 controllare diversi radiatori\u00a0contemporaneamente.\u00a0Questo termostato \u00e8 ideale per gli asciuga salviette CINIER.<\/li>\n<\/ul>\n<p><strong>Tutti i radiatori Cinier in versione elettrica sono marcati CE e NF.<\/strong><\/p>\n<p>Qualit\u00e0 e controllo garantiti.<\/p>\n<div id=\"gtx-trans\" style=\"position: absolute; left: 122px; top: 214px;\">\n<div class=\"gtx-trans-icon\"><\/div>\n<\/div>\n<\/div>\n                  <\/li>\n                              <\/ul>\n            <\/div>\n          <\/div>\n        <\/div>\n      <\/div>\n    <\/div>\n  <\/section>\n","protected":false},"excerpt":{"rendered":"<p>La pietra Olycale\u00ae possiede molteplici vantaggi: Una vera e propria alternativa all\u2019acciaio, la ghisa o l\u2019alluminio, la pietra OLYCALE\u00ae, grazie alle sue propriet\u00e0 di irraggiamento senza precedenti, \u00e8 il materiale prediletto dal comfort.<\/p>\n","protected":false},"author":1,"featured_media":4136,"parent":0,"menu_order":0,"comment_status":"closed","ping_status":"closed","template":"","meta":{"_acf_changed":false,"inline_featured_image":false,"footnotes":""},"class_list":["post-10769","page","type-page","status-publish","has-post-thumbnail","hentry"],"acf":[],"yoast_head":"<!-- This site is optimized with the Yoast SEO plugin v27.5 - https:\/\/yoast.com\/product\/yoast-seo-wordpress\/ -->\n<title>Olycale\u00ae Radiatori &amp; Scaldasalviette | Cinier<\/title>\n<meta name=\"description\" content=\"La pietra Olycale\u00ae possiede molteplici vantaggi: Termico:&nbsp;performance di accumulo e restituzione del calore (qualit\u00e0 della doppia diffusione\/inerzia\" \/>\n<meta name=\"robots\" content=\"index, follow, max-snippet:-1, max-image-preview:large, max-video-preview:-1\" \/>\n<link rel=\"canonical\" href=\"https:\/\/www.cinier.com\/it\/olycale\/\" \/>\n<meta property=\"og:locale\" content=\"it_IT\" \/>\n<meta property=\"og:type\" content=\"article\" \/>\n<meta property=\"og:title\" content=\"Olycale\u00ae Radiatori &amp; Scaldasalviette | Cinier\" \/>\n<meta property=\"og:description\" content=\"La pietra Olycale\u00ae possiede molteplici vantaggi: Termico:&nbsp;performance di accumulo e restituzione del calore (qualit\u00e0 della doppia diffusione\/inerzia\" \/>\n<meta property=\"og:url\" content=\"https:\/\/www.cinier.com\/it\/olycale\/\" \/>\n<meta property=\"og:site_name\" content=\"Cinier\" \/>\n<meta property=\"article:publisher\" content=\"https:\/\/www.facebook.com\/cinierdesign\/?ref=bookmarks\" \/>\n<meta property=\"article:modified_time\" content=\"2019-10-31T15:43:30+00:00\" \/>\n<meta property=\"og:image\" content=\"https:\/\/www.cinier.com\/app\/uploads\/2019\/08\/crafting.jpg\" \/>\n\t<meta property=\"og:image:width\" content=\"662\" \/>\n\t<meta property=\"og:image:height\" content=\"662\" \/>\n\t<meta property=\"og:image:type\" content=\"image\/jpeg\" \/>\n<meta name=\"twitter:card\" content=\"summary_large_image\" \/>\n<meta name=\"twitter:label1\" content=\"Est. reading time\" \/>\n\t<meta name=\"twitter:data1\" content=\"1 minute\" \/>\n<script type=\"application\/ld+json\" class=\"yoast-schema-graph\">{\"@context\":\"https:\\\/\\\/schema.org\",\"@graph\":[{\"@type\":\"WebPage\",\"@id\":\"https:\\\/\\\/www.cinier.com\\\/it\\\/olycale\\\/\",\"url\":\"https:\\\/\\\/www.cinier.com\\\/it\\\/olycale\\\/\",\"name\":\"Olycale\u00ae Radiatori & Scaldasalviette | Cinier\",\"isPartOf\":{\"@id\":\"https:\\\/\\\/www.cinier.com\\\/it\\\/#website\"},\"primaryImageOfPage\":{\"@id\":\"https:\\\/\\\/www.cinier.com\\\/it\\\/olycale\\\/#primaryimage\"},\"image\":{\"@id\":\"https:\\\/\\\/www.cinier.com\\\/it\\\/olycale\\\/#primaryimage\"},\"thumbnailUrl\":\"https:\\\/\\\/www.cinier.com\\\/app\\\/uploads\\\/2019\\\/08\\\/crafting.jpg\",\"datePublished\":\"2019-10-02T09:58:31+00:00\",\"dateModified\":\"2019-10-31T15:43:30+00:00\",\"description\":\"La pietra Olycale\u00ae possiede molteplici vantaggi: Termico:&nbsp;performance di accumulo e restituzione del calore (qualit\u00e0 della doppia diffusione\\\/inerzia\",\"breadcrumb\":{\"@id\":\"https:\\\/\\\/www.cinier.com\\\/it\\\/olycale\\\/#breadcrumb\"},\"inLanguage\":\"it-IT\",\"potentialAction\":[{\"@type\":\"ReadAction\",\"target\":[\"https:\\\/\\\/www.cinier.com\\\/it\\\/olycale\\\/\"]}]},{\"@type\":\"ImageObject\",\"inLanguage\":\"it-IT\",\"@id\":\"https:\\\/\\\/www.cinier.com\\\/it\\\/olycale\\\/#primaryimage\",\"url\":\"https:\\\/\\\/www.cinier.com\\\/app\\\/uploads\\\/2019\\\/08\\\/crafting.jpg\",\"contentUrl\":\"https:\\\/\\\/www.cinier.com\\\/app\\\/uploads\\\/2019\\\/08\\\/crafting.jpg\",\"width\":662,\"height\":662,\"caption\":\"Olycale\u00ae\"},{\"@type\":\"BreadcrumbList\",\"@id\":\"https:\\\/\\\/www.cinier.com\\\/it\\\/olycale\\\/#breadcrumb\",\"itemListElement\":[{\"@type\":\"ListItem\",\"position\":1,\"name\":\"Accueil\",\"item\":\"https:\\\/\\\/www.cinier.com\\\/it\\\/\"},{\"@type\":\"ListItem\",\"position\":2,\"name\":\"Olycale\u00ae Radiatori &#038; Scaldasalviette\"}]},{\"@type\":\"WebSite\",\"@id\":\"https:\\\/\\\/www.cinier.com\\\/it\\\/#website\",\"url\":\"https:\\\/\\\/www.cinier.com\\\/it\\\/\",\"name\":\"Cinier\",\"description\":\"SOLUTIONS HAUT DE GAMME POUR LE DESIGN D&#039;INT\u00c9RIEUR\",\"publisher\":{\"@id\":\"https:\\\/\\\/www.cinier.com\\\/it\\\/#organization\"},\"potentialAction\":[{\"@type\":\"SearchAction\",\"target\":{\"@type\":\"EntryPoint\",\"urlTemplate\":\"https:\\\/\\\/www.cinier.com\\\/it\\\/?s={search_term_string}\"},\"query-input\":{\"@type\":\"PropertyValueSpecification\",\"valueRequired\":true,\"valueName\":\"search_term_string\"}}],\"inLanguage\":\"it-IT\"},{\"@type\":\"Organization\",\"@id\":\"https:\\\/\\\/www.cinier.com\\\/it\\\/#organization\",\"name\":\"Cinier\",\"url\":\"https:\\\/\\\/www.cinier.com\\\/it\\\/\",\"logo\":{\"@type\":\"ImageObject\",\"inLanguage\":\"it-IT\",\"@id\":\"https:\\\/\\\/www.cinier.com\\\/it\\\/#\\\/schema\\\/logo\\\/image\\\/\",\"url\":\"https:\\\/\\\/www.cinier.com\\\/app\\\/uploads\\\/2019\\\/08\\\/logo.png\",\"contentUrl\":\"https:\\\/\\\/www.cinier.com\\\/app\\\/uploads\\\/2019\\\/08\\\/logo.png\",\"width\":258,\"height\":122,\"caption\":\"Cinier\"},\"image\":{\"@id\":\"https:\\\/\\\/www.cinier.com\\\/it\\\/#\\\/schema\\\/logo\\\/image\\\/\"},\"sameAs\":[\"https:\\\/\\\/www.facebook.com\\\/cinierdesign\\\/?ref=bookmarks\",\"https:\\\/\\\/www.instagram.com\\\/cinier_design\\\/?hl=en\",\"https:\\\/\\\/www.linkedin.com\\\/company\\\/cinier-paris\\\/?viewAsMember=true\",\"https:\\\/\\\/www.pinterest.fr\\\/CINIERFrance\\\/\",\"https:\\\/\\\/www.youtube.com\\\/watch?v=EBncqm0X6-4\"]}]}<\/script>\n<!-- \/ Yoast SEO plugin. -->","yoast_head_json":{"title":"Olycale\u00ae Radiatori & Scaldasalviette | Cinier","description":"La pietra Olycale\u00ae possiede molteplici vantaggi: Termico:&nbsp;performance di accumulo e restituzione del calore (qualit\u00e0 della doppia diffusione\/inerzia","robots":{"index":"index","follow":"follow","max-snippet":"max-snippet:-1","max-image-preview":"max-image-preview:large","max-video-preview":"max-video-preview:-1"},"canonical":"https:\/\/www.cinier.com\/it\/olycale\/","og_locale":"it_IT","og_type":"article","og_title":"Olycale\u00ae Radiatori & Scaldasalviette | Cinier","og_description":"La pietra Olycale\u00ae possiede molteplici vantaggi: Termico:&nbsp;performance di accumulo e restituzione del calore (qualit\u00e0 della doppia diffusione\/inerzia","og_url":"https:\/\/www.cinier.com\/it\/olycale\/","og_site_name":"Cinier","article_publisher":"https:\/\/www.facebook.com\/cinierdesign\/?ref=bookmarks","article_modified_time":"2019-10-31T15:43:30+00:00","og_image":[{"width":662,"height":662,"url":"https:\/\/www.cinier.com\/app\/uploads\/2019\/08\/crafting.jpg","type":"image\/jpeg"}],"twitter_card":"summary_large_image","twitter_misc":{"Est. reading time":"1 minute"},"schema":{"@context":"https:\/\/schema.org","@graph":[{"@type":"WebPage","@id":"https:\/\/www.cinier.com\/it\/olycale\/","url":"https:\/\/www.cinier.com\/it\/olycale\/","name":"Olycale\u00ae Radiatori & Scaldasalviette | Cinier","isPartOf":{"@id":"https:\/\/www.cinier.com\/it\/#website"},"primaryImageOfPage":{"@id":"https:\/\/www.cinier.com\/it\/olycale\/#primaryimage"},"image":{"@id":"https:\/\/www.cinier.com\/it\/olycale\/#primaryimage"},"thumbnailUrl":"https:\/\/www.cinier.com\/app\/uploads\/2019\/08\/crafting.jpg","datePublished":"2019-10-02T09:58:31+00:00","dateModified":"2019-10-31T15:43:30+00:00","description":"La pietra Olycale\u00ae possiede molteplici vantaggi: Termico:&nbsp;performance di accumulo e restituzione del calore (qualit\u00e0 della doppia diffusione\/inerzia","breadcrumb":{"@id":"https:\/\/www.cinier.com\/it\/olycale\/#breadcrumb"},"inLanguage":"it-IT","potentialAction":[{"@type":"ReadAction","target":["https:\/\/www.cinier.com\/it\/olycale\/"]}]},{"@type":"ImageObject","inLanguage":"it-IT","@id":"https:\/\/www.cinier.com\/it\/olycale\/#primaryimage","url":"https:\/\/www.cinier.com\/app\/uploads\/2019\/08\/crafting.jpg","contentUrl":"https:\/\/www.cinier.com\/app\/uploads\/2019\/08\/crafting.jpg","width":662,"height":662,"caption":"Olycale\u00ae"},{"@type":"BreadcrumbList","@id":"https:\/\/www.cinier.com\/it\/olycale\/#breadcrumb","itemListElement":[{"@type":"ListItem","position":1,"name":"Accueil","item":"https:\/\/www.cinier.com\/it\/"},{"@type":"ListItem","position":2,"name":"Olycale\u00ae Radiatori &#038; Scaldasalviette"}]},{"@type":"WebSite","@id":"https:\/\/www.cinier.com\/it\/#website","url":"https:\/\/www.cinier.com\/it\/","name":"Cinier","description":"SOLUTIONS HAUT DE GAMME POUR LE DESIGN D&#039;INT\u00c9RIEUR","publisher":{"@id":"https:\/\/www.cinier.com\/it\/#organization"},"potentialAction":[{"@type":"SearchAction","target":{"@type":"EntryPoint","urlTemplate":"https:\/\/www.cinier.com\/it\/?s={search_term_string}"},"query-input":{"@type":"PropertyValueSpecification","valueRequired":true,"valueName":"search_term_string"}}],"inLanguage":"it-IT"},{"@type":"Organization","@id":"https:\/\/www.cinier.com\/it\/#organization","name":"Cinier","url":"https:\/\/www.cinier.com\/it\/","logo":{"@type":"ImageObject","inLanguage":"it-IT","@id":"https:\/\/www.cinier.com\/it\/#\/schema\/logo\/image\/","url":"https:\/\/www.cinier.com\/app\/uploads\/2019\/08\/logo.png","contentUrl":"https:\/\/www.cinier.com\/app\/uploads\/2019\/08\/logo.png","width":258,"height":122,"caption":"Cinier"},"image":{"@id":"https:\/\/www.cinier.com\/it\/#\/schema\/logo\/image\/"},"sameAs":["https:\/\/www.facebook.com\/cinierdesign\/?ref=bookmarks","https:\/\/www.instagram.com\/cinier_design\/?hl=en","https:\/\/www.linkedin.com\/company\/cinier-paris\/?viewAsMember=true","https:\/\/www.pinterest.fr\/CINIERFrance\/","https:\/\/www.youtube.com\/watch?v=EBncqm0X6-4"]}]}},"_links":{"self":[{"href":"https:\/\/www.cinier.com\/it\/wp-json\/wp\/v2\/pages\/10769","targetHints":{"allow":["GET"]}}],"collection":[{"href":"https:\/\/www.cinier.com\/it\/wp-json\/wp\/v2\/pages"}],"about":[{"href":"https:\/\/www.cinier.com\/it\/wp-json\/wp\/v2\/types\/page"}],"author":[{"embeddable":true,"href":"https:\/\/www.cinier.com\/it\/wp-json\/wp\/v2\/users\/1"}],"replies":[{"embeddable":true,"href":"https:\/\/www.cinier.com\/it\/wp-json\/wp\/v2\/comments?post=10769"}],"version-history":[{"count":7,"href":"https:\/\/www.cinier.com\/it\/wp-json\/wp\/v2\/pages\/10769\/revisions"}],"predecessor-version":[{"id":12327,"href":"https:\/\/www.cinier.com\/it\/wp-json\/wp\/v2\/pages\/10769\/revisions\/12327"}],"wp:featuredmedia":[{"embeddable":true,"href":"https:\/\/www.cinier.com\/it\/wp-json\/wp\/v2\/media\/4136"}],"wp:attachment":[{"href":"https:\/\/www.cinier.com\/it\/wp-json\/wp\/v2\/media?parent=10769"}],"curies":[{"name":"wp","href":"https:\/\/api.w.org\/{rel}","templated":true}]}}