{"id":29857,"date":"2020-11-16T09:21:35","date_gmt":"2020-11-16T08:21:35","guid":{"rendered":"https:\/\/www.cinier.com\/produits\/palmspring\/"},"modified":"2024-06-06T10:22:03","modified_gmt":"2024-06-06T08:22:03","slug":"palmspring","status":"publish","type":"product","link":"https:\/\/www.cinier.com\/es\/productos\/palmspring\/","title":{"rendered":"PalmSpring"},"content":{"rendered":"<section class=\"ps-block ps-block--image-xl-text\">\n  \n<img loading=\"lazy\" decoding=\"async\"\n    src=\"https:\/\/www.cinier.com\/app\/uploads\/2022\/06\/03-Full.png\"\n  srcset=\"https:\/\/www.cinier.com\/app\/uploads\/2022\/06\/03-Full.png 1920w, https:\/\/www.cinier.com\/app\/uploads\/2022\/06\/03-Full.png 3840w\"\n  sizes=\"auto, (max-width: 639px) 1920px, 3840px\"\n  width=\"3840\"\n  height=\"1600\"\n  alt=\"Ultra Silent\"\n  class=\"lozad\"\n>\n\n\n\n  <div class=\"ps-block__container\">\n    <div class=\"ps-block__grid\">\n      <div class=\"ps-block__content\">\n        <h2 class=\"ps-block__title\">\n          Ultra silencieux\n        <\/h2>\n        <p class=\"ps-block__subtitle\">\n          Sans courant d&#8217;air et ultra-silencieux pour offrir un climat exceptionnel\n        <\/p>\n      <\/div>\n    <\/div>\n  <\/div>\n<\/section>\n\n\n<section class=\"ps-block ps-block--texts-images\">\n  <div class=\"ps-block__container\">\n    <div class=\"ps-block__grid\">\n                    <div class=\"ps-block__item\">\n          \n<img loading=\"lazy\" decoding=\"async\"\n    src=\"https:\/\/www.cinier.com\/app\/uploads\/2022\/06\/02.1-2cols-1280x1280.png\"\n  srcset=\"https:\/\/www.cinier.com\/app\/uploads\/2022\/06\/02.1-2cols-1280x1280.png 1280w\"\n  sizes=\"auto, 1280px\"\n  width=\"1380\"\n  height=\"1800\"\n  alt=\"greenor chaud froid\"\n  class=\"lozad\"\n>\n\n\n\n          <div class=\"ps-block__heading\">\n            <h2 class=\"ps-block__title\">\n              Chaud\/ Froid\n            <\/h2>\n            <p class=\"ps-block__subtitle\">\n              Permet de faire du chaud ou du froid (climatisation) avec une pompe \u00e0 chaleur Air\/Eau (Technologie eau glac\u00e9e). \n            <\/p>\n          <\/div>\n        <\/div>\n              <div class=\"ps-block__item\">\n          \n<img loading=\"lazy\" decoding=\"async\"\n    src=\"https:\/\/www.cinier.com\/app\/uploads\/2022\/06\/02.2-2cols-1280x1280.png\"\n  srcset=\"https:\/\/www.cinier.com\/app\/uploads\/2022\/06\/02.2-2cols-1280x1280.png 1280w\"\n  sizes=\"auto, 1280px\"\n  width=\"1380\"\n  height=\"1800\"\n  alt=\"\"\n  class=\"lozad\"\n>\n\n\n\n          <div class=\"ps-block__heading\">\n            <h2 class=\"ps-block__title\">\n              Echangeur antiviral \/ Filtre UV \n            <\/h2>\n            <p class=\"ps-block__subtitle\">\n              Purifie l&#8217;air en p\u00e9riode de pand\u00e9mie en moins de 2 heures. \u00c9changeur vertical brevet\u00e9 100% en cuivre. \n            <\/p>\n          <\/div>\n        <\/div>\n          <\/div>\n  <\/div>\n<\/section>\n\n\n<section class=\"ps-block ps-block--image-xl-text\">\n  \n<img loading=\"lazy\" decoding=\"async\"\n    src=\"https:\/\/www.cinier.com\/app\/uploads\/2020\/11\/I7A4941.jpg\"\n  srcset=\"https:\/\/www.cinier.com\/app\/uploads\/2020\/11\/I7A4941.jpg 1920w, https:\/\/www.cinier.com\/app\/uploads\/2020\/11\/I7A4941.jpg 3840w\"\n  sizes=\"auto, (max-width: 639px) 1920px, 3840px\"\n  width=\"3840\"\n  height=\"2560\"\n  alt=\"PalmSpring 2\"\n  class=\"lozad\"\n>\n\n\n\n  <div class=\"ps-block__container\">\n    <div class=\"ps-block__grid\">\n      <div class=\"ps-block__content\">\n        <h2 class=\"ps-block__title\">\n          Pi\u00e8ce Unique\n        <\/h2>\n        <p class=\"ps-block__subtitle\">\n          R\u00e9alis\u00e9e \u00e0 la main, avec des pigments naturels\n        <\/p>\n      <\/div>\n    <\/div>\n  <\/div>\n<\/section>\n\n\n<section class=\"ps-block ps-block--heading\" data-animated>\n  <div class=\"ps-block__container\">\n    <div class=\"ps-block__grid\">\n      <div class=\"ps-block__content\">\n        <div class=\"ps-block__body\">\n          <div class=\"ps-block__item\">\n            \n<h3 class=\"wp-block-heading\">Greenor chauffage seul<\/h3>\n\n          <\/div>\n        <\/div>\n      <\/div>\n    <\/div>\n  <\/div>\n<\/section>\n\n\n              \n  <section class=\"ps-block ps-block--image is-free\" data-animated data-toggle-class=\"in-viewport\">\n\n    <div class=\"ps-block__bg\">\n      <img loading=\"lazy\" decoding=\"async\"\n            src=\"https:\/\/www.cinier.com\/app\/uploads\/2020\/11\/palmspring-11-982x666.png\"\n      srcset=\"https:\/\/www.cinier.com\/app\/uploads\/2020\/11\/palmspring-11-982x666.png 9999w\"\n      sizes=\"auto, 9999px\"\n      width=\"4000\"\n      height=\"2714\"\n      alt=\"PalmSpring 10\"\n      class=\"ps-block__img lozad\"\n      style=\"\"\n      >\n          <\/div>\n\n  <\/section>\n\n\n<section class=\"ps-block ps-block--paragraph\" data-animated>\n  <div class=\"ps-block__container\">\n    <div class=\"ps-block__grid\">\n      <div class=\"ps-block__content\">\n        <div class=\"ps-block__body\">\n          <div class=\"ps-block__item\">\n            \n<p>Fonctionne comme un radiateur tr\u00e8s grande puissance (3740W) pour les chaudi\u00e8res existantes ou pompes \u00e0 chaleur Air-eau<\/p>\n\n          <\/div>\n        <\/div>\n      <\/div>\n    <\/div>\n  <\/div>\n<\/section>\n\n\n<section class=\"ps-block ps-block--heading\" data-animated>\n  <div class=\"ps-block__container\">\n    <div class=\"ps-block__grid\">\n      <div class=\"ps-block__content\">\n        <div class=\"ps-block__body\">\n          <div class=\"ps-block__item\">\n            \n<h3 class=\"wp-block-heading\">Greenor R\u00e9versible<\/h3>\n\n          <\/div>\n        <\/div>\n      <\/div>\n    <\/div>\n  <\/div>\n<\/section>\n\n\n              \n  <section class=\"ps-block ps-block--image is-free\" data-animated data-toggle-class=\"in-viewport\">\n\n    <div class=\"ps-block__bg\">\n      <img loading=\"lazy\" decoding=\"async\"\n            src=\"https:\/\/www.cinier.com\/app\/uploads\/2020\/11\/palmspring-8-942x666.jpg\"\n      srcset=\"https:\/\/www.cinier.com\/app\/uploads\/2020\/11\/palmspring-8-942x666.jpg 9999w\"\n      sizes=\"auto, 9999px\"\n      width=\"3840\"\n      height=\"2714\"\n      alt=\"PalmSpring 6\"\n      class=\"ps-block__img lozad\"\n      style=\"\"\n      >\n          <\/div>\n\n  <\/section>\n\n\n<section class=\"ps-block ps-block--paragraph\" data-animated>\n  <div class=\"ps-block__container\">\n    <div class=\"ps-block__grid\">\n      <div class=\"ps-block__content\">\n        <div class=\"ps-block__body\">\n          <div class=\"ps-block__item\">\n            \n<p>Identique au Greenor Chauffage seul avec l\u2019option climatisation (1600W). Confort parfait, tr\u00e8s homog\u00e8ne &amp; silence incroyable<\/p>\n\n          <\/div>\n        <\/div>\n      <\/div>\n    <\/div>\n  <\/div>\n<\/section>\n\n\n<section class=\"ps-block ps-block--heading\" data-animated>\n  <div class=\"ps-block__container\">\n    <div class=\"ps-block__grid\">\n      <div class=\"ps-block__content\">\n        <div class=\"ps-block__body\">\n          <div class=\"ps-block__item\">\n            \n<h3 class=\"wp-block-heading\">Sch\u00e9ma de principe pour raccorder votre Greenor sur une pompe \u00e0 chaleur<\/h3>\n\n          <\/div>\n        <\/div>\n      <\/div>\n    <\/div>\n  <\/div>\n<\/section>\n\n\n              \n  <section class=\"ps-block ps-block--image is-free\" data-animated data-toggle-class=\"in-viewport\">\n\n    <div class=\"ps-block__bg\">\n      <img loading=\"lazy\" decoding=\"async\"\n            src=\"https:\/\/www.cinier.com\/app\/uploads\/2022\/07\/piece-unique-xl-7-761x666.jpg\"\n      srcset=\"https:\/\/www.cinier.com\/app\/uploads\/2022\/07\/piece-unique-xl-7-761x666.jpg 9999w\"\n      sizes=\"auto, 9999px\"\n      width=\"3840\"\n      height=\"3360\"\n      alt=\"\"\n      class=\"ps-block__img lozad\"\n      style=\"\"\n      >\n          <\/div>\n\n  <\/section>\n\n\n<section class=\"ps-block ps-block--heading\" data-animated>\n  <div class=\"ps-block__container\">\n    <div class=\"ps-block__grid\">\n      <div class=\"ps-block__content\">\n        <div class=\"ps-block__body\">\n          <div class=\"ps-block__item\">\n            \n<h3 class=\"wp-block-heading\">Sch\u00e9ma de principe pour raccorder votre Greenor avec chaudi\u00e8re<\/h3>\n\n          <\/div>\n        <\/div>\n      <\/div>\n    <\/div>\n  <\/div>\n<\/section>\n\n\n              \n  <section class=\"ps-block ps-block--image is-free\" data-animated data-toggle-class=\"in-viewport\">\n\n    <div class=\"ps-block__bg\">\n      <img loading=\"lazy\" decoding=\"async\"\n            src=\"https:\/\/www.cinier.com\/app\/uploads\/2020\/11\/palmspring-10-907x666.jpg\"\n      srcset=\"https:\/\/www.cinier.com\/app\/uploads\/2020\/11\/palmspring-10-907x666.jpg 9999w\"\n      sizes=\"auto, 9999px\"\n      width=\"1084\"\n      height=\"796\"\n      alt=\"PalmSpring 9\"\n      class=\"ps-block__img lozad\"\n      style=\"\"\n      >\n          <\/div>\n\n  <\/section>\n","protected":false},"featured_media":22549,"template":"","product_range":[333,326],"product_color":[],"class_list":["post-29857","product","type-product","status-publish","has-post-thumbnail","hentry","product_range-colleccion-greenor-es","product_range-g-pieces-uniques-es"],"acf":[],"yoast_head":"<!-- This site is optimized with the Yoast SEO plugin v27.5 - https:\/\/yoast.com\/product\/yoast-seo-wordpress\/ -->\n<title>PalmSpring - Colleccion Greenor, Piezas unicas | Cinier<\/title>\n<meta name=\"description\" content=\"PalmSpring, Palm Springs, Colleccion Greenor, Piezas unicas\" \/>\n<meta name=\"robots\" content=\"index, follow, max-snippet:-1, max-image-preview:large, max-video-preview:-1\" \/>\n<link rel=\"canonical\" href=\"https:\/\/www.cinier.com\/es\/productos\/palmspring\/\" \/>\n<meta property=\"og:locale\" content=\"es_ES\" \/>\n<meta property=\"og:type\" content=\"article\" \/>\n<meta property=\"og:title\" content=\"PalmSpring - Colleccion Greenor, Piezas unicas | Cinier\" \/>\n<meta property=\"og:description\" content=\"PalmSpring, Palm Springs, Colleccion Greenor, Piezas unicas\" \/>\n<meta property=\"og:url\" content=\"https:\/\/www.cinier.com\/es\/productos\/palmspring\/\" \/>\n<meta property=\"og:site_name\" content=\"Cinier\" \/>\n<meta property=\"article:publisher\" content=\"https:\/\/www.facebook.com\/cinierdesign\/?ref=bookmarks\" \/>\n<meta property=\"article:modified_time\" content=\"2024-06-06T08:22:03+00:00\" \/>\n<meta property=\"og:image\" content=\"https:\/\/www.cinier.com\/app\/uploads\/2020\/11\/D-2400x1800-palmspring-Greenor.png\" \/>\n\t<meta property=\"og:image:width\" content=\"1800\" \/>\n\t<meta property=\"og:image:height\" content=\"2400\" \/>\n\t<meta property=\"og:image:type\" content=\"image\/png\" \/>\n<meta name=\"twitter:card\" content=\"summary_large_image\" \/>\n<script type=\"application\/ld+json\" class=\"yoast-schema-graph\">{\"@context\":\"https:\\\/\\\/schema.org\",\"@graph\":[{\"@type\":\"WebPage\",\"@id\":\"https:\\\/\\\/www.cinier.com\\\/es\\\/productos\\\/palmspring\\\/\",\"url\":\"https:\\\/\\\/www.cinier.com\\\/es\\\/productos\\\/palmspring\\\/\",\"name\":\"PalmSpring - Colleccion Greenor, Piezas unicas | Cinier\",\"isPartOf\":{\"@id\":\"https:\\\/\\\/www.cinier.com\\\/es\\\/#website\"},\"primaryImageOfPage\":{\"@id\":\"https:\\\/\\\/www.cinier.com\\\/es\\\/productos\\\/palmspring\\\/#primaryimage\"},\"image\":{\"@id\":\"https:\\\/\\\/www.cinier.com\\\/es\\\/productos\\\/palmspring\\\/#primaryimage\"},\"thumbnailUrl\":\"https:\\\/\\\/www.cinier.com\\\/app\\\/uploads\\\/2020\\\/11\\\/D-2400x1800-palmspring-Greenor.png\",\"datePublished\":\"2020-11-16T08:21:35+00:00\",\"dateModified\":\"2024-06-06T08:22:03+00:00\",\"description\":\"PalmSpring, Palm Springs, Colleccion Greenor, Piezas unicas\",\"breadcrumb\":{\"@id\":\"https:\\\/\\\/www.cinier.com\\\/es\\\/productos\\\/palmspring\\\/#breadcrumb\"},\"inLanguage\":\"es-ES\",\"potentialAction\":[{\"@type\":\"ReadAction\",\"target\":[\"https:\\\/\\\/www.cinier.com\\\/es\\\/productos\\\/palmspring\\\/\"]}]},{\"@type\":\"ImageObject\",\"inLanguage\":\"es-ES\",\"@id\":\"https:\\\/\\\/www.cinier.com\\\/es\\\/productos\\\/palmspring\\\/#primaryimage\",\"url\":\"https:\\\/\\\/www.cinier.com\\\/app\\\/uploads\\\/2020\\\/11\\\/D-2400x1800-palmspring-Greenor.png\",\"contentUrl\":\"https:\\\/\\\/www.cinier.com\\\/app\\\/uploads\\\/2020\\\/11\\\/D-2400x1800-palmspring-Greenor.png\",\"width\":1800,\"height\":2400,\"caption\":\"PalmSpring 4\"},{\"@type\":\"BreadcrumbList\",\"@id\":\"https:\\\/\\\/www.cinier.com\\\/es\\\/productos\\\/palmspring\\\/#breadcrumb\",\"itemListElement\":[{\"@type\":\"ListItem\",\"position\":1,\"name\":\"Accueil\",\"item\":\"https:\\\/\\\/www.cinier.com\\\/es\\\/\"},{\"@type\":\"ListItem\",\"position\":2,\"name\":\"Productos\",\"item\":\"https:\\\/\\\/www.cinier.com\\\/es\\\/productos\\\/\"},{\"@type\":\"ListItem\",\"position\":3,\"name\":\"PalmSpring\"}]},{\"@type\":\"WebSite\",\"@id\":\"https:\\\/\\\/www.cinier.com\\\/es\\\/#website\",\"url\":\"https:\\\/\\\/www.cinier.com\\\/es\\\/\",\"name\":\"Cinier\",\"description\":\"Radiateurs et Luminaires Contemporains\",\"publisher\":{\"@id\":\"https:\\\/\\\/www.cinier.com\\\/es\\\/#organization\"},\"potentialAction\":[{\"@type\":\"SearchAction\",\"target\":{\"@type\":\"EntryPoint\",\"urlTemplate\":\"https:\\\/\\\/www.cinier.com\\\/es\\\/?s={search_term_string}\"},\"query-input\":{\"@type\":\"PropertyValueSpecification\",\"valueRequired\":true,\"valueName\":\"search_term_string\"}}],\"inLanguage\":\"es-ES\"},{\"@type\":\"Organization\",\"@id\":\"https:\\\/\\\/www.cinier.com\\\/es\\\/#organization\",\"name\":\"Cinier\",\"url\":\"https:\\\/\\\/www.cinier.com\\\/es\\\/\",\"logo\":{\"@type\":\"ImageObject\",\"inLanguage\":\"es-ES\",\"@id\":\"https:\\\/\\\/www.cinier.com\\\/es\\\/#\\\/schema\\\/logo\\\/image\\\/\",\"url\":\"https:\\\/\\\/www.cinier.com\\\/app\\\/uploads\\\/2019\\\/08\\\/logo.png\",\"contentUrl\":\"https:\\\/\\\/www.cinier.com\\\/app\\\/uploads\\\/2019\\\/08\\\/logo.png\",\"width\":258,\"height\":122,\"caption\":\"Cinier\"},\"image\":{\"@id\":\"https:\\\/\\\/www.cinier.com\\\/es\\\/#\\\/schema\\\/logo\\\/image\\\/\"},\"sameAs\":[\"https:\\\/\\\/www.facebook.com\\\/cinierdesign\\\/?ref=bookmarks\",\"https:\\\/\\\/www.instagram.com\\\/cinier_design\\\/?hl=en\",\"https:\\\/\\\/www.linkedin.com\\\/company\\\/cinier-paris\\\/?viewAsMember=true\",\"https:\\\/\\\/www.pinterest.fr\\\/CINIERFrance\\\/\",\"https:\\\/\\\/www.youtube.com\\\/watch?v=EBncqm0X6-4\"]}]}<\/script>\n<!-- \/ Yoast SEO plugin. -->","yoast_head_json":{"title":"PalmSpring - Colleccion Greenor, Piezas unicas | Cinier","description":"PalmSpring, Palm Springs, Colleccion Greenor, Piezas unicas","robots":{"index":"index","follow":"follow","max-snippet":"max-snippet:-1","max-image-preview":"max-image-preview:large","max-video-preview":"max-video-preview:-1"},"canonical":"https:\/\/www.cinier.com\/es\/productos\/palmspring\/","og_locale":"es_ES","og_type":"article","og_title":"PalmSpring - Colleccion Greenor, Piezas unicas | Cinier","og_description":"PalmSpring, Palm Springs, Colleccion Greenor, Piezas unicas","og_url":"https:\/\/www.cinier.com\/es\/productos\/palmspring\/","og_site_name":"Cinier","article_publisher":"https:\/\/www.facebook.com\/cinierdesign\/?ref=bookmarks","article_modified_time":"2024-06-06T08:22:03+00:00","og_image":[{"width":1800,"height":2400,"url":"https:\/\/www.cinier.com\/app\/uploads\/2020\/11\/D-2400x1800-palmspring-Greenor.png","type":"image\/png"}],"twitter_card":"summary_large_image","schema":{"@context":"https:\/\/schema.org","@graph":[{"@type":"WebPage","@id":"https:\/\/www.cinier.com\/es\/productos\/palmspring\/","url":"https:\/\/www.cinier.com\/es\/productos\/palmspring\/","name":"PalmSpring - Colleccion Greenor, Piezas unicas | Cinier","isPartOf":{"@id":"https:\/\/www.cinier.com\/es\/#website"},"primaryImageOfPage":{"@id":"https:\/\/www.cinier.com\/es\/productos\/palmspring\/#primaryimage"},"image":{"@id":"https:\/\/www.cinier.com\/es\/productos\/palmspring\/#primaryimage"},"thumbnailUrl":"https:\/\/www.cinier.com\/app\/uploads\/2020\/11\/D-2400x1800-palmspring-Greenor.png","datePublished":"2020-11-16T08:21:35+00:00","dateModified":"2024-06-06T08:22:03+00:00","description":"PalmSpring, Palm Springs, Colleccion Greenor, Piezas unicas","breadcrumb":{"@id":"https:\/\/www.cinier.com\/es\/productos\/palmspring\/#breadcrumb"},"inLanguage":"es-ES","potentialAction":[{"@type":"ReadAction","target":["https:\/\/www.cinier.com\/es\/productos\/palmspring\/"]}]},{"@type":"ImageObject","inLanguage":"es-ES","@id":"https:\/\/www.cinier.com\/es\/productos\/palmspring\/#primaryimage","url":"https:\/\/www.cinier.com\/app\/uploads\/2020\/11\/D-2400x1800-palmspring-Greenor.png","contentUrl":"https:\/\/www.cinier.com\/app\/uploads\/2020\/11\/D-2400x1800-palmspring-Greenor.png","width":1800,"height":2400,"caption":"PalmSpring 4"},{"@type":"BreadcrumbList","@id":"https:\/\/www.cinier.com\/es\/productos\/palmspring\/#breadcrumb","itemListElement":[{"@type":"ListItem","position":1,"name":"Accueil","item":"https:\/\/www.cinier.com\/es\/"},{"@type":"ListItem","position":2,"name":"Productos","item":"https:\/\/www.cinier.com\/es\/productos\/"},{"@type":"ListItem","position":3,"name":"PalmSpring"}]},{"@type":"WebSite","@id":"https:\/\/www.cinier.com\/es\/#website","url":"https:\/\/www.cinier.com\/es\/","name":"Cinier","description":"Radiateurs et Luminaires Contemporains","publisher":{"@id":"https:\/\/www.cinier.com\/es\/#organization"},"potentialAction":[{"@type":"SearchAction","target":{"@type":"EntryPoint","urlTemplate":"https:\/\/www.cinier.com\/es\/?s={search_term_string}"},"query-input":{"@type":"PropertyValueSpecification","valueRequired":true,"valueName":"search_term_string"}}],"inLanguage":"es-ES"},{"@type":"Organization","@id":"https:\/\/www.cinier.com\/es\/#organization","name":"Cinier","url":"https:\/\/www.cinier.com\/es\/","logo":{"@type":"ImageObject","inLanguage":"es-ES","@id":"https:\/\/www.cinier.com\/es\/#\/schema\/logo\/image\/","url":"https:\/\/www.cinier.com\/app\/uploads\/2019\/08\/logo.png","contentUrl":"https:\/\/www.cinier.com\/app\/uploads\/2019\/08\/logo.png","width":258,"height":122,"caption":"Cinier"},"image":{"@id":"https:\/\/www.cinier.com\/es\/#\/schema\/logo\/image\/"},"sameAs":["https:\/\/www.facebook.com\/cinierdesign\/?ref=bookmarks","https:\/\/www.instagram.com\/cinier_design\/?hl=en","https:\/\/www.linkedin.com\/company\/cinier-paris\/?viewAsMember=true","https:\/\/www.pinterest.fr\/CINIERFrance\/","https:\/\/www.youtube.com\/watch?v=EBncqm0X6-4"]}]}},"_links":{"self":[{"href":"https:\/\/www.cinier.com\/es\/wp-json\/wp\/v2\/product\/29857","targetHints":{"allow":["GET"]}}],"collection":[{"href":"https:\/\/www.cinier.com\/es\/wp-json\/wp\/v2\/product"}],"about":[{"href":"https:\/\/www.cinier.com\/es\/wp-json\/wp\/v2\/types\/product"}],"wp:featuredmedia":[{"embeddable":true,"href":"https:\/\/www.cinier.com\/es\/wp-json\/wp\/v2\/media\/22549"}],"wp:attachment":[{"href":"https:\/\/www.cinier.com\/es\/wp-json\/wp\/v2\/media?parent=29857"}],"wp:term":[{"taxonomy":"product_range","embeddable":true,"href":"https:\/\/www.cinier.com\/es\/wp-json\/wp\/v2\/product_range?post=29857"},{"taxonomy":"product_color","embeddable":true,"href":"https:\/\/www.cinier.com\/es\/wp-json\/wp\/v2\/product_color?post=29857"}],"curies":[{"name":"wp","href":"https:\/\/api.w.org\/{rel}","templated":true}]}}