{"id":13625,"date":"2019-09-02T12:25:20","date_gmt":"2019-09-02T10:25:20","guid":{"rendered":"https:\/\/www.cinier.com\/produits\/cascade-mire-9\/"},"modified":"2020-09-29T16:50:33","modified_gmt":"2020-09-29T14:50:33","slug":"cascade-mire-9","status":"publish","type":"product","link":"https:\/\/www.cinier.com\/es\/productos\/cascade-mire-9\/","title":{"rendered":"Cascade Mir\u00e9 \u2013 9"},"content":{"rendered":"","protected":false},"featured_media":14602,"template":"","product_range":[99,93],"product_color":[],"class_list":["post-13625","product","type-product","status-publish","has-post-thumbnail","hentry","product_range-luminarias-led-coleccion-lt-es","product_range-suspensions-es"],"acf":[],"yoast_head":"<!-- This site is optimized with the Yoast SEO plugin v27.2 - https:\/\/yoast.com\/product\/yoast-seo-wordpress\/ -->\n<title>Cascade Mir\u00e9 \u2013 9 - Luminarias LED - colecci\u00f3n LT, Suspensi\u00f3n | Cinier<\/title>\n<meta name=\"description\" content=\"Cascade Mir\u00e9 \u2013 9, Ceiling suspension Mire, Luminarias LED - colecci\u00f3n LT, Suspensi\u00f3n\" \/>\n<meta name=\"robots\" content=\"index, follow, max-snippet:-1, max-image-preview:large, max-video-preview:-1\" \/>\n<link rel=\"canonical\" href=\"https:\/\/www.cinier.com\/es\/productos\/cascade-mire-9\/\" \/>\n<meta property=\"og:locale\" content=\"es_ES\" \/>\n<meta property=\"og:type\" content=\"article\" \/>\n<meta property=\"og:title\" content=\"Cascade Mir\u00e9 \u2013 9 - Luminarias LED - colecci\u00f3n LT, Suspensi\u00f3n | Cinier\" \/>\n<meta property=\"og:description\" content=\"Cascade Mir\u00e9 \u2013 9, Ceiling suspension Mire, Luminarias LED - colecci\u00f3n LT, Suspensi\u00f3n\" \/>\n<meta property=\"og:url\" content=\"https:\/\/www.cinier.com\/es\/productos\/cascade-mire-9\/\" \/>\n<meta property=\"og:site_name\" content=\"Cinier\" \/>\n<meta property=\"article:publisher\" content=\"https:\/\/www.facebook.com\/cinierdesign\/?ref=bookmarks\" \/>\n<meta property=\"article:modified_time\" content=\"2020-09-29T14:50:33+00:00\" \/>\n<meta property=\"og:image\" content=\"https:\/\/www.cinier.com\/app\/uploads\/2019\/12\/CINIER-LT-cascade-9-2400x1800.jpg\" \/>\n\t<meta property=\"og:image:width\" content=\"1800\" \/>\n\t<meta property=\"og:image:height\" content=\"2400\" \/>\n\t<meta property=\"og:image:type\" content=\"image\/jpeg\" \/>\n<meta name=\"twitter:card\" content=\"summary_large_image\" \/>\n<script type=\"application\/ld+json\" class=\"yoast-schema-graph\">{\"@context\":\"https:\/\/schema.org\",\"@graph\":[{\"@type\":\"WebPage\",\"@id\":\"https:\/\/www.cinier.com\/es\/productos\/cascade-mire-9\/\",\"url\":\"https:\/\/www.cinier.com\/es\/productos\/cascade-mire-9\/\",\"name\":\"Cascade Mir\u00e9 \u2013 9 - Luminarias LED - colecci\u00f3n LT, Suspensi\u00f3n | Cinier\",\"isPartOf\":{\"@id\":\"https:\/\/www.cinier.com\/es\/#website\"},\"primaryImageOfPage\":{\"@id\":\"https:\/\/www.cinier.com\/es\/productos\/cascade-mire-9\/#primaryimage\"},\"image\":{\"@id\":\"https:\/\/www.cinier.com\/es\/productos\/cascade-mire-9\/#primaryimage\"},\"thumbnailUrl\":\"https:\/\/www.cinier.com\/app\/uploads\/2019\/12\/CINIER-LT-cascade-9-2400x1800.jpg\",\"datePublished\":\"2019-09-02T10:25:20+00:00\",\"dateModified\":\"2020-09-29T14:50:33+00:00\",\"description\":\"Cascade Mir\u00e9 \u2013 9, Ceiling suspension Mire, Luminarias LED - colecci\u00f3n LT, Suspensi\u00f3n\",\"breadcrumb\":{\"@id\":\"https:\/\/www.cinier.com\/es\/productos\/cascade-mire-9\/#breadcrumb\"},\"inLanguage\":\"es-ES\",\"potentialAction\":[{\"@type\":\"ReadAction\",\"target\":[\"https:\/\/www.cinier.com\/es\/productos\/cascade-mire-9\/\"]}]},{\"@type\":\"ImageObject\",\"inLanguage\":\"es-ES\",\"@id\":\"https:\/\/www.cinier.com\/es\/productos\/cascade-mire-9\/#primaryimage\",\"url\":\"https:\/\/www.cinier.com\/app\/uploads\/2019\/12\/CINIER-LT-cascade-9-2400x1800.jpg\",\"contentUrl\":\"https:\/\/www.cinier.com\/app\/uploads\/2019\/12\/CINIER-LT-cascade-9-2400x1800.jpg\",\"width\":1800,\"height\":2400,\"caption\":\"Cascade Mir\u00e9 \u2013 9 2\"},{\"@type\":\"BreadcrumbList\",\"@id\":\"https:\/\/www.cinier.com\/es\/productos\/cascade-mire-9\/#breadcrumb\",\"itemListElement\":[{\"@type\":\"ListItem\",\"position\":1,\"name\":\"Accueil\",\"item\":\"https:\/\/www.cinier.com\/es\/\"},{\"@type\":\"ListItem\",\"position\":2,\"name\":\"Productos\",\"item\":\"https:\/\/www.cinier.com\/es\/productos\/\"},{\"@type\":\"ListItem\",\"position\":3,\"name\":\"Cascade Mir\u00e9 \u2013 9\"}]},{\"@type\":\"WebSite\",\"@id\":\"https:\/\/www.cinier.com\/es\/#website\",\"url\":\"https:\/\/www.cinier.com\/es\/\",\"name\":\"Cinier\",\"description\":\"Radiateurs et Luminaires Contemporains\",\"publisher\":{\"@id\":\"https:\/\/www.cinier.com\/es\/#organization\"},\"potentialAction\":[{\"@type\":\"SearchAction\",\"target\":{\"@type\":\"EntryPoint\",\"urlTemplate\":\"https:\/\/www.cinier.com\/es\/?s={search_term_string}\"},\"query-input\":{\"@type\":\"PropertyValueSpecification\",\"valueRequired\":true,\"valueName\":\"search_term_string\"}}],\"inLanguage\":\"es-ES\"},{\"@type\":\"Organization\",\"@id\":\"https:\/\/www.cinier.com\/es\/#organization\",\"name\":\"Cinier\",\"url\":\"https:\/\/www.cinier.com\/es\/\",\"logo\":{\"@type\":\"ImageObject\",\"inLanguage\":\"es-ES\",\"@id\":\"https:\/\/www.cinier.com\/es\/#\/schema\/logo\/image\/\",\"url\":\"https:\/\/www.cinier.com\/app\/uploads\/2019\/08\/logo.png\",\"contentUrl\":\"https:\/\/www.cinier.com\/app\/uploads\/2019\/08\/logo.png\",\"width\":258,\"height\":122,\"caption\":\"Cinier\"},\"image\":{\"@id\":\"https:\/\/www.cinier.com\/es\/#\/schema\/logo\/image\/\"},\"sameAs\":[\"https:\/\/www.facebook.com\/cinierdesign\/?ref=bookmarks\",\"https:\/\/www.instagram.com\/cinier_design\/?hl=en\",\"https:\/\/www.linkedin.com\/company\/cinier-paris\/?viewAsMember=true\",\"https:\/\/www.pinterest.fr\/CINIERFrance\/\",\"https:\/\/www.youtube.com\/watch?v=EBncqm0X6-4\"]}]}<\/script>\n<!-- \/ Yoast SEO plugin. -->","yoast_head_json":{"title":"Cascade Mir\u00e9 \u2013 9 - Luminarias LED - colecci\u00f3n LT, Suspensi\u00f3n | Cinier","description":"Cascade Mir\u00e9 \u2013 9, Ceiling suspension Mire, Luminarias LED - colecci\u00f3n LT, Suspensi\u00f3n","robots":{"index":"index","follow":"follow","max-snippet":"max-snippet:-1","max-image-preview":"max-image-preview:large","max-video-preview":"max-video-preview:-1"},"canonical":"https:\/\/www.cinier.com\/es\/productos\/cascade-mire-9\/","og_locale":"es_ES","og_type":"article","og_title":"Cascade Mir\u00e9 \u2013 9 - Luminarias LED - colecci\u00f3n LT, Suspensi\u00f3n | Cinier","og_description":"Cascade Mir\u00e9 \u2013 9, Ceiling suspension Mire, Luminarias LED - colecci\u00f3n LT, Suspensi\u00f3n","og_url":"https:\/\/www.cinier.com\/es\/productos\/cascade-mire-9\/","og_site_name":"Cinier","article_publisher":"https:\/\/www.facebook.com\/cinierdesign\/?ref=bookmarks","article_modified_time":"2020-09-29T14:50:33+00:00","og_image":[{"width":1800,"height":2400,"url":"https:\/\/www.cinier.com\/app\/uploads\/2019\/12\/CINIER-LT-cascade-9-2400x1800.jpg","type":"image\/jpeg"}],"twitter_card":"summary_large_image","schema":{"@context":"https:\/\/schema.org","@graph":[{"@type":"WebPage","@id":"https:\/\/www.cinier.com\/es\/productos\/cascade-mire-9\/","url":"https:\/\/www.cinier.com\/es\/productos\/cascade-mire-9\/","name":"Cascade Mir\u00e9 \u2013 9 - Luminarias LED - colecci\u00f3n LT, Suspensi\u00f3n | Cinier","isPartOf":{"@id":"https:\/\/www.cinier.com\/es\/#website"},"primaryImageOfPage":{"@id":"https:\/\/www.cinier.com\/es\/productos\/cascade-mire-9\/#primaryimage"},"image":{"@id":"https:\/\/www.cinier.com\/es\/productos\/cascade-mire-9\/#primaryimage"},"thumbnailUrl":"https:\/\/www.cinier.com\/app\/uploads\/2019\/12\/CINIER-LT-cascade-9-2400x1800.jpg","datePublished":"2019-09-02T10:25:20+00:00","dateModified":"2020-09-29T14:50:33+00:00","description":"Cascade Mir\u00e9 \u2013 9, Ceiling suspension Mire, Luminarias LED - colecci\u00f3n LT, Suspensi\u00f3n","breadcrumb":{"@id":"https:\/\/www.cinier.com\/es\/productos\/cascade-mire-9\/#breadcrumb"},"inLanguage":"es-ES","potentialAction":[{"@type":"ReadAction","target":["https:\/\/www.cinier.com\/es\/productos\/cascade-mire-9\/"]}]},{"@type":"ImageObject","inLanguage":"es-ES","@id":"https:\/\/www.cinier.com\/es\/productos\/cascade-mire-9\/#primaryimage","url":"https:\/\/www.cinier.com\/app\/uploads\/2019\/12\/CINIER-LT-cascade-9-2400x1800.jpg","contentUrl":"https:\/\/www.cinier.com\/app\/uploads\/2019\/12\/CINIER-LT-cascade-9-2400x1800.jpg","width":1800,"height":2400,"caption":"Cascade Mir\u00e9 \u2013 9 2"},{"@type":"BreadcrumbList","@id":"https:\/\/www.cinier.com\/es\/productos\/cascade-mire-9\/#breadcrumb","itemListElement":[{"@type":"ListItem","position":1,"name":"Accueil","item":"https:\/\/www.cinier.com\/es\/"},{"@type":"ListItem","position":2,"name":"Productos","item":"https:\/\/www.cinier.com\/es\/productos\/"},{"@type":"ListItem","position":3,"name":"Cascade Mir\u00e9 \u2013 9"}]},{"@type":"WebSite","@id":"https:\/\/www.cinier.com\/es\/#website","url":"https:\/\/www.cinier.com\/es\/","name":"Cinier","description":"Radiateurs et Luminaires Contemporains","publisher":{"@id":"https:\/\/www.cinier.com\/es\/#organization"},"potentialAction":[{"@type":"SearchAction","target":{"@type":"EntryPoint","urlTemplate":"https:\/\/www.cinier.com\/es\/?s={search_term_string}"},"query-input":{"@type":"PropertyValueSpecification","valueRequired":true,"valueName":"search_term_string"}}],"inLanguage":"es-ES"},{"@type":"Organization","@id":"https:\/\/www.cinier.com\/es\/#organization","name":"Cinier","url":"https:\/\/www.cinier.com\/es\/","logo":{"@type":"ImageObject","inLanguage":"es-ES","@id":"https:\/\/www.cinier.com\/es\/#\/schema\/logo\/image\/","url":"https:\/\/www.cinier.com\/app\/uploads\/2019\/08\/logo.png","contentUrl":"https:\/\/www.cinier.com\/app\/uploads\/2019\/08\/logo.png","width":258,"height":122,"caption":"Cinier"},"image":{"@id":"https:\/\/www.cinier.com\/es\/#\/schema\/logo\/image\/"},"sameAs":["https:\/\/www.facebook.com\/cinierdesign\/?ref=bookmarks","https:\/\/www.instagram.com\/cinier_design\/?hl=en","https:\/\/www.linkedin.com\/company\/cinier-paris\/?viewAsMember=true","https:\/\/www.pinterest.fr\/CINIERFrance\/","https:\/\/www.youtube.com\/watch?v=EBncqm0X6-4"]}]}},"_links":{"self":[{"href":"https:\/\/www.cinier.com\/es\/wp-json\/wp\/v2\/product\/13625","targetHints":{"allow":["GET"]}}],"collection":[{"href":"https:\/\/www.cinier.com\/es\/wp-json\/wp\/v2\/product"}],"about":[{"href":"https:\/\/www.cinier.com\/es\/wp-json\/wp\/v2\/types\/product"}],"wp:featuredmedia":[{"embeddable":true,"href":"https:\/\/www.cinier.com\/es\/wp-json\/wp\/v2\/media\/14602"}],"wp:attachment":[{"href":"https:\/\/www.cinier.com\/es\/wp-json\/wp\/v2\/media?parent=13625"}],"wp:term":[{"taxonomy":"product_range","embeddable":true,"href":"https:\/\/www.cinier.com\/es\/wp-json\/wp\/v2\/product_range?post=13625"},{"taxonomy":"product_color","embeddable":true,"href":"https:\/\/www.cinier.com\/es\/wp-json\/wp\/v2\/product_color?post=13625"}],"curies":[{"name":"wp","href":"https:\/\/api.w.org\/{rel}","templated":true}]}}