{"id":13462,"date":"2019-10-03T12:09:05","date_gmt":"2019-10-03T10:09:05","guid":{"rendered":"https:\/\/www.cinier.com\/product\/dock-granit\/"},"modified":"2019-11-19T15:20:41","modified_gmt":"2019-11-19T14:20:41","slug":"dock-granit","status":"publish","type":"product","link":"https:\/\/www.cinier.com\/es\/productos\/dock-granit\/","title":{"rendered":"Dock granit"},"content":{"rendered":"","protected":false},"featured_media":9004,"template":"","product_range":[401,494],"product_color":[],"class_list":["post-13462","product","type-product","status-publish","has-post-thumbnail","hentry","product_range-radiadores-contemporaneos-es","product_range-r-pieces-uniques-es"],"acf":[],"yoast_head":"<!-- This site is optimized with the Yoast SEO plugin v27.5 - https:\/\/yoast.com\/product\/yoast-seo-wordpress\/ -->\n<title>Dock granit - Radiadores contempor\u00e1neos, Piezas unicas | Cinier<\/title>\n<meta name=\"description\" content=\"Dock granit, Esp\u00edritu de viaje, Radiadores contempor\u00e1neos, Piezas unicas\" \/>\n<meta name=\"robots\" content=\"index, follow, max-snippet:-1, max-image-preview:large, max-video-preview:-1\" \/>\n<link rel=\"canonical\" href=\"https:\/\/www.cinier.com\/es\/productos\/dock-granit\/\" \/>\n<meta property=\"og:locale\" content=\"es_ES\" \/>\n<meta property=\"og:type\" content=\"article\" \/>\n<meta property=\"og:title\" content=\"Dock granit - Radiadores contempor\u00e1neos, Piezas unicas | Cinier\" \/>\n<meta property=\"og:description\" content=\"Dock granit, Esp\u00edritu de viaje, Radiadores contempor\u00e1neos, Piezas unicas\" \/>\n<meta property=\"og:url\" content=\"https:\/\/www.cinier.com\/es\/productos\/dock-granit\/\" \/>\n<meta property=\"og:site_name\" content=\"Cinier\" \/>\n<meta property=\"article:publisher\" content=\"https:\/\/www.facebook.com\/cinierdesign\/?ref=bookmarks\" \/>\n<meta property=\"article:modified_time\" content=\"2019-11-19T14:20:41+00:00\" \/>\n<meta property=\"og:image\" content=\"https:\/\/www.cinier.com\/app\/uploads\/2019\/09\/dock-granit-D-2400x1800.png\" \/>\n\t<meta property=\"og:image:width\" content=\"1800\" \/>\n\t<meta property=\"og:image:height\" content=\"2400\" \/>\n\t<meta property=\"og:image:type\" content=\"image\/png\" \/>\n<meta name=\"twitter:card\" content=\"summary_large_image\" \/>\n<script type=\"application\/ld+json\" class=\"yoast-schema-graph\">{\"@context\":\"https:\\\/\\\/schema.org\",\"@graph\":[{\"@type\":\"WebPage\",\"@id\":\"https:\\\/\\\/www.cinier.com\\\/es\\\/productos\\\/dock-granit\\\/\",\"url\":\"https:\\\/\\\/www.cinier.com\\\/es\\\/productos\\\/dock-granit\\\/\",\"name\":\"Dock granit - Radiadores contempor\u00e1neos, Piezas unicas | Cinier\",\"isPartOf\":{\"@id\":\"https:\\\/\\\/www.cinier.com\\\/es\\\/#website\"},\"primaryImageOfPage\":{\"@id\":\"https:\\\/\\\/www.cinier.com\\\/es\\\/productos\\\/dock-granit\\\/#primaryimage\"},\"image\":{\"@id\":\"https:\\\/\\\/www.cinier.com\\\/es\\\/productos\\\/dock-granit\\\/#primaryimage\"},\"thumbnailUrl\":\"https:\\\/\\\/www.cinier.com\\\/app\\\/uploads\\\/2019\\\/09\\\/dock-granit-D-2400x1800.png\",\"datePublished\":\"2019-10-03T10:09:05+00:00\",\"dateModified\":\"2019-11-19T14:20:41+00:00\",\"description\":\"Dock granit, Esp\u00edritu de viaje, Radiadores contempor\u00e1neos, Piezas unicas\",\"breadcrumb\":{\"@id\":\"https:\\\/\\\/www.cinier.com\\\/es\\\/productos\\\/dock-granit\\\/#breadcrumb\"},\"inLanguage\":\"es-ES\",\"potentialAction\":[{\"@type\":\"ReadAction\",\"target\":[\"https:\\\/\\\/www.cinier.com\\\/es\\\/productos\\\/dock-granit\\\/\"]}]},{\"@type\":\"ImageObject\",\"inLanguage\":\"es-ES\",\"@id\":\"https:\\\/\\\/www.cinier.com\\\/es\\\/productos\\\/dock-granit\\\/#primaryimage\",\"url\":\"https:\\\/\\\/www.cinier.com\\\/app\\\/uploads\\\/2019\\\/09\\\/dock-granit-D-2400x1800.png\",\"contentUrl\":\"https:\\\/\\\/www.cinier.com\\\/app\\\/uploads\\\/2019\\\/09\\\/dock-granit-D-2400x1800.png\",\"width\":1800,\"height\":2400,\"caption\":\"Dock granit\"},{\"@type\":\"BreadcrumbList\",\"@id\":\"https:\\\/\\\/www.cinier.com\\\/es\\\/productos\\\/dock-granit\\\/#breadcrumb\",\"itemListElement\":[{\"@type\":\"ListItem\",\"position\":1,\"name\":\"Accueil\",\"item\":\"https:\\\/\\\/www.cinier.com\\\/es\\\/\"},{\"@type\":\"ListItem\",\"position\":2,\"name\":\"Productos\",\"item\":\"https:\\\/\\\/www.cinier.com\\\/es\\\/productos\\\/\"},{\"@type\":\"ListItem\",\"position\":3,\"name\":\"Dock granit\"}]},{\"@type\":\"WebSite\",\"@id\":\"https:\\\/\\\/www.cinier.com\\\/es\\\/#website\",\"url\":\"https:\\\/\\\/www.cinier.com\\\/es\\\/\",\"name\":\"Cinier\",\"description\":\"Radiateurs et Luminaires Contemporains\",\"publisher\":{\"@id\":\"https:\\\/\\\/www.cinier.com\\\/es\\\/#organization\"},\"potentialAction\":[{\"@type\":\"SearchAction\",\"target\":{\"@type\":\"EntryPoint\",\"urlTemplate\":\"https:\\\/\\\/www.cinier.com\\\/es\\\/?s={search_term_string}\"},\"query-input\":{\"@type\":\"PropertyValueSpecification\",\"valueRequired\":true,\"valueName\":\"search_term_string\"}}],\"inLanguage\":\"es-ES\"},{\"@type\":\"Organization\",\"@id\":\"https:\\\/\\\/www.cinier.com\\\/es\\\/#organization\",\"name\":\"Cinier\",\"url\":\"https:\\\/\\\/www.cinier.com\\\/es\\\/\",\"logo\":{\"@type\":\"ImageObject\",\"inLanguage\":\"es-ES\",\"@id\":\"https:\\\/\\\/www.cinier.com\\\/es\\\/#\\\/schema\\\/logo\\\/image\\\/\",\"url\":\"https:\\\/\\\/www.cinier.com\\\/app\\\/uploads\\\/2019\\\/08\\\/logo.png\",\"contentUrl\":\"https:\\\/\\\/www.cinier.com\\\/app\\\/uploads\\\/2019\\\/08\\\/logo.png\",\"width\":258,\"height\":122,\"caption\":\"Cinier\"},\"image\":{\"@id\":\"https:\\\/\\\/www.cinier.com\\\/es\\\/#\\\/schema\\\/logo\\\/image\\\/\"},\"sameAs\":[\"https:\\\/\\\/www.facebook.com\\\/cinierdesign\\\/?ref=bookmarks\",\"https:\\\/\\\/www.instagram.com\\\/cinier_design\\\/?hl=en\",\"https:\\\/\\\/www.linkedin.com\\\/company\\\/cinier-paris\\\/?viewAsMember=true\",\"https:\\\/\\\/www.pinterest.fr\\\/CINIERFrance\\\/\",\"https:\\\/\\\/www.youtube.com\\\/watch?v=EBncqm0X6-4\"]}]}<\/script>\n<!-- \/ Yoast SEO plugin. -->","yoast_head_json":{"title":"Dock granit - Radiadores contempor\u00e1neos, Piezas unicas | Cinier","description":"Dock granit, Esp\u00edritu de viaje, Radiadores contempor\u00e1neos, Piezas unicas","robots":{"index":"index","follow":"follow","max-snippet":"max-snippet:-1","max-image-preview":"max-image-preview:large","max-video-preview":"max-video-preview:-1"},"canonical":"https:\/\/www.cinier.com\/es\/productos\/dock-granit\/","og_locale":"es_ES","og_type":"article","og_title":"Dock granit - Radiadores contempor\u00e1neos, Piezas unicas | Cinier","og_description":"Dock granit, Esp\u00edritu de viaje, Radiadores contempor\u00e1neos, Piezas unicas","og_url":"https:\/\/www.cinier.com\/es\/productos\/dock-granit\/","og_site_name":"Cinier","article_publisher":"https:\/\/www.facebook.com\/cinierdesign\/?ref=bookmarks","article_modified_time":"2019-11-19T14:20:41+00:00","og_image":[{"width":1800,"height":2400,"url":"https:\/\/www.cinier.com\/app\/uploads\/2019\/09\/dock-granit-D-2400x1800.png","type":"image\/png"}],"twitter_card":"summary_large_image","schema":{"@context":"https:\/\/schema.org","@graph":[{"@type":"WebPage","@id":"https:\/\/www.cinier.com\/es\/productos\/dock-granit\/","url":"https:\/\/www.cinier.com\/es\/productos\/dock-granit\/","name":"Dock granit - Radiadores contempor\u00e1neos, Piezas unicas | Cinier","isPartOf":{"@id":"https:\/\/www.cinier.com\/es\/#website"},"primaryImageOfPage":{"@id":"https:\/\/www.cinier.com\/es\/productos\/dock-granit\/#primaryimage"},"image":{"@id":"https:\/\/www.cinier.com\/es\/productos\/dock-granit\/#primaryimage"},"thumbnailUrl":"https:\/\/www.cinier.com\/app\/uploads\/2019\/09\/dock-granit-D-2400x1800.png","datePublished":"2019-10-03T10:09:05+00:00","dateModified":"2019-11-19T14:20:41+00:00","description":"Dock granit, Esp\u00edritu de viaje, Radiadores contempor\u00e1neos, Piezas unicas","breadcrumb":{"@id":"https:\/\/www.cinier.com\/es\/productos\/dock-granit\/#breadcrumb"},"inLanguage":"es-ES","potentialAction":[{"@type":"ReadAction","target":["https:\/\/www.cinier.com\/es\/productos\/dock-granit\/"]}]},{"@type":"ImageObject","inLanguage":"es-ES","@id":"https:\/\/www.cinier.com\/es\/productos\/dock-granit\/#primaryimage","url":"https:\/\/www.cinier.com\/app\/uploads\/2019\/09\/dock-granit-D-2400x1800.png","contentUrl":"https:\/\/www.cinier.com\/app\/uploads\/2019\/09\/dock-granit-D-2400x1800.png","width":1800,"height":2400,"caption":"Dock granit"},{"@type":"BreadcrumbList","@id":"https:\/\/www.cinier.com\/es\/productos\/dock-granit\/#breadcrumb","itemListElement":[{"@type":"ListItem","position":1,"name":"Accueil","item":"https:\/\/www.cinier.com\/es\/"},{"@type":"ListItem","position":2,"name":"Productos","item":"https:\/\/www.cinier.com\/es\/productos\/"},{"@type":"ListItem","position":3,"name":"Dock granit"}]},{"@type":"WebSite","@id":"https:\/\/www.cinier.com\/es\/#website","url":"https:\/\/www.cinier.com\/es\/","name":"Cinier","description":"Radiateurs et Luminaires Contemporains","publisher":{"@id":"https:\/\/www.cinier.com\/es\/#organization"},"potentialAction":[{"@type":"SearchAction","target":{"@type":"EntryPoint","urlTemplate":"https:\/\/www.cinier.com\/es\/?s={search_term_string}"},"query-input":{"@type":"PropertyValueSpecification","valueRequired":true,"valueName":"search_term_string"}}],"inLanguage":"es-ES"},{"@type":"Organization","@id":"https:\/\/www.cinier.com\/es\/#organization","name":"Cinier","url":"https:\/\/www.cinier.com\/es\/","logo":{"@type":"ImageObject","inLanguage":"es-ES","@id":"https:\/\/www.cinier.com\/es\/#\/schema\/logo\/image\/","url":"https:\/\/www.cinier.com\/app\/uploads\/2019\/08\/logo.png","contentUrl":"https:\/\/www.cinier.com\/app\/uploads\/2019\/08\/logo.png","width":258,"height":122,"caption":"Cinier"},"image":{"@id":"https:\/\/www.cinier.com\/es\/#\/schema\/logo\/image\/"},"sameAs":["https:\/\/www.facebook.com\/cinierdesign\/?ref=bookmarks","https:\/\/www.instagram.com\/cinier_design\/?hl=en","https:\/\/www.linkedin.com\/company\/cinier-paris\/?viewAsMember=true","https:\/\/www.pinterest.fr\/CINIERFrance\/","https:\/\/www.youtube.com\/watch?v=EBncqm0X6-4"]}]}},"_links":{"self":[{"href":"https:\/\/www.cinier.com\/es\/wp-json\/wp\/v2\/product\/13462","targetHints":{"allow":["GET"]}}],"collection":[{"href":"https:\/\/www.cinier.com\/es\/wp-json\/wp\/v2\/product"}],"about":[{"href":"https:\/\/www.cinier.com\/es\/wp-json\/wp\/v2\/types\/product"}],"wp:featuredmedia":[{"embeddable":true,"href":"https:\/\/www.cinier.com\/es\/wp-json\/wp\/v2\/media\/9004"}],"wp:attachment":[{"href":"https:\/\/www.cinier.com\/es\/wp-json\/wp\/v2\/media?parent=13462"}],"wp:term":[{"taxonomy":"product_range","embeddable":true,"href":"https:\/\/www.cinier.com\/es\/wp-json\/wp\/v2\/product_range?post=13462"},{"taxonomy":"product_color","embeddable":true,"href":"https:\/\/www.cinier.com\/es\/wp-json\/wp\/v2\/product_color?post=13462"}],"curies":[{"name":"wp","href":"https:\/\/api.w.org\/{rel}","templated":true}]}}