{"id":29772,"date":"2024-03-22T16:22:29","date_gmt":"2024-03-22T15:22:29","guid":{"rendered":"https:\/\/www.cinier.com\/?page_id=29772"},"modified":"2024-03-22T16:22:30","modified_gmt":"2024-03-22T15:22:30","slug":"arte-de-johanne","status":"publish","type":"page","link":"https:\/\/www.cinier.com\/es\/maison-cinier\/arte-de-johanne\/","title":{"rendered":"Arte de Johanne"},"content":{"rendered":"<section class=\"ps-block ps-block--quote\" data-animated>\n  <div class=\"ps-block__container\">\n    <div class=\"ps-block__grid\">\n      <div class=\"ps-block__content\">\n        <div class=\"ps-block__body\">\n          <div class=\"ps-block__item\">\n                          \n<p>Me gusta la idea de que cada obra sea ins\u00f3lita, de que nos traslade a un mundo imaginario y curioso, como un cuadro de &#8220;curiosidades&#8221;, en el que se puede ver una enorme enagua de tul saliendo del lienzo o una aut\u00e9ntica joya de luz Led pegada al cuadro.<\/p>\n\n                                      \n<blockquote class=\"wp-block-quote\"><cite><a href=\"https:\/\/cinierstore.com\/collections\/oeuvre-dart-sur-toile\" target=\"_blank\" rel=\"noreferrer noopener\">Johanne Cinier<\/a><\/cite><\/blockquote>\n\n                      <\/div>\n        <\/div>\n      <\/div>\n    <\/div>\n  <\/div>\n<\/section>\n\n\n<section class=\"ps-block ps-block--textimage image-left\" data-animated>\n  <div class=\"ps-block__container\">\n    <div class=\"ps-block__grid\">\n\n      <div class=\"ps-block__img\">\n                  <img class=\"lozad\" data-src=\"https:\/\/www.cinier.com\/app\/uploads\/2023\/06\/oeuvres-dart-sur-toile-690x640.jpg\" data-srcset=\"https:\/\/www.cinier.com\/app\/uploads\/2023\/06\/oeuvres-dart-sur-toile-690x640.jpg 690w\" alt=\"\">\n              <\/div>\n\n      <div class=\"ps-block__body \">\n                        <p class=\"text\">\n          Johanne Cinier, natural de S\u00e8te, estudi\u00f3 en la \u00c9cole des Beaux-Arts de S\u00e8te y despu\u00e9s dise\u00f1o\/modelismo de moda en Marsella. Trabaj\u00f3 para Givenchy y Arrow durante 6 a\u00f1os, despu\u00e9s sinti\u00f3 la necesidad de dedicar tiempo a su sed de creaci\u00f3n, pintando, dibujando, esculpiendo y combinando todo tipo de t\u00e9cnicas. Se uni\u00f3 a la empresa familiar para crear piezas \u00fanicas para los radiadores Cinier, pero al mismo tiempo dej\u00f3 volar su creatividad e imaginaci\u00f3n.\n        <\/p>\n                      <\/div>\n\n    <\/div>\n  <\/div>\n<\/section>\n\n\n<section class=\"ps-block ps-block--paragraph\" data-animated>\n  <div class=\"ps-block__container\">\n    <div class=\"ps-block__grid\">\n      <div class=\"ps-block__content\">\n        <div class=\"ps-block__body\">\n          <div class=\"ps-block__item\">\n            \n<p><\/p>\n\n          <\/div>\n        <\/div>\n      <\/div>\n    <\/div>\n  <\/div>\n<\/section>\n\n\n<section class=\"ps-block ps-block--paragraph\" data-animated>\n  <div class=\"ps-block__container\">\n    <div class=\"ps-block__grid\">\n      <div class=\"ps-block__content\">\n        <div class=\"ps-block__body\">\n          <div class=\"ps-block__item\">\n            \n<p>Mezcla c\u00f3digos, influencias y t\u00e9cnicas en una profusi\u00f3n de creatividad, sin m\u00e1s reglas autoimpuestas que las de la imaginaci\u00f3n. Sus obras utilizan todo tipo de t\u00e9cnicas y materiales (fotos, encajes, accesorios, ropa, acr\u00edlicos, madera, cer\u00e1mica, objetos y collage) para crear un poderoso efecto visual.<\/p>\n\n          <\/div>\n        <\/div>\n      <\/div>\n    <\/div>\n  <\/div>\n<\/section>\n\n\n<section class=\"ps-block ps-block--paragraph\" data-animated>\n  <div class=\"ps-block__container\">\n    <div class=\"ps-block__grid\">\n      <div class=\"ps-block__content\">\n        <div class=\"ps-block__body\">\n          <div class=\"ps-block__item\">\n            \n<p>Para descubrir la obra de Johanne y los cuadros disponibles en el estudio, haga clic aqu\u00ed : <a href=\"https:\/\/cinierstore.com\/collections\/oeuvre-dart-sur-toile\">cliquez ici<\/a>.<\/p>\n\n          <\/div>\n        <\/div>\n      <\/div>\n    <\/div>\n  <\/div>\n<\/section>\n\n\n  <section class=\"ps-block ps-block--carousel-freemode js-photoswipe\" data-animated>\n    <div class=\"ps-block__container\">\n            <div class=\"ps-block__grid\">\n        <div class=\"ps-block__content\">\n          <div class=\"ps-block__body\">\n            <div class=\"swiper-container js-swiper-freemode\">\n              <div class=\"swiper-wrapper\">\n                <div class=\"ps-block__item swiper-slide\">\n      <figure itemprop=\"associatedMedia\" itemscope itemtype=\"http:\/\/schema.org\/ImageObject\">\n      <a href=\"https:\/\/www.cinier.com\/app\/uploads\/2023\/06\/oeuvres-dart-sur-toile-2-2400x1037.jpg\" itemprop=\"contentUrl\" data-size=\"3840x1659\">\n        <img decoding=\"async\" src=\"https:\/\/www.cinier.com\/app\/uploads\/2023\/06\/oeuvres-dart-sur-toile-2-1024x442.jpg\" itemprop=\"thumbnail\" alt=\"\">\n      <\/a>\n          <\/figure>\n  <\/div>\n<div class=\"ps-block__item swiper-slide\">\n      <figure itemprop=\"associatedMedia\" itemscope itemtype=\"http:\/\/schema.org\/ImageObject\">\n      <a href=\"https:\/\/www.cinier.com\/app\/uploads\/2023\/06\/oeuvres-dart-sur-toile-3.jpg\" itemprop=\"contentUrl\" data-size=\"1580x1869\">\n        <img decoding=\"async\" src=\"https:\/\/www.cinier.com\/app\/uploads\/2023\/06\/oeuvres-dart-sur-toile-3-457x540.jpg\" itemprop=\"thumbnail\" alt=\"\">\n      <\/a>\n          <\/figure>\n  <\/div>\n<div class=\"ps-block__item swiper-slide\">\n      <figure itemprop=\"associatedMedia\" itemscope itemtype=\"http:\/\/schema.org\/ImageObject\">\n      <a href=\"https:\/\/www.cinier.com\/app\/uploads\/2023\/06\/oeuvres-dart-sur-toile-4-2400x2377.jpg\" itemprop=\"contentUrl\" data-size=\"3840x3803\">\n        <img decoding=\"async\" src=\"https:\/\/www.cinier.com\/app\/uploads\/2023\/06\/oeuvres-dart-sur-toile-4-545x540.jpg\" itemprop=\"thumbnail\" alt=\"\">\n      <\/a>\n          <\/figure>\n  <\/div>\n<div class=\"ps-block__item swiper-slide\">\n      <figure itemprop=\"associatedMedia\" itemscope itemtype=\"http:\/\/schema.org\/ImageObject\">\n      <a href=\"https:\/\/www.cinier.com\/app\/uploads\/2023\/06\/oeuvres-dart-sur-toile-5.jpg\" itemprop=\"contentUrl\" data-size=\"1742x2263\">\n        <img decoding=\"async\" src=\"https:\/\/www.cinier.com\/app\/uploads\/2023\/06\/oeuvres-dart-sur-toile-5-416x540.jpg\" itemprop=\"thumbnail\" alt=\"\">\n      <\/a>\n          <\/figure>\n  <\/div>\n              <\/div>\n              <div class=\"swiper-button-prev\"><\/div>\n              <div class=\"swiper-button-next\"><\/div>\n              <div class=\"swiper-pagination\"><\/div>\n            <\/div>\n          <\/div>\n        <\/div>\n      <\/div>\n    <\/div>\n  <\/section>\n","protected":false},"excerpt":{"rendered":"<p>Me gusta la idea de que cada obra sea ins\u00f3lita, de que nos traslade a un mundo imaginario y curioso, como un cuadro de &#8220;curiosidades&#8221;, en el que se puede ver una enorme enagua de tul saliendo del lienzo o una aut\u00e9ntica joya de luz Led pegada al cuadro. Johanne Cinier Mezcla c\u00f3digos, influencias y [&hellip;]<\/p>\n","protected":false},"author":10,"featured_media":28762,"parent":10812,"menu_order":2,"comment_status":"closed","ping_status":"closed","template":"","meta":{"_acf_changed":false,"inline_featured_image":false,"footnotes":""},"class_list":["post-29772","page","type-page","status-publish","has-post-thumbnail","hentry"],"acf":[],"yoast_head":"<!-- This site is optimized with the Yoast SEO plugin v27.5 - https:\/\/yoast.com\/product\/yoast-seo-wordpress\/ -->\n<title>Arte de Johanne | Cinier<\/title>\n<meta name=\"description\" content=\"Me gusta la idea de que cada obra sea ins\u00f3lita, de que nos traslade a un mundo imaginario y curioso, como un cuadro de &quot;curiosidades&quot;, en el que se puede\" \/>\n<meta name=\"robots\" content=\"index, follow, max-snippet:-1, max-image-preview:large, max-video-preview:-1\" \/>\n<link rel=\"canonical\" href=\"https:\/\/www.cinier.com\/es\/maison-cinier\/arte-de-johanne\/\" \/>\n<meta property=\"og:locale\" content=\"es_ES\" \/>\n<meta property=\"og:type\" content=\"article\" \/>\n<meta property=\"og:title\" content=\"Arte de Johanne | Cinier\" \/>\n<meta property=\"og:description\" content=\"Me gusta la idea de que cada obra sea ins\u00f3lita, de que nos traslade a un mundo imaginario y curioso, como un cuadro de &quot;curiosidades&quot;, en el que se puede\" \/>\n<meta property=\"og:url\" content=\"https:\/\/www.cinier.com\/es\/maison-cinier\/arte-de-johanne\/\" \/>\n<meta property=\"og:site_name\" content=\"Cinier\" \/>\n<meta property=\"article:publisher\" content=\"https:\/\/www.facebook.com\/cinierdesign\/?ref=bookmarks\" \/>\n<meta property=\"article:modified_time\" content=\"2024-03-22T15:22:30+00:00\" \/>\n<meta property=\"og:image\" content=\"https:\/\/www.cinier.com\/app\/uploads\/2023\/06\/oeuvres-dart-sur-toile.jpg\" \/>\n\t<meta property=\"og:image:width\" content=\"1655\" \/>\n\t<meta property=\"og:image:height\" content=\"2283\" \/>\n\t<meta property=\"og:image:type\" content=\"image\/jpeg\" \/>\n<meta name=\"twitter:card\" content=\"summary_large_image\" \/>\n<meta name=\"twitter:label1\" content=\"Est. reading time\" \/>\n\t<meta name=\"twitter:data1\" content=\"2 minutes\" \/>\n<script type=\"application\/ld+json\" class=\"yoast-schema-graph\">{\"@context\":\"https:\\\/\\\/schema.org\",\"@graph\":[{\"@type\":\"WebPage\",\"@id\":\"https:\\\/\\\/www.cinier.com\\\/es\\\/maison-cinier\\\/arte-de-johanne\\\/\",\"url\":\"https:\\\/\\\/www.cinier.com\\\/es\\\/maison-cinier\\\/arte-de-johanne\\\/\",\"name\":\"Arte de Johanne | Cinier\",\"isPartOf\":{\"@id\":\"https:\\\/\\\/www.cinier.com\\\/es\\\/#website\"},\"primaryImageOfPage\":{\"@id\":\"https:\\\/\\\/www.cinier.com\\\/es\\\/maison-cinier\\\/arte-de-johanne\\\/#primaryimage\"},\"image\":{\"@id\":\"https:\\\/\\\/www.cinier.com\\\/es\\\/maison-cinier\\\/arte-de-johanne\\\/#primaryimage\"},\"thumbnailUrl\":\"https:\\\/\\\/www.cinier.com\\\/app\\\/uploads\\\/2023\\\/06\\\/oeuvres-dart-sur-toile.jpg\",\"datePublished\":\"2024-03-22T15:22:29+00:00\",\"dateModified\":\"2024-03-22T15:22:30+00:00\",\"description\":\"Me gusta la idea de que cada obra sea ins\u00f3lita, de que nos traslade a un mundo imaginario y curioso, como un cuadro de \\\"curiosidades\\\", en el que se puede\",\"breadcrumb\":{\"@id\":\"https:\\\/\\\/www.cinier.com\\\/es\\\/maison-cinier\\\/arte-de-johanne\\\/#breadcrumb\"},\"inLanguage\":\"es-ES\",\"potentialAction\":[{\"@type\":\"ReadAction\",\"target\":[\"https:\\\/\\\/www.cinier.com\\\/es\\\/maison-cinier\\\/arte-de-johanne\\\/\"]}]},{\"@type\":\"ImageObject\",\"inLanguage\":\"es-ES\",\"@id\":\"https:\\\/\\\/www.cinier.com\\\/es\\\/maison-cinier\\\/arte-de-johanne\\\/#primaryimage\",\"url\":\"https:\\\/\\\/www.cinier.com\\\/app\\\/uploads\\\/2023\\\/06\\\/oeuvres-dart-sur-toile.jpg\",\"contentUrl\":\"https:\\\/\\\/www.cinier.com\\\/app\\\/uploads\\\/2023\\\/06\\\/oeuvres-dart-sur-toile.jpg\",\"width\":1655,\"height\":2283},{\"@type\":\"BreadcrumbList\",\"@id\":\"https:\\\/\\\/www.cinier.com\\\/es\\\/maison-cinier\\\/arte-de-johanne\\\/#breadcrumb\",\"itemListElement\":[{\"@type\":\"ListItem\",\"position\":1,\"name\":\"Accueil\",\"item\":\"https:\\\/\\\/www.cinier.com\\\/es\\\/\"},{\"@type\":\"ListItem\",\"position\":2,\"name\":\"Casa Cinier\",\"item\":\"https:\\\/\\\/www.cinier.com\\\/es\\\/maison-cinier\\\/\"},{\"@type\":\"ListItem\",\"position\":3,\"name\":\"Arte de Johanne\"}]},{\"@type\":\"WebSite\",\"@id\":\"https:\\\/\\\/www.cinier.com\\\/es\\\/#website\",\"url\":\"https:\\\/\\\/www.cinier.com\\\/es\\\/\",\"name\":\"Cinier\",\"description\":\"Radiateurs et Luminaires Contemporains\",\"publisher\":{\"@id\":\"https:\\\/\\\/www.cinier.com\\\/es\\\/#organization\"},\"potentialAction\":[{\"@type\":\"SearchAction\",\"target\":{\"@type\":\"EntryPoint\",\"urlTemplate\":\"https:\\\/\\\/www.cinier.com\\\/es\\\/?s={search_term_string}\"},\"query-input\":{\"@type\":\"PropertyValueSpecification\",\"valueRequired\":true,\"valueName\":\"search_term_string\"}}],\"inLanguage\":\"es-ES\"},{\"@type\":\"Organization\",\"@id\":\"https:\\\/\\\/www.cinier.com\\\/es\\\/#organization\",\"name\":\"Cinier\",\"url\":\"https:\\\/\\\/www.cinier.com\\\/es\\\/\",\"logo\":{\"@type\":\"ImageObject\",\"inLanguage\":\"es-ES\",\"@id\":\"https:\\\/\\\/www.cinier.com\\\/es\\\/#\\\/schema\\\/logo\\\/image\\\/\",\"url\":\"https:\\\/\\\/www.cinier.com\\\/app\\\/uploads\\\/2019\\\/08\\\/logo.png\",\"contentUrl\":\"https:\\\/\\\/www.cinier.com\\\/app\\\/uploads\\\/2019\\\/08\\\/logo.png\",\"width\":258,\"height\":122,\"caption\":\"Cinier\"},\"image\":{\"@id\":\"https:\\\/\\\/www.cinier.com\\\/es\\\/#\\\/schema\\\/logo\\\/image\\\/\"},\"sameAs\":[\"https:\\\/\\\/www.facebook.com\\\/cinierdesign\\\/?ref=bookmarks\",\"https:\\\/\\\/www.instagram.com\\\/cinier_design\\\/?hl=en\",\"https:\\\/\\\/www.linkedin.com\\\/company\\\/cinier-paris\\\/?viewAsMember=true\",\"https:\\\/\\\/www.pinterest.fr\\\/CINIERFrance\\\/\",\"https:\\\/\\\/www.youtube.com\\\/watch?v=EBncqm0X6-4\"]}]}<\/script>\n<!-- \/ Yoast SEO plugin. -->","yoast_head_json":{"title":"Arte de Johanne | Cinier","description":"Me gusta la idea de que cada obra sea ins\u00f3lita, de que nos traslade a un mundo imaginario y curioso, como un cuadro de \"curiosidades\", en el que se puede","robots":{"index":"index","follow":"follow","max-snippet":"max-snippet:-1","max-image-preview":"max-image-preview:large","max-video-preview":"max-video-preview:-1"},"canonical":"https:\/\/www.cinier.com\/es\/maison-cinier\/arte-de-johanne\/","og_locale":"es_ES","og_type":"article","og_title":"Arte de Johanne | Cinier","og_description":"Me gusta la idea de que cada obra sea ins\u00f3lita, de que nos traslade a un mundo imaginario y curioso, como un cuadro de \"curiosidades\", en el que se puede","og_url":"https:\/\/www.cinier.com\/es\/maison-cinier\/arte-de-johanne\/","og_site_name":"Cinier","article_publisher":"https:\/\/www.facebook.com\/cinierdesign\/?ref=bookmarks","article_modified_time":"2024-03-22T15:22:30+00:00","og_image":[{"width":1655,"height":2283,"url":"https:\/\/www.cinier.com\/app\/uploads\/2023\/06\/oeuvres-dart-sur-toile.jpg","type":"image\/jpeg"}],"twitter_card":"summary_large_image","twitter_misc":{"Est. reading time":"2 minutes"},"schema":{"@context":"https:\/\/schema.org","@graph":[{"@type":"WebPage","@id":"https:\/\/www.cinier.com\/es\/maison-cinier\/arte-de-johanne\/","url":"https:\/\/www.cinier.com\/es\/maison-cinier\/arte-de-johanne\/","name":"Arte de Johanne | Cinier","isPartOf":{"@id":"https:\/\/www.cinier.com\/es\/#website"},"primaryImageOfPage":{"@id":"https:\/\/www.cinier.com\/es\/maison-cinier\/arte-de-johanne\/#primaryimage"},"image":{"@id":"https:\/\/www.cinier.com\/es\/maison-cinier\/arte-de-johanne\/#primaryimage"},"thumbnailUrl":"https:\/\/www.cinier.com\/app\/uploads\/2023\/06\/oeuvres-dart-sur-toile.jpg","datePublished":"2024-03-22T15:22:29+00:00","dateModified":"2024-03-22T15:22:30+00:00","description":"Me gusta la idea de que cada obra sea ins\u00f3lita, de que nos traslade a un mundo imaginario y curioso, como un cuadro de \"curiosidades\", en el que se puede","breadcrumb":{"@id":"https:\/\/www.cinier.com\/es\/maison-cinier\/arte-de-johanne\/#breadcrumb"},"inLanguage":"es-ES","potentialAction":[{"@type":"ReadAction","target":["https:\/\/www.cinier.com\/es\/maison-cinier\/arte-de-johanne\/"]}]},{"@type":"ImageObject","inLanguage":"es-ES","@id":"https:\/\/www.cinier.com\/es\/maison-cinier\/arte-de-johanne\/#primaryimage","url":"https:\/\/www.cinier.com\/app\/uploads\/2023\/06\/oeuvres-dart-sur-toile.jpg","contentUrl":"https:\/\/www.cinier.com\/app\/uploads\/2023\/06\/oeuvres-dart-sur-toile.jpg","width":1655,"height":2283},{"@type":"BreadcrumbList","@id":"https:\/\/www.cinier.com\/es\/maison-cinier\/arte-de-johanne\/#breadcrumb","itemListElement":[{"@type":"ListItem","position":1,"name":"Accueil","item":"https:\/\/www.cinier.com\/es\/"},{"@type":"ListItem","position":2,"name":"Casa Cinier","item":"https:\/\/www.cinier.com\/es\/maison-cinier\/"},{"@type":"ListItem","position":3,"name":"Arte de Johanne"}]},{"@type":"WebSite","@id":"https:\/\/www.cinier.com\/es\/#website","url":"https:\/\/www.cinier.com\/es\/","name":"Cinier","description":"Radiateurs et Luminaires Contemporains","publisher":{"@id":"https:\/\/www.cinier.com\/es\/#organization"},"potentialAction":[{"@type":"SearchAction","target":{"@type":"EntryPoint","urlTemplate":"https:\/\/www.cinier.com\/es\/?s={search_term_string}"},"query-input":{"@type":"PropertyValueSpecification","valueRequired":true,"valueName":"search_term_string"}}],"inLanguage":"es-ES"},{"@type":"Organization","@id":"https:\/\/www.cinier.com\/es\/#organization","name":"Cinier","url":"https:\/\/www.cinier.com\/es\/","logo":{"@type":"ImageObject","inLanguage":"es-ES","@id":"https:\/\/www.cinier.com\/es\/#\/schema\/logo\/image\/","url":"https:\/\/www.cinier.com\/app\/uploads\/2019\/08\/logo.png","contentUrl":"https:\/\/www.cinier.com\/app\/uploads\/2019\/08\/logo.png","width":258,"height":122,"caption":"Cinier"},"image":{"@id":"https:\/\/www.cinier.com\/es\/#\/schema\/logo\/image\/"},"sameAs":["https:\/\/www.facebook.com\/cinierdesign\/?ref=bookmarks","https:\/\/www.instagram.com\/cinier_design\/?hl=en","https:\/\/www.linkedin.com\/company\/cinier-paris\/?viewAsMember=true","https:\/\/www.pinterest.fr\/CINIERFrance\/","https:\/\/www.youtube.com\/watch?v=EBncqm0X6-4"]}]}},"_links":{"self":[{"href":"https:\/\/www.cinier.com\/es\/wp-json\/wp\/v2\/pages\/29772","targetHints":{"allow":["GET"]}}],"collection":[{"href":"https:\/\/www.cinier.com\/es\/wp-json\/wp\/v2\/pages"}],"about":[{"href":"https:\/\/www.cinier.com\/es\/wp-json\/wp\/v2\/types\/page"}],"author":[{"embeddable":true,"href":"https:\/\/www.cinier.com\/es\/wp-json\/wp\/v2\/users\/10"}],"replies":[{"embeddable":true,"href":"https:\/\/www.cinier.com\/es\/wp-json\/wp\/v2\/comments?post=29772"}],"version-history":[{"count":1,"href":"https:\/\/www.cinier.com\/es\/wp-json\/wp\/v2\/pages\/29772\/revisions"}],"predecessor-version":[{"id":29773,"href":"https:\/\/www.cinier.com\/es\/wp-json\/wp\/v2\/pages\/29772\/revisions\/29773"}],"up":[{"embeddable":true,"href":"https:\/\/www.cinier.com\/es\/wp-json\/wp\/v2\/pages\/10812"}],"wp:featuredmedia":[{"embeddable":true,"href":"https:\/\/www.cinier.com\/es\/wp-json\/wp\/v2\/media\/28762"}],"wp:attachment":[{"href":"https:\/\/www.cinier.com\/es\/wp-json\/wp\/v2\/media?parent=29772"}],"curies":[{"name":"wp","href":"https:\/\/api.w.org\/{rel}","templated":true}]}}