{"id":10833,"date":"2019-07-30T14:01:06","date_gmt":"2019-07-30T12:01:06","guid":{"rendered":"http:\/\/www.cinier.com\/revendeurs\/"},"modified":"2024-05-14T14:40:28","modified_gmt":"2024-05-14T12:40:28","slug":"revendeurs","status":"publish","type":"page","link":"https:\/\/www.cinier.com\/es\/revendeurs\/","title":{"rendered":"Distribudores"},"content":{"rendered":"<section class=\"ps-block ps-block--heading\" data-animated>\n  <div class=\"ps-block__container\">\n    <div class=\"ps-block__grid\">\n      <div class=\"ps-block__content\">\n        <div class=\"ps-block__body\">\n          <div class=\"ps-block__item\">\n            \n<h2 class=\"wp-block-heading\">Espa\u00f1a y Suramerica<\/h2>\n\n          <\/div>\n        <\/div>\n      <\/div>\n    <\/div>\n  <\/div>\n<\/section>\n\n\n<section class=\"ps-block ps-block--paragraph\" data-animated>\n  <div class=\"ps-block__container\">\n    <div class=\"ps-block__grid\">\n      <div class=\"ps-block__content\">\n        <div class=\"ps-block__body\">\n          <div class=\"ps-block__item\">\n            \n<p>Contactar con export@cinier.com<\/p>\n\n          <\/div>\n        <\/div>\n      <\/div>\n    <\/div>\n  <\/div>\n<\/section>\n\n\n<section class=\"ps-block ps-block--heading\" data-animated>\n  <div class=\"ps-block__container\">\n    <div class=\"ps-block__grid\">\n      <div class=\"ps-block__content\">\n        <div class=\"ps-block__body\">\n          <div class=\"ps-block__item\">\n            \n<h2 class=\"wp-block-heading\">Europa<\/h2>\n\n          <\/div>\n        <\/div>\n      <\/div>\n    <\/div>\n  <\/div>\n<\/section>\n\n\n<section class=\"ps-block ps-block--paragraph\" data-animated>\n  <div class=\"ps-block__container\">\n    <div class=\"ps-block__grid\">\n      <div class=\"ps-block__content\">\n        <div class=\"ps-block__body\">\n          <div class=\"ps-block__item\">\n            \n<p>Los radiadores CINIER se distribuyen en los siguientes pa\u00edses de Europa:<\/p>\n\n          <\/div>\n        <\/div>\n      <\/div>\n    <\/div>\n  <\/div>\n<\/section>\n\n\n<section class=\"ps-block ps-block--list\">\n  <div class=\"ps-block__container\">\n    <div class=\"ps-block__grid\">\n      <div class=\"ps-block__content\">\n        <ul>\n                      \n<li>Austria<\/li>\n\n                      \n<li>B\u00e9lgica<\/li>\n\n                      \n<li>Bulgaria<\/li>\n\n                      \n<li>Finlandia<\/li>\n\n                      \n<li>Alemania<\/li>\n\n                      \n<li>Grecia<\/li>\n\n                      \n<li>Holanda<\/li>\n\n                      \n<li>Italia<\/li>\n\n                      \n<li>Irlanda<\/li>\n\n                      \n<li>Letonia \/ Lituania \/ Estonia<\/li>\n\n                      \n<li>Luxemburgo<\/li>\n\n                      \n<li>Polonia<\/li>\n\n                      \n<li>Ruman\u00eda<\/li>\n\n                      \n<li>Eslovenia<\/li>\n\n                      \n<li>Suiza<\/li>\n\n                      \n<li>Noruega<\/li>\n\n                  <\/ul>\n      <\/div>\n    <\/div>\n  <\/div>\n<\/section>\n\n\n<section class=\"ps-block ps-block--paragraph\" data-animated>\n  <div class=\"ps-block__container\">\n    <div class=\"ps-block__grid\">\n      <div class=\"ps-block__content\">\n        <div class=\"ps-block__body\">\n          <div class=\"ps-block__item\">\n            \n<p>Para cualquier informaci\u00f3n sobre los distribuidores o agentes CINIER en los pa\u00edses arriba mencionados o para los dem\u00e1s pa\u00edses europeos, s\u00edrvase contactar nuestro departamento de exportaciones:<\/p>\n\n          <\/div>\n        <\/div>\n      <\/div>\n    <\/div>\n  <\/div>\n<\/section>\n\n\n<section class=\"ps-block ps-block--paragraph\" data-animated>\n  <div class=\"ps-block__container\">\n    <div class=\"ps-block__grid\">\n      <div class=\"ps-block__content\">\n        <div class=\"ps-block__body\">\n          <div class=\"ps-block__item\">\n            \n<p>Atelier CINIER. Service Export.<br>Parc Aquatechnique, 2 rue de Londres,34200 SETE, France.<br>Tel : +33 4 67 18 19 53. Fax: +33 4 67 74 91 28. Email :&nbsp;<a href=\"mailto:info@cinier.com\">info@cinier.com<\/a><br><\/p>\n\n          <\/div>\n        <\/div>\n      <\/div>\n    <\/div>\n  <\/div>\n<\/section>\n\n\n<section class=\"ps-block ps-block--heading\" data-animated>\n  <div class=\"ps-block__container\">\n    <div class=\"ps-block__grid\">\n      <div class=\"ps-block__content\">\n        <div class=\"ps-block__body\">\n          <div class=\"ps-block__item\">\n            \n<h2 class=\"wp-block-heading\">Am\u00e9rica<\/h2>\n\n          <\/div>\n        <\/div>\n      <\/div>\n    <\/div>\n  <\/div>\n<\/section>\n\n\n<section class=\"ps-block ps-block--paragraph\" data-animated>\n  <div class=\"ps-block__container\">\n    <div class=\"ps-block__grid\">\n      <div class=\"ps-block__content\">\n        <div class=\"ps-block__body\">\n          <div class=\"ps-block__item\">\n            \n<p>Los radiadores CINIER se distribuyen en los siguientes pa\u00edses y regiones:<\/p>\n\n          <\/div>\n        <\/div>\n      <\/div>\n    <\/div>\n  <\/div>\n<\/section>\n\n\n<section class=\"ps-block ps-block--list\">\n  <div class=\"ps-block__container\">\n    <div class=\"ps-block__grid\">\n      <div class=\"ps-block__content\">\n        <ul>\n                      \n<li>Canad\u00e1<\/li>\n\n                      \n<li>Estados Unidos<\/li>\n\n                      \n<li>Latin America<\/li>\n\n                  <\/ul>\n      <\/div>\n    <\/div>\n  <\/div>\n<\/section>\n\n\n<section class=\"ps-block ps-block--paragraph\" data-animated>\n  <div class=\"ps-block__container\">\n    <div class=\"ps-block__grid\">\n      <div class=\"ps-block__content\">\n        <div class=\"ps-block__body\">\n          <div class=\"ps-block__item\">\n            \n<p>Para m\u00e1s informaci\u00f3n sobre salas de exposici\u00f3n y distribuidores, no dude en ponerse en contacto con nosotros por correo electr\u00f3nico: export@cinier.com<\/p>\n\n          <\/div>\n        <\/div>\n      <\/div>\n    <\/div>\n  <\/div>\n<\/section>\n\n\n<section class=\"ps-block ps-block--heading\" data-animated>\n  <div class=\"ps-block__container\">\n    <div class=\"ps-block__grid\">\n      <div class=\"ps-block__content\">\n        <div class=\"ps-block__body\">\n          <div class=\"ps-block__item\">\n            \n<h2 class=\"wp-block-heading\">Internacional<\/h2>\n\n          <\/div>\n        <\/div>\n      <\/div>\n    <\/div>\n  <\/div>\n<\/section>\n\n\n<section class=\"ps-block ps-block--paragraph\" data-animated>\n  <div class=\"ps-block__container\">\n    <div class=\"ps-block__grid\">\n      <div class=\"ps-block__content\">\n        <div class=\"ps-block__body\">\n          <div class=\"ps-block__item\">\n            \n<p>\u2013 Rusia<br>\u2013 Armenia<br>\u2013 Kazajst\u00e1n<br>\u2013 Azerbaidjan<br>\u2013 Ucrania<br>\u2013 L\u00edbano<br>\u2013 Ir\u00e1n<br>\u2013 Hong-Kong<br>\u2013 Jap\u00f3n<br>\u2013 Israel<br>\u2013 Australia<br>\u2013 San Mart\u00edn\/Saint Barthelemy<\/p>\n\n          <\/div>\n        <\/div>\n      <\/div>\n    <\/div>\n  <\/div>\n<\/section>\n\n\n<section class=\"ps-block ps-block--paragraph\" data-animated>\n  <div class=\"ps-block__container\">\n    <div class=\"ps-block__grid\">\n      <div class=\"ps-block__content\">\n        <div class=\"ps-block__body\">\n          <div class=\"ps-block__item\">\n            \n<p>Para cualquier informaci\u00f3n sobre los distribuidores o agentes CINIER en los pa\u00edses arriba mencionados o para los dem\u00e1s pa\u00edses europeos, s\u00edrvase contactar nuestro departamento de exportaciones:<\/p>\n\n          <\/div>\n        <\/div>\n      <\/div>\n    <\/div>\n  <\/div>\n<\/section>\n\n\n<section class=\"ps-block ps-block--paragraph\" data-animated>\n  <div class=\"ps-block__container\">\n    <div class=\"ps-block__grid\">\n      <div class=\"ps-block__content\">\n        <div class=\"ps-block__body\">\n          <div class=\"ps-block__item\">\n            \n<p>Atelier Cinier \u2013 Export dept. : Parc Aquatechnique, 1 rue de Londres, 34200 SETE, France.<br>Tel: +33 4 67 18 19 53, Fax: +33 4 67 74 91 28, email :&nbsp;<a href=\"mailto:info@cinier.com\">info@cinier.com<\/a><br><\/p>\n\n          <\/div>\n        <\/div>\n      <\/div>\n    <\/div>\n  <\/div>\n<\/section>\n","protected":false},"excerpt":{"rendered":"<p>Espa\u00f1a y Suramerica Contactar con export@cinier.com Europa Los radiadores CINIER se distribuyen en los siguientes pa\u00edses de Europa: Para cualquier informaci\u00f3n sobre los distribuidores o agentes CINIER en los pa\u00edses arriba mencionados o para los dem\u00e1s pa\u00edses europeos, s\u00edrvase contactar nuestro departamento de exportaciones: Atelier CINIER. Service Export.Parc Aquatechnique, 2 rue de Londres,34200 SETE, France.Tel [&hellip;]<\/p>\n","protected":false},"author":1,"featured_media":17083,"parent":0,"menu_order":0,"comment_status":"closed","ping_status":"closed","template":"","meta":{"_acf_changed":false,"inline_featured_image":false,"footnotes":""},"class_list":["post-10833","page","type-page","status-publish","has-post-thumbnail","hentry"],"acf":[],"yoast_head":"<!-- This site is optimized with the Yoast SEO plugin v27.5 - https:\/\/yoast.com\/product\/yoast-seo-wordpress\/ -->\n<title>Distribudores | Cinier<\/title>\n<meta name=\"description\" content=\"Espa\u00f1a y Suramerica Contactar con export@cinier.com Europa Los radiadores CINIER se distribuyen en los siguientes pa\u00edses de Europa: Austria B\u00e9lgica\" \/>\n<meta name=\"robots\" content=\"index, follow, max-snippet:-1, max-image-preview:large, max-video-preview:-1\" \/>\n<link rel=\"canonical\" href=\"https:\/\/www.cinier.com\/es\/revendeurs\/\" \/>\n<meta property=\"og:locale\" content=\"es_ES\" \/>\n<meta property=\"og:type\" content=\"article\" \/>\n<meta property=\"og:title\" content=\"Distribudores | Cinier\" \/>\n<meta property=\"og:description\" content=\"Espa\u00f1a y Suramerica Contactar con export@cinier.com Europa Los radiadores CINIER se distribuyen en los siguientes pa\u00edses de Europa: Austria B\u00e9lgica\" \/>\n<meta property=\"og:url\" content=\"https:\/\/www.cinier.com\/es\/revendeurs\/\" \/>\n<meta property=\"og:site_name\" content=\"Cinier\" \/>\n<meta property=\"article:publisher\" content=\"https:\/\/www.facebook.com\/cinierdesign\/?ref=bookmarks\" \/>\n<meta property=\"article:modified_time\" content=\"2024-05-14T12:40:28+00:00\" \/>\n<meta property=\"og:image\" content=\"https:\/\/www.cinier.com\/app\/uploads\/2020\/02\/CINIER-Paris-showroom-10-1024x683.jpg\" \/>\n\t<meta property=\"og:image:width\" content=\"1024\" \/>\n\t<meta property=\"og:image:height\" content=\"683\" \/>\n\t<meta property=\"og:image:type\" content=\"image\/jpeg\" \/>\n<meta name=\"twitter:card\" content=\"summary_large_image\" \/>\n<meta name=\"twitter:label1\" content=\"Est. reading time\" \/>\n\t<meta name=\"twitter:data1\" content=\"2 minutes\" \/>\n<script type=\"application\/ld+json\" class=\"yoast-schema-graph\">{\"@context\":\"https:\\\/\\\/schema.org\",\"@graph\":[{\"@type\":\"WebPage\",\"@id\":\"https:\\\/\\\/www.cinier.com\\\/es\\\/revendeurs\\\/\",\"url\":\"https:\\\/\\\/www.cinier.com\\\/es\\\/revendeurs\\\/\",\"name\":\"Distribudores | Cinier\",\"isPartOf\":{\"@id\":\"https:\\\/\\\/www.cinier.com\\\/es\\\/#website\"},\"primaryImageOfPage\":{\"@id\":\"https:\\\/\\\/www.cinier.com\\\/es\\\/revendeurs\\\/#primaryimage\"},\"image\":{\"@id\":\"https:\\\/\\\/www.cinier.com\\\/es\\\/revendeurs\\\/#primaryimage\"},\"thumbnailUrl\":\"https:\\\/\\\/www.cinier.com\\\/app\\\/uploads\\\/2020\\\/02\\\/CINIER-Paris-showroom-10.jpg\",\"datePublished\":\"2019-07-30T12:01:06+00:00\",\"dateModified\":\"2024-05-14T12:40:28+00:00\",\"description\":\"Espa\u00f1a y Suramerica Contactar con export@cinier.com Europa Los radiadores CINIER se distribuyen en los siguientes pa\u00edses de Europa: Austria B\u00e9lgica\",\"breadcrumb\":{\"@id\":\"https:\\\/\\\/www.cinier.com\\\/es\\\/revendeurs\\\/#breadcrumb\"},\"inLanguage\":\"es-ES\",\"potentialAction\":[{\"@type\":\"ReadAction\",\"target\":[\"https:\\\/\\\/www.cinier.com\\\/es\\\/revendeurs\\\/\"]}]},{\"@type\":\"ImageObject\",\"inLanguage\":\"es-ES\",\"@id\":\"https:\\\/\\\/www.cinier.com\\\/es\\\/revendeurs\\\/#primaryimage\",\"url\":\"https:\\\/\\\/www.cinier.com\\\/app\\\/uploads\\\/2020\\\/02\\\/CINIER-Paris-showroom-10.jpg\",\"contentUrl\":\"https:\\\/\\\/www.cinier.com\\\/app\\\/uploads\\\/2020\\\/02\\\/CINIER-Paris-showroom-10.jpg\",\"width\":3840,\"height\":2560,\"caption\":\"Distribudores 7\"},{\"@type\":\"BreadcrumbList\",\"@id\":\"https:\\\/\\\/www.cinier.com\\\/es\\\/revendeurs\\\/#breadcrumb\",\"itemListElement\":[{\"@type\":\"ListItem\",\"position\":1,\"name\":\"Accueil\",\"item\":\"https:\\\/\\\/www.cinier.com\\\/es\\\/\"},{\"@type\":\"ListItem\",\"position\":2,\"name\":\"Distribudores\"}]},{\"@type\":\"WebSite\",\"@id\":\"https:\\\/\\\/www.cinier.com\\\/es\\\/#website\",\"url\":\"https:\\\/\\\/www.cinier.com\\\/es\\\/\",\"name\":\"Cinier\",\"description\":\"Radiateurs et Luminaires Contemporains\",\"publisher\":{\"@id\":\"https:\\\/\\\/www.cinier.com\\\/es\\\/#organization\"},\"potentialAction\":[{\"@type\":\"SearchAction\",\"target\":{\"@type\":\"EntryPoint\",\"urlTemplate\":\"https:\\\/\\\/www.cinier.com\\\/es\\\/?s={search_term_string}\"},\"query-input\":{\"@type\":\"PropertyValueSpecification\",\"valueRequired\":true,\"valueName\":\"search_term_string\"}}],\"inLanguage\":\"es-ES\"},{\"@type\":\"Organization\",\"@id\":\"https:\\\/\\\/www.cinier.com\\\/es\\\/#organization\",\"name\":\"Cinier\",\"url\":\"https:\\\/\\\/www.cinier.com\\\/es\\\/\",\"logo\":{\"@type\":\"ImageObject\",\"inLanguage\":\"es-ES\",\"@id\":\"https:\\\/\\\/www.cinier.com\\\/es\\\/#\\\/schema\\\/logo\\\/image\\\/\",\"url\":\"https:\\\/\\\/www.cinier.com\\\/app\\\/uploads\\\/2019\\\/08\\\/logo.png\",\"contentUrl\":\"https:\\\/\\\/www.cinier.com\\\/app\\\/uploads\\\/2019\\\/08\\\/logo.png\",\"width\":258,\"height\":122,\"caption\":\"Cinier\"},\"image\":{\"@id\":\"https:\\\/\\\/www.cinier.com\\\/es\\\/#\\\/schema\\\/logo\\\/image\\\/\"},\"sameAs\":[\"https:\\\/\\\/www.facebook.com\\\/cinierdesign\\\/?ref=bookmarks\",\"https:\\\/\\\/www.instagram.com\\\/cinier_design\\\/?hl=en\",\"https:\\\/\\\/www.linkedin.com\\\/company\\\/cinier-paris\\\/?viewAsMember=true\",\"https:\\\/\\\/www.pinterest.fr\\\/CINIERFrance\\\/\",\"https:\\\/\\\/www.youtube.com\\\/watch?v=EBncqm0X6-4\"]}]}<\/script>\n<!-- \/ Yoast SEO plugin. -->","yoast_head_json":{"title":"Distribudores | Cinier","description":"Espa\u00f1a y Suramerica Contactar con export@cinier.com Europa Los radiadores CINIER se distribuyen en los siguientes pa\u00edses de Europa: Austria B\u00e9lgica","robots":{"index":"index","follow":"follow","max-snippet":"max-snippet:-1","max-image-preview":"max-image-preview:large","max-video-preview":"max-video-preview:-1"},"canonical":"https:\/\/www.cinier.com\/es\/revendeurs\/","og_locale":"es_ES","og_type":"article","og_title":"Distribudores | Cinier","og_description":"Espa\u00f1a y Suramerica Contactar con export@cinier.com Europa Los radiadores CINIER se distribuyen en los siguientes pa\u00edses de Europa: Austria B\u00e9lgica","og_url":"https:\/\/www.cinier.com\/es\/revendeurs\/","og_site_name":"Cinier","article_publisher":"https:\/\/www.facebook.com\/cinierdesign\/?ref=bookmarks","article_modified_time":"2024-05-14T12:40:28+00:00","og_image":[{"width":1024,"height":683,"url":"https:\/\/www.cinier.com\/app\/uploads\/2020\/02\/CINIER-Paris-showroom-10-1024x683.jpg","type":"image\/jpeg"}],"twitter_card":"summary_large_image","twitter_misc":{"Est. reading time":"2 minutes"},"schema":{"@context":"https:\/\/schema.org","@graph":[{"@type":"WebPage","@id":"https:\/\/www.cinier.com\/es\/revendeurs\/","url":"https:\/\/www.cinier.com\/es\/revendeurs\/","name":"Distribudores | Cinier","isPartOf":{"@id":"https:\/\/www.cinier.com\/es\/#website"},"primaryImageOfPage":{"@id":"https:\/\/www.cinier.com\/es\/revendeurs\/#primaryimage"},"image":{"@id":"https:\/\/www.cinier.com\/es\/revendeurs\/#primaryimage"},"thumbnailUrl":"https:\/\/www.cinier.com\/app\/uploads\/2020\/02\/CINIER-Paris-showroom-10.jpg","datePublished":"2019-07-30T12:01:06+00:00","dateModified":"2024-05-14T12:40:28+00:00","description":"Espa\u00f1a y Suramerica Contactar con export@cinier.com Europa Los radiadores CINIER se distribuyen en los siguientes pa\u00edses de Europa: Austria B\u00e9lgica","breadcrumb":{"@id":"https:\/\/www.cinier.com\/es\/revendeurs\/#breadcrumb"},"inLanguage":"es-ES","potentialAction":[{"@type":"ReadAction","target":["https:\/\/www.cinier.com\/es\/revendeurs\/"]}]},{"@type":"ImageObject","inLanguage":"es-ES","@id":"https:\/\/www.cinier.com\/es\/revendeurs\/#primaryimage","url":"https:\/\/www.cinier.com\/app\/uploads\/2020\/02\/CINIER-Paris-showroom-10.jpg","contentUrl":"https:\/\/www.cinier.com\/app\/uploads\/2020\/02\/CINIER-Paris-showroom-10.jpg","width":3840,"height":2560,"caption":"Distribudores 7"},{"@type":"BreadcrumbList","@id":"https:\/\/www.cinier.com\/es\/revendeurs\/#breadcrumb","itemListElement":[{"@type":"ListItem","position":1,"name":"Accueil","item":"https:\/\/www.cinier.com\/es\/"},{"@type":"ListItem","position":2,"name":"Distribudores"}]},{"@type":"WebSite","@id":"https:\/\/www.cinier.com\/es\/#website","url":"https:\/\/www.cinier.com\/es\/","name":"Cinier","description":"Radiateurs et Luminaires Contemporains","publisher":{"@id":"https:\/\/www.cinier.com\/es\/#organization"},"potentialAction":[{"@type":"SearchAction","target":{"@type":"EntryPoint","urlTemplate":"https:\/\/www.cinier.com\/es\/?s={search_term_string}"},"query-input":{"@type":"PropertyValueSpecification","valueRequired":true,"valueName":"search_term_string"}}],"inLanguage":"es-ES"},{"@type":"Organization","@id":"https:\/\/www.cinier.com\/es\/#organization","name":"Cinier","url":"https:\/\/www.cinier.com\/es\/","logo":{"@type":"ImageObject","inLanguage":"es-ES","@id":"https:\/\/www.cinier.com\/es\/#\/schema\/logo\/image\/","url":"https:\/\/www.cinier.com\/app\/uploads\/2019\/08\/logo.png","contentUrl":"https:\/\/www.cinier.com\/app\/uploads\/2019\/08\/logo.png","width":258,"height":122,"caption":"Cinier"},"image":{"@id":"https:\/\/www.cinier.com\/es\/#\/schema\/logo\/image\/"},"sameAs":["https:\/\/www.facebook.com\/cinierdesign\/?ref=bookmarks","https:\/\/www.instagram.com\/cinier_design\/?hl=en","https:\/\/www.linkedin.com\/company\/cinier-paris\/?viewAsMember=true","https:\/\/www.pinterest.fr\/CINIERFrance\/","https:\/\/www.youtube.com\/watch?v=EBncqm0X6-4"]}]}},"_links":{"self":[{"href":"https:\/\/www.cinier.com\/es\/wp-json\/wp\/v2\/pages\/10833","targetHints":{"allow":["GET"]}}],"collection":[{"href":"https:\/\/www.cinier.com\/es\/wp-json\/wp\/v2\/pages"}],"about":[{"href":"https:\/\/www.cinier.com\/es\/wp-json\/wp\/v2\/types\/page"}],"author":[{"embeddable":true,"href":"https:\/\/www.cinier.com\/es\/wp-json\/wp\/v2\/users\/1"}],"replies":[{"embeddable":true,"href":"https:\/\/www.cinier.com\/es\/wp-json\/wp\/v2\/comments?post=10833"}],"version-history":[{"count":6,"href":"https:\/\/www.cinier.com\/es\/wp-json\/wp\/v2\/pages\/10833\/revisions"}],"predecessor-version":[{"id":32857,"href":"https:\/\/www.cinier.com\/es\/wp-json\/wp\/v2\/pages\/10833\/revisions\/32857"}],"wp:featuredmedia":[{"embeddable":true,"href":"https:\/\/www.cinier.com\/es\/wp-json\/wp\/v2\/media\/17083"}],"wp:attachment":[{"href":"https:\/\/www.cinier.com\/es\/wp-json\/wp\/v2\/media?parent=10833"}],"curies":[{"name":"wp","href":"https:\/\/api.w.org\/{rel}","templated":true}]}}