{"id":10782,"date":"2019-07-31T12:20:49","date_gmt":"2019-07-31T10:20:49","guid":{"rendered":"http:\/\/www.cinier.com\/technologies\/"},"modified":"2020-02-06T10:18:38","modified_gmt":"2020-02-06T09:18:38","slug":"technologies","status":"publish","type":"page","link":"https:\/\/www.cinier.com\/es\/maison-cinier\/technologies\/","title":{"rendered":"Tecnolog\u00edas"},"content":{"rendered":"<section class=\"ps-block ps-block--textimage image-left\" data-animated>\n  <div class=\"ps-block__container\">\n    <div class=\"ps-block__grid\">\n\n      <div class=\"ps-block__img\">\n                  <img class=\"lozad\" data-src=\"https:\/\/www.cinier.com\/app\/uploads\/2019\/08\/xnjx083n-671x640.jpg\" data-srcset=\"https:\/\/www.cinier.com\/app\/uploads\/2019\/08\/xnjx083n-671x640.jpg 690w\" alt=\"Greenor\u00ae 1\">\n              <\/div>\n\n      <div class=\"ps-block__body \">\n                <h3 class=\"title\">Greenor<\/h3>\n                        <p class=\"text\">\n          Greenor es un radiador de alta gama ideal para optimizar las instalaciones de baja temperatura (Bomba de calor, caldera de condensaci\u00f3n\u2026) o para calentar grandes espacios.\n        <\/p>\n                        <div class=\"buttons\">\n                                    <a href=\"https:\/\/www.cinier.com\/es\/greenor\/\" class=\"button main\" target=\"_blank\">Lee mas<\/a>\n                              <\/div>\n              <\/div>\n\n    <\/div>\n  <\/div>\n<\/section>\n\n\n<section class=\"ps-block ps-block--textimage image-right\" data-animated>\n  <div class=\"ps-block__container\">\n    <div class=\"ps-block__grid\">\n\n      <div class=\"ps-block__img\">\n                  <img class=\"lozad\" data-src=\"https:\/\/www.cinier.com\/app\/uploads\/2019\/08\/wtihmffh-690x640.jpg\" data-srcset=\"https:\/\/www.cinier.com\/app\/uploads\/2019\/08\/wtihmffh-690x640.jpg 690w\" alt=\"\">\n              <\/div>\n\n      <div class=\"ps-block__body \">\n                <h3 class=\"title\">Olycale\u00aeRadiatores &#038; Toalleros<\/h3>\n                        <p class=\"text\">\n          Despu\u00e9s de 7 a\u00f1os de investigaci\u00f3n y desarrollo, los talleres CINIER desarrollaron la piedra OLYCALE\u00ae: una piedra natural, triturada y luego reestructurada espec\u00edficamente con el fin de emitir un calor muy potente.\n        <\/p>\n                        <div class=\"buttons\">\n                                    <a href=\"https:\/\/www.cinier.com\/es\/olycale\/\" class=\"button main\" target=\"_blank\">Lee mas<\/a>\n                              <\/div>\n              <\/div>\n\n    <\/div>\n  <\/div>\n<\/section>\n\n\n<section class=\"ps-block ps-block--textimage image-left\" data-animated>\n  <div class=\"ps-block__container\">\n    <div class=\"ps-block__grid\">\n\n      <div class=\"ps-block__img\">\n                  <img class=\"lozad\" data-src=\"https:\/\/www.cinier.com\/app\/uploads\/2019\/09\/BELLE-EPOQUE-MAGELLAN-M-Inward-connection-690x640.jpg\" data-srcset=\"https:\/\/www.cinier.com\/app\/uploads\/2019\/09\/BELLE-EPOQUE-MAGELLAN-M-Inward-connection-690x640.jpg 690w\" alt=\"\">\n              <\/div>\n\n      <div class=\"ps-block__body \">\n                <h3 class=\"title\">Belle Epoque<\/h3>\n                        <p class=\"text\">\n          New collection of cast-iron radiators inspired from the turn of the 20th century.\r\nObjects of classic design, the Belle Epoque helps provide a stylish finish to any room and create a timeless opulent comfort from the past.\n        <\/p>\n                        <div class=\"buttons\">\n                                    <a href=\"https:\/\/www.cinier.com\/es\/belle-epoque\/\" class=\"button main\" target=\"_blank\">Lee mas<\/a>\n                              <\/div>\n              <\/div>\n\n    <\/div>\n  <\/div>\n<\/section>\n\n\n<section class=\"ps-block ps-block--textimage image-right\" data-animated>\n  <div class=\"ps-block__container\">\n    <div class=\"ps-block__grid\">\n\n      <div class=\"ps-block__img\">\n                  <img class=\"lozad\" data-src=\"https:\/\/www.cinier.com\/app\/uploads\/2020\/01\/Cascade-12-CINIER-LT-LED-suspension-3-690x640.jpg\" data-srcset=\"https:\/\/www.cinier.com\/app\/uploads\/2020\/01\/Cascade-12-CINIER-LT-LED-suspension-3-690x640.jpg 690w\" alt=\"Cascade Mir\u00e9 \u2013 12\">\n              <\/div>\n\n      <div class=\"ps-block__body \">\n                <h3 class=\"title\">LED LT<\/h3>\n                        <p class=\"text\">\n          The choice of lighting fixtures is one of the details that you should plan during the home decorating phase. CINIER LT combines high quality LEDs with the creation of unique luminaires. Choosing the CINIER LT LEDs means choosing to reduce the energy consumed for your home and your planet.\n        <\/p>\n                        <div class=\"buttons\">\n                                    <a href=\"https:\/\/www.cinier.com\/es\/led-lt\/\" class=\"button main\" target=\"_blank\">Lee mas<\/a>\n                              <\/div>\n              <\/div>\n\n    <\/div>\n  <\/div>\n<\/section>\n","protected":false},"excerpt":{"rendered":"<p>Presentamos la tecnolog\u00eda de los productos CINIER. Aqu\u00ed puede encontrar respuestas a preguntas frecuentes (FAQ).<\/p>\n","protected":false},"author":1,"featured_media":5149,"parent":10812,"menu_order":3,"comment_status":"closed","ping_status":"closed","template":"","meta":{"_acf_changed":false,"inline_featured_image":false,"footnotes":""},"class_list":["post-10782","page","type-page","status-publish","has-post-thumbnail","hentry"],"acf":[],"yoast_head":"<!-- This site is optimized with the Yoast SEO plugin v27.2 - https:\/\/yoast.com\/product\/yoast-seo-wordpress\/ -->\n<title>Tecnolog\u00edas | Cinier<\/title>\n<meta name=\"description\" content=\"Presentamos la tecnolog\u00eda de los productos CINIER. Aqu\u00ed puede encontrar respuestas a preguntas frecuentes (FAQ).\" \/>\n<meta name=\"robots\" content=\"index, follow, max-snippet:-1, max-image-preview:large, max-video-preview:-1\" \/>\n<link rel=\"canonical\" href=\"https:\/\/www.cinier.com\/es\/maison-cinier\/technologies\/\" \/>\n<meta property=\"og:locale\" content=\"es_ES\" \/>\n<meta property=\"og:type\" content=\"article\" \/>\n<meta property=\"og:title\" content=\"Tecnolog\u00edas | Cinier\" \/>\n<meta property=\"og:description\" content=\"Presentamos la tecnolog\u00eda de los productos CINIER. Aqu\u00ed puede encontrar respuestas a preguntas frecuentes (FAQ).\" \/>\n<meta property=\"og:url\" content=\"https:\/\/www.cinier.com\/es\/maison-cinier\/technologies\/\" \/>\n<meta property=\"og:site_name\" content=\"Cinier\" \/>\n<meta property=\"article:publisher\" content=\"https:\/\/www.facebook.com\/cinierdesign\/?ref=bookmarks\" \/>\n<meta property=\"article:modified_time\" content=\"2020-02-06T09:18:38+00:00\" \/>\n<meta property=\"og:image\" content=\"https:\/\/www.cinier.com\/app\/uploads\/2019\/08\/CINIER-LT-Black-Frame-1024x683.jpg\" \/>\n\t<meta property=\"og:image:width\" content=\"1024\" \/>\n\t<meta property=\"og:image:height\" content=\"683\" \/>\n\t<meta property=\"og:image:type\" content=\"image\/jpeg\" \/>\n<meta name=\"twitter:card\" content=\"summary_large_image\" \/>\n<script type=\"application\/ld+json\" class=\"yoast-schema-graph\">{\"@context\":\"https:\/\/schema.org\",\"@graph\":[{\"@type\":\"WebPage\",\"@id\":\"https:\/\/www.cinier.com\/es\/maison-cinier\/technologies\/\",\"url\":\"https:\/\/www.cinier.com\/es\/maison-cinier\/technologies\/\",\"name\":\"Tecnolog\u00edas | Cinier\",\"isPartOf\":{\"@id\":\"https:\/\/www.cinier.com\/es\/#website\"},\"primaryImageOfPage\":{\"@id\":\"https:\/\/www.cinier.com\/es\/maison-cinier\/technologies\/#primaryimage\"},\"image\":{\"@id\":\"https:\/\/www.cinier.com\/es\/maison-cinier\/technologies\/#primaryimage\"},\"thumbnailUrl\":\"https:\/\/www.cinier.com\/app\/uploads\/2019\/08\/CINIER-LT-Black-Frame.jpg\",\"datePublished\":\"2019-07-31T10:20:49+00:00\",\"dateModified\":\"2020-02-06T09:18:38+00:00\",\"description\":\"Presentamos la tecnolog\u00eda de los productos CINIER. Aqu\u00ed puede encontrar respuestas a preguntas frecuentes (FAQ).\",\"breadcrumb\":{\"@id\":\"https:\/\/www.cinier.com\/es\/maison-cinier\/technologies\/#breadcrumb\"},\"inLanguage\":\"es-ES\",\"potentialAction\":[{\"@type\":\"ReadAction\",\"target\":[\"https:\/\/www.cinier.com\/es\/maison-cinier\/technologies\/\"]}]},{\"@type\":\"ImageObject\",\"inLanguage\":\"es-ES\",\"@id\":\"https:\/\/www.cinier.com\/es\/maison-cinier\/technologies\/#primaryimage\",\"url\":\"https:\/\/www.cinier.com\/app\/uploads\/2019\/08\/CINIER-LT-Black-Frame.jpg\",\"contentUrl\":\"https:\/\/www.cinier.com\/app\/uploads\/2019\/08\/CINIER-LT-Black-Frame.jpg\",\"width\":5616,\"height\":3744,\"caption\":\"Technologies 2\"},{\"@type\":\"BreadcrumbList\",\"@id\":\"https:\/\/www.cinier.com\/es\/maison-cinier\/technologies\/#breadcrumb\",\"itemListElement\":[{\"@type\":\"ListItem\",\"position\":1,\"name\":\"Accueil\",\"item\":\"https:\/\/www.cinier.com\/es\/\"},{\"@type\":\"ListItem\",\"position\":2,\"name\":\"Casa Cinier\",\"item\":\"https:\/\/www.cinier.com\/es\/maison-cinier\/\"},{\"@type\":\"ListItem\",\"position\":3,\"name\":\"Tecnolog\u00edas\"}]},{\"@type\":\"WebSite\",\"@id\":\"https:\/\/www.cinier.com\/es\/#website\",\"url\":\"https:\/\/www.cinier.com\/es\/\",\"name\":\"Cinier\",\"description\":\"Radiateurs et Luminaires Contemporains\",\"publisher\":{\"@id\":\"https:\/\/www.cinier.com\/es\/#organization\"},\"potentialAction\":[{\"@type\":\"SearchAction\",\"target\":{\"@type\":\"EntryPoint\",\"urlTemplate\":\"https:\/\/www.cinier.com\/es\/?s={search_term_string}\"},\"query-input\":{\"@type\":\"PropertyValueSpecification\",\"valueRequired\":true,\"valueName\":\"search_term_string\"}}],\"inLanguage\":\"es-ES\"},{\"@type\":\"Organization\",\"@id\":\"https:\/\/www.cinier.com\/es\/#organization\",\"name\":\"Cinier\",\"url\":\"https:\/\/www.cinier.com\/es\/\",\"logo\":{\"@type\":\"ImageObject\",\"inLanguage\":\"es-ES\",\"@id\":\"https:\/\/www.cinier.com\/es\/#\/schema\/logo\/image\/\",\"url\":\"https:\/\/www.cinier.com\/app\/uploads\/2019\/08\/logo.png\",\"contentUrl\":\"https:\/\/www.cinier.com\/app\/uploads\/2019\/08\/logo.png\",\"width\":258,\"height\":122,\"caption\":\"Cinier\"},\"image\":{\"@id\":\"https:\/\/www.cinier.com\/es\/#\/schema\/logo\/image\/\"},\"sameAs\":[\"https:\/\/www.facebook.com\/cinierdesign\/?ref=bookmarks\",\"https:\/\/www.instagram.com\/cinier_design\/?hl=en\",\"https:\/\/www.linkedin.com\/company\/cinier-paris\/?viewAsMember=true\",\"https:\/\/www.pinterest.fr\/CINIERFrance\/\",\"https:\/\/www.youtube.com\/watch?v=EBncqm0X6-4\"]}]}<\/script>\n<!-- \/ Yoast SEO plugin. -->","yoast_head_json":{"title":"Tecnolog\u00edas | Cinier","description":"Presentamos la tecnolog\u00eda de los productos CINIER. Aqu\u00ed puede encontrar respuestas a preguntas frecuentes (FAQ).","robots":{"index":"index","follow":"follow","max-snippet":"max-snippet:-1","max-image-preview":"max-image-preview:large","max-video-preview":"max-video-preview:-1"},"canonical":"https:\/\/www.cinier.com\/es\/maison-cinier\/technologies\/","og_locale":"es_ES","og_type":"article","og_title":"Tecnolog\u00edas | Cinier","og_description":"Presentamos la tecnolog\u00eda de los productos CINIER. Aqu\u00ed puede encontrar respuestas a preguntas frecuentes (FAQ).","og_url":"https:\/\/www.cinier.com\/es\/maison-cinier\/technologies\/","og_site_name":"Cinier","article_publisher":"https:\/\/www.facebook.com\/cinierdesign\/?ref=bookmarks","article_modified_time":"2020-02-06T09:18:38+00:00","og_image":[{"width":1024,"height":683,"url":"https:\/\/www.cinier.com\/app\/uploads\/2019\/08\/CINIER-LT-Black-Frame-1024x683.jpg","type":"image\/jpeg"}],"twitter_card":"summary_large_image","schema":{"@context":"https:\/\/schema.org","@graph":[{"@type":"WebPage","@id":"https:\/\/www.cinier.com\/es\/maison-cinier\/technologies\/","url":"https:\/\/www.cinier.com\/es\/maison-cinier\/technologies\/","name":"Tecnolog\u00edas | Cinier","isPartOf":{"@id":"https:\/\/www.cinier.com\/es\/#website"},"primaryImageOfPage":{"@id":"https:\/\/www.cinier.com\/es\/maison-cinier\/technologies\/#primaryimage"},"image":{"@id":"https:\/\/www.cinier.com\/es\/maison-cinier\/technologies\/#primaryimage"},"thumbnailUrl":"https:\/\/www.cinier.com\/app\/uploads\/2019\/08\/CINIER-LT-Black-Frame.jpg","datePublished":"2019-07-31T10:20:49+00:00","dateModified":"2020-02-06T09:18:38+00:00","description":"Presentamos la tecnolog\u00eda de los productos CINIER. Aqu\u00ed puede encontrar respuestas a preguntas frecuentes (FAQ).","breadcrumb":{"@id":"https:\/\/www.cinier.com\/es\/maison-cinier\/technologies\/#breadcrumb"},"inLanguage":"es-ES","potentialAction":[{"@type":"ReadAction","target":["https:\/\/www.cinier.com\/es\/maison-cinier\/technologies\/"]}]},{"@type":"ImageObject","inLanguage":"es-ES","@id":"https:\/\/www.cinier.com\/es\/maison-cinier\/technologies\/#primaryimage","url":"https:\/\/www.cinier.com\/app\/uploads\/2019\/08\/CINIER-LT-Black-Frame.jpg","contentUrl":"https:\/\/www.cinier.com\/app\/uploads\/2019\/08\/CINIER-LT-Black-Frame.jpg","width":5616,"height":3744,"caption":"Technologies 2"},{"@type":"BreadcrumbList","@id":"https:\/\/www.cinier.com\/es\/maison-cinier\/technologies\/#breadcrumb","itemListElement":[{"@type":"ListItem","position":1,"name":"Accueil","item":"https:\/\/www.cinier.com\/es\/"},{"@type":"ListItem","position":2,"name":"Casa Cinier","item":"https:\/\/www.cinier.com\/es\/maison-cinier\/"},{"@type":"ListItem","position":3,"name":"Tecnolog\u00edas"}]},{"@type":"WebSite","@id":"https:\/\/www.cinier.com\/es\/#website","url":"https:\/\/www.cinier.com\/es\/","name":"Cinier","description":"Radiateurs et Luminaires Contemporains","publisher":{"@id":"https:\/\/www.cinier.com\/es\/#organization"},"potentialAction":[{"@type":"SearchAction","target":{"@type":"EntryPoint","urlTemplate":"https:\/\/www.cinier.com\/es\/?s={search_term_string}"},"query-input":{"@type":"PropertyValueSpecification","valueRequired":true,"valueName":"search_term_string"}}],"inLanguage":"es-ES"},{"@type":"Organization","@id":"https:\/\/www.cinier.com\/es\/#organization","name":"Cinier","url":"https:\/\/www.cinier.com\/es\/","logo":{"@type":"ImageObject","inLanguage":"es-ES","@id":"https:\/\/www.cinier.com\/es\/#\/schema\/logo\/image\/","url":"https:\/\/www.cinier.com\/app\/uploads\/2019\/08\/logo.png","contentUrl":"https:\/\/www.cinier.com\/app\/uploads\/2019\/08\/logo.png","width":258,"height":122,"caption":"Cinier"},"image":{"@id":"https:\/\/www.cinier.com\/es\/#\/schema\/logo\/image\/"},"sameAs":["https:\/\/www.facebook.com\/cinierdesign\/?ref=bookmarks","https:\/\/www.instagram.com\/cinier_design\/?hl=en","https:\/\/www.linkedin.com\/company\/cinier-paris\/?viewAsMember=true","https:\/\/www.pinterest.fr\/CINIERFrance\/","https:\/\/www.youtube.com\/watch?v=EBncqm0X6-4"]}]}},"_links":{"self":[{"href":"https:\/\/www.cinier.com\/es\/wp-json\/wp\/v2\/pages\/10782","targetHints":{"allow":["GET"]}}],"collection":[{"href":"https:\/\/www.cinier.com\/es\/wp-json\/wp\/v2\/pages"}],"about":[{"href":"https:\/\/www.cinier.com\/es\/wp-json\/wp\/v2\/types\/page"}],"author":[{"embeddable":true,"href":"https:\/\/www.cinier.com\/es\/wp-json\/wp\/v2\/users\/1"}],"replies":[{"embeddable":true,"href":"https:\/\/www.cinier.com\/es\/wp-json\/wp\/v2\/comments?post=10782"}],"version-history":[{"count":12,"href":"https:\/\/www.cinier.com\/es\/wp-json\/wp\/v2\/pages\/10782\/revisions"}],"predecessor-version":[{"id":16603,"href":"https:\/\/www.cinier.com\/es\/wp-json\/wp\/v2\/pages\/10782\/revisions\/16603"}],"up":[{"embeddable":true,"href":"https:\/\/www.cinier.com\/es\/wp-json\/wp\/v2\/pages\/10812"}],"wp:featuredmedia":[{"embeddable":true,"href":"https:\/\/www.cinier.com\/es\/wp-json\/wp\/v2\/media\/5149"}],"wp:attachment":[{"href":"https:\/\/www.cinier.com\/es\/wp-json\/wp\/v2\/media?parent=10782"}],"curies":[{"name":"wp","href":"https:\/\/api.w.org\/{rel}","templated":true}]}}