{"id":10762,"date":"2019-10-02T11:58:31","date_gmt":"2019-10-02T09:58:31","guid":{"rendered":"http:\/\/www.cinier.com\/olycale\/"},"modified":"2019-11-27T12:20:51","modified_gmt":"2019-11-27T11:20:51","slug":"olycale","status":"publish","type":"page","link":"https:\/\/www.cinier.com\/es\/olycale\/","title":{"rendered":"Olycale\u00aeRadiatores &#038; Toalleros"},"content":{"rendered":"<section class=\"ps-block ps-block--textimage image-right\" data-animated>\n  <div class=\"ps-block__container\">\n    <div class=\"ps-block__grid\">\n\n      <div class=\"ps-block__img\">\n                  <img class=\"lozad\" data-src=\"https:\/\/www.cinier.com\/app\/uploads\/2019\/08\/crafting-662x640.jpg\" data-srcset=\"https:\/\/www.cinier.com\/app\/uploads\/2019\/08\/crafting-662x640.jpg 690w\" alt=\"Olycal\u00ae\">\n              <\/div>\n\n      <div class=\"ps-block__body \">\n                <h3 class=\"title\">Rendimientos T\u00e9rmicos y tema ecol\u00f3gico<\/h3>\n                        <p class=\"text\">\n          Despu\u00e9s de 7 a\u00f1os de investigaci\u00f3n y desarrollo, los talleres CINIER desarrollaron la piedra OLYCALE\u00ae: una piedra natural, triturada y luego reestructurada espec\u00edficamente con el fin de emitir un calor muy potente.\n        <\/p>\n                      <\/div>\n\n    <\/div>\n  <\/div>\n<\/section>\n\n\n<section class=\"ps-block ps-block--paragraph\" data-animated>\n  <div class=\"ps-block__container\">\n    <div class=\"ps-block__grid\">\n      <div class=\"ps-block__content\">\n        <div class=\"ps-block__body\">\n          <div class=\"ps-block__item\">\n            \n<p><strong>La piedra Olycale\u00ae posee m\u00faltiples beneficios:<\/strong><\/p>\n\n          <\/div>\n        <\/div>\n      <\/div>\n    <\/div>\n  <\/div>\n<\/section>\n\n\n\n\n<section class=\"ps-block ps-block--paragraph\" data-animated>\n  <div class=\"ps-block__container\">\n    <div class=\"ps-block__grid\">\n      <div class=\"ps-block__content\">\n        <div class=\"ps-block__body\">\n          <div class=\"ps-block__item\">\n            \n<p>Verdadera alternativa al acero, hierro o aluminio, la piedra OLYCALE\u00ae, por sus propiedades de radiaci\u00f3n incomparable, es el material predilecto de la comodidad.<\/p>\n\n          <\/div>\n        <\/div>\n      <\/div>\n    <\/div>\n  <\/div>\n<\/section>\n\n\n  <section class=\"ps-block ps-block--accordion\" data-animated>\n    <div class=\"ps-block__container\">\n      <div class=\"ps-block__grid\">\n        <div class=\"ps-block__content\">\n          <div class=\"ps-block__body\">\n            <div class=\"ps-block__item\">\n              <ul class=\"accordion\" data-accordion data-multi-expand=\"true\" data-allow-all-closed=\"true\">\n                                  <li class=\"accordion-item\" data-accordion-item>\n                    <a href=\"#\" class=\"accordion-title\">\n                      Una comodidad excepcional\n                      <span class=\"accordion-toggle\"><\/span>\n                    <\/a>\n                    <div class=\"accordion-content\" data-tab-content><p>Cada radiador CINIER est\u00e1 estudiado y dise\u00f1ado para ofrecer un confort de calefacci\u00f3n excepcional. Su tecnolog\u00eda se basa en 3 cualidades esenciales:<\/p>\n<ul>\n<li>La radiaci\u00f3n de la Piedra Olycale\u00ae<\/li>\n<li>El efecto de masa\/inercia t\u00e9rmica<\/li>\n<li>La baja temperatura de emisi\u00f3n de calor mediante la regulaci\u00f3n y las grandes superficies de difusi\u00f3n<\/li>\n<\/ul>\n<p>La piedra Olycale\u00ae: piedra natural de color blanco procedente de los Pirineos, la piedra Olycale\u00ae se machaca y luego se reestructura espec\u00edficamente en los talleres Cinier para emitir un calor muy potente.<\/p>\n<p>Con una inercia cercana a la fundici\u00f3n, la piedra Olycale\u00ae, posee propiedades de radiaci\u00f3n incomparable que proporcionan un calor suave y muy homog\u00e9neo.<\/p>\n<p>Su funcionamiento es totalmente silencioso.<\/p>\n<div id=\"gtx-trans\" style=\"position: absolute; left: 258px; top: 126px;\">\n<div class=\"gtx-trans-icon\"><\/div>\n<\/div>\n<\/div>\n                  <\/li>\n                                  <li class=\"accordion-item\" data-accordion-item>\n                    <a href=\"#\" class=\"accordion-title\">\n                      Principio de calentamiento\n                      <span class=\"accordion-toggle\"><\/span>\n                    <\/a>\n                    <div class=\"accordion-content\" data-tab-content><p><strong>El efecto de masa t\u00e9rmica (tambi\u00e9n llamado inercia)<\/strong>:\u00a0La masa t\u00e9rmica de la Piedra Olycale\u00ae proporciona una funci\u00f3n de \u201cacumulaci\u00f3n\u201d y \u201csuavizado\u201d de la emisi\u00f3n de calor. Permite emitir una \u201ccalor suave \u201d envolvente e ininterrumpido, para mantener el cuarto a la temperatura correcta mientras le aporta un confort excepcional.<\/p>\n<p><strong>La temperatura baja:<\/strong><br \/>\nLa gran superficie de los radiadores y su regulaci\u00f3n precisa permite calentar a baja temperatura sin ning\u00fan movimiento importante de aire (silencio total de funcionamiento). El aire del cuarto no se seca, se vuelve m\u00e1s saludable y agradable para respirar.\u00a0Esta radiaci\u00f3n de baja temperatura evita la convecci\u00f3n (fuente de p\u00e9rdida de calor). No produce polvo y respeta el nivel de humedad necesaria para la calidad del aire y una buena salud.<\/p>\n<\/div>\n                  <\/li>\n                                  <li class=\"accordion-item\" data-accordion-item>\n                    <a href=\"#\" class=\"accordion-title\">\n                      Radiador Agua Caliente (Calefaci\u00f3n colectiva)\n                      <span class=\"accordion-toggle\"><\/span>\n                    <\/a>\n                    <div class=\"accordion-content\" data-tab-content><p><strong>Para las instalaciones de calefacci\u00f3n central con caldera y circulaci\u00f3n de agua:<\/strong><\/p>\n<p><strong>Cuerpo de calentamiento:<\/strong><\/p>\n<p>En la versi\u00f3n calefacci\u00f3n central, el cuerpo de calentadores radiadores CINIER est\u00e1 constituido por tubos de cobre macizo, revestido de un procedimiento espec\u00edfico anti-corrosi\u00f3n y anti-dilataci\u00f3n para un silencio y una fiabilidad perfecta.<\/p>\n<p>Probado con 25 bares (para una presi\u00f3n de servicio posible entre 1 y 10 bares), este cuerpo de calentadores de cobre (50 metros por radiador) est\u00e1 perfectamente equilibrado, con una solidez excepcional y asegura la circulaci\u00f3n de agua caliente de manera \u00f3ptima.<\/p>\n<p>El Cuerpo de calentamiento est\u00e1 a continuaci\u00f3n inmerso totalmente en la piedra Olycale mediante un proceso tecnol\u00f3gico exclusivo. Se calienta as\u00ed internamente toda la superficie y la masa mineral del radiador que emite un calor natural y de larga duraci\u00f3n.<\/p>\n<p><strong>Todos los radiadores hidr\u00e1ulicos CINIER est\u00e1n controlados seg\u00fan la norma EN442-2 por un laboratorio independiente reconocido. Su calidad est\u00e1 controlada y garantizada.<\/strong><\/p>\n<\/div>\n                  <\/li>\n                                  <li class=\"accordion-item\" data-accordion-item>\n                    <a href=\"#\" class=\"accordion-title\">\n                      Conexi\u00f3n hidr\u00e1ulica y potencia \n                      <span class=\"accordion-toggle\"><\/span>\n                    <\/a>\n                    <div class=\"accordion-content\" data-tab-content><p><strong>Conexi\u00f3n:<\/strong><\/p>\n<p>Prever salidas de alimentaci\u00f3n empotradas si es posible para evitar que se vean los tubos.<br \/>\nLos esquemas de conexiones y las dimensiones de la distancia entre ejes se suministran a petici\u00f3n.<br \/>\nPrever las expectativas de partida y regreso con una cepa acodada \u00bd macho.<br \/>\nLas conexiones se realizan por flexibles (suministrados con codo, empalmes y llave de giro).<\/p>\n<p><strong>Un grifo termost\u00e1tico Oventrop as\u00ed como un t\u00e9 de ajuste tambi\u00e9n se suministran para cada aparato.<\/strong><\/p>\n<p><strong>Especificidad e innovaci\u00f3n CINIER:<\/strong><\/p>\n<p><strong>El grifo, as\u00ed como las conexiones est\u00e1n escondidos detr\u00e1s del aparato para conservar \u00edntegramente la est\u00e9tica de cada creaci\u00f3n Cinier.<\/strong><\/p>\n<p><strong>Potencias:<\/strong><\/p>\n<p>Las Potencias se calculan\u00a0<strong>seg\u00fan la norma europea EN 442-2 en delta T 50<\/strong>\u00a0(temperatura media del agua de calefacci\u00f3n de 70\u00b0C para los 20\u00b0C en ambiente). Se controlan por un laboratorio independiente reconocido.<\/p>\n<p>Tambi\u00e9n le podemos indicar las potencias para un delta T 60 (temperatura media del agua de calefacci\u00f3n de 80\u00b0 a 20\u00b0 en ambiente) o delta T30 (temperatura media del agua de calefacci\u00f3n de 50\u00b0 a 20\u00b0 en ambiente). Para los dem\u00e1s delta T, le rogamos nos pidan el cat\u00e1logo de potencias CINIER.<\/p>\n<\/div>\n                  <\/li>\n                                  <li class=\"accordion-item\" data-accordion-item>\n                    <a href=\"#\" class=\"accordion-title\">\n                      Radiadores el\u00e9ctricos\n                      <span class=\"accordion-toggle\"><\/span>\n                    <\/a>\n                    <div class=\"accordion-content\" data-tab-content><p><strong>Cuerpo de calentamiento:<\/strong><\/p>\n<p>El Cuerpo de calentamiento est\u00e1 constituido por un cable calefactor espec\u00edfico doble aislamiento e inalterable en el tiempo. El cable CINIER est\u00e1 distribuido de forma homog\u00e9nea en toda la superficie del cuerpo de combustible. Este \u00faltimo est\u00e1 equipado con un limitador t\u00e9rmico de seguridad doble aislamiento de capilar de 2 metros que descarta cualquier riesgo de sobrecalentamiento y de clase II.<\/p>\n<p>El Cuerpo de calentamiento est\u00e1 a continuaci\u00f3n inmerso totalmente en la piedra Olycale mediante un proceso tecnol\u00f3gico exclusivo. Se calienta as\u00ed internamente toda la superficie y la masa mineral del radiador que emite un calor natural y de larga duraci\u00f3n.<\/p>\n<p><strong>Todos los radiadores el\u00e9ctricos CINIER se benefician de la clase II y de la norma francesa NF electricidad. Su calidad y seguridad est\u00e1n controladas y garantizadas.<\/strong><\/p>\n<p><strong>Conexi\u00f3n:<\/strong><\/p>\n<p>Un simple enchufe el\u00e9ctrico es suficiente. Cada aparato viene con un hilo piloto para estar controlado con los dem\u00e1s radiadores de la casa y personalizar as\u00ed a\u00fan m\u00e1s su comodidad.<\/p>\n<\/div>\n                  <\/li>\n                                  <li class=\"accordion-item\" data-accordion-item>\n                    <a href=\"#\" class=\"accordion-title\">\n                      Regulaci\u00f3n &#038; Termostato el\u00e9ctrico\n                      <span class=\"accordion-toggle\"><\/span>\n                    <\/a>\n                    <div class=\"accordion-content\" data-tab-content><p><strong>2 opciones posibles de termostatos eficientes<\/strong>\u00a0equipan los radiadores el\u00e9ctricos CINIER:<\/p>\n<ul>\n<li>La primera es un termostato integrado en el radiador: la regulaci\u00f3n electr\u00f3nica integral proporcional RTS. Su principio es sencillo: la regulaci\u00f3n RTS adapta permanentemente y proporcionalmente la potencia de su radiador a las necesidades t\u00e9rmicas del momento.<\/li>\n<\/ul>\n<p>Junto con el efecto de inercia t\u00e9rmica de la Piedra Olycale (que acumula y \u201cventila\u201d la emisi\u00f3n de calor), la regulaci\u00f3n RTS permite realizar importantes ahorros de energ\u00eda.<\/p>\n<p>La regulaci\u00f3n RTS CINIER tambi\u00e9n se suministra de serie con un mando a distancia central infrarrojo de programaci\u00f3n para gestionar autom\u00e1ticamente en los 7 d\u00edas de la semana y las 24 horas del d\u00eda su comodidad al grado.<\/p>\n<p>Adaptando as\u00ed la potencia de su calentadores a las necesidades reales y reduciendo la temperatura ambiente de varios grados durante la noche o sus ausencias, la regulaci\u00f3n RTS le ofrece verdaderas econom\u00edas de energ\u00eda, de 20 a 30%.<\/p>\n<p>Cada radiador con termostato RTS est\u00e1 provisto de un hilo piloto para estar controlado, si lo desea, con los dem\u00e1s radiadores y as\u00ed personalizar a\u00fan m\u00e1s su comodidad.<\/p>\n<p>La segunda posibilidad es un termostato deportado alta calidad. Muy pr\u00e1ctico y f\u00e1cil de usar, puede fijarse a la pared o colocarse sobre un mueble. Funciona con la tecnolog\u00eda de Radio y puede controlar varios radiadores a la vez. Este termostato es ideal para los secadores de toallas CINIER.<\/p>\n<p><strong>Todos los radiadores Cinier en versi\u00f3n el\u00e9ctrica cuentan con la norma CE y NF.<\/strong><\/p>\n<p>Su calidad est\u00e1 controlada y garantizada.<\/p>\n<\/div>\n                  <\/li>\n                              <\/ul>\n            <\/div>\n          <\/div>\n        <\/div>\n      <\/div>\n    <\/div>\n  <\/section>\n","protected":false},"excerpt":{"rendered":"<p>La piedra Olycale\u00ae posee m\u00faltiples beneficios: Verdadera alternativa al acero, hierro o aluminio, la piedra OLYCALE\u00ae, por sus propiedades de radiaci\u00f3n incomparable, es el material predilecto de la comodidad.<\/p>\n","protected":false},"author":1,"featured_media":4138,"parent":0,"menu_order":0,"comment_status":"closed","ping_status":"closed","template":"","meta":{"_acf_changed":false,"inline_featured_image":false,"footnotes":""},"class_list":["post-10762","page","type-page","status-publish","has-post-thumbnail","hentry"],"acf":[],"yoast_head":"<!-- This site is optimized with the Yoast SEO plugin v27.5 - https:\/\/yoast.com\/product\/yoast-seo-wordpress\/ -->\n<title>Olycale\u00aeRadiatores &amp; Toalleros | Cinier<\/title>\n<meta name=\"description\" content=\"La piedra Olycale\u00ae posee m\u00faltiples beneficios: T\u00e9rmica:&nbsp;rendimiento de acumulaci\u00f3n y de restituci\u00f3n del calor (calidad de la pareja radiaci\u00f3n\/inercia\" \/>\n<meta name=\"robots\" content=\"index, follow, max-snippet:-1, max-image-preview:large, max-video-preview:-1\" \/>\n<link rel=\"canonical\" href=\"https:\/\/www.cinier.com\/es\/olycale\/\" \/>\n<meta property=\"og:locale\" content=\"es_ES\" \/>\n<meta property=\"og:type\" content=\"article\" \/>\n<meta property=\"og:title\" content=\"Olycale\u00aeRadiatores &amp; Toalleros | Cinier\" \/>\n<meta property=\"og:description\" content=\"La piedra Olycale\u00ae posee m\u00faltiples beneficios: T\u00e9rmica:&nbsp;rendimiento de acumulaci\u00f3n y de restituci\u00f3n del calor (calidad de la pareja radiaci\u00f3n\/inercia\" \/>\n<meta property=\"og:url\" content=\"https:\/\/www.cinier.com\/es\/olycale\/\" \/>\n<meta property=\"og:site_name\" content=\"Cinier\" \/>\n<meta property=\"article:publisher\" content=\"https:\/\/www.facebook.com\/cinierdesign\/?ref=bookmarks\" \/>\n<meta property=\"article:modified_time\" content=\"2019-11-27T11:20:51+00:00\" \/>\n<meta property=\"og:image\" content=\"https:\/\/www.cinier.com\/app\/uploads\/2019\/08\/crafting.jpg\" \/>\n\t<meta property=\"og:image:width\" content=\"662\" \/>\n\t<meta property=\"og:image:height\" content=\"662\" \/>\n\t<meta property=\"og:image:type\" content=\"image\/jpeg\" \/>\n<meta name=\"twitter:card\" content=\"summary_large_image\" \/>\n<meta name=\"twitter:label1\" content=\"Est. reading time\" \/>\n\t<meta name=\"twitter:data1\" content=\"1 minute\" \/>\n<script type=\"application\/ld+json\" class=\"yoast-schema-graph\">{\"@context\":\"https:\\\/\\\/schema.org\",\"@graph\":[{\"@type\":\"WebPage\",\"@id\":\"https:\\\/\\\/www.cinier.com\\\/es\\\/olycale\\\/\",\"url\":\"https:\\\/\\\/www.cinier.com\\\/es\\\/olycale\\\/\",\"name\":\"Olycale\u00aeRadiatores & Toalleros | Cinier\",\"isPartOf\":{\"@id\":\"https:\\\/\\\/www.cinier.com\\\/es\\\/#website\"},\"primaryImageOfPage\":{\"@id\":\"https:\\\/\\\/www.cinier.com\\\/es\\\/olycale\\\/#primaryimage\"},\"image\":{\"@id\":\"https:\\\/\\\/www.cinier.com\\\/es\\\/olycale\\\/#primaryimage\"},\"thumbnailUrl\":\"https:\\\/\\\/www.cinier.com\\\/app\\\/uploads\\\/2019\\\/08\\\/crafting.jpg\",\"datePublished\":\"2019-10-02T09:58:31+00:00\",\"dateModified\":\"2019-11-27T11:20:51+00:00\",\"description\":\"La piedra Olycale\u00ae posee m\u00faltiples beneficios: T\u00e9rmica:&nbsp;rendimiento de acumulaci\u00f3n y de restituci\u00f3n del calor (calidad de la pareja radiaci\u00f3n\\\/inercia\",\"breadcrumb\":{\"@id\":\"https:\\\/\\\/www.cinier.com\\\/es\\\/olycale\\\/#breadcrumb\"},\"inLanguage\":\"es-ES\",\"potentialAction\":[{\"@type\":\"ReadAction\",\"target\":[\"https:\\\/\\\/www.cinier.com\\\/es\\\/olycale\\\/\"]}]},{\"@type\":\"ImageObject\",\"inLanguage\":\"es-ES\",\"@id\":\"https:\\\/\\\/www.cinier.com\\\/es\\\/olycale\\\/#primaryimage\",\"url\":\"https:\\\/\\\/www.cinier.com\\\/app\\\/uploads\\\/2019\\\/08\\\/crafting.jpg\",\"contentUrl\":\"https:\\\/\\\/www.cinier.com\\\/app\\\/uploads\\\/2019\\\/08\\\/crafting.jpg\",\"width\":662,\"height\":662,\"caption\":\"Olycal\u00ae\"},{\"@type\":\"BreadcrumbList\",\"@id\":\"https:\\\/\\\/www.cinier.com\\\/es\\\/olycale\\\/#breadcrumb\",\"itemListElement\":[{\"@type\":\"ListItem\",\"position\":1,\"name\":\"Accueil\",\"item\":\"https:\\\/\\\/www.cinier.com\\\/es\\\/\"},{\"@type\":\"ListItem\",\"position\":2,\"name\":\"Olycale\u00aeRadiatores &#038; Toalleros\"}]},{\"@type\":\"WebSite\",\"@id\":\"https:\\\/\\\/www.cinier.com\\\/es\\\/#website\",\"url\":\"https:\\\/\\\/www.cinier.com\\\/es\\\/\",\"name\":\"Cinier\",\"description\":\"Radiateurs et Luminaires Contemporains\",\"publisher\":{\"@id\":\"https:\\\/\\\/www.cinier.com\\\/es\\\/#organization\"},\"potentialAction\":[{\"@type\":\"SearchAction\",\"target\":{\"@type\":\"EntryPoint\",\"urlTemplate\":\"https:\\\/\\\/www.cinier.com\\\/es\\\/?s={search_term_string}\"},\"query-input\":{\"@type\":\"PropertyValueSpecification\",\"valueRequired\":true,\"valueName\":\"search_term_string\"}}],\"inLanguage\":\"es-ES\"},{\"@type\":\"Organization\",\"@id\":\"https:\\\/\\\/www.cinier.com\\\/es\\\/#organization\",\"name\":\"Cinier\",\"url\":\"https:\\\/\\\/www.cinier.com\\\/es\\\/\",\"logo\":{\"@type\":\"ImageObject\",\"inLanguage\":\"es-ES\",\"@id\":\"https:\\\/\\\/www.cinier.com\\\/es\\\/#\\\/schema\\\/logo\\\/image\\\/\",\"url\":\"https:\\\/\\\/www.cinier.com\\\/app\\\/uploads\\\/2019\\\/08\\\/logo.png\",\"contentUrl\":\"https:\\\/\\\/www.cinier.com\\\/app\\\/uploads\\\/2019\\\/08\\\/logo.png\",\"width\":258,\"height\":122,\"caption\":\"Cinier\"},\"image\":{\"@id\":\"https:\\\/\\\/www.cinier.com\\\/es\\\/#\\\/schema\\\/logo\\\/image\\\/\"},\"sameAs\":[\"https:\\\/\\\/www.facebook.com\\\/cinierdesign\\\/?ref=bookmarks\",\"https:\\\/\\\/www.instagram.com\\\/cinier_design\\\/?hl=en\",\"https:\\\/\\\/www.linkedin.com\\\/company\\\/cinier-paris\\\/?viewAsMember=true\",\"https:\\\/\\\/www.pinterest.fr\\\/CINIERFrance\\\/\",\"https:\\\/\\\/www.youtube.com\\\/watch?v=EBncqm0X6-4\"]}]}<\/script>\n<!-- \/ Yoast SEO plugin. -->","yoast_head_json":{"title":"Olycale\u00aeRadiatores & Toalleros | Cinier","description":"La piedra Olycale\u00ae posee m\u00faltiples beneficios: T\u00e9rmica:&nbsp;rendimiento de acumulaci\u00f3n y de restituci\u00f3n del calor (calidad de la pareja radiaci\u00f3n\/inercia","robots":{"index":"index","follow":"follow","max-snippet":"max-snippet:-1","max-image-preview":"max-image-preview:large","max-video-preview":"max-video-preview:-1"},"canonical":"https:\/\/www.cinier.com\/es\/olycale\/","og_locale":"es_ES","og_type":"article","og_title":"Olycale\u00aeRadiatores & Toalleros | Cinier","og_description":"La piedra Olycale\u00ae posee m\u00faltiples beneficios: T\u00e9rmica:&nbsp;rendimiento de acumulaci\u00f3n y de restituci\u00f3n del calor (calidad de la pareja radiaci\u00f3n\/inercia","og_url":"https:\/\/www.cinier.com\/es\/olycale\/","og_site_name":"Cinier","article_publisher":"https:\/\/www.facebook.com\/cinierdesign\/?ref=bookmarks","article_modified_time":"2019-11-27T11:20:51+00:00","og_image":[{"width":662,"height":662,"url":"https:\/\/www.cinier.com\/app\/uploads\/2019\/08\/crafting.jpg","type":"image\/jpeg"}],"twitter_card":"summary_large_image","twitter_misc":{"Est. reading time":"1 minute"},"schema":{"@context":"https:\/\/schema.org","@graph":[{"@type":"WebPage","@id":"https:\/\/www.cinier.com\/es\/olycale\/","url":"https:\/\/www.cinier.com\/es\/olycale\/","name":"Olycale\u00aeRadiatores & Toalleros | Cinier","isPartOf":{"@id":"https:\/\/www.cinier.com\/es\/#website"},"primaryImageOfPage":{"@id":"https:\/\/www.cinier.com\/es\/olycale\/#primaryimage"},"image":{"@id":"https:\/\/www.cinier.com\/es\/olycale\/#primaryimage"},"thumbnailUrl":"https:\/\/www.cinier.com\/app\/uploads\/2019\/08\/crafting.jpg","datePublished":"2019-10-02T09:58:31+00:00","dateModified":"2019-11-27T11:20:51+00:00","description":"La piedra Olycale\u00ae posee m\u00faltiples beneficios: T\u00e9rmica:&nbsp;rendimiento de acumulaci\u00f3n y de restituci\u00f3n del calor (calidad de la pareja radiaci\u00f3n\/inercia","breadcrumb":{"@id":"https:\/\/www.cinier.com\/es\/olycale\/#breadcrumb"},"inLanguage":"es-ES","potentialAction":[{"@type":"ReadAction","target":["https:\/\/www.cinier.com\/es\/olycale\/"]}]},{"@type":"ImageObject","inLanguage":"es-ES","@id":"https:\/\/www.cinier.com\/es\/olycale\/#primaryimage","url":"https:\/\/www.cinier.com\/app\/uploads\/2019\/08\/crafting.jpg","contentUrl":"https:\/\/www.cinier.com\/app\/uploads\/2019\/08\/crafting.jpg","width":662,"height":662,"caption":"Olycal\u00ae"},{"@type":"BreadcrumbList","@id":"https:\/\/www.cinier.com\/es\/olycale\/#breadcrumb","itemListElement":[{"@type":"ListItem","position":1,"name":"Accueil","item":"https:\/\/www.cinier.com\/es\/"},{"@type":"ListItem","position":2,"name":"Olycale\u00aeRadiatores &#038; Toalleros"}]},{"@type":"WebSite","@id":"https:\/\/www.cinier.com\/es\/#website","url":"https:\/\/www.cinier.com\/es\/","name":"Cinier","description":"Radiateurs et Luminaires Contemporains","publisher":{"@id":"https:\/\/www.cinier.com\/es\/#organization"},"potentialAction":[{"@type":"SearchAction","target":{"@type":"EntryPoint","urlTemplate":"https:\/\/www.cinier.com\/es\/?s={search_term_string}"},"query-input":{"@type":"PropertyValueSpecification","valueRequired":true,"valueName":"search_term_string"}}],"inLanguage":"es-ES"},{"@type":"Organization","@id":"https:\/\/www.cinier.com\/es\/#organization","name":"Cinier","url":"https:\/\/www.cinier.com\/es\/","logo":{"@type":"ImageObject","inLanguage":"es-ES","@id":"https:\/\/www.cinier.com\/es\/#\/schema\/logo\/image\/","url":"https:\/\/www.cinier.com\/app\/uploads\/2019\/08\/logo.png","contentUrl":"https:\/\/www.cinier.com\/app\/uploads\/2019\/08\/logo.png","width":258,"height":122,"caption":"Cinier"},"image":{"@id":"https:\/\/www.cinier.com\/es\/#\/schema\/logo\/image\/"},"sameAs":["https:\/\/www.facebook.com\/cinierdesign\/?ref=bookmarks","https:\/\/www.instagram.com\/cinier_design\/?hl=en","https:\/\/www.linkedin.com\/company\/cinier-paris\/?viewAsMember=true","https:\/\/www.pinterest.fr\/CINIERFrance\/","https:\/\/www.youtube.com\/watch?v=EBncqm0X6-4"]}]}},"_links":{"self":[{"href":"https:\/\/www.cinier.com\/es\/wp-json\/wp\/v2\/pages\/10762","targetHints":{"allow":["GET"]}}],"collection":[{"href":"https:\/\/www.cinier.com\/es\/wp-json\/wp\/v2\/pages"}],"about":[{"href":"https:\/\/www.cinier.com\/es\/wp-json\/wp\/v2\/types\/page"}],"author":[{"embeddable":true,"href":"https:\/\/www.cinier.com\/es\/wp-json\/wp\/v2\/users\/1"}],"replies":[{"embeddable":true,"href":"https:\/\/www.cinier.com\/es\/wp-json\/wp\/v2\/comments?post=10762"}],"version-history":[{"count":5,"href":"https:\/\/www.cinier.com\/es\/wp-json\/wp\/v2\/pages\/10762\/revisions"}],"predecessor-version":[{"id":14059,"href":"https:\/\/www.cinier.com\/es\/wp-json\/wp\/v2\/pages\/10762\/revisions\/14059"}],"wp:featuredmedia":[{"embeddable":true,"href":"https:\/\/www.cinier.com\/es\/wp-json\/wp\/v2\/media\/4138"}],"wp:attachment":[{"href":"https:\/\/www.cinier.com\/es\/wp-json\/wp\/v2\/media?parent=10762"}],"curies":[{"name":"wp","href":"https:\/\/api.w.org\/{rel}","templated":true}]}}