{"id":10661,"date":"2019-10-01T16:36:51","date_gmt":"2019-10-01T14:36:51","guid":{"rendered":"http:\/\/www.cinier.com\/greenor\/"},"modified":"2020-01-17T12:10:09","modified_gmt":"2020-01-17T11:10:09","slug":"greenor","status":"publish","type":"page","link":"https:\/\/www.cinier.com\/es\/greenor\/","title":{"rendered":"Greenor\u00ae"},"content":{"rendered":"<section class=\"ps-block ps-block--textimage image-right\" data-animated>\n  <div class=\"ps-block__container\">\n    <div class=\"ps-block__grid\">\n\n      <div class=\"ps-block__img\">\n                  <img class=\"lozad\" data-src=\"https:\/\/www.cinier.com\/app\/uploads\/2019\/08\/greenor\u00ae\u7a7a\u6c14\u8c03\u8282\u673a-690x640.jpg\" data-srcset=\"https:\/\/www.cinier.com\/app\/uploads\/2019\/08\/greenor\u00ae\u7a7a\u6c14\u8c03\u8282\u673a-690x640.jpg 690w\" alt=\"Greenor\u00ae\">\n              <\/div>\n\n      <div class=\"ps-block__body \">\n                <h3 class=\"title\">Greenor\u00ae es un radiador ventilado con una eficiencia energ\u00e9tica muy alta.<\/h3>\n                        <p class=\"text\">\n          Greenor es un radiador de alta gama ideal para optimizar las instalaciones de baja temperatura (Bomba de calor, caldera de condensaci\u00f3n\u2026) o para calentar grandes espacios.\n        <\/p>\n                      <\/div>\n\n    <\/div>\n  <\/div>\n<\/section>\n\n\n<section class=\"ps-block ps-block--paragraph\" data-animated>\n  <div class=\"ps-block__container\">\n    <div class=\"ps-block__grid\">\n      <div class=\"ps-block__content\">\n        <div class=\"ps-block__body\">\n          <div class=\"ps-block__item\">\n            \n<p>Greenor est\u00e1 disponible en 2 versiones:&nbsp;<strong>calefacci\u00f3n s\u00f3lo o en versi\u00f3n reversible (caliente\/fr\u00edo).<\/strong><\/p>\n\n          <\/div>\n        <\/div>\n      <\/div>\n    <\/div>\n  <\/div>\n<\/section>\n\n\n<section class=\"ps-block ps-block--paragraph\" data-animated>\n  <div class=\"ps-block__container\">\n    <div class=\"ps-block__grid\">\n      <div class=\"ps-block__content\">\n        <div class=\"ps-block__body\">\n          <div class=\"ps-block__item\">\n            \n<p><strong>Confort de verano<\/strong>&nbsp;(opci\u00f3n reversible \/ aire fresco) :<\/p>\n\n          <\/div>\n        <\/div>\n      <\/div>\n    <\/div>\n  <\/div>\n<\/section>\n\n\n<section class=\"ps-block ps-block--paragraph\" data-animated>\n  <div class=\"ps-block__container\">\n    <div class=\"ps-block__grid\">\n      <div class=\"ps-block__content\">\n        <div class=\"ps-block__body\">\n          <div class=\"ps-block__item\">\n            \n<p>Una difusi\u00f3n de aire fresco ecol\u00f3gico \u2013 sin fluido refrigerante \u2013 a muy baja velocidad, sin sensaci\u00f3n de corrientes de aire para un confort excepcional de refresco. Disponible en opci\u00f3n para las instalaciones con bombas de calor reversible o grupo de agua helado (chiller).<\/p>\n\n          <\/div>\n        <\/div>\n      <\/div>\n    <\/div>\n  <\/div>\n<\/section>\n\n\n<section class=\"ps-block ps-block--paragraph\" data-animated>\n  <div class=\"ps-block__container\">\n    <div class=\"ps-block__grid\">\n      <div class=\"ps-block__content\">\n        <div class=\"ps-block__body\">\n          <div class=\"ps-block__item\">\n            \n<p><strong>Confort de invierno<\/strong>&nbsp;(calefacci\u00f3n gran potencia) :<\/p>\n\n          <\/div>\n        <\/div>\n      <\/div>\n    <\/div>\n  <\/div>\n<\/section>\n\n\n<section class=\"ps-block ps-block--paragraph\" data-animated>\n  <div class=\"ps-block__container\">\n    <div class=\"ps-block__grid\">\n      <div class=\"ps-block__content\">\n        <div class=\"ps-block__body\">\n          <div class=\"ps-block__item\">\n            \n<p>Ahorro de energ\u00eda : el radiador Greenor permite ahorrar energ\u00eda, optimizando las instalaciones de calefacci\u00f3n de baja temperatura (agua de 50\u00b0C, bomba de calor que utiliza las energ\u00edas renovables, caldera de condensaci\u00f3n).<\/p>\n\n          <\/div>\n        <\/div>\n      <\/div>\n    <\/div>\n  <\/div>\n<\/section>\n\n\n  <section class=\"ps-block ps-block--youtube\" data-animated>\n    <div class=\"ps-block__container\">\n      <div class=\"ps-block__grid\">\n        <div class=\"ps-block__content\">\n          <div class=\"ps-block__body\">\n            <div class=\"ps-block__item\">\n              \n<figure class=\"wp-block-embed-youtube wp-block-embed is-type-video is-provider-youtube wp-embed-aspect-16-9 wp-has-aspect-ratio\"><div class=\"wp-block-embed__wrapper\">\n<iframe loading=\"lazy\" title=\"PRESENTATION GREENOR\" width=\"500\" height=\"281\" src=\"https:\/\/www.youtube.com\/embed\/F69STt3qv5I?feature=oembed&#038;modestbranding=1&#038;showinfo=0&#038;rel=0\" frameborder=\"0\" allow=\"accelerometer; autoplay; clipboard-write; encrypted-media; gyroscope; picture-in-picture; web-share\" referrerpolicy=\"strict-origin-when-cross-origin\" allowfullscreen><\/iframe>\n<\/div><\/figure>\n\n            <\/div>\n          <\/div>\n        <\/div>\n      <\/div>\n    <\/div>\n  <\/section>\n\n\n<section class=\"ps-block ps-block--paragraph\" data-animated>\n  <div class=\"ps-block__container\">\n    <div class=\"ps-block__grid\">\n      <div class=\"ps-block__content\">\n        <div class=\"ps-block__body\">\n          <div class=\"ps-block__item\">\n            \n<p><strong>Su dise\u00f1o \u00fanico le permite asociar el confort, la creaci\u00f3n y la eficiencia energ\u00e9tica.<\/strong><\/p>\n\n          <\/div>\n        <\/div>\n      <\/div>\n    <\/div>\n  <\/div>\n<\/section>\n\n\n<section class=\"ps-block ps-block--paragraph\" data-animated>\n  <div class=\"ps-block__container\">\n    <div class=\"ps-block__grid\">\n      <div class=\"ps-block__content\">\n        <div class=\"ps-block__body\">\n          <div class=\"ps-block__item\">\n            \n<p>Greenor est\u00e1 normalizado.<\/p>\n\n          <\/div>\n        <\/div>\n      <\/div>\n    <\/div>\n  <\/div>\n<\/section>\n\n\n\n\n  <section class=\"ps-block ps-block--accordion\" data-animated>\n    <div class=\"ps-block__container\">\n      <div class=\"ps-block__grid\">\n        <div class=\"ps-block__content\">\n          <div class=\"ps-block__body\">\n            <div class=\"ps-block__item\">\n              <ul class=\"accordion\" data-accordion data-multi-expand=\"true\" data-allow-all-closed=\"true\">\n                                  <li class=\"accordion-item\" data-accordion-item>\n                    <a href=\"#\" class=\"accordion-title\">\n                      Confort y excelencia t\u00e9cnica : \n                      <span class=\"accordion-toggle\"><\/span>\n                    <\/a>\n                    <div class=\"accordion-content\" data-tab-content><p><img decoding=\"async\" style=\"width: 25%; height: 25%; float: left; margin-left: 20%;\" src=\"\/app\/uploads\/2019\/10\/GreenorUnis_flux-chauds-ESPAGNOL.jpg\" alt=\"\" \/><br \/>\n<img decoding=\"async\" style=\"width: 22%; height: 22%; text-align: center;\" src=\"\/app\/uploads\/2019\/10\/GreenorUnis_flux-chauds-ESPAGNOL-copier.jpg\" alt=\"\" \/><\/p>\n<p>&nbsp;<\/p>\n<ul>\n<li><strong>Una difusi\u00f3n \u00fanica del calor :\u00a0<\/strong><\/li>\n<\/ul>\n<p>El calor se distribuye por una ventilaci\u00f3n suave a muy baja velocidad alrededor de un marco de 492cm de per\u00edmetro. El confort se completar\u00e1 con una<\/p>\n<p>radiaci\u00f3n suave de la Piedra Olycale.<\/p>\n<p>Esta difusi\u00f3n horizontal, muy homog\u00e9nea, reduce el efecto caliente en el techo-fr\u00edo en el suelo (convecci\u00f3n convencional). Adem\u00e1s, no se crean polvos quemados (pared ennegrecida) por encima del radiador.<\/p>\n<ul>\n<li><strong>Una difusi\u00f3n \u00fanica de la frescura :\u00a0<\/strong><\/li>\n<\/ul>\n<p>La frescura se difunde por un flujo de aire fresco y ligero a muy baja velocidad alrededor de un marco de 492 cm de per\u00edmetro. El confort se completar\u00e1 con una radiaci\u00f3n fresca de la Piedra Olycale.<\/p>\n<p>Esta difusi\u00f3n horizontal con una velocidad muy baja de 492 cm permite evitar la sensaci\u00f3n de corrientes de aire (lo contrario de la climatizaci\u00f3n convencional por Split).<\/p>\n<p>Greenor es el radiador reversible caliente-fr\u00edo m\u00e1s silencioso del mundo (presi\u00f3n sonora de 14.8dB \u2013 Primera velocidad a 1 metro del aparato).<\/p>\n<p><strong>Greenor\u00ae es una patente internacional PCT\/FR2010\/00321 de los Talleres CINIER.<\/strong><\/p>\n<\/div>\n                  <\/li>\n                                  <li class=\"accordion-item\" data-accordion-item>\n                    <a href=\"#\" class=\"accordion-title\">\n                      Ecol\u00f3gico\n                      <span class=\"accordion-toggle\"><\/span>\n                    <\/a>\n                    <div class=\"accordion-content\" data-tab-content><p>El radiador ventilado Greenor es de\u00a0<strong>circulaci\u00f3n de agua<\/strong>.<\/p>\n<p><strong>Los modelos Greenor no utilizan, por tanto, de gas refrigerante (contaminante para el medio ambiente) como los sistemas convencionales de climatizaci\u00f3n.<\/strong><\/p>\n<p>Greenor permite as\u00ed un\u00a0<strong>sistema de enfriamiento o calentamiento mucho m\u00e1s ecol\u00f3gico y respetuoso de nuestro planeta.<\/strong><\/p>\n<p>Greenor puede conectarse a un generador convencional (caldera normal o baja temperatura \u2013 Uso en calefacci\u00f3n solo) o a un generador reversible que aprovecha las energ\u00edas renovables (bombas de calor, energ\u00eda t\u00e9rmica solar, geot\u00e9rmica, biomasa\u2026).<\/p>\n<p>Greenor utiliza micro ventiladores de corriente continua con una eficiencia energ\u00e9tica muy alta (promedio de consumo del aparato de 10W ),<strong>\u00a0lo que hace que es uno de los ventilo-convectores m\u00e1s eficientes del mundo.<\/strong><\/p>\n<\/div>\n                  <\/li>\n                                  <li class=\"accordion-item\" data-accordion-item>\n                    <a href=\"#\" class=\"accordion-title\">\n                      Aplicaciones : \n                      <span class=\"accordion-toggle\"><\/span>\n                    <\/a>\n                    <div class=\"accordion-content\" data-tab-content><ul>\n<li>Sustituci\u00f3n de radiadores hidr\u00e1ulicos o Fancoil\/ventilo convectores<\/li>\n<li>Creaci\u00f3n de una nueva instalaci\u00f3n<\/li>\n<\/ul>\n<h4>Lugares:<\/h4>\n<ul>\n<li>Casa individual<\/li>\n<li>Apartamento<\/li>\n<li>Restaurante, tienda, hotel<\/li>\n<li>Hall de residencia, entrada gran volumen<\/li>\n<li>Oficinas<\/li>\n<\/ul>\n<p>Y cualquier otro lugar en el que la arquitectura tiene por objetivo la eficiencia energ\u00e9tica, el confort y la est\u00e9tica.<\/p>\n<p><strong>Greenor existe en dos versiones:<\/strong><\/p>\n<ul>\n<li><strong>Greenor calefacci\u00f3n solo<\/strong><\/li>\n<li><strong>Greenor reversible con calefacci\u00f3n y aire fresco<\/strong><\/li>\n<\/ul>\n<\/div>\n                  <\/li>\n                                  <li class=\"accordion-item\" data-accordion-item>\n                    <a href=\"#\" class=\"accordion-title\">\n                      Calidad del aire\n                      <span class=\"accordion-toggle\"><\/span>\n                    <\/a>\n                    <div class=\"accordion-content\" data-tab-content><ul>\n<li>4 filtros de alto rendimiento aseguran una calidad del aire \u00f3ptima.<\/li>\n<li>Exclusividad: los filtros Greenor se pueden limpiar sin la intervenci\u00f3n de un t\u00e9cnico y sin desmontar gracias a una punta protectora exclusiva CINIER. Tambi\u00e9n se pueden sacar o sustituir muy f\u00e1cilmente.<\/li>\n<\/ul>\n<\/div>\n                  <\/li>\n                                  <li class=\"accordion-item\" data-accordion-item>\n                    <a href=\"#\" class=\"accordion-title\">\n                      Termostatos : control y sencillez\n                      <span class=\"accordion-toggle\"><\/span>\n                    <\/a>\n                    <div class=\"accordion-content\" data-tab-content><p><strong>Mando a distancia infrarrojo: facilidad de uso<\/strong><\/p>\n<p>Permite:<\/p>\n<ul>\n<li>Elegir su velocidad de funcionamiento (1\/2\/3 o autom\u00e1tico)<\/li>\n<li>Elegir su temperatura de consigna<\/li>\n<li>Programar una temperatura de comodidad<\/li>\n<\/ul>\n<p><strong>Termostato de pared: Para fijar en la pared, conectado con el Greenor.<\/strong><\/p>\n<p>Permite :<\/p>\n<ul>\n<li>Elegir su velocidad de funcionamiento (1\/2\/3 o autom\u00e1tico)<\/li>\n<li>Controlar su temperatura de consigna<\/li>\n<li>Controlar uno o varios Greenor con un solo termostato (ej. Varios Greenor en un gran espacio).<\/li>\n<li>El mando IR se puede utilizar tambi\u00e9n como complemento con el termostato de pared, (para hacer una programaci\u00f3n por ejemplo).<\/li>\n<\/ul>\n<p><img decoding=\"async\" src=\"\/app\/uploads\/2019\/10\/remote.jpg\" alt=\"\" \/><\/p>\n<\/div>\n                  <\/li>\n                              <\/ul>\n            <\/div>\n          <\/div>\n        <\/div>\n      <\/div>\n    <\/div>\n  <\/section>\n","protected":false},"excerpt":{"rendered":"<p>Greenor est\u00e1 disponible en 2 versiones:&nbsp;calefacci\u00f3n s\u00f3lo o en versi\u00f3n reversible (caliente\/fr\u00edo). Confort de verano&nbsp;(opci\u00f3n reversible \/ aire fresco) : Una difusi\u00f3n de aire fresco ecol\u00f3gico \u2013 sin fluido refrigerante \u2013 a muy baja velocidad, sin sensaci\u00f3n de corrientes de aire para un confort excepcional de refresco. Disponible en opci\u00f3n para las instalaciones con bombas [&hellip;]<\/p>\n","protected":false},"author":1,"featured_media":1675,"parent":0,"menu_order":0,"comment_status":"closed","ping_status":"closed","template":"","meta":{"_acf_changed":false,"inline_featured_image":false,"footnotes":""},"class_list":["post-10661","page","type-page","status-publish","has-post-thumbnail","hentry"],"acf":[],"yoast_head":"<!-- This site is optimized with the Yoast SEO plugin v27.5 - https:\/\/yoast.com\/product\/yoast-seo-wordpress\/ -->\n<title>Greenor\u00ae | Cinier<\/title>\n<meta name=\"description\" content=\"Greenor est\u00e1 disponible en 2 versiones:&nbsp;calefacci\u00f3n s\u00f3lo o en versi\u00f3n reversible (caliente\/fr\u00edo). Confort de verano&nbsp;(opci\u00f3n reversible \/ aire\" \/>\n<meta name=\"robots\" content=\"index, follow, max-snippet:-1, max-image-preview:large, max-video-preview:-1\" \/>\n<link rel=\"canonical\" href=\"https:\/\/www.cinier.com\/es\/greenor\/\" \/>\n<meta property=\"og:locale\" content=\"es_ES\" \/>\n<meta property=\"og:type\" content=\"article\" \/>\n<meta property=\"og:title\" content=\"Greenor\u00ae | Cinier\" \/>\n<meta property=\"og:description\" content=\"Greenor est\u00e1 disponible en 2 versiones:&nbsp;calefacci\u00f3n s\u00f3lo o en versi\u00f3n reversible (caliente\/fr\u00edo). Confort de verano&nbsp;(opci\u00f3n reversible \/ aire\" \/>\n<meta property=\"og:url\" content=\"https:\/\/www.cinier.com\/es\/greenor\/\" \/>\n<meta property=\"og:site_name\" content=\"Cinier\" \/>\n<meta property=\"article:publisher\" content=\"https:\/\/www.facebook.com\/cinierdesign\/?ref=bookmarks\" \/>\n<meta property=\"article:modified_time\" content=\"2020-01-17T11:10:09+00:00\" \/>\n<meta property=\"og:image\" content=\"https:\/\/www.cinier.com\/app\/uploads\/2019\/08\/greenor\u00ae\u7a7a\u6c14\u8c03\u8282\u673a-908x1024.jpg\" \/>\n\t<meta property=\"og:image:width\" content=\"908\" \/>\n\t<meta property=\"og:image:height\" content=\"1024\" \/>\n\t<meta property=\"og:image:type\" content=\"image\/jpeg\" \/>\n<meta name=\"twitter:card\" content=\"summary_large_image\" \/>\n<meta name=\"twitter:label1\" content=\"Est. reading time\" \/>\n\t<meta name=\"twitter:data1\" content=\"1 minute\" \/>\n<script type=\"application\/ld+json\" class=\"yoast-schema-graph\">{\"@context\":\"https:\\\/\\\/schema.org\",\"@graph\":[{\"@type\":\"WebPage\",\"@id\":\"https:\\\/\\\/www.cinier.com\\\/es\\\/greenor\\\/\",\"url\":\"https:\\\/\\\/www.cinier.com\\\/es\\\/greenor\\\/\",\"name\":\"Greenor\u00ae | Cinier\",\"isPartOf\":{\"@id\":\"https:\\\/\\\/www.cinier.com\\\/es\\\/#website\"},\"primaryImageOfPage\":{\"@id\":\"https:\\\/\\\/www.cinier.com\\\/es\\\/greenor\\\/#primaryimage\"},\"image\":{\"@id\":\"https:\\\/\\\/www.cinier.com\\\/es\\\/greenor\\\/#primaryimage\"},\"thumbnailUrl\":\"https:\\\/\\\/www.cinier.com\\\/app\\\/uploads\\\/2019\\\/08\\\/greenor\u00ae\u7a7a\u6c14\u8c03\u8282\u673a.jpg\",\"datePublished\":\"2019-10-01T14:36:51+00:00\",\"dateModified\":\"2020-01-17T11:10:09+00:00\",\"description\":\"Greenor est\u00e1 disponible en 2 versiones:&nbsp;calefacci\u00f3n s\u00f3lo o en versi\u00f3n reversible (caliente\\\/fr\u00edo). Confort de verano&nbsp;(opci\u00f3n reversible \\\/ aire\",\"breadcrumb\":{\"@id\":\"https:\\\/\\\/www.cinier.com\\\/es\\\/greenor\\\/#breadcrumb\"},\"inLanguage\":\"es-ES\",\"potentialAction\":[{\"@type\":\"ReadAction\",\"target\":[\"https:\\\/\\\/www.cinier.com\\\/es\\\/greenor\\\/\"]}]},{\"@type\":\"ImageObject\",\"inLanguage\":\"es-ES\",\"@id\":\"https:\\\/\\\/www.cinier.com\\\/es\\\/greenor\\\/#primaryimage\",\"url\":\"https:\\\/\\\/www.cinier.com\\\/app\\\/uploads\\\/2019\\\/08\\\/greenor\u00ae\u7a7a\u6c14\u8c03\u8282\u673a.jpg\",\"contentUrl\":\"https:\\\/\\\/www.cinier.com\\\/app\\\/uploads\\\/2019\\\/08\\\/greenor\u00ae\u7a7a\u6c14\u8c03\u8282\u673a.jpg\",\"width\":3142,\"height\":3543,\"caption\":\"Greenor\u00ae\"},{\"@type\":\"BreadcrumbList\",\"@id\":\"https:\\\/\\\/www.cinier.com\\\/es\\\/greenor\\\/#breadcrumb\",\"itemListElement\":[{\"@type\":\"ListItem\",\"position\":1,\"name\":\"Accueil\",\"item\":\"https:\\\/\\\/www.cinier.com\\\/es\\\/\"},{\"@type\":\"ListItem\",\"position\":2,\"name\":\"Greenor\u00ae\"}]},{\"@type\":\"WebSite\",\"@id\":\"https:\\\/\\\/www.cinier.com\\\/es\\\/#website\",\"url\":\"https:\\\/\\\/www.cinier.com\\\/es\\\/\",\"name\":\"Cinier\",\"description\":\"Radiateurs et Luminaires Contemporains\",\"publisher\":{\"@id\":\"https:\\\/\\\/www.cinier.com\\\/es\\\/#organization\"},\"potentialAction\":[{\"@type\":\"SearchAction\",\"target\":{\"@type\":\"EntryPoint\",\"urlTemplate\":\"https:\\\/\\\/www.cinier.com\\\/es\\\/?s={search_term_string}\"},\"query-input\":{\"@type\":\"PropertyValueSpecification\",\"valueRequired\":true,\"valueName\":\"search_term_string\"}}],\"inLanguage\":\"es-ES\"},{\"@type\":\"Organization\",\"@id\":\"https:\\\/\\\/www.cinier.com\\\/es\\\/#organization\",\"name\":\"Cinier\",\"url\":\"https:\\\/\\\/www.cinier.com\\\/es\\\/\",\"logo\":{\"@type\":\"ImageObject\",\"inLanguage\":\"es-ES\",\"@id\":\"https:\\\/\\\/www.cinier.com\\\/es\\\/#\\\/schema\\\/logo\\\/image\\\/\",\"url\":\"https:\\\/\\\/www.cinier.com\\\/app\\\/uploads\\\/2019\\\/08\\\/logo.png\",\"contentUrl\":\"https:\\\/\\\/www.cinier.com\\\/app\\\/uploads\\\/2019\\\/08\\\/logo.png\",\"width\":258,\"height\":122,\"caption\":\"Cinier\"},\"image\":{\"@id\":\"https:\\\/\\\/www.cinier.com\\\/es\\\/#\\\/schema\\\/logo\\\/image\\\/\"},\"sameAs\":[\"https:\\\/\\\/www.facebook.com\\\/cinierdesign\\\/?ref=bookmarks\",\"https:\\\/\\\/www.instagram.com\\\/cinier_design\\\/?hl=en\",\"https:\\\/\\\/www.linkedin.com\\\/company\\\/cinier-paris\\\/?viewAsMember=true\",\"https:\\\/\\\/www.pinterest.fr\\\/CINIERFrance\\\/\",\"https:\\\/\\\/www.youtube.com\\\/watch?v=EBncqm0X6-4\"]}]}<\/script>\n<!-- \/ Yoast SEO plugin. -->","yoast_head_json":{"title":"Greenor\u00ae | Cinier","description":"Greenor est\u00e1 disponible en 2 versiones:&nbsp;calefacci\u00f3n s\u00f3lo o en versi\u00f3n reversible (caliente\/fr\u00edo). Confort de verano&nbsp;(opci\u00f3n reversible \/ aire","robots":{"index":"index","follow":"follow","max-snippet":"max-snippet:-1","max-image-preview":"max-image-preview:large","max-video-preview":"max-video-preview:-1"},"canonical":"https:\/\/www.cinier.com\/es\/greenor\/","og_locale":"es_ES","og_type":"article","og_title":"Greenor\u00ae | Cinier","og_description":"Greenor est\u00e1 disponible en 2 versiones:&nbsp;calefacci\u00f3n s\u00f3lo o en versi\u00f3n reversible (caliente\/fr\u00edo). Confort de verano&nbsp;(opci\u00f3n reversible \/ aire","og_url":"https:\/\/www.cinier.com\/es\/greenor\/","og_site_name":"Cinier","article_publisher":"https:\/\/www.facebook.com\/cinierdesign\/?ref=bookmarks","article_modified_time":"2020-01-17T11:10:09+00:00","og_image":[{"width":908,"height":1024,"url":"https:\/\/www.cinier.com\/app\/uploads\/2019\/08\/greenor\u00ae\u7a7a\u6c14\u8c03\u8282\u673a-908x1024.jpg","type":"image\/jpeg"}],"twitter_card":"summary_large_image","twitter_misc":{"Est. reading time":"1 minute"},"schema":{"@context":"https:\/\/schema.org","@graph":[{"@type":"WebPage","@id":"https:\/\/www.cinier.com\/es\/greenor\/","url":"https:\/\/www.cinier.com\/es\/greenor\/","name":"Greenor\u00ae | Cinier","isPartOf":{"@id":"https:\/\/www.cinier.com\/es\/#website"},"primaryImageOfPage":{"@id":"https:\/\/www.cinier.com\/es\/greenor\/#primaryimage"},"image":{"@id":"https:\/\/www.cinier.com\/es\/greenor\/#primaryimage"},"thumbnailUrl":"https:\/\/www.cinier.com\/app\/uploads\/2019\/08\/greenor\u00ae\u7a7a\u6c14\u8c03\u8282\u673a.jpg","datePublished":"2019-10-01T14:36:51+00:00","dateModified":"2020-01-17T11:10:09+00:00","description":"Greenor est\u00e1 disponible en 2 versiones:&nbsp;calefacci\u00f3n s\u00f3lo o en versi\u00f3n reversible (caliente\/fr\u00edo). Confort de verano&nbsp;(opci\u00f3n reversible \/ aire","breadcrumb":{"@id":"https:\/\/www.cinier.com\/es\/greenor\/#breadcrumb"},"inLanguage":"es-ES","potentialAction":[{"@type":"ReadAction","target":["https:\/\/www.cinier.com\/es\/greenor\/"]}]},{"@type":"ImageObject","inLanguage":"es-ES","@id":"https:\/\/www.cinier.com\/es\/greenor\/#primaryimage","url":"https:\/\/www.cinier.com\/app\/uploads\/2019\/08\/greenor\u00ae\u7a7a\u6c14\u8c03\u8282\u673a.jpg","contentUrl":"https:\/\/www.cinier.com\/app\/uploads\/2019\/08\/greenor\u00ae\u7a7a\u6c14\u8c03\u8282\u673a.jpg","width":3142,"height":3543,"caption":"Greenor\u00ae"},{"@type":"BreadcrumbList","@id":"https:\/\/www.cinier.com\/es\/greenor\/#breadcrumb","itemListElement":[{"@type":"ListItem","position":1,"name":"Accueil","item":"https:\/\/www.cinier.com\/es\/"},{"@type":"ListItem","position":2,"name":"Greenor\u00ae"}]},{"@type":"WebSite","@id":"https:\/\/www.cinier.com\/es\/#website","url":"https:\/\/www.cinier.com\/es\/","name":"Cinier","description":"Radiateurs et Luminaires Contemporains","publisher":{"@id":"https:\/\/www.cinier.com\/es\/#organization"},"potentialAction":[{"@type":"SearchAction","target":{"@type":"EntryPoint","urlTemplate":"https:\/\/www.cinier.com\/es\/?s={search_term_string}"},"query-input":{"@type":"PropertyValueSpecification","valueRequired":true,"valueName":"search_term_string"}}],"inLanguage":"es-ES"},{"@type":"Organization","@id":"https:\/\/www.cinier.com\/es\/#organization","name":"Cinier","url":"https:\/\/www.cinier.com\/es\/","logo":{"@type":"ImageObject","inLanguage":"es-ES","@id":"https:\/\/www.cinier.com\/es\/#\/schema\/logo\/image\/","url":"https:\/\/www.cinier.com\/app\/uploads\/2019\/08\/logo.png","contentUrl":"https:\/\/www.cinier.com\/app\/uploads\/2019\/08\/logo.png","width":258,"height":122,"caption":"Cinier"},"image":{"@id":"https:\/\/www.cinier.com\/es\/#\/schema\/logo\/image\/"},"sameAs":["https:\/\/www.facebook.com\/cinierdesign\/?ref=bookmarks","https:\/\/www.instagram.com\/cinier_design\/?hl=en","https:\/\/www.linkedin.com\/company\/cinier-paris\/?viewAsMember=true","https:\/\/www.pinterest.fr\/CINIERFrance\/","https:\/\/www.youtube.com\/watch?v=EBncqm0X6-4"]}]}},"_links":{"self":[{"href":"https:\/\/www.cinier.com\/es\/wp-json\/wp\/v2\/pages\/10661","targetHints":{"allow":["GET"]}}],"collection":[{"href":"https:\/\/www.cinier.com\/es\/wp-json\/wp\/v2\/pages"}],"about":[{"href":"https:\/\/www.cinier.com\/es\/wp-json\/wp\/v2\/types\/page"}],"author":[{"embeddable":true,"href":"https:\/\/www.cinier.com\/es\/wp-json\/wp\/v2\/users\/1"}],"replies":[{"embeddable":true,"href":"https:\/\/www.cinier.com\/es\/wp-json\/wp\/v2\/comments?post=10661"}],"version-history":[{"count":7,"href":"https:\/\/www.cinier.com\/es\/wp-json\/wp\/v2\/pages\/10661\/revisions"}],"predecessor-version":[{"id":15304,"href":"https:\/\/www.cinier.com\/es\/wp-json\/wp\/v2\/pages\/10661\/revisions\/15304"}],"wp:featuredmedia":[{"embeddable":true,"href":"https:\/\/www.cinier.com\/es\/wp-json\/wp\/v2\/media\/1675"}],"wp:attachment":[{"href":"https:\/\/www.cinier.com\/es\/wp-json\/wp\/v2\/media?parent=10661"}],"curies":[{"name":"wp","href":"https:\/\/api.w.org\/{rel}","templated":true}]}}