{"id":32803,"date":"2020-12-08T11:10:21","date_gmt":"2020-12-08T10:10:21","guid":{"rendered":"https:\/\/www.cinier.com\/produits\/unis-xl-2\/"},"modified":"2024-05-07T16:15:41","modified_gmt":"2024-05-07T14:15:41","slug":"unis-xl-2","status":"publish","type":"product","link":"https:\/\/www.cinier.com\/en\/products\/unis-xl-2\/","title":{"rendered":"UNIS XL"},"content":{"rendered":"<section class=\"ps-block ps-block--image-xl-text\">\n  \n<img loading=\"lazy\" decoding=\"async\"\n    src=\"https:\/\/www.cinier.com\/app\/uploads\/2020\/12\/piece-unique-xl-4.png\"\n  srcset=\"https:\/\/www.cinier.com\/app\/uploads\/2020\/12\/piece-unique-xl-4.png 1920w, https:\/\/www.cinier.com\/app\/uploads\/2020\/12\/piece-unique-xl-4.png 3840w\"\n  sizes=\"auto, (max-width: 639px) 1920px, 3840px\"\n  width=\"3840\"\n  height=\"1600\"\n  alt=\"PIECE UNIQUE XL 2\"\n  class=\"lozad\"\n>\n\n\n\n  <div class=\"ps-block__container\">\n    <div class=\"ps-block__grid\">\n      <div class=\"ps-block__content\">\n        <h2 class=\"ps-block__title\">\n          Ultra quiet\n        <\/h2>\n        <p class=\"ps-block__subtitle\">\n          Draft-free and ultra-quiet for an exceptional climate\n        <\/p>\n      <\/div>\n    <\/div>\n  <\/div>\n<\/section>\n\n\n<section class=\"ps-block ps-block--texts-images\">\n  <div class=\"ps-block__container\">\n    <div class=\"ps-block__grid\">\n                    <div class=\"ps-block__item\">\n          \n<img loading=\"lazy\" decoding=\"async\"\n    src=\"https:\/\/www.cinier.com\/app\/uploads\/2022\/06\/02.1-2cols-1280x1280.png\"\n  srcset=\"https:\/\/www.cinier.com\/app\/uploads\/2022\/06\/02.1-2cols-1280x1280.png 1280w\"\n  sizes=\"auto, 1280px\"\n  width=\"1380\"\n  height=\"1800\"\n  alt=\"greenor chaud froid\"\n  class=\"lozad\"\n>\n\n\n\n          <div class=\"ps-block__heading\">\n            <h2 class=\"ps-block__title\">\n              Hot\/Cold\n            <\/h2>\n            <p class=\"ps-block__subtitle\">\n              Allows you to heat or cool (air-condition) with an air-to-water heat pump (chilled water technology). \n            <\/p>\n          <\/div>\n        <\/div>\n              <div class=\"ps-block__item\">\n          \n<img loading=\"lazy\" decoding=\"async\"\n    src=\"https:\/\/www.cinier.com\/app\/uploads\/2022\/06\/02.2-2cols-1280x1280.png\"\n  srcset=\"https:\/\/www.cinier.com\/app\/uploads\/2022\/06\/02.2-2cols-1280x1280.png 1280w\"\n  sizes=\"auto, 1280px\"\n  width=\"1380\"\n  height=\"1800\"\n  alt=\"\"\n  class=\"lozad\"\n>\n\n\n\n          <div class=\"ps-block__heading\">\n            <h2 class=\"ps-block__title\">\n              Anti-viral exchanger \/ UV filter \n            <\/h2>\n            <p class=\"ps-block__subtitle\">\n              Purifies air during a pandemic in less than 2 hours. Patented 100% copper vertical exchanger. \n            <\/p>\n          <\/div>\n        <\/div>\n          <\/div>\n  <\/div>\n<\/section>\n\n\n<section class=\"ps-block ps-block--texts-images\">\n  <div class=\"ps-block__container\">\n    <div class=\"ps-block__grid\">\n                    <div class=\"ps-block__item\">\n          \n<img loading=\"lazy\" decoding=\"async\"\n    src=\"https:\/\/www.cinier.com\/app\/uploads\/2020\/11\/palmspring-7-1280x1280.jpg\"\n  srcset=\"https:\/\/www.cinier.com\/app\/uploads\/2020\/11\/palmspring-7-1280x1280.jpg 1280w\"\n  sizes=\"auto, 1280px\"\n  width=\"2481\"\n  height=\"2482\"\n  alt=\"PalmSpring 8\"\n  class=\"lozad\"\n>\n\n\n\n          <div class=\"ps-block__heading\">\n            <h2 class=\"ps-block__title\">\n              \n            <\/h2>\n            <p class=\"ps-block__subtitle\">\n              \n            <\/p>\n          <\/div>\n        <\/div>\n              <div class=\"ps-block__item\">\n          \n<img loading=\"lazy\" decoding=\"async\"\n    src=\"https:\/\/www.cinier.com\/app\/uploads\/2024\/05\/contemporains-xl-4-1280x1280.png\"\n  srcset=\"https:\/\/www.cinier.com\/app\/uploads\/2024\/05\/contemporains-xl-4-1280x1280.png 1280w\"\n  sizes=\"auto, 1280px\"\n  width=\"1380\"\n  height=\"1800\"\n  alt=\"\"\n  class=\"lozad\"\n>\n\n\n\n          <div class=\"ps-block__heading\">\n            <h2 class=\"ps-block__title\">\n              \n            <\/h2>\n            <p class=\"ps-block__subtitle\">\n              \n            <\/p>\n          <\/div>\n        <\/div>\n          <\/div>\n  <\/div>\n<\/section>\n\n\n<section class=\"ps-block ps-block--heading\" data-animated>\n  <div class=\"ps-block__container\">\n    <div class=\"ps-block__grid\">\n      <div class=\"ps-block__content\">\n        <div class=\"ps-block__body\">\n          <div class=\"ps-block__item\">\n            \n<h3 class=\"wp-block-heading\">Simple Operational Diagram for connecting your Greenor to heat pumps<\/h3>\n\n          <\/div>\n        <\/div>\n      <\/div>\n    <\/div>\n  <\/div>\n<\/section>\n\n\n        \n  <section class=\"ps-block ps-block--image\" data-animated data-toggle-class=\"in-viewport\">\n\n    <div class=\"ps-block__bg\">\n      <img loading=\"lazy\" decoding=\"async\"\n            src=\"https:\/\/www.cinier.com\/app\/uploads\/2020\/12\/unis-xl-2-1280x1280.png\"\n      srcset=\"https:\/\/www.cinier.com\/app\/uploads\/2020\/12\/unis-xl-2-650x650.png 650w, https:\/\/www.cinier.com\/app\/uploads\/2020\/12\/unis-xl-2-1280x1280.png 1280w\"\n      sizes=\"auto, (max-width: 639px) 650px, 1280px\"\n      width=\"3840\"\n      height=\"3360\"\n      alt=\"UNIS XL 9\"\n      class=\"ps-block__img lozad\"\n      style=\"\"\n      >\n          <\/div>\n\n  <\/section>\n","protected":false},"featured_media":18445,"template":"","product_range":[163,779],"product_color":[],"class_list":["post-32803","product","type-product","status-publish","has-post-thumbnail","hentry","product_range-greenor-en","product_range-greenor-xl-en"],"acf":[],"yoast_head":"<!-- This site is optimized with the Yoast SEO plugin v27.5 - https:\/\/yoast.com\/product\/yoast-seo-wordpress\/ -->\n<title>UNIS XL - GREENOR Fancoil, GREENOR XL | Cinier<\/title>\n<meta name=\"description\" content=\"Facile \u00e0 installer sur une pompe \u00e0 chaleur air-eau, les ventilo-convecteurs GREENOR XL UNIS ont un design alliant la simplicit\u00e9 et la sobri\u00e9t\u00e9\" \/>\n<meta name=\"robots\" content=\"index, follow, max-snippet:-1, max-image-preview:large, max-video-preview:-1\" \/>\n<link rel=\"canonical\" href=\"https:\/\/www.cinier.com\/en\/products\/unis-xl-2\/\" \/>\n<meta property=\"og:locale\" content=\"en_GB\" \/>\n<meta property=\"og:type\" content=\"article\" \/>\n<meta property=\"og:title\" content=\"UNIS XL - GREENOR Fancoil, GREENOR XL | Cinier\" \/>\n<meta property=\"og:description\" content=\"Facile \u00e0 installer sur une pompe \u00e0 chaleur air-eau, les ventilo-convecteurs GREENOR XL UNIS ont un design alliant la simplicit\u00e9 et la sobri\u00e9t\u00e9\" \/>\n<meta property=\"og:url\" content=\"https:\/\/www.cinier.com\/en\/products\/unis-xl-2\/\" \/>\n<meta property=\"og:site_name\" content=\"Cinier\" \/>\n<meta property=\"article:publisher\" content=\"https:\/\/www.facebook.com\/cinierdesign\/?ref=bookmarks\" \/>\n<meta property=\"article:modified_time\" content=\"2024-05-07T14:15:41+00:00\" \/>\n<meta property=\"og:image\" content=\"https:\/\/www.cinier.com\/app\/uploads\/2020\/07\/unis-xl-3.png\" \/>\n\t<meta property=\"og:image:width\" content=\"1350\" \/>\n\t<meta property=\"og:image:height\" content=\"1800\" \/>\n\t<meta property=\"og:image:type\" content=\"image\/png\" \/>\n<meta name=\"twitter:card\" content=\"summary_large_image\" \/>\n<meta name=\"twitter:label1\" content=\"Est. reading time\" \/>\n\t<meta name=\"twitter:data1\" content=\"7 minutes\" \/>\n<script type=\"application\/ld+json\" class=\"yoast-schema-graph\">{\"@context\":\"https:\\\/\\\/schema.org\",\"@graph\":[{\"@type\":\"WebPage\",\"@id\":\"https:\\\/\\\/www.cinier.com\\\/en\\\/products\\\/unis-xl-2\\\/\",\"url\":\"https:\\\/\\\/www.cinier.com\\\/en\\\/products\\\/unis-xl-2\\\/\",\"name\":\"UNIS XL - GREENOR Fancoil, GREENOR XL | Cinier\",\"isPartOf\":{\"@id\":\"https:\\\/\\\/www.cinier.com\\\/en\\\/#website\"},\"primaryImageOfPage\":{\"@id\":\"https:\\\/\\\/www.cinier.com\\\/en\\\/products\\\/unis-xl-2\\\/#primaryimage\"},\"image\":{\"@id\":\"https:\\\/\\\/www.cinier.com\\\/en\\\/products\\\/unis-xl-2\\\/#primaryimage\"},\"thumbnailUrl\":\"https:\\\/\\\/www.cinier.com\\\/app\\\/uploads\\\/2020\\\/07\\\/unis-xl-3.png\",\"datePublished\":\"2020-12-08T10:10:21+00:00\",\"dateModified\":\"2024-05-07T14:15:41+00:00\",\"description\":\"Facile \u00e0 installer sur une pompe \u00e0 chaleur air-eau, les ventilo-convecteurs GREENOR XL UNIS ont un design alliant la simplicit\u00e9 et la sobri\u00e9t\u00e9\",\"breadcrumb\":{\"@id\":\"https:\\\/\\\/www.cinier.com\\\/en\\\/products\\\/unis-xl-2\\\/#breadcrumb\"},\"inLanguage\":\"en-GB\",\"potentialAction\":[{\"@type\":\"ReadAction\",\"target\":[\"https:\\\/\\\/www.cinier.com\\\/en\\\/products\\\/unis-xl-2\\\/\"]}]},{\"@type\":\"ImageObject\",\"inLanguage\":\"en-GB\",\"@id\":\"https:\\\/\\\/www.cinier.com\\\/en\\\/products\\\/unis-xl-2\\\/#primaryimage\",\"url\":\"https:\\\/\\\/www.cinier.com\\\/app\\\/uploads\\\/2020\\\/07\\\/unis-xl-3.png\",\"contentUrl\":\"https:\\\/\\\/www.cinier.com\\\/app\\\/uploads\\\/2020\\\/07\\\/unis-xl-3.png\",\"width\":1350,\"height\":1800,\"caption\":\"UNIS XL 2\"},{\"@type\":\"BreadcrumbList\",\"@id\":\"https:\\\/\\\/www.cinier.com\\\/en\\\/products\\\/unis-xl-2\\\/#breadcrumb\",\"itemListElement\":[{\"@type\":\"ListItem\",\"position\":1,\"name\":\"Accueil\",\"item\":\"https:\\\/\\\/www.cinier.com\\\/en\\\/\"},{\"@type\":\"ListItem\",\"position\":2,\"name\":\"Products\",\"item\":\"https:\\\/\\\/www.cinier.com\\\/en\\\/products\\\/\"},{\"@type\":\"ListItem\",\"position\":3,\"name\":\"UNIS XL\"}]},{\"@type\":\"WebSite\",\"@id\":\"https:\\\/\\\/www.cinier.com\\\/en\\\/#website\",\"url\":\"https:\\\/\\\/www.cinier.com\\\/en\\\/\",\"name\":\"Cinier\",\"description\":\"Radiateurs et Luminaires Contemporains\",\"publisher\":{\"@id\":\"https:\\\/\\\/www.cinier.com\\\/en\\\/#organization\"},\"potentialAction\":[{\"@type\":\"SearchAction\",\"target\":{\"@type\":\"EntryPoint\",\"urlTemplate\":\"https:\\\/\\\/www.cinier.com\\\/en\\\/?s={search_term_string}\"},\"query-input\":{\"@type\":\"PropertyValueSpecification\",\"valueRequired\":true,\"valueName\":\"search_term_string\"}}],\"inLanguage\":\"en-GB\"},{\"@type\":\"Organization\",\"@id\":\"https:\\\/\\\/www.cinier.com\\\/en\\\/#organization\",\"name\":\"Cinier\",\"url\":\"https:\\\/\\\/www.cinier.com\\\/en\\\/\",\"logo\":{\"@type\":\"ImageObject\",\"inLanguage\":\"en-GB\",\"@id\":\"https:\\\/\\\/www.cinier.com\\\/en\\\/#\\\/schema\\\/logo\\\/image\\\/\",\"url\":\"https:\\\/\\\/www.cinier.com\\\/app\\\/uploads\\\/2019\\\/08\\\/logo.png\",\"contentUrl\":\"https:\\\/\\\/www.cinier.com\\\/app\\\/uploads\\\/2019\\\/08\\\/logo.png\",\"width\":258,\"height\":122,\"caption\":\"Cinier\"},\"image\":{\"@id\":\"https:\\\/\\\/www.cinier.com\\\/en\\\/#\\\/schema\\\/logo\\\/image\\\/\"},\"sameAs\":[\"https:\\\/\\\/www.facebook.com\\\/cinierdesign\\\/?ref=bookmarks\",\"https:\\\/\\\/www.instagram.com\\\/cinier_design\\\/?hl=en\",\"https:\\\/\\\/www.linkedin.com\\\/company\\\/cinier-paris\\\/?viewAsMember=true\",\"https:\\\/\\\/www.pinterest.fr\\\/CINIERFrance\\\/\",\"https:\\\/\\\/www.youtube.com\\\/watch?v=EBncqm0X6-4\"]}]}<\/script>\n<!-- \/ Yoast SEO plugin. -->","yoast_head_json":{"title":"UNIS XL - GREENOR Fancoil, GREENOR XL | Cinier","description":"Facile \u00e0 installer sur une pompe \u00e0 chaleur air-eau, les ventilo-convecteurs GREENOR XL UNIS ont un design alliant la simplicit\u00e9 et la sobri\u00e9t\u00e9","robots":{"index":"index","follow":"follow","max-snippet":"max-snippet:-1","max-image-preview":"max-image-preview:large","max-video-preview":"max-video-preview:-1"},"canonical":"https:\/\/www.cinier.com\/en\/products\/unis-xl-2\/","og_locale":"en_GB","og_type":"article","og_title":"UNIS XL - GREENOR Fancoil, GREENOR XL | Cinier","og_description":"Facile \u00e0 installer sur une pompe \u00e0 chaleur air-eau, les ventilo-convecteurs GREENOR XL UNIS ont un design alliant la simplicit\u00e9 et la sobri\u00e9t\u00e9","og_url":"https:\/\/www.cinier.com\/en\/products\/unis-xl-2\/","og_site_name":"Cinier","article_publisher":"https:\/\/www.facebook.com\/cinierdesign\/?ref=bookmarks","article_modified_time":"2024-05-07T14:15:41+00:00","og_image":[{"width":1350,"height":1800,"url":"https:\/\/www.cinier.com\/app\/uploads\/2020\/07\/unis-xl-3.png","type":"image\/png"}],"twitter_card":"summary_large_image","twitter_misc":{"Est. reading time":"7 minutes"},"schema":{"@context":"https:\/\/schema.org","@graph":[{"@type":"WebPage","@id":"https:\/\/www.cinier.com\/en\/products\/unis-xl-2\/","url":"https:\/\/www.cinier.com\/en\/products\/unis-xl-2\/","name":"UNIS XL - GREENOR Fancoil, GREENOR XL | Cinier","isPartOf":{"@id":"https:\/\/www.cinier.com\/en\/#website"},"primaryImageOfPage":{"@id":"https:\/\/www.cinier.com\/en\/products\/unis-xl-2\/#primaryimage"},"image":{"@id":"https:\/\/www.cinier.com\/en\/products\/unis-xl-2\/#primaryimage"},"thumbnailUrl":"https:\/\/www.cinier.com\/app\/uploads\/2020\/07\/unis-xl-3.png","datePublished":"2020-12-08T10:10:21+00:00","dateModified":"2024-05-07T14:15:41+00:00","description":"Facile \u00e0 installer sur une pompe \u00e0 chaleur air-eau, les ventilo-convecteurs GREENOR XL UNIS ont un design alliant la simplicit\u00e9 et la sobri\u00e9t\u00e9","breadcrumb":{"@id":"https:\/\/www.cinier.com\/en\/products\/unis-xl-2\/#breadcrumb"},"inLanguage":"en-GB","potentialAction":[{"@type":"ReadAction","target":["https:\/\/www.cinier.com\/en\/products\/unis-xl-2\/"]}]},{"@type":"ImageObject","inLanguage":"en-GB","@id":"https:\/\/www.cinier.com\/en\/products\/unis-xl-2\/#primaryimage","url":"https:\/\/www.cinier.com\/app\/uploads\/2020\/07\/unis-xl-3.png","contentUrl":"https:\/\/www.cinier.com\/app\/uploads\/2020\/07\/unis-xl-3.png","width":1350,"height":1800,"caption":"UNIS XL 2"},{"@type":"BreadcrumbList","@id":"https:\/\/www.cinier.com\/en\/products\/unis-xl-2\/#breadcrumb","itemListElement":[{"@type":"ListItem","position":1,"name":"Accueil","item":"https:\/\/www.cinier.com\/en\/"},{"@type":"ListItem","position":2,"name":"Products","item":"https:\/\/www.cinier.com\/en\/products\/"},{"@type":"ListItem","position":3,"name":"UNIS XL"}]},{"@type":"WebSite","@id":"https:\/\/www.cinier.com\/en\/#website","url":"https:\/\/www.cinier.com\/en\/","name":"Cinier","description":"Radiateurs et Luminaires Contemporains","publisher":{"@id":"https:\/\/www.cinier.com\/en\/#organization"},"potentialAction":[{"@type":"SearchAction","target":{"@type":"EntryPoint","urlTemplate":"https:\/\/www.cinier.com\/en\/?s={search_term_string}"},"query-input":{"@type":"PropertyValueSpecification","valueRequired":true,"valueName":"search_term_string"}}],"inLanguage":"en-GB"},{"@type":"Organization","@id":"https:\/\/www.cinier.com\/en\/#organization","name":"Cinier","url":"https:\/\/www.cinier.com\/en\/","logo":{"@type":"ImageObject","inLanguage":"en-GB","@id":"https:\/\/www.cinier.com\/en\/#\/schema\/logo\/image\/","url":"https:\/\/www.cinier.com\/app\/uploads\/2019\/08\/logo.png","contentUrl":"https:\/\/www.cinier.com\/app\/uploads\/2019\/08\/logo.png","width":258,"height":122,"caption":"Cinier"},"image":{"@id":"https:\/\/www.cinier.com\/en\/#\/schema\/logo\/image\/"},"sameAs":["https:\/\/www.facebook.com\/cinierdesign\/?ref=bookmarks","https:\/\/www.instagram.com\/cinier_design\/?hl=en","https:\/\/www.linkedin.com\/company\/cinier-paris\/?viewAsMember=true","https:\/\/www.pinterest.fr\/CINIERFrance\/","https:\/\/www.youtube.com\/watch?v=EBncqm0X6-4"]}]}},"_links":{"self":[{"href":"https:\/\/www.cinier.com\/en\/wp-json\/wp\/v2\/product\/32803","targetHints":{"allow":["GET"]}}],"collection":[{"href":"https:\/\/www.cinier.com\/en\/wp-json\/wp\/v2\/product"}],"about":[{"href":"https:\/\/www.cinier.com\/en\/wp-json\/wp\/v2\/types\/product"}],"wp:featuredmedia":[{"embeddable":true,"href":"https:\/\/www.cinier.com\/en\/wp-json\/wp\/v2\/media\/18445"}],"wp:attachment":[{"href":"https:\/\/www.cinier.com\/en\/wp-json\/wp\/v2\/media?parent=32803"}],"wp:term":[{"taxonomy":"product_range","embeddable":true,"href":"https:\/\/www.cinier.com\/en\/wp-json\/wp\/v2\/product_range?post=32803"},{"taxonomy":"product_color","embeddable":true,"href":"https:\/\/www.cinier.com\/en\/wp-json\/wp\/v2\/product_color?post=32803"}],"curies":[{"name":"wp","href":"https:\/\/api.w.org\/{rel}","templated":true}]}}