{"id":29774,"date":"2024-03-22T16:29:12","date_gmt":"2024-03-22T15:29:12","guid":{"rendered":"https:\/\/www.cinier.com\/?page_id=29774"},"modified":"2024-03-22T16:29:13","modified_gmt":"2024-03-22T15:29:13","slug":"art-by-johanne","status":"publish","type":"page","link":"https:\/\/www.cinier.com\/en\/maison-cinier\/art-by-johanne\/","title":{"rendered":"Art by Johanne"},"content":{"rendered":"<section class=\"ps-block ps-block--quote\" data-animated>\n  <div class=\"ps-block__container\">\n    <div class=\"ps-block__grid\">\n      <div class=\"ps-block__content\">\n        <div class=\"ps-block__body\">\n          <div class=\"ps-block__item\">\n                          \n<p>I like the idea of each work being unusual, of being taken away into an imaginary and curious world, like a &#8216;curiosity&#8217; painting, where you can see an enormous tulle petticoat emerging from the canvas or a real Led light jewel attached to the painting.<\/p>\n\n                                      \n<blockquote class=\"wp-block-quote\"><cite><a href=\"https:\/\/cinierstore.com\/collections\/oeuvre-dart-sur-toile\" target=\"_blank\" rel=\"noreferrer noopener\">Johanne Cinier<\/a><\/cite><\/blockquote>\n\n                      <\/div>\n        <\/div>\n      <\/div>\n    <\/div>\n  <\/div>\n<\/section>\n\n\n<section class=\"ps-block ps-block--textimage image-left\" data-animated>\n  <div class=\"ps-block__container\">\n    <div class=\"ps-block__grid\">\n\n      <div class=\"ps-block__img\">\n                  <img class=\"lozad\" data-src=\"https:\/\/www.cinier.com\/app\/uploads\/2023\/06\/oeuvres-dart-sur-toile-690x640.jpg\" data-srcset=\"https:\/\/www.cinier.com\/app\/uploads\/2023\/06\/oeuvres-dart-sur-toile-690x640.jpg 690w\" alt=\"\">\n              <\/div>\n\n      <div class=\"ps-block__body \">\n                        <p class=\"text\">\n          Johanne Cinier, a native of S\u00e8te, studied at the \u00c9cole des Beaux-Arts in S\u00e8te, then in fashion design\/modelling in Marseille. She worked for Givenchy and Arrow for 6 years, then felt the need to give time back to her thirst for creation, painting, drawing, sculpting and combining all kinds of techniques. She joined the family business to create unique pieces for Cinier radiators, but at the same time let her creativity and imagination run riot.\n        <\/p>\n                      <\/div>\n\n    <\/div>\n  <\/div>\n<\/section>\n\n\n<section class=\"ps-block ps-block--paragraph\" data-animated>\n  <div class=\"ps-block__container\">\n    <div class=\"ps-block__grid\">\n      <div class=\"ps-block__content\">\n        <div class=\"ps-block__body\">\n          <div class=\"ps-block__item\">\n            \n<p><\/p>\n\n          <\/div>\n        <\/div>\n      <\/div>\n    <\/div>\n  <\/div>\n<\/section>\n\n\n<section class=\"ps-block ps-block--paragraph\" data-animated>\n  <div class=\"ps-block__container\">\n    <div class=\"ps-block__grid\">\n      <div class=\"ps-block__content\">\n        <div class=\"ps-block__body\">\n          <div class=\"ps-block__item\">\n            \n<p>She mixes codes, influences and techniques in a profusion of creativity, with no self-imposed rules other than those of the imagination. Her works use all kinds of techniques and materials (photos, lace, accessories, clothes, acrylics, wood, ceramics, objects and collage) to create a powerful visual effect.<\/p>\n\n          <\/div>\n        <\/div>\n      <\/div>\n    <\/div>\n  <\/div>\n<\/section>\n\n\n<section class=\"ps-block ps-block--paragraph\" data-animated>\n  <div class=\"ps-block__container\">\n    <div class=\"ps-block__grid\">\n      <div class=\"ps-block__content\">\n        <div class=\"ps-block__body\">\n          <div class=\"ps-block__item\">\n            \n<p>To discover Johanne&#8217;s work and the paintings available at the studio, click here: <a href=\"https:\/\/cinierstore.com\/collections\/oeuvre-dart-sur-toile\">cliquez ici<\/a>.<\/p>\n\n          <\/div>\n        <\/div>\n      <\/div>\n    <\/div>\n  <\/div>\n<\/section>\n\n\n  <section class=\"ps-block ps-block--carousel-freemode js-photoswipe\" data-animated>\n    <div class=\"ps-block__container\">\n            <div class=\"ps-block__grid\">\n        <div class=\"ps-block__content\">\n          <div class=\"ps-block__body\">\n            <div class=\"swiper-container js-swiper-freemode\">\n              <div class=\"swiper-wrapper\">\n                <div class=\"ps-block__item swiper-slide\">\n      <figure itemprop=\"associatedMedia\" itemscope itemtype=\"http:\/\/schema.org\/ImageObject\">\n      <a href=\"https:\/\/www.cinier.com\/app\/uploads\/2023\/06\/oeuvres-dart-sur-toile-2-2400x1037.jpg\" itemprop=\"contentUrl\" data-size=\"3840x1659\">\n        <img decoding=\"async\" src=\"https:\/\/www.cinier.com\/app\/uploads\/2023\/06\/oeuvres-dart-sur-toile-2-1024x442.jpg\" itemprop=\"thumbnail\" alt=\"\">\n      <\/a>\n          <\/figure>\n  <\/div>\n<div class=\"ps-block__item swiper-slide\">\n      <figure itemprop=\"associatedMedia\" itemscope itemtype=\"http:\/\/schema.org\/ImageObject\">\n      <a href=\"https:\/\/www.cinier.com\/app\/uploads\/2023\/06\/oeuvres-dart-sur-toile-3.jpg\" itemprop=\"contentUrl\" data-size=\"1580x1869\">\n        <img decoding=\"async\" src=\"https:\/\/www.cinier.com\/app\/uploads\/2023\/06\/oeuvres-dart-sur-toile-3-457x540.jpg\" itemprop=\"thumbnail\" alt=\"\">\n      <\/a>\n          <\/figure>\n  <\/div>\n<div class=\"ps-block__item swiper-slide\">\n      <figure itemprop=\"associatedMedia\" itemscope itemtype=\"http:\/\/schema.org\/ImageObject\">\n      <a href=\"https:\/\/www.cinier.com\/app\/uploads\/2023\/06\/oeuvres-dart-sur-toile-4-2400x2377.jpg\" itemprop=\"contentUrl\" data-size=\"3840x3803\">\n        <img decoding=\"async\" src=\"https:\/\/www.cinier.com\/app\/uploads\/2023\/06\/oeuvres-dart-sur-toile-4-545x540.jpg\" itemprop=\"thumbnail\" alt=\"\">\n      <\/a>\n          <\/figure>\n  <\/div>\n<div class=\"ps-block__item swiper-slide\">\n      <figure itemprop=\"associatedMedia\" itemscope itemtype=\"http:\/\/schema.org\/ImageObject\">\n      <a href=\"https:\/\/www.cinier.com\/app\/uploads\/2023\/06\/oeuvres-dart-sur-toile-5.jpg\" itemprop=\"contentUrl\" data-size=\"1742x2263\">\n        <img decoding=\"async\" src=\"https:\/\/www.cinier.com\/app\/uploads\/2023\/06\/oeuvres-dart-sur-toile-5-416x540.jpg\" itemprop=\"thumbnail\" alt=\"\">\n      <\/a>\n          <\/figure>\n  <\/div>\n              <\/div>\n              <div class=\"swiper-button-prev\"><\/div>\n              <div class=\"swiper-button-next\"><\/div>\n              <div class=\"swiper-pagination\"><\/div>\n            <\/div>\n          <\/div>\n        <\/div>\n      <\/div>\n    <\/div>\n  <\/section>\n","protected":false},"excerpt":{"rendered":"<p>I like the idea of each work being unusual, of being taken away into an imaginary and curious world, like a &#8216;curiosity&#8217; painting, where you can see an enormous tulle petticoat emerging from the canvas or a real Led light jewel attached to the painting. Johanne Cinier She mixes codes, influences and techniques in a [&hellip;]<\/p>\n","protected":false},"author":10,"featured_media":28757,"parent":10820,"menu_order":2,"comment_status":"closed","ping_status":"closed","template":"","meta":{"_acf_changed":false,"inline_featured_image":false,"footnotes":""},"class_list":["post-29774","page","type-page","status-publish","has-post-thumbnail","hentry"],"acf":[],"yoast_head":"<!-- This site is optimized with the Yoast SEO plugin v27.5 - https:\/\/yoast.com\/product\/yoast-seo-wordpress\/ -->\n<title>Art by Johanne | Cinier<\/title>\n<meta name=\"description\" content=\"I like the idea of each work being unusual, of being taken away into an imaginary and curious world, like a &#039;curiosity&#039; painting, where you can see an\" \/>\n<meta name=\"robots\" content=\"index, follow, max-snippet:-1, max-image-preview:large, max-video-preview:-1\" \/>\n<link rel=\"canonical\" href=\"https:\/\/www.cinier.com\/en\/maison-cinier\/art-by-johanne\/\" \/>\n<meta property=\"og:locale\" content=\"en_GB\" \/>\n<meta property=\"og:type\" content=\"article\" \/>\n<meta property=\"og:title\" content=\"Art by Johanne | Cinier\" \/>\n<meta property=\"og:description\" content=\"I like the idea of each work being unusual, of being taken away into an imaginary and curious world, like a &#039;curiosity&#039; painting, where you can see an\" \/>\n<meta property=\"og:url\" content=\"https:\/\/www.cinier.com\/en\/maison-cinier\/art-by-johanne\/\" \/>\n<meta property=\"og:site_name\" content=\"Cinier\" \/>\n<meta property=\"article:publisher\" content=\"https:\/\/www.facebook.com\/cinierdesign\/?ref=bookmarks\" \/>\n<meta property=\"article:modified_time\" content=\"2024-03-22T15:29:13+00:00\" \/>\n<meta property=\"og:image\" content=\"https:\/\/www.cinier.com\/app\/uploads\/2023\/06\/oeuvres-dart-sur-toile.jpg\" \/>\n\t<meta property=\"og:image:width\" content=\"1655\" \/>\n\t<meta property=\"og:image:height\" content=\"2283\" \/>\n\t<meta property=\"og:image:type\" content=\"image\/jpeg\" \/>\n<meta name=\"twitter:card\" content=\"summary_large_image\" \/>\n<meta name=\"twitter:label1\" content=\"Est. reading time\" \/>\n\t<meta name=\"twitter:data1\" content=\"2 minutes\" \/>\n<script type=\"application\/ld+json\" class=\"yoast-schema-graph\">{\"@context\":\"https:\\\/\\\/schema.org\",\"@graph\":[{\"@type\":\"WebPage\",\"@id\":\"https:\\\/\\\/www.cinier.com\\\/en\\\/maison-cinier\\\/art-by-johanne\\\/\",\"url\":\"https:\\\/\\\/www.cinier.com\\\/en\\\/maison-cinier\\\/art-by-johanne\\\/\",\"name\":\"Art by Johanne | Cinier\",\"isPartOf\":{\"@id\":\"https:\\\/\\\/www.cinier.com\\\/en\\\/#website\"},\"primaryImageOfPage\":{\"@id\":\"https:\\\/\\\/www.cinier.com\\\/en\\\/maison-cinier\\\/art-by-johanne\\\/#primaryimage\"},\"image\":{\"@id\":\"https:\\\/\\\/www.cinier.com\\\/en\\\/maison-cinier\\\/art-by-johanne\\\/#primaryimage\"},\"thumbnailUrl\":\"https:\\\/\\\/www.cinier.com\\\/app\\\/uploads\\\/2023\\\/06\\\/oeuvres-dart-sur-toile.jpg\",\"datePublished\":\"2024-03-22T15:29:12+00:00\",\"dateModified\":\"2024-03-22T15:29:13+00:00\",\"description\":\"I like the idea of each work being unusual, of being taken away into an imaginary and curious world, like a 'curiosity' painting, where you can see an\",\"breadcrumb\":{\"@id\":\"https:\\\/\\\/www.cinier.com\\\/en\\\/maison-cinier\\\/art-by-johanne\\\/#breadcrumb\"},\"inLanguage\":\"en-GB\",\"potentialAction\":[{\"@type\":\"ReadAction\",\"target\":[\"https:\\\/\\\/www.cinier.com\\\/en\\\/maison-cinier\\\/art-by-johanne\\\/\"]}]},{\"@type\":\"ImageObject\",\"inLanguage\":\"en-GB\",\"@id\":\"https:\\\/\\\/www.cinier.com\\\/en\\\/maison-cinier\\\/art-by-johanne\\\/#primaryimage\",\"url\":\"https:\\\/\\\/www.cinier.com\\\/app\\\/uploads\\\/2023\\\/06\\\/oeuvres-dart-sur-toile.jpg\",\"contentUrl\":\"https:\\\/\\\/www.cinier.com\\\/app\\\/uploads\\\/2023\\\/06\\\/oeuvres-dart-sur-toile.jpg\",\"width\":1655,\"height\":2283},{\"@type\":\"BreadcrumbList\",\"@id\":\"https:\\\/\\\/www.cinier.com\\\/en\\\/maison-cinier\\\/art-by-johanne\\\/#breadcrumb\",\"itemListElement\":[{\"@type\":\"ListItem\",\"position\":1,\"name\":\"Accueil\",\"item\":\"https:\\\/\\\/www.cinier.com\\\/en\\\/\"},{\"@type\":\"ListItem\",\"position\":2,\"name\":\"Maison Cinier\",\"item\":\"https:\\\/\\\/www.cinier.com\\\/en\\\/maison-cinier\\\/\"},{\"@type\":\"ListItem\",\"position\":3,\"name\":\"Art by Johanne\"}]},{\"@type\":\"WebSite\",\"@id\":\"https:\\\/\\\/www.cinier.com\\\/en\\\/#website\",\"url\":\"https:\\\/\\\/www.cinier.com\\\/en\\\/\",\"name\":\"Cinier\",\"description\":\"Radiateurs et Luminaires Contemporains\",\"publisher\":{\"@id\":\"https:\\\/\\\/www.cinier.com\\\/en\\\/#organization\"},\"potentialAction\":[{\"@type\":\"SearchAction\",\"target\":{\"@type\":\"EntryPoint\",\"urlTemplate\":\"https:\\\/\\\/www.cinier.com\\\/en\\\/?s={search_term_string}\"},\"query-input\":{\"@type\":\"PropertyValueSpecification\",\"valueRequired\":true,\"valueName\":\"search_term_string\"}}],\"inLanguage\":\"en-GB\"},{\"@type\":\"Organization\",\"@id\":\"https:\\\/\\\/www.cinier.com\\\/en\\\/#organization\",\"name\":\"Cinier\",\"url\":\"https:\\\/\\\/www.cinier.com\\\/en\\\/\",\"logo\":{\"@type\":\"ImageObject\",\"inLanguage\":\"en-GB\",\"@id\":\"https:\\\/\\\/www.cinier.com\\\/en\\\/#\\\/schema\\\/logo\\\/image\\\/\",\"url\":\"https:\\\/\\\/www.cinier.com\\\/app\\\/uploads\\\/2019\\\/08\\\/logo.png\",\"contentUrl\":\"https:\\\/\\\/www.cinier.com\\\/app\\\/uploads\\\/2019\\\/08\\\/logo.png\",\"width\":258,\"height\":122,\"caption\":\"Cinier\"},\"image\":{\"@id\":\"https:\\\/\\\/www.cinier.com\\\/en\\\/#\\\/schema\\\/logo\\\/image\\\/\"},\"sameAs\":[\"https:\\\/\\\/www.facebook.com\\\/cinierdesign\\\/?ref=bookmarks\",\"https:\\\/\\\/www.instagram.com\\\/cinier_design\\\/?hl=en\",\"https:\\\/\\\/www.linkedin.com\\\/company\\\/cinier-paris\\\/?viewAsMember=true\",\"https:\\\/\\\/www.pinterest.fr\\\/CINIERFrance\\\/\",\"https:\\\/\\\/www.youtube.com\\\/watch?v=EBncqm0X6-4\"]}]}<\/script>\n<!-- \/ Yoast SEO plugin. -->","yoast_head_json":{"title":"Art by Johanne | Cinier","description":"I like the idea of each work being unusual, of being taken away into an imaginary and curious world, like a 'curiosity' painting, where you can see an","robots":{"index":"index","follow":"follow","max-snippet":"max-snippet:-1","max-image-preview":"max-image-preview:large","max-video-preview":"max-video-preview:-1"},"canonical":"https:\/\/www.cinier.com\/en\/maison-cinier\/art-by-johanne\/","og_locale":"en_GB","og_type":"article","og_title":"Art by Johanne | Cinier","og_description":"I like the idea of each work being unusual, of being taken away into an imaginary and curious world, like a 'curiosity' painting, where you can see an","og_url":"https:\/\/www.cinier.com\/en\/maison-cinier\/art-by-johanne\/","og_site_name":"Cinier","article_publisher":"https:\/\/www.facebook.com\/cinierdesign\/?ref=bookmarks","article_modified_time":"2024-03-22T15:29:13+00:00","og_image":[{"width":1655,"height":2283,"url":"https:\/\/www.cinier.com\/app\/uploads\/2023\/06\/oeuvres-dart-sur-toile.jpg","type":"image\/jpeg"}],"twitter_card":"summary_large_image","twitter_misc":{"Est. reading time":"2 minutes"},"schema":{"@context":"https:\/\/schema.org","@graph":[{"@type":"WebPage","@id":"https:\/\/www.cinier.com\/en\/maison-cinier\/art-by-johanne\/","url":"https:\/\/www.cinier.com\/en\/maison-cinier\/art-by-johanne\/","name":"Art by Johanne | Cinier","isPartOf":{"@id":"https:\/\/www.cinier.com\/en\/#website"},"primaryImageOfPage":{"@id":"https:\/\/www.cinier.com\/en\/maison-cinier\/art-by-johanne\/#primaryimage"},"image":{"@id":"https:\/\/www.cinier.com\/en\/maison-cinier\/art-by-johanne\/#primaryimage"},"thumbnailUrl":"https:\/\/www.cinier.com\/app\/uploads\/2023\/06\/oeuvres-dart-sur-toile.jpg","datePublished":"2024-03-22T15:29:12+00:00","dateModified":"2024-03-22T15:29:13+00:00","description":"I like the idea of each work being unusual, of being taken away into an imaginary and curious world, like a 'curiosity' painting, where you can see an","breadcrumb":{"@id":"https:\/\/www.cinier.com\/en\/maison-cinier\/art-by-johanne\/#breadcrumb"},"inLanguage":"en-GB","potentialAction":[{"@type":"ReadAction","target":["https:\/\/www.cinier.com\/en\/maison-cinier\/art-by-johanne\/"]}]},{"@type":"ImageObject","inLanguage":"en-GB","@id":"https:\/\/www.cinier.com\/en\/maison-cinier\/art-by-johanne\/#primaryimage","url":"https:\/\/www.cinier.com\/app\/uploads\/2023\/06\/oeuvres-dart-sur-toile.jpg","contentUrl":"https:\/\/www.cinier.com\/app\/uploads\/2023\/06\/oeuvres-dart-sur-toile.jpg","width":1655,"height":2283},{"@type":"BreadcrumbList","@id":"https:\/\/www.cinier.com\/en\/maison-cinier\/art-by-johanne\/#breadcrumb","itemListElement":[{"@type":"ListItem","position":1,"name":"Accueil","item":"https:\/\/www.cinier.com\/en\/"},{"@type":"ListItem","position":2,"name":"Maison Cinier","item":"https:\/\/www.cinier.com\/en\/maison-cinier\/"},{"@type":"ListItem","position":3,"name":"Art by Johanne"}]},{"@type":"WebSite","@id":"https:\/\/www.cinier.com\/en\/#website","url":"https:\/\/www.cinier.com\/en\/","name":"Cinier","description":"Radiateurs et Luminaires Contemporains","publisher":{"@id":"https:\/\/www.cinier.com\/en\/#organization"},"potentialAction":[{"@type":"SearchAction","target":{"@type":"EntryPoint","urlTemplate":"https:\/\/www.cinier.com\/en\/?s={search_term_string}"},"query-input":{"@type":"PropertyValueSpecification","valueRequired":true,"valueName":"search_term_string"}}],"inLanguage":"en-GB"},{"@type":"Organization","@id":"https:\/\/www.cinier.com\/en\/#organization","name":"Cinier","url":"https:\/\/www.cinier.com\/en\/","logo":{"@type":"ImageObject","inLanguage":"en-GB","@id":"https:\/\/www.cinier.com\/en\/#\/schema\/logo\/image\/","url":"https:\/\/www.cinier.com\/app\/uploads\/2019\/08\/logo.png","contentUrl":"https:\/\/www.cinier.com\/app\/uploads\/2019\/08\/logo.png","width":258,"height":122,"caption":"Cinier"},"image":{"@id":"https:\/\/www.cinier.com\/en\/#\/schema\/logo\/image\/"},"sameAs":["https:\/\/www.facebook.com\/cinierdesign\/?ref=bookmarks","https:\/\/www.instagram.com\/cinier_design\/?hl=en","https:\/\/www.linkedin.com\/company\/cinier-paris\/?viewAsMember=true","https:\/\/www.pinterest.fr\/CINIERFrance\/","https:\/\/www.youtube.com\/watch?v=EBncqm0X6-4"]}]}},"_links":{"self":[{"href":"https:\/\/www.cinier.com\/en\/wp-json\/wp\/v2\/pages\/29774","targetHints":{"allow":["GET"]}}],"collection":[{"href":"https:\/\/www.cinier.com\/en\/wp-json\/wp\/v2\/pages"}],"about":[{"href":"https:\/\/www.cinier.com\/en\/wp-json\/wp\/v2\/types\/page"}],"author":[{"embeddable":true,"href":"https:\/\/www.cinier.com\/en\/wp-json\/wp\/v2\/users\/10"}],"replies":[{"embeddable":true,"href":"https:\/\/www.cinier.com\/en\/wp-json\/wp\/v2\/comments?post=29774"}],"version-history":[{"count":1,"href":"https:\/\/www.cinier.com\/en\/wp-json\/wp\/v2\/pages\/29774\/revisions"}],"predecessor-version":[{"id":29775,"href":"https:\/\/www.cinier.com\/en\/wp-json\/wp\/v2\/pages\/29774\/revisions\/29775"}],"up":[{"embeddable":true,"href":"https:\/\/www.cinier.com\/en\/wp-json\/wp\/v2\/pages\/10820"}],"wp:featuredmedia":[{"embeddable":true,"href":"https:\/\/www.cinier.com\/en\/wp-json\/wp\/v2\/media\/28757"}],"wp:attachment":[{"href":"https:\/\/www.cinier.com\/en\/wp-json\/wp\/v2\/media?parent=29774"}],"curies":[{"name":"wp","href":"https:\/\/api.w.org\/{rel}","templated":true}]}}