{"id":29766,"date":"2024-03-22T16:05:37","date_gmt":"2024-03-22T15:05:37","guid":{"rendered":"https:\/\/www.cinier.com\/?page_id=29766"},"modified":"2024-03-22T16:05:37","modified_gmt":"2024-03-22T15:05:37","slug":"kunst-von-johanne","status":"publish","type":"page","link":"https:\/\/www.cinier.com\/de\/maison-cinier\/kunst-von-johanne\/","title":{"rendered":"Kunst von Johanne"},"content":{"rendered":"<section class=\"ps-block ps-block--quote\" data-animated>\n  <div class=\"ps-block__container\">\n    <div class=\"ps-block__grid\">\n      <div class=\"ps-block__content\">\n        <div class=\"ps-block__body\">\n          <div class=\"ps-block__item\">\n                          \n<p>Ich mag die Idee, dass jedes Werk ungew\u00f6hnlich ist, in eine imagin\u00e4re und kuriose Welt entf\u00fchrt wird, wie ein &#8220;Kuriosit\u00e4ten&#8221;-Bild, bei dem man einen riesigen T\u00fcllrock aus der Leinwand herausschauen kann oder ein echtes Schmuckst\u00fcck aus Led-Licht, das am Bild befestigt ist.<\/p>\n\n                                      \n<blockquote class=\"wp-block-quote\"><cite><a href=\"https:\/\/cinierstore.com\/collections\/oeuvre-dart-sur-toile\" target=\"_blank\" rel=\"noreferrer noopener\">Johanne Cinier<\/a><\/cite><\/blockquote>\n\n                      <\/div>\n        <\/div>\n      <\/div>\n    <\/div>\n  <\/div>\n<\/section>\n\n\n<section class=\"ps-block ps-block--textimage image-left\" data-animated>\n  <div class=\"ps-block__container\">\n    <div class=\"ps-block__grid\">\n\n      <div class=\"ps-block__img\">\n                  <img class=\"lozad\" data-src=\"https:\/\/www.cinier.com\/app\/uploads\/2023\/06\/oeuvres-dart-sur-toile-690x640.jpg\" data-srcset=\"https:\/\/www.cinier.com\/app\/uploads\/2023\/06\/oeuvres-dart-sur-toile-690x640.jpg 690w\" alt=\"\">\n              <\/div>\n\n      <div class=\"ps-block__body \">\n                        <p class=\"text\">\n          Johanne Cinier aus S\u00e8te studierte an der \u00c9cole des Beaux-Arts in S\u00e8te und anschlie\u00dfend in Marseille Modedesign und Modellbau. Sie arbeitete sechs Jahre lang bei Givenchy und Arrow, bevor sie das Bed\u00fcrfnis versp\u00fcrte, wieder Zeit f\u00fcr ihren Schaffensdrang zu finden, um zu malen, zu zeichnen, zu skulptieren und alle m\u00f6glichen Techniken zu kombinieren. Sie kehrt in das Familienunternehmen zur\u00fcck, um die Einzelst\u00fccke der Cinier-Heizk\u00f6rper zu entwerfen, l\u00e4sst aber parallel dazu ihre Kreativit\u00e4t und Fantasie sprechen.\n        <\/p>\n                      <\/div>\n\n    <\/div>\n  <\/div>\n<\/section>\n\n\n<section class=\"ps-block ps-block--paragraph\" data-animated>\n  <div class=\"ps-block__container\">\n    <div class=\"ps-block__grid\">\n      <div class=\"ps-block__content\">\n        <div class=\"ps-block__body\">\n          <div class=\"ps-block__item\">\n            \n<p><\/p>\n\n          <\/div>\n        <\/div>\n      <\/div>\n    <\/div>\n  <\/div>\n<\/section>\n\n\n<section class=\"ps-block ps-block--paragraph\" data-animated>\n  <div class=\"ps-block__container\">\n    <div class=\"ps-block__grid\">\n      <div class=\"ps-block__content\">\n        <div class=\"ps-block__body\">\n          <div class=\"ps-block__item\">\n            \n<p>Sie vermischt Codes, Einfl\u00fcsse und Techniken in einer F\u00fclle von Kreativit\u00e4t, ohne sich selbst Regeln aufzuerlegen, au\u00dfer denen der Vorstellungskraft. In ihren Werken finden sich alle m\u00f6glichen Techniken und Materialien (Fotos, Spitzen, Accessoires, Kleidung, Acryl, Holz, Keramik, Objekte und Collagen), um eine visuelle Kraft zu erzeugen.<\/p>\n\n          <\/div>\n        <\/div>\n      <\/div>\n    <\/div>\n  <\/div>\n<\/section>\n\n\n<section class=\"ps-block ps-block--paragraph\" data-animated>\n  <div class=\"ps-block__container\">\n    <div class=\"ps-block__grid\">\n      <div class=\"ps-block__content\">\n        <div class=\"ps-block__body\">\n          <div class=\"ps-block__item\">\n            \n<p>Um Johannes&#8217; Arbeit und die im Atelier verf\u00fcgbaren Bilder kennenzulernen: <a href=\"https:\/\/cinierstore.com\/collections\/oeuvre-dart-sur-toile\">cliquez ici<\/a>.<\/p>\n\n          <\/div>\n        <\/div>\n      <\/div>\n    <\/div>\n  <\/div>\n<\/section>\n\n\n  <section class=\"ps-block ps-block--carousel-freemode js-photoswipe\" data-animated>\n    <div class=\"ps-block__container\">\n            <div class=\"ps-block__grid\">\n        <div class=\"ps-block__content\">\n          <div class=\"ps-block__body\">\n            <div class=\"swiper-container js-swiper-freemode\">\n              <div class=\"swiper-wrapper\">\n                <div class=\"ps-block__item swiper-slide\">\n      <figure itemprop=\"associatedMedia\" itemscope itemtype=\"http:\/\/schema.org\/ImageObject\">\n      <a href=\"https:\/\/www.cinier.com\/app\/uploads\/2023\/06\/oeuvres-dart-sur-toile-2-2400x1037.jpg\" itemprop=\"contentUrl\" data-size=\"3840x1659\">\n        <img decoding=\"async\" src=\"https:\/\/www.cinier.com\/app\/uploads\/2023\/06\/oeuvres-dart-sur-toile-2-1024x442.jpg\" itemprop=\"thumbnail\" alt=\"\">\n      <\/a>\n          <\/figure>\n  <\/div>\n<div class=\"ps-block__item swiper-slide\">\n      <figure itemprop=\"associatedMedia\" itemscope itemtype=\"http:\/\/schema.org\/ImageObject\">\n      <a href=\"https:\/\/www.cinier.com\/app\/uploads\/2023\/06\/oeuvres-dart-sur-toile-3.jpg\" itemprop=\"contentUrl\" data-size=\"1580x1869\">\n        <img decoding=\"async\" src=\"https:\/\/www.cinier.com\/app\/uploads\/2023\/06\/oeuvres-dart-sur-toile-3-457x540.jpg\" itemprop=\"thumbnail\" alt=\"\">\n      <\/a>\n          <\/figure>\n  <\/div>\n<div class=\"ps-block__item swiper-slide\">\n      <figure itemprop=\"associatedMedia\" itemscope itemtype=\"http:\/\/schema.org\/ImageObject\">\n      <a href=\"https:\/\/www.cinier.com\/app\/uploads\/2023\/06\/oeuvres-dart-sur-toile-4-2400x2377.jpg\" itemprop=\"contentUrl\" data-size=\"3840x3803\">\n        <img decoding=\"async\" src=\"https:\/\/www.cinier.com\/app\/uploads\/2023\/06\/oeuvres-dart-sur-toile-4-545x540.jpg\" itemprop=\"thumbnail\" alt=\"\">\n      <\/a>\n          <\/figure>\n  <\/div>\n<div class=\"ps-block__item swiper-slide\">\n      <figure itemprop=\"associatedMedia\" itemscope itemtype=\"http:\/\/schema.org\/ImageObject\">\n      <a href=\"https:\/\/www.cinier.com\/app\/uploads\/2023\/06\/oeuvres-dart-sur-toile-5.jpg\" itemprop=\"contentUrl\" data-size=\"1742x2263\">\n        <img decoding=\"async\" src=\"https:\/\/www.cinier.com\/app\/uploads\/2023\/06\/oeuvres-dart-sur-toile-5-416x540.jpg\" itemprop=\"thumbnail\" alt=\"\">\n      <\/a>\n          <\/figure>\n  <\/div>\n              <\/div>\n              <div class=\"swiper-button-prev\"><\/div>\n              <div class=\"swiper-button-next\"><\/div>\n              <div class=\"swiper-pagination\"><\/div>\n            <\/div>\n          <\/div>\n        <\/div>\n      <\/div>\n    <\/div>\n  <\/section>\n","protected":false},"excerpt":{"rendered":"<p>Ich mag die Idee, dass jedes Werk ungew\u00f6hnlich ist, in eine imagin\u00e4re und kuriose Welt entf\u00fchrt wird, wie ein &#8220;Kuriosit\u00e4ten&#8221;-Bild, bei dem man einen riesigen T\u00fcllrock aus der Leinwand herausschauen kann oder ein echtes Schmuckst\u00fcck aus Led-Licht, das am Bild befestigt ist. Johanne Cinier Sie vermischt Codes, Einfl\u00fcsse und Techniken in einer F\u00fclle von Kreativit\u00e4t, [&hellip;]<\/p>\n","protected":false},"author":10,"featured_media":28759,"parent":10809,"menu_order":2,"comment_status":"closed","ping_status":"closed","template":"","meta":{"_acf_changed":false,"inline_featured_image":false,"footnotes":""},"class_list":["post-29766","page","type-page","status-publish","has-post-thumbnail","hentry"],"acf":[],"yoast_head":"<!-- This site is optimized with the Yoast SEO plugin v27.5 - https:\/\/yoast.com\/product\/yoast-seo-wordpress\/ -->\n<title>Kunst von Johanne | Cinier<\/title>\n<meta name=\"description\" content=\"Ich mag die Idee, dass jedes Werk ungew\u00f6hnlich ist, in eine imagin\u00e4re und kuriose Welt entf\u00fchrt wird, wie ein &quot;Kuriosit\u00e4ten&quot;-Bild, bei dem man einen\" \/>\n<meta name=\"robots\" content=\"index, follow, max-snippet:-1, max-image-preview:large, max-video-preview:-1\" \/>\n<link rel=\"canonical\" href=\"https:\/\/www.cinier.com\/de\/maison-cinier\/kunst-von-johanne\/\" \/>\n<meta property=\"og:locale\" content=\"de_DE\" \/>\n<meta property=\"og:type\" content=\"article\" \/>\n<meta property=\"og:title\" content=\"Kunst von Johanne | Cinier\" \/>\n<meta property=\"og:description\" content=\"Ich mag die Idee, dass jedes Werk ungew\u00f6hnlich ist, in eine imagin\u00e4re und kuriose Welt entf\u00fchrt wird, wie ein &quot;Kuriosit\u00e4ten&quot;-Bild, bei dem man einen\" \/>\n<meta property=\"og:url\" content=\"https:\/\/www.cinier.com\/de\/maison-cinier\/kunst-von-johanne\/\" \/>\n<meta property=\"og:site_name\" content=\"Cinier\" \/>\n<meta property=\"article:publisher\" content=\"https:\/\/www.facebook.com\/cinierdesign\/?ref=bookmarks\" \/>\n<meta property=\"og:image\" content=\"https:\/\/www.cinier.com\/app\/uploads\/2023\/06\/oeuvres-dart-sur-toile.jpg\" \/>\n\t<meta property=\"og:image:width\" content=\"1655\" \/>\n\t<meta property=\"og:image:height\" content=\"2283\" \/>\n\t<meta property=\"og:image:type\" content=\"image\/jpeg\" \/>\n<meta name=\"twitter:card\" content=\"summary_large_image\" \/>\n<meta name=\"twitter:label1\" content=\"Est. reading time\" \/>\n\t<meta name=\"twitter:data1\" content=\"2 minutes\" \/>\n<script type=\"application\/ld+json\" class=\"yoast-schema-graph\">{\"@context\":\"https:\\\/\\\/schema.org\",\"@graph\":[{\"@type\":\"WebPage\",\"@id\":\"https:\\\/\\\/www.cinier.com\\\/de\\\/maison-cinier\\\/kunst-von-johanne\\\/\",\"url\":\"https:\\\/\\\/www.cinier.com\\\/de\\\/maison-cinier\\\/kunst-von-johanne\\\/\",\"name\":\"Kunst von Johanne | Cinier\",\"isPartOf\":{\"@id\":\"https:\\\/\\\/www.cinier.com\\\/de\\\/#website\"},\"primaryImageOfPage\":{\"@id\":\"https:\\\/\\\/www.cinier.com\\\/de\\\/maison-cinier\\\/kunst-von-johanne\\\/#primaryimage\"},\"image\":{\"@id\":\"https:\\\/\\\/www.cinier.com\\\/de\\\/maison-cinier\\\/kunst-von-johanne\\\/#primaryimage\"},\"thumbnailUrl\":\"https:\\\/\\\/www.cinier.com\\\/app\\\/uploads\\\/2023\\\/06\\\/oeuvres-dart-sur-toile.jpg\",\"datePublished\":\"2024-03-22T15:05:37+00:00\",\"description\":\"Ich mag die Idee, dass jedes Werk ungew\u00f6hnlich ist, in eine imagin\u00e4re und kuriose Welt entf\u00fchrt wird, wie ein \\\"Kuriosit\u00e4ten\\\"-Bild, bei dem man einen\",\"breadcrumb\":{\"@id\":\"https:\\\/\\\/www.cinier.com\\\/de\\\/maison-cinier\\\/kunst-von-johanne\\\/#breadcrumb\"},\"inLanguage\":\"de-DE\",\"potentialAction\":[{\"@type\":\"ReadAction\",\"target\":[\"https:\\\/\\\/www.cinier.com\\\/de\\\/maison-cinier\\\/kunst-von-johanne\\\/\"]}]},{\"@type\":\"ImageObject\",\"inLanguage\":\"de-DE\",\"@id\":\"https:\\\/\\\/www.cinier.com\\\/de\\\/maison-cinier\\\/kunst-von-johanne\\\/#primaryimage\",\"url\":\"https:\\\/\\\/www.cinier.com\\\/app\\\/uploads\\\/2023\\\/06\\\/oeuvres-dart-sur-toile.jpg\",\"contentUrl\":\"https:\\\/\\\/www.cinier.com\\\/app\\\/uploads\\\/2023\\\/06\\\/oeuvres-dart-sur-toile.jpg\",\"width\":1655,\"height\":2283},{\"@type\":\"BreadcrumbList\",\"@id\":\"https:\\\/\\\/www.cinier.com\\\/de\\\/maison-cinier\\\/kunst-von-johanne\\\/#breadcrumb\",\"itemListElement\":[{\"@type\":\"ListItem\",\"position\":1,\"name\":\"Accueil\",\"item\":\"https:\\\/\\\/www.cinier.com\\\/de\\\/\"},{\"@type\":\"ListItem\",\"position\":2,\"name\":\"Maison Cinier\",\"item\":\"https:\\\/\\\/www.cinier.com\\\/de\\\/maison-cinier\\\/\"},{\"@type\":\"ListItem\",\"position\":3,\"name\":\"Kunst von Johanne\"}]},{\"@type\":\"WebSite\",\"@id\":\"https:\\\/\\\/www.cinier.com\\\/de\\\/#website\",\"url\":\"https:\\\/\\\/www.cinier.com\\\/de\\\/\",\"name\":\"Cinier\",\"description\":\"Radiateurs et Luminaires Contemporains\",\"publisher\":{\"@id\":\"https:\\\/\\\/www.cinier.com\\\/de\\\/#organization\"},\"potentialAction\":[{\"@type\":\"SearchAction\",\"target\":{\"@type\":\"EntryPoint\",\"urlTemplate\":\"https:\\\/\\\/www.cinier.com\\\/de\\\/?s={search_term_string}\"},\"query-input\":{\"@type\":\"PropertyValueSpecification\",\"valueRequired\":true,\"valueName\":\"search_term_string\"}}],\"inLanguage\":\"de-DE\"},{\"@type\":\"Organization\",\"@id\":\"https:\\\/\\\/www.cinier.com\\\/de\\\/#organization\",\"name\":\"Cinier\",\"url\":\"https:\\\/\\\/www.cinier.com\\\/de\\\/\",\"logo\":{\"@type\":\"ImageObject\",\"inLanguage\":\"de-DE\",\"@id\":\"https:\\\/\\\/www.cinier.com\\\/de\\\/#\\\/schema\\\/logo\\\/image\\\/\",\"url\":\"https:\\\/\\\/www.cinier.com\\\/app\\\/uploads\\\/2019\\\/08\\\/logo.png\",\"contentUrl\":\"https:\\\/\\\/www.cinier.com\\\/app\\\/uploads\\\/2019\\\/08\\\/logo.png\",\"width\":258,\"height\":122,\"caption\":\"Cinier\"},\"image\":{\"@id\":\"https:\\\/\\\/www.cinier.com\\\/de\\\/#\\\/schema\\\/logo\\\/image\\\/\"},\"sameAs\":[\"https:\\\/\\\/www.facebook.com\\\/cinierdesign\\\/?ref=bookmarks\",\"https:\\\/\\\/www.instagram.com\\\/cinier_design\\\/?hl=en\",\"https:\\\/\\\/www.linkedin.com\\\/company\\\/cinier-paris\\\/?viewAsMember=true\",\"https:\\\/\\\/www.pinterest.fr\\\/CINIERFrance\\\/\",\"https:\\\/\\\/www.youtube.com\\\/watch?v=EBncqm0X6-4\"]}]}<\/script>\n<!-- \/ Yoast SEO plugin. -->","yoast_head_json":{"title":"Kunst von Johanne | Cinier","description":"Ich mag die Idee, dass jedes Werk ungew\u00f6hnlich ist, in eine imagin\u00e4re und kuriose Welt entf\u00fchrt wird, wie ein \"Kuriosit\u00e4ten\"-Bild, bei dem man einen","robots":{"index":"index","follow":"follow","max-snippet":"max-snippet:-1","max-image-preview":"max-image-preview:large","max-video-preview":"max-video-preview:-1"},"canonical":"https:\/\/www.cinier.com\/de\/maison-cinier\/kunst-von-johanne\/","og_locale":"de_DE","og_type":"article","og_title":"Kunst von Johanne | Cinier","og_description":"Ich mag die Idee, dass jedes Werk ungew\u00f6hnlich ist, in eine imagin\u00e4re und kuriose Welt entf\u00fchrt wird, wie ein \"Kuriosit\u00e4ten\"-Bild, bei dem man einen","og_url":"https:\/\/www.cinier.com\/de\/maison-cinier\/kunst-von-johanne\/","og_site_name":"Cinier","article_publisher":"https:\/\/www.facebook.com\/cinierdesign\/?ref=bookmarks","og_image":[{"width":1655,"height":2283,"url":"https:\/\/www.cinier.com\/app\/uploads\/2023\/06\/oeuvres-dart-sur-toile.jpg","type":"image\/jpeg"}],"twitter_card":"summary_large_image","twitter_misc":{"Est. reading time":"2 minutes"},"schema":{"@context":"https:\/\/schema.org","@graph":[{"@type":"WebPage","@id":"https:\/\/www.cinier.com\/de\/maison-cinier\/kunst-von-johanne\/","url":"https:\/\/www.cinier.com\/de\/maison-cinier\/kunst-von-johanne\/","name":"Kunst von Johanne | Cinier","isPartOf":{"@id":"https:\/\/www.cinier.com\/de\/#website"},"primaryImageOfPage":{"@id":"https:\/\/www.cinier.com\/de\/maison-cinier\/kunst-von-johanne\/#primaryimage"},"image":{"@id":"https:\/\/www.cinier.com\/de\/maison-cinier\/kunst-von-johanne\/#primaryimage"},"thumbnailUrl":"https:\/\/www.cinier.com\/app\/uploads\/2023\/06\/oeuvres-dart-sur-toile.jpg","datePublished":"2024-03-22T15:05:37+00:00","description":"Ich mag die Idee, dass jedes Werk ungew\u00f6hnlich ist, in eine imagin\u00e4re und kuriose Welt entf\u00fchrt wird, wie ein \"Kuriosit\u00e4ten\"-Bild, bei dem man einen","breadcrumb":{"@id":"https:\/\/www.cinier.com\/de\/maison-cinier\/kunst-von-johanne\/#breadcrumb"},"inLanguage":"de-DE","potentialAction":[{"@type":"ReadAction","target":["https:\/\/www.cinier.com\/de\/maison-cinier\/kunst-von-johanne\/"]}]},{"@type":"ImageObject","inLanguage":"de-DE","@id":"https:\/\/www.cinier.com\/de\/maison-cinier\/kunst-von-johanne\/#primaryimage","url":"https:\/\/www.cinier.com\/app\/uploads\/2023\/06\/oeuvres-dart-sur-toile.jpg","contentUrl":"https:\/\/www.cinier.com\/app\/uploads\/2023\/06\/oeuvres-dart-sur-toile.jpg","width":1655,"height":2283},{"@type":"BreadcrumbList","@id":"https:\/\/www.cinier.com\/de\/maison-cinier\/kunst-von-johanne\/#breadcrumb","itemListElement":[{"@type":"ListItem","position":1,"name":"Accueil","item":"https:\/\/www.cinier.com\/de\/"},{"@type":"ListItem","position":2,"name":"Maison Cinier","item":"https:\/\/www.cinier.com\/de\/maison-cinier\/"},{"@type":"ListItem","position":3,"name":"Kunst von Johanne"}]},{"@type":"WebSite","@id":"https:\/\/www.cinier.com\/de\/#website","url":"https:\/\/www.cinier.com\/de\/","name":"Cinier","description":"Radiateurs et Luminaires Contemporains","publisher":{"@id":"https:\/\/www.cinier.com\/de\/#organization"},"potentialAction":[{"@type":"SearchAction","target":{"@type":"EntryPoint","urlTemplate":"https:\/\/www.cinier.com\/de\/?s={search_term_string}"},"query-input":{"@type":"PropertyValueSpecification","valueRequired":true,"valueName":"search_term_string"}}],"inLanguage":"de-DE"},{"@type":"Organization","@id":"https:\/\/www.cinier.com\/de\/#organization","name":"Cinier","url":"https:\/\/www.cinier.com\/de\/","logo":{"@type":"ImageObject","inLanguage":"de-DE","@id":"https:\/\/www.cinier.com\/de\/#\/schema\/logo\/image\/","url":"https:\/\/www.cinier.com\/app\/uploads\/2019\/08\/logo.png","contentUrl":"https:\/\/www.cinier.com\/app\/uploads\/2019\/08\/logo.png","width":258,"height":122,"caption":"Cinier"},"image":{"@id":"https:\/\/www.cinier.com\/de\/#\/schema\/logo\/image\/"},"sameAs":["https:\/\/www.facebook.com\/cinierdesign\/?ref=bookmarks","https:\/\/www.instagram.com\/cinier_design\/?hl=en","https:\/\/www.linkedin.com\/company\/cinier-paris\/?viewAsMember=true","https:\/\/www.pinterest.fr\/CINIERFrance\/","https:\/\/www.youtube.com\/watch?v=EBncqm0X6-4"]}]}},"_links":{"self":[{"href":"https:\/\/www.cinier.com\/de\/wp-json\/wp\/v2\/pages\/29766","targetHints":{"allow":["GET"]}}],"collection":[{"href":"https:\/\/www.cinier.com\/de\/wp-json\/wp\/v2\/pages"}],"about":[{"href":"https:\/\/www.cinier.com\/de\/wp-json\/wp\/v2\/types\/page"}],"author":[{"embeddable":true,"href":"https:\/\/www.cinier.com\/de\/wp-json\/wp\/v2\/users\/10"}],"replies":[{"embeddable":true,"href":"https:\/\/www.cinier.com\/de\/wp-json\/wp\/v2\/comments?post=29766"}],"version-history":[{"count":1,"href":"https:\/\/www.cinier.com\/de\/wp-json\/wp\/v2\/pages\/29766\/revisions"}],"predecessor-version":[{"id":29767,"href":"https:\/\/www.cinier.com\/de\/wp-json\/wp\/v2\/pages\/29766\/revisions\/29767"}],"up":[{"embeddable":true,"href":"https:\/\/www.cinier.com\/de\/wp-json\/wp\/v2\/pages\/10809"}],"wp:featuredmedia":[{"embeddable":true,"href":"https:\/\/www.cinier.com\/de\/wp-json\/wp\/v2\/media\/28759"}],"wp:attachment":[{"href":"https:\/\/www.cinier.com\/de\/wp-json\/wp\/v2\/media?parent=29766"}],"curies":[{"name":"wp","href":"https:\/\/api.w.org\/{rel}","templated":true}]}}