{"id":10830,"date":"2019-07-30T14:01:06","date_gmt":"2019-07-30T12:01:06","guid":{"rendered":"http:\/\/www.cinier.com\/revendeurs\/"},"modified":"2025-10-07T16:58:20","modified_gmt":"2025-10-07T14:58:20","slug":"revendeurs","status":"publish","type":"page","link":"https:\/\/www.cinier.com\/de\/revendeurs\/","title":{"rendered":"Verkaufsstellen"},"content":{"rendered":"<section class=\"ps-block ps-block--heading\" data-animated>\n  <div class=\"ps-block__container\">\n    <div class=\"ps-block__grid\">\n      <div class=\"ps-block__content\">\n        <div class=\"ps-block__body\">\n          <div class=\"ps-block__item\">\n            \n<h2 class=\"wp-block-heading\">DEUTSCHLAND &amp; \u00d6STERREICH:<\/h2>\n\n          <\/div>\n        <\/div>\n      <\/div>\n    <\/div>\n  <\/div>\n<\/section>\n\n\n<section class=\"ps-block ps-block--paragraph\" data-animated>\n  <div class=\"ps-block__container\">\n    <div class=\"ps-block__grid\">\n      <div class=\"ps-block__content\">\n        <div class=\"ps-block__body\">\n          <div class=\"ps-block__item\">\n            \n<p>Sie k\u00f6nnen Ihr CINIER-Modell direkt bei unserem Atelier in Frankreich bestellen.<\/p>\n\n          <\/div>\n        <\/div>\n      <\/div>\n    <\/div>\n  <\/div>\n<\/section>\n\n\n<section class=\"ps-block ps-block--paragraph\" data-animated>\n  <div class=\"ps-block__container\">\n    <div class=\"ps-block__grid\">\n      <div class=\"ps-block__content\">\n        <div class=\"ps-block__body\">\n          <div class=\"ps-block__item\">\n            \n<p>Entweder \u00fcber diese CINIER-Website oder \u00fcber die Website https:\/\/cinierstore.com\/<\/p>\n\n          <\/div>\n        <\/div>\n      <\/div>\n    <\/div>\n  <\/div>\n<\/section>\n\n\n<section class=\"ps-block ps-block--paragraph\" data-animated>\n  <div class=\"ps-block__container\">\n    <div class=\"ps-block__grid\">\n      <div class=\"ps-block__content\">\n        <div class=\"ps-block__body\">\n          <div class=\"ps-block__item\">\n            \n<p>Kontakt f\u00fcr Deutschland und \u00d6sterreich:<\/p>\n\n          <\/div>\n        <\/div>\n      <\/div>\n    <\/div>\n  <\/div>\n<\/section>\n\n\n<section class=\"ps-block ps-block--paragraph\" data-animated>\n  <div class=\"ps-block__container\">\n    <div class=\"ps-block__grid\">\n      <div class=\"ps-block__content\">\n        <div class=\"ps-block__body\">\n          <div class=\"ps-block__item\">\n            \n<p><strong>Frau Johanna Cinier-Buser<\/strong><\/p>\n\n          <\/div>\n        <\/div>\n      <\/div>\n    <\/div>\n  <\/div>\n<\/section>\n\n\n<section class=\"ps-block ps-block--paragraph\" data-animated>\n  <div class=\"ps-block__container\">\n    <div class=\"ps-block__grid\">\n      <div class=\"ps-block__content\">\n        <div class=\"ps-block__body\">\n          <div class=\"ps-block__item\">\n            \n<p><strong>Tel. +33 4 67 18 19 53 \/ commercial@cinier.com<\/strong><\/p>\n\n          <\/div>\n        <\/div>\n      <\/div>\n    <\/div>\n  <\/div>\n<\/section>\n\n\n<section class=\"ps-block ps-block--heading\" data-animated>\n  <div class=\"ps-block__container\">\n    <div class=\"ps-block__grid\">\n      <div class=\"ps-block__content\">\n        <div class=\"ps-block__body\">\n          <div class=\"ps-block__item\">\n            \n<h2 class=\"wp-block-heading\">FRANKREICH:<\/h2>\n\n          <\/div>\n        <\/div>\n      <\/div>\n    <\/div>\n  <\/div>\n<\/section>\n\n\n<section class=\"ps-block ps-block--paragraph\" data-animated>\n  <div class=\"ps-block__container\">\n    <div class=\"ps-block__grid\">\n      <div class=\"ps-block__content\">\n        <div class=\"ps-block__body\">\n          <div class=\"ps-block__item\">\n            \n<p>Atelier CINIER verkauft seine Produkte \u00fcber eine Netz von Installateuren und ausgesuchten Gro\u00dfh\u00e4ndlern im Bereich Bad\/Sanit\u00e4r\/Heizung.<\/p>\n\n          <\/div>\n        <\/div>\n      <\/div>\n    <\/div>\n  <\/div>\n<\/section>\n\n\n<section class=\"ps-block ps-block--paragraph\" data-animated>\n  <div class=\"ps-block__container\">\n    <div class=\"ps-block__grid\">\n      <div class=\"ps-block__content\">\n        <div class=\"ps-block__body\">\n          <div class=\"ps-block__item\">\n            \n<p>Sie k\u00f6nnen direkt bei den besten Heizungsbauern und Installat\u00f6ren in Ihrer Stadt bestellen oder in den sch\u00f6nsten Bad\/Heizungs-Ausstellungsr\u00e4umen.<\/p>\n\n          <\/div>\n        <\/div>\n      <\/div>\n    <\/div>\n  <\/div>\n<\/section>\n\n\n<section class=\"ps-block ps-block--paragraph\" data-animated>\n  <div class=\"ps-block__container\">\n    <div class=\"ps-block__grid\">\n      <div class=\"ps-block__content\">\n        <div class=\"ps-block__body\">\n          <div class=\"ps-block__item\">\n            \n<p>CINIER verf\u00fcgt \u00fcber eine unabh\u00e4ngige Vertriebsgellschaft, die exklusiv die Marke CINIER verkauft. Der speziell geschulte Konzessionsinhaber kann Sie gerne bei pers\u00f6nlichen Projekten mit seinem Rat und seinem technischen Wissen unterst\u00fctzen: Bestellung von \u201cUnikaten\u201d und sonstige Spezialw\u00fcnsche (personnalisierte Abmessungen oder Farben ausserhalb vom CINIER-Katalog).Eine telefonische Absprache ist erforderlich um den Showroom zu besuchen, in dem sich 16 Modelle befinden:<br>CINIER Concession : 10 rue pr\u00e9s aux clercs 75007 PARIS \u2013&nbsp;Tel: (+33)&nbsp;01 45 48 68 43, Mobile : (+33)6 16 67 85 16<\/p>\n\n          <\/div>\n        <\/div>\n      <\/div>\n    <\/div>\n  <\/div>\n<\/section>\n\n\n<section class=\"ps-block ps-block--paragraph\" data-animated>\n  <div class=\"ps-block__container\">\n    <div class=\"ps-block__grid\">\n      <div class=\"ps-block__content\">\n        <div class=\"ps-block__body\">\n          <div class=\"ps-block__item\">\n            \n<p>F\u00fcr zus\u00e4tzliche Informationen, oder die Adressen von Installateuren und Verkaufsstellen mit ausgestellten CINIER-Modellen in Ihrer N\u00e4he, k\u00f6nnen Sie uns unter dieser Nummer erreichen (+33) 04 67 18 19 53 oder&nbsp;<a>info@cinier.com<\/a><\/p>\n\n          <\/div>\n        <\/div>\n      <\/div>\n    <\/div>\n  <\/div>\n<\/section>\n\n\n<section class=\"ps-block ps-block--paragraph\" data-animated>\n  <div class=\"ps-block__container\">\n    <div class=\"ps-block__grid\">\n      <div class=\"ps-block__content\">\n        <div class=\"ps-block__body\">\n          <div class=\"ps-block__item\">\n            \n<p>Atelier Cinier \u2013 showroom &amp; atelier : Parc aquatechnique, 2 rue de Londres, 34200 SETE<\/p>\n\n          <\/div>\n        <\/div>\n      <\/div>\n    <\/div>\n  <\/div>\n<\/section>\n\n\n<section class=\"ps-block ps-block--paragraph\" data-animated>\n  <div class=\"ps-block__container\">\n    <div class=\"ps-block__grid\">\n      <div class=\"ps-block__content\">\n        <div class=\"ps-block__body\">\n          <div class=\"ps-block__item\">\n            \n<p>Tel: (+33) 04 67 18 19 53 Fax : (+33) 04 67 74 91 28<br><\/p>\n\n          <\/div>\n        <\/div>\n      <\/div>\n    <\/div>\n  <\/div>\n<\/section>\n\n\n<section class=\"ps-block ps-block--heading\" data-animated>\n  <div class=\"ps-block__container\">\n    <div class=\"ps-block__grid\">\n      <div class=\"ps-block__content\">\n        <div class=\"ps-block__body\">\n          <div class=\"ps-block__item\">\n            \n<h2 class=\"wp-block-heading\">Europa<\/h2>\n\n          <\/div>\n        <\/div>\n      <\/div>\n    <\/div>\n  <\/div>\n<\/section>\n\n\n<section class=\"ps-block ps-block--paragraph\" data-animated>\n  <div class=\"ps-block__container\">\n    <div class=\"ps-block__grid\">\n      <div class=\"ps-block__content\">\n        <div class=\"ps-block__body\">\n          <div class=\"ps-block__item\">\n            \n<p>CINIER gibt es in folgenden europ\u00e4ischen L\u00e4ndern:<br>\u2013 Schweiz<br>\u2013 Luxemburg<br>\u2013 Italien<br>\u2013 Gro\u00dfbritannien<br>\u2013 Polen<br>\u2013 Belgien<br>\u2013 Holland<br>\u2013 Bulgarien<br>\u2013 Rum\u00e4nien<br>\u2013 Deutschland<br>\u2013 \u00d6sterreich<br>\u2013 Lettland, Estland, Litauen<br>\u2013 Finland<br>\u2013 Slovenien<br>\u2013 Ungarn<br>\u2013 Griechenland<br>\u2013 T\u00fcrkei<\/p>\n\n          <\/div>\n        <\/div>\n      <\/div>\n    <\/div>\n  <\/div>\n<\/section>\n\n\n<section class=\"ps-block ps-block--paragraph\" data-animated>\n  <div class=\"ps-block__container\">\n    <div class=\"ps-block__grid\">\n      <div class=\"ps-block__content\">\n        <div class=\"ps-block__body\">\n          <div class=\"ps-block__item\">\n            \n<p>F\u00fcr die Angabe von Agenten und Verkaufspunkten in den oben gelisteten oder anderen L\u00e4ndern, nehmen Sie bitte Kontakt mit dem CINIER Export Service auf:<br>Atelier CINIER. Service Export.<br>Parc Aquatechnique, 2 rue de Londres,34200 SETE, France.<br>Tel : +33 4 67 18 19 53. Fax: +33 4 67 74 91 28. Email :&nbsp;<a href=\"mailto:info@cinier.com\">info@cinier.com<\/a><br><\/p>\n\n          <\/div>\n        <\/div>\n      <\/div>\n    <\/div>\n  <\/div>\n<\/section>\n\n\n<section class=\"ps-block ps-block--heading\" data-animated>\n  <div class=\"ps-block__container\">\n    <div class=\"ps-block__grid\">\n      <div class=\"ps-block__content\">\n        <div class=\"ps-block__body\">\n          <div class=\"ps-block__item\">\n            \n<h2 class=\"wp-block-heading\">Amerika<\/h2>\n\n          <\/div>\n        <\/div>\n      <\/div>\n    <\/div>\n  <\/div>\n<\/section>\n\n\n<section class=\"ps-block ps-block--paragraph\" data-animated>\n  <div class=\"ps-block__container\">\n    <div class=\"ps-block__grid\">\n      <div class=\"ps-block__content\">\n        <div class=\"ps-block__body\">\n          <div class=\"ps-block__item\">\n            \n<p>Per ulteriori informazioni, contattare: export@cinier.com<br><\/p>\n\n          <\/div>\n        <\/div>\n      <\/div>\n    <\/div>\n  <\/div>\n<\/section>\n\n\n<section class=\"ps-block ps-block--heading\" data-animated>\n  <div class=\"ps-block__container\">\n    <div class=\"ps-block__grid\">\n      <div class=\"ps-block__content\">\n        <div class=\"ps-block__body\">\n          <div class=\"ps-block__item\">\n            \n<h2 class=\"wp-block-heading\">International<\/h2>\n\n          <\/div>\n        <\/div>\n      <\/div>\n    <\/div>\n  <\/div>\n<\/section>\n\n\n<section class=\"ps-block ps-block--paragraph\" data-animated>\n  <div class=\"ps-block__container\">\n    <div class=\"ps-block__grid\">\n      <div class=\"ps-block__content\">\n        <div class=\"ps-block__body\">\n          <div class=\"ps-block__item\">\n            \n<p>\u2013 Ru\u00dfland<\/p>\n\n          <\/div>\n        <\/div>\n      <\/div>\n    <\/div>\n  <\/div>\n<\/section>\n\n\n<section class=\"ps-block ps-block--paragraph\" data-animated>\n  <div class=\"ps-block__container\">\n    <div class=\"ps-block__grid\">\n      <div class=\"ps-block__content\">\n        <div class=\"ps-block__body\">\n          <div class=\"ps-block__item\">\n            \n<p>\u2013 Kasakhstan<br>\u2013 Armenien<br>\u2013 Azebaidjan<br>\u2013 Ukraine<br>\u2013 Libanon<br>\u2013 Iran<br>\u2013 Hong-Kong<br>\u2013 Australien<br>\u2013 Sankt Maarten\/ Sankt Barthelemy<\/p>\n\n          <\/div>\n        <\/div>\n      <\/div>\n    <\/div>\n  <\/div>\n<\/section>\n\n\n<section class=\"ps-block ps-block--paragraph\" data-animated>\n  <div class=\"ps-block__container\">\n    <div class=\"ps-block__grid\">\n      <div class=\"ps-block__content\">\n        <div class=\"ps-block__body\">\n          <div class=\"ps-block__item\">\n            \n<p>F\u00fcr die Verkaufspartner in den oben gelisteten oder anderen L\u00e4ndern , nehmen Sie bitte Kontakt mit dem CINIER Export Service auf:<br>Atelier Cinier -service export- : Parc Aquatechnique, 1 rue de Londres, 34200 SETE, France.<br>Tel: +33 4 67 18 19 53, Fax: +33 4 67 74 91 28, email :&nbsp;<a>info@cinier.com<\/a><\/p>\n\n          <\/div>\n        <\/div>\n      <\/div>\n    <\/div>\n  <\/div>\n<\/section>\n","protected":false},"excerpt":{"rendered":"<p>DEUTSCHLAND &amp; \u00d6STERREICH: Sie k\u00f6nnen Ihr CINIER-Modell direkt bei unserem Atelier in Frankreich bestellen. Entweder \u00fcber diese CINIER-Website oder \u00fcber die Website https:\/\/cinierstore.com\/ Kontakt f\u00fcr Deutschland und \u00d6sterreich: Frau Johanna Cinier-Buser Tel. +33 4 67 18 19 53 \/ commercial@cinier.com FRANKREICH: Atelier CINIER verkauft seine Produkte \u00fcber eine Netz von Installateuren und ausgesuchten Gro\u00dfh\u00e4ndlern im [&hellip;]<\/p>\n","protected":false},"author":1,"featured_media":17080,"parent":0,"menu_order":0,"comment_status":"closed","ping_status":"closed","template":"","meta":{"_acf_changed":false,"inline_featured_image":false,"footnotes":""},"class_list":["post-10830","page","type-page","status-publish","has-post-thumbnail","hentry"],"acf":[],"yoast_head":"<!-- This site is optimized with the Yoast SEO plugin v27.2 - https:\/\/yoast.com\/product\/yoast-seo-wordpress\/ -->\n<title>Verkaufsstellen | Cinier<\/title>\n<meta name=\"description\" content=\"DEUTSCHLAND &amp; \u00d6STERREICH: Sie k\u00f6nnen Ihr CINIER-Modell direkt bei unserem Atelier in Frankreich bestellen. Entweder \u00fcber diese CINIER-Website oder\" \/>\n<meta name=\"robots\" content=\"index, follow, max-snippet:-1, max-image-preview:large, max-video-preview:-1\" \/>\n<link rel=\"canonical\" href=\"https:\/\/www.cinier.com\/de\/revendeurs\/\" \/>\n<meta property=\"og:locale\" content=\"de_DE\" \/>\n<meta property=\"og:type\" content=\"article\" \/>\n<meta property=\"og:title\" content=\"Verkaufsstellen | Cinier\" \/>\n<meta property=\"og:description\" content=\"DEUTSCHLAND &amp; \u00d6STERREICH: Sie k\u00f6nnen Ihr CINIER-Modell direkt bei unserem Atelier in Frankreich bestellen. Entweder \u00fcber diese CINIER-Website oder\" \/>\n<meta property=\"og:url\" content=\"https:\/\/www.cinier.com\/de\/revendeurs\/\" \/>\n<meta property=\"og:site_name\" content=\"Cinier\" \/>\n<meta property=\"article:publisher\" content=\"https:\/\/www.facebook.com\/cinierdesign\/?ref=bookmarks\" \/>\n<meta property=\"article:modified_time\" content=\"2025-10-07T14:58:20+00:00\" \/>\n<meta property=\"og:image\" content=\"https:\/\/www.cinier.com\/app\/uploads\/2020\/02\/CINIER-Paris-showroom-10-1024x683.jpg\" \/>\n\t<meta property=\"og:image:width\" content=\"1024\" \/>\n\t<meta property=\"og:image:height\" content=\"683\" \/>\n\t<meta property=\"og:image:type\" content=\"image\/jpeg\" \/>\n<meta name=\"twitter:card\" content=\"summary_large_image\" \/>\n<meta name=\"twitter:label1\" content=\"Est. reading time\" \/>\n\t<meta name=\"twitter:data1\" content=\"3 minutes\" \/>\n<script type=\"application\/ld+json\" class=\"yoast-schema-graph\">{\"@context\":\"https:\/\/schema.org\",\"@graph\":[{\"@type\":\"WebPage\",\"@id\":\"https:\/\/www.cinier.com\/de\/revendeurs\/\",\"url\":\"https:\/\/www.cinier.com\/de\/revendeurs\/\",\"name\":\"Verkaufsstellen | Cinier\",\"isPartOf\":{\"@id\":\"https:\/\/www.cinier.com\/de\/#website\"},\"primaryImageOfPage\":{\"@id\":\"https:\/\/www.cinier.com\/de\/revendeurs\/#primaryimage\"},\"image\":{\"@id\":\"https:\/\/www.cinier.com\/de\/revendeurs\/#primaryimage\"},\"thumbnailUrl\":\"https:\/\/www.cinier.com\/app\/uploads\/2020\/02\/CINIER-Paris-showroom-10.jpg\",\"datePublished\":\"2019-07-30T12:01:06+00:00\",\"dateModified\":\"2025-10-07T14:58:20+00:00\",\"description\":\"DEUTSCHLAND &amp; \u00d6STERREICH: Sie k\u00f6nnen Ihr CINIER-Modell direkt bei unserem Atelier in Frankreich bestellen. Entweder \u00fcber diese CINIER-Website oder\",\"breadcrumb\":{\"@id\":\"https:\/\/www.cinier.com\/de\/revendeurs\/#breadcrumb\"},\"inLanguage\":\"de-DE\",\"potentialAction\":[{\"@type\":\"ReadAction\",\"target\":[\"https:\/\/www.cinier.com\/de\/revendeurs\/\"]}]},{\"@type\":\"ImageObject\",\"inLanguage\":\"de-DE\",\"@id\":\"https:\/\/www.cinier.com\/de\/revendeurs\/#primaryimage\",\"url\":\"https:\/\/www.cinier.com\/app\/uploads\/2020\/02\/CINIER-Paris-showroom-10.jpg\",\"contentUrl\":\"https:\/\/www.cinier.com\/app\/uploads\/2020\/02\/CINIER-Paris-showroom-10.jpg\",\"width\":3840,\"height\":2560,\"caption\":\"Verkaufsstellen 7\"},{\"@type\":\"BreadcrumbList\",\"@id\":\"https:\/\/www.cinier.com\/de\/revendeurs\/#breadcrumb\",\"itemListElement\":[{\"@type\":\"ListItem\",\"position\":1,\"name\":\"Accueil\",\"item\":\"https:\/\/www.cinier.com\/de\/\"},{\"@type\":\"ListItem\",\"position\":2,\"name\":\"Verkaufsstellen\"}]},{\"@type\":\"WebSite\",\"@id\":\"https:\/\/www.cinier.com\/de\/#website\",\"url\":\"https:\/\/www.cinier.com\/de\/\",\"name\":\"Cinier\",\"description\":\"Radiateurs et Luminaires Contemporains\",\"publisher\":{\"@id\":\"https:\/\/www.cinier.com\/de\/#organization\"},\"potentialAction\":[{\"@type\":\"SearchAction\",\"target\":{\"@type\":\"EntryPoint\",\"urlTemplate\":\"https:\/\/www.cinier.com\/de\/?s={search_term_string}\"},\"query-input\":{\"@type\":\"PropertyValueSpecification\",\"valueRequired\":true,\"valueName\":\"search_term_string\"}}],\"inLanguage\":\"de-DE\"},{\"@type\":\"Organization\",\"@id\":\"https:\/\/www.cinier.com\/de\/#organization\",\"name\":\"Cinier\",\"url\":\"https:\/\/www.cinier.com\/de\/\",\"logo\":{\"@type\":\"ImageObject\",\"inLanguage\":\"de-DE\",\"@id\":\"https:\/\/www.cinier.com\/de\/#\/schema\/logo\/image\/\",\"url\":\"https:\/\/www.cinier.com\/app\/uploads\/2019\/08\/logo.png\",\"contentUrl\":\"https:\/\/www.cinier.com\/app\/uploads\/2019\/08\/logo.png\",\"width\":258,\"height\":122,\"caption\":\"Cinier\"},\"image\":{\"@id\":\"https:\/\/www.cinier.com\/de\/#\/schema\/logo\/image\/\"},\"sameAs\":[\"https:\/\/www.facebook.com\/cinierdesign\/?ref=bookmarks\",\"https:\/\/www.instagram.com\/cinier_design\/?hl=en\",\"https:\/\/www.linkedin.com\/company\/cinier-paris\/?viewAsMember=true\",\"https:\/\/www.pinterest.fr\/CINIERFrance\/\",\"https:\/\/www.youtube.com\/watch?v=EBncqm0X6-4\"]}]}<\/script>\n<!-- \/ Yoast SEO plugin. -->","yoast_head_json":{"title":"Verkaufsstellen | Cinier","description":"DEUTSCHLAND &amp; \u00d6STERREICH: Sie k\u00f6nnen Ihr CINIER-Modell direkt bei unserem Atelier in Frankreich bestellen. Entweder \u00fcber diese CINIER-Website oder","robots":{"index":"index","follow":"follow","max-snippet":"max-snippet:-1","max-image-preview":"max-image-preview:large","max-video-preview":"max-video-preview:-1"},"canonical":"https:\/\/www.cinier.com\/de\/revendeurs\/","og_locale":"de_DE","og_type":"article","og_title":"Verkaufsstellen | Cinier","og_description":"DEUTSCHLAND &amp; \u00d6STERREICH: Sie k\u00f6nnen Ihr CINIER-Modell direkt bei unserem Atelier in Frankreich bestellen. Entweder \u00fcber diese CINIER-Website oder","og_url":"https:\/\/www.cinier.com\/de\/revendeurs\/","og_site_name":"Cinier","article_publisher":"https:\/\/www.facebook.com\/cinierdesign\/?ref=bookmarks","article_modified_time":"2025-10-07T14:58:20+00:00","og_image":[{"width":1024,"height":683,"url":"https:\/\/www.cinier.com\/app\/uploads\/2020\/02\/CINIER-Paris-showroom-10-1024x683.jpg","type":"image\/jpeg"}],"twitter_card":"summary_large_image","twitter_misc":{"Est. reading time":"3 minutes"},"schema":{"@context":"https:\/\/schema.org","@graph":[{"@type":"WebPage","@id":"https:\/\/www.cinier.com\/de\/revendeurs\/","url":"https:\/\/www.cinier.com\/de\/revendeurs\/","name":"Verkaufsstellen | Cinier","isPartOf":{"@id":"https:\/\/www.cinier.com\/de\/#website"},"primaryImageOfPage":{"@id":"https:\/\/www.cinier.com\/de\/revendeurs\/#primaryimage"},"image":{"@id":"https:\/\/www.cinier.com\/de\/revendeurs\/#primaryimage"},"thumbnailUrl":"https:\/\/www.cinier.com\/app\/uploads\/2020\/02\/CINIER-Paris-showroom-10.jpg","datePublished":"2019-07-30T12:01:06+00:00","dateModified":"2025-10-07T14:58:20+00:00","description":"DEUTSCHLAND &amp; \u00d6STERREICH: Sie k\u00f6nnen Ihr CINIER-Modell direkt bei unserem Atelier in Frankreich bestellen. Entweder \u00fcber diese CINIER-Website oder","breadcrumb":{"@id":"https:\/\/www.cinier.com\/de\/revendeurs\/#breadcrumb"},"inLanguage":"de-DE","potentialAction":[{"@type":"ReadAction","target":["https:\/\/www.cinier.com\/de\/revendeurs\/"]}]},{"@type":"ImageObject","inLanguage":"de-DE","@id":"https:\/\/www.cinier.com\/de\/revendeurs\/#primaryimage","url":"https:\/\/www.cinier.com\/app\/uploads\/2020\/02\/CINIER-Paris-showroom-10.jpg","contentUrl":"https:\/\/www.cinier.com\/app\/uploads\/2020\/02\/CINIER-Paris-showroom-10.jpg","width":3840,"height":2560,"caption":"Verkaufsstellen 7"},{"@type":"BreadcrumbList","@id":"https:\/\/www.cinier.com\/de\/revendeurs\/#breadcrumb","itemListElement":[{"@type":"ListItem","position":1,"name":"Accueil","item":"https:\/\/www.cinier.com\/de\/"},{"@type":"ListItem","position":2,"name":"Verkaufsstellen"}]},{"@type":"WebSite","@id":"https:\/\/www.cinier.com\/de\/#website","url":"https:\/\/www.cinier.com\/de\/","name":"Cinier","description":"Radiateurs et Luminaires Contemporains","publisher":{"@id":"https:\/\/www.cinier.com\/de\/#organization"},"potentialAction":[{"@type":"SearchAction","target":{"@type":"EntryPoint","urlTemplate":"https:\/\/www.cinier.com\/de\/?s={search_term_string}"},"query-input":{"@type":"PropertyValueSpecification","valueRequired":true,"valueName":"search_term_string"}}],"inLanguage":"de-DE"},{"@type":"Organization","@id":"https:\/\/www.cinier.com\/de\/#organization","name":"Cinier","url":"https:\/\/www.cinier.com\/de\/","logo":{"@type":"ImageObject","inLanguage":"de-DE","@id":"https:\/\/www.cinier.com\/de\/#\/schema\/logo\/image\/","url":"https:\/\/www.cinier.com\/app\/uploads\/2019\/08\/logo.png","contentUrl":"https:\/\/www.cinier.com\/app\/uploads\/2019\/08\/logo.png","width":258,"height":122,"caption":"Cinier"},"image":{"@id":"https:\/\/www.cinier.com\/de\/#\/schema\/logo\/image\/"},"sameAs":["https:\/\/www.facebook.com\/cinierdesign\/?ref=bookmarks","https:\/\/www.instagram.com\/cinier_design\/?hl=en","https:\/\/www.linkedin.com\/company\/cinier-paris\/?viewAsMember=true","https:\/\/www.pinterest.fr\/CINIERFrance\/","https:\/\/www.youtube.com\/watch?v=EBncqm0X6-4"]}]}},"_links":{"self":[{"href":"https:\/\/www.cinier.com\/de\/wp-json\/wp\/v2\/pages\/10830","targetHints":{"allow":["GET"]}}],"collection":[{"href":"https:\/\/www.cinier.com\/de\/wp-json\/wp\/v2\/pages"}],"about":[{"href":"https:\/\/www.cinier.com\/de\/wp-json\/wp\/v2\/types\/page"}],"author":[{"embeddable":true,"href":"https:\/\/www.cinier.com\/de\/wp-json\/wp\/v2\/users\/1"}],"replies":[{"embeddable":true,"href":"https:\/\/www.cinier.com\/de\/wp-json\/wp\/v2\/comments?post=10830"}],"version-history":[{"count":5,"href":"https:\/\/www.cinier.com\/de\/wp-json\/wp\/v2\/pages\/10830\/revisions"}],"predecessor-version":[{"id":35824,"href":"https:\/\/www.cinier.com\/de\/wp-json\/wp\/v2\/pages\/10830\/revisions\/35824"}],"wp:featuredmedia":[{"embeddable":true,"href":"https:\/\/www.cinier.com\/de\/wp-json\/wp\/v2\/media\/17080"}],"wp:attachment":[{"href":"https:\/\/www.cinier.com\/de\/wp-json\/wp\/v2\/media?parent=10830"}],"curies":[{"name":"wp","href":"https:\/\/api.w.org\/{rel}","templated":true}]}}