{"id":10779,"date":"2019-07-31T12:20:49","date_gmt":"2019-07-31T10:20:49","guid":{"rendered":"http:\/\/www.cinier.com\/technologies\/"},"modified":"2020-02-06T10:17:52","modified_gmt":"2020-02-06T09:17:52","slug":"technologies","status":"publish","type":"page","link":"https:\/\/www.cinier.com\/de\/maison-cinier\/technologies\/","title":{"rendered":"Technologien"},"content":{"rendered":"<section class=\"ps-block ps-block--textimage image-left\" data-animated>\n  <div class=\"ps-block__container\">\n    <div class=\"ps-block__grid\">\n\n      <div class=\"ps-block__img\">\n                  <img class=\"lozad\" data-src=\"https:\/\/www.cinier.com\/app\/uploads\/2019\/08\/xnjx083n-671x640.jpg\" data-srcset=\"https:\/\/www.cinier.com\/app\/uploads\/2019\/08\/xnjx083n-671x640.jpg 690w\" alt=\"Greenor\u00ae 1\">\n              <\/div>\n\n      <div class=\"ps-block__body \">\n                <h3 class=\"title\">GREENOR\u00ae<\/h3>\n                        <p class=\"text\">\n          Collectionen Cinier Greenor Konzipiert f\u00fcr Heizung mit Niedrigsttemperaturen(W\u00e4rmepumpen, Brennwert-Kessel). Ideal in Kombination mit reversibler W\u00e4rmepumpe f\u00fcr Heizen und K\u00fchlen. \u00c4sthetik und Funktionalit\u00e4t in h\u00f6chster Vollendung.\n        <\/p>\n                        <div class=\"buttons\">\n                                    <a href=\"https:\/\/www.cinier.com\/de\/greenor\/\" class=\"button main\" target=\"_blank\">Lesen Sie mehr<\/a>\n                              <\/div>\n              <\/div>\n\n    <\/div>\n  <\/div>\n<\/section>\n\n\n<section class=\"ps-block ps-block--textimage image-right\" data-animated>\n  <div class=\"ps-block__container\">\n    <div class=\"ps-block__grid\">\n\n      <div class=\"ps-block__img\">\n                  <img class=\"lozad\" data-src=\"https:\/\/www.cinier.com\/app\/uploads\/2019\/08\/wtihmffh-690x640.jpg\" data-srcset=\"https:\/\/www.cinier.com\/app\/uploads\/2019\/08\/wtihmffh-690x640.jpg 690w\" alt=\"\">\n              <\/div>\n\n      <div class=\"ps-block__body \">\n                <h3 class=\"title\">Olycale\u00ae Kunstheizk\u00f6rper &#038; badw\u00e4rmer<\/h3>\n                        <p class=\"text\">\n          Um einen au\u00dfergew\u00f6hnlichen Heizkomfort zu bieten, wird jeder Cinier Heizk\u00f6rper individuell entwickelt.\n        <\/p>\n                        <div class=\"buttons\">\n                                    <a href=\"https:\/\/www.cinier.com\/de\/olycale\/\" class=\"button main\" target=\"_blank\">Lesen Sie mehr<\/a>\n                              <\/div>\n              <\/div>\n\n    <\/div>\n  <\/div>\n<\/section>\n\n\n<section class=\"ps-block ps-block--textimage image-left\" data-animated>\n  <div class=\"ps-block__container\">\n    <div class=\"ps-block__grid\">\n\n      <div class=\"ps-block__img\">\n                  <img class=\"lozad\" data-src=\"https:\/\/www.cinier.com\/app\/uploads\/2020\/01\/Cascade-12-CINIER-LT-LED-suspension-3-690x640.jpg\" data-srcset=\"https:\/\/www.cinier.com\/app\/uploads\/2020\/01\/Cascade-12-CINIER-LT-LED-suspension-3-690x640.jpg 690w\" alt=\"Cascade Mir\u00e9 \u2013 12\">\n              <\/div>\n\n      <div class=\"ps-block__body \">\n                <h3 class=\"title\">LED LT<\/h3>\n                        <p class=\"text\">\n          The choice of lighting fixtures is one of the details that you should plan during the home decorating phase. CINIER LT combines high quality LEDs with the creation of unique luminaires. Choosing the CINIER LT LEDs means choosing to reduce the energy consumed for your home and your planet.\n        <\/p>\n                        <div class=\"buttons\">\n                                    <a href=\"https:\/\/www.cinier.com\/de\/led-lt\/\" class=\"button main\" target=\"_blank\">Lesen Sie mehr<\/a>\n                              <\/div>\n              <\/div>\n\n    <\/div>\n  <\/div>\n<\/section>\n","protected":false},"excerpt":{"rendered":"<p>Wir pr\u00e4sentieren die Technologie der CINIER-Produkte. Hier finden Sie Antworten auf h\u00e4ufig gestellte Fragen (FAQ).<\/p>\n","protected":false},"author":1,"featured_media":5146,"parent":10809,"menu_order":3,"comment_status":"closed","ping_status":"closed","template":"","meta":{"_acf_changed":false,"inline_featured_image":false,"footnotes":""},"class_list":["post-10779","page","type-page","status-publish","has-post-thumbnail","hentry"],"acf":[],"yoast_head":"<!-- This site is optimized with the Yoast SEO plugin v27.2 - https:\/\/yoast.com\/product\/yoast-seo-wordpress\/ -->\n<title>Technologien | Cinier<\/title>\n<meta name=\"description\" content=\"Wir pr\u00e4sentieren die Technologie der CINIER-Produkte. Hier finden Sie Antworten auf h\u00e4ufig gestellte Fragen (FAQ).\" \/>\n<meta name=\"robots\" content=\"index, follow, max-snippet:-1, max-image-preview:large, max-video-preview:-1\" \/>\n<link rel=\"canonical\" href=\"https:\/\/www.cinier.com\/de\/maison-cinier\/technologies\/\" \/>\n<meta property=\"og:locale\" content=\"de_DE\" \/>\n<meta property=\"og:type\" content=\"article\" \/>\n<meta property=\"og:title\" content=\"Technologien | Cinier\" \/>\n<meta property=\"og:description\" content=\"Wir pr\u00e4sentieren die Technologie der CINIER-Produkte. Hier finden Sie Antworten auf h\u00e4ufig gestellte Fragen (FAQ).\" \/>\n<meta property=\"og:url\" content=\"https:\/\/www.cinier.com\/de\/maison-cinier\/technologies\/\" \/>\n<meta property=\"og:site_name\" content=\"Cinier\" \/>\n<meta property=\"article:publisher\" content=\"https:\/\/www.facebook.com\/cinierdesign\/?ref=bookmarks\" \/>\n<meta property=\"article:modified_time\" content=\"2020-02-06T09:17:52+00:00\" \/>\n<meta property=\"og:image\" content=\"https:\/\/www.cinier.com\/app\/uploads\/2019\/08\/CINIER-LT-Black-Frame-1024x683.jpg\" \/>\n\t<meta property=\"og:image:width\" content=\"1024\" \/>\n\t<meta property=\"og:image:height\" content=\"683\" \/>\n\t<meta property=\"og:image:type\" content=\"image\/jpeg\" \/>\n<meta name=\"twitter:card\" content=\"summary_large_image\" \/>\n<script type=\"application\/ld+json\" class=\"yoast-schema-graph\">{\"@context\":\"https:\/\/schema.org\",\"@graph\":[{\"@type\":\"WebPage\",\"@id\":\"https:\/\/www.cinier.com\/de\/maison-cinier\/technologies\/\",\"url\":\"https:\/\/www.cinier.com\/de\/maison-cinier\/technologies\/\",\"name\":\"Technologien | Cinier\",\"isPartOf\":{\"@id\":\"https:\/\/www.cinier.com\/de\/#website\"},\"primaryImageOfPage\":{\"@id\":\"https:\/\/www.cinier.com\/de\/maison-cinier\/technologies\/#primaryimage\"},\"image\":{\"@id\":\"https:\/\/www.cinier.com\/de\/maison-cinier\/technologies\/#primaryimage\"},\"thumbnailUrl\":\"https:\/\/www.cinier.com\/app\/uploads\/2019\/08\/CINIER-LT-Black-Frame.jpg\",\"datePublished\":\"2019-07-31T10:20:49+00:00\",\"dateModified\":\"2020-02-06T09:17:52+00:00\",\"description\":\"Wir pr\u00e4sentieren die Technologie der CINIER-Produkte. Hier finden Sie Antworten auf h\u00e4ufig gestellte Fragen (FAQ).\",\"breadcrumb\":{\"@id\":\"https:\/\/www.cinier.com\/de\/maison-cinier\/technologies\/#breadcrumb\"},\"inLanguage\":\"de-DE\",\"potentialAction\":[{\"@type\":\"ReadAction\",\"target\":[\"https:\/\/www.cinier.com\/de\/maison-cinier\/technologies\/\"]}]},{\"@type\":\"ImageObject\",\"inLanguage\":\"de-DE\",\"@id\":\"https:\/\/www.cinier.com\/de\/maison-cinier\/technologies\/#primaryimage\",\"url\":\"https:\/\/www.cinier.com\/app\/uploads\/2019\/08\/CINIER-LT-Black-Frame.jpg\",\"contentUrl\":\"https:\/\/www.cinier.com\/app\/uploads\/2019\/08\/CINIER-LT-Black-Frame.jpg\",\"width\":5616,\"height\":3744,\"caption\":\"Technologies 2\"},{\"@type\":\"BreadcrumbList\",\"@id\":\"https:\/\/www.cinier.com\/de\/maison-cinier\/technologies\/#breadcrumb\",\"itemListElement\":[{\"@type\":\"ListItem\",\"position\":1,\"name\":\"Accueil\",\"item\":\"https:\/\/www.cinier.com\/de\/\"},{\"@type\":\"ListItem\",\"position\":2,\"name\":\"Maison Cinier\",\"item\":\"https:\/\/www.cinier.com\/de\/maison-cinier\/\"},{\"@type\":\"ListItem\",\"position\":3,\"name\":\"Technologien\"}]},{\"@type\":\"WebSite\",\"@id\":\"https:\/\/www.cinier.com\/de\/#website\",\"url\":\"https:\/\/www.cinier.com\/de\/\",\"name\":\"Cinier\",\"description\":\"Radiateurs et Luminaires Contemporains\",\"publisher\":{\"@id\":\"https:\/\/www.cinier.com\/de\/#organization\"},\"potentialAction\":[{\"@type\":\"SearchAction\",\"target\":{\"@type\":\"EntryPoint\",\"urlTemplate\":\"https:\/\/www.cinier.com\/de\/?s={search_term_string}\"},\"query-input\":{\"@type\":\"PropertyValueSpecification\",\"valueRequired\":true,\"valueName\":\"search_term_string\"}}],\"inLanguage\":\"de-DE\"},{\"@type\":\"Organization\",\"@id\":\"https:\/\/www.cinier.com\/de\/#organization\",\"name\":\"Cinier\",\"url\":\"https:\/\/www.cinier.com\/de\/\",\"logo\":{\"@type\":\"ImageObject\",\"inLanguage\":\"de-DE\",\"@id\":\"https:\/\/www.cinier.com\/de\/#\/schema\/logo\/image\/\",\"url\":\"https:\/\/www.cinier.com\/app\/uploads\/2019\/08\/logo.png\",\"contentUrl\":\"https:\/\/www.cinier.com\/app\/uploads\/2019\/08\/logo.png\",\"width\":258,\"height\":122,\"caption\":\"Cinier\"},\"image\":{\"@id\":\"https:\/\/www.cinier.com\/de\/#\/schema\/logo\/image\/\"},\"sameAs\":[\"https:\/\/www.facebook.com\/cinierdesign\/?ref=bookmarks\",\"https:\/\/www.instagram.com\/cinier_design\/?hl=en\",\"https:\/\/www.linkedin.com\/company\/cinier-paris\/?viewAsMember=true\",\"https:\/\/www.pinterest.fr\/CINIERFrance\/\",\"https:\/\/www.youtube.com\/watch?v=EBncqm0X6-4\"]}]}<\/script>\n<!-- \/ Yoast SEO plugin. -->","yoast_head_json":{"title":"Technologien | Cinier","description":"Wir pr\u00e4sentieren die Technologie der CINIER-Produkte. Hier finden Sie Antworten auf h\u00e4ufig gestellte Fragen (FAQ).","robots":{"index":"index","follow":"follow","max-snippet":"max-snippet:-1","max-image-preview":"max-image-preview:large","max-video-preview":"max-video-preview:-1"},"canonical":"https:\/\/www.cinier.com\/de\/maison-cinier\/technologies\/","og_locale":"de_DE","og_type":"article","og_title":"Technologien | Cinier","og_description":"Wir pr\u00e4sentieren die Technologie der CINIER-Produkte. Hier finden Sie Antworten auf h\u00e4ufig gestellte Fragen (FAQ).","og_url":"https:\/\/www.cinier.com\/de\/maison-cinier\/technologies\/","og_site_name":"Cinier","article_publisher":"https:\/\/www.facebook.com\/cinierdesign\/?ref=bookmarks","article_modified_time":"2020-02-06T09:17:52+00:00","og_image":[{"width":1024,"height":683,"url":"https:\/\/www.cinier.com\/app\/uploads\/2019\/08\/CINIER-LT-Black-Frame-1024x683.jpg","type":"image\/jpeg"}],"twitter_card":"summary_large_image","schema":{"@context":"https:\/\/schema.org","@graph":[{"@type":"WebPage","@id":"https:\/\/www.cinier.com\/de\/maison-cinier\/technologies\/","url":"https:\/\/www.cinier.com\/de\/maison-cinier\/technologies\/","name":"Technologien | Cinier","isPartOf":{"@id":"https:\/\/www.cinier.com\/de\/#website"},"primaryImageOfPage":{"@id":"https:\/\/www.cinier.com\/de\/maison-cinier\/technologies\/#primaryimage"},"image":{"@id":"https:\/\/www.cinier.com\/de\/maison-cinier\/technologies\/#primaryimage"},"thumbnailUrl":"https:\/\/www.cinier.com\/app\/uploads\/2019\/08\/CINIER-LT-Black-Frame.jpg","datePublished":"2019-07-31T10:20:49+00:00","dateModified":"2020-02-06T09:17:52+00:00","description":"Wir pr\u00e4sentieren die Technologie der CINIER-Produkte. Hier finden Sie Antworten auf h\u00e4ufig gestellte Fragen (FAQ).","breadcrumb":{"@id":"https:\/\/www.cinier.com\/de\/maison-cinier\/technologies\/#breadcrumb"},"inLanguage":"de-DE","potentialAction":[{"@type":"ReadAction","target":["https:\/\/www.cinier.com\/de\/maison-cinier\/technologies\/"]}]},{"@type":"ImageObject","inLanguage":"de-DE","@id":"https:\/\/www.cinier.com\/de\/maison-cinier\/technologies\/#primaryimage","url":"https:\/\/www.cinier.com\/app\/uploads\/2019\/08\/CINIER-LT-Black-Frame.jpg","contentUrl":"https:\/\/www.cinier.com\/app\/uploads\/2019\/08\/CINIER-LT-Black-Frame.jpg","width":5616,"height":3744,"caption":"Technologies 2"},{"@type":"BreadcrumbList","@id":"https:\/\/www.cinier.com\/de\/maison-cinier\/technologies\/#breadcrumb","itemListElement":[{"@type":"ListItem","position":1,"name":"Accueil","item":"https:\/\/www.cinier.com\/de\/"},{"@type":"ListItem","position":2,"name":"Maison Cinier","item":"https:\/\/www.cinier.com\/de\/maison-cinier\/"},{"@type":"ListItem","position":3,"name":"Technologien"}]},{"@type":"WebSite","@id":"https:\/\/www.cinier.com\/de\/#website","url":"https:\/\/www.cinier.com\/de\/","name":"Cinier","description":"Radiateurs et Luminaires Contemporains","publisher":{"@id":"https:\/\/www.cinier.com\/de\/#organization"},"potentialAction":[{"@type":"SearchAction","target":{"@type":"EntryPoint","urlTemplate":"https:\/\/www.cinier.com\/de\/?s={search_term_string}"},"query-input":{"@type":"PropertyValueSpecification","valueRequired":true,"valueName":"search_term_string"}}],"inLanguage":"de-DE"},{"@type":"Organization","@id":"https:\/\/www.cinier.com\/de\/#organization","name":"Cinier","url":"https:\/\/www.cinier.com\/de\/","logo":{"@type":"ImageObject","inLanguage":"de-DE","@id":"https:\/\/www.cinier.com\/de\/#\/schema\/logo\/image\/","url":"https:\/\/www.cinier.com\/app\/uploads\/2019\/08\/logo.png","contentUrl":"https:\/\/www.cinier.com\/app\/uploads\/2019\/08\/logo.png","width":258,"height":122,"caption":"Cinier"},"image":{"@id":"https:\/\/www.cinier.com\/de\/#\/schema\/logo\/image\/"},"sameAs":["https:\/\/www.facebook.com\/cinierdesign\/?ref=bookmarks","https:\/\/www.instagram.com\/cinier_design\/?hl=en","https:\/\/www.linkedin.com\/company\/cinier-paris\/?viewAsMember=true","https:\/\/www.pinterest.fr\/CINIERFrance\/","https:\/\/www.youtube.com\/watch?v=EBncqm0X6-4"]}]}},"_links":{"self":[{"href":"https:\/\/www.cinier.com\/de\/wp-json\/wp\/v2\/pages\/10779","targetHints":{"allow":["GET"]}}],"collection":[{"href":"https:\/\/www.cinier.com\/de\/wp-json\/wp\/v2\/pages"}],"about":[{"href":"https:\/\/www.cinier.com\/de\/wp-json\/wp\/v2\/types\/page"}],"author":[{"embeddable":true,"href":"https:\/\/www.cinier.com\/de\/wp-json\/wp\/v2\/users\/1"}],"replies":[{"embeddable":true,"href":"https:\/\/www.cinier.com\/de\/wp-json\/wp\/v2\/comments?post=10779"}],"version-history":[{"count":10,"href":"https:\/\/www.cinier.com\/de\/wp-json\/wp\/v2\/pages\/10779\/revisions"}],"predecessor-version":[{"id":16599,"href":"https:\/\/www.cinier.com\/de\/wp-json\/wp\/v2\/pages\/10779\/revisions\/16599"}],"up":[{"embeddable":true,"href":"https:\/\/www.cinier.com\/de\/wp-json\/wp\/v2\/pages\/10809"}],"wp:featuredmedia":[{"embeddable":true,"href":"https:\/\/www.cinier.com\/de\/wp-json\/wp\/v2\/media\/5146"}],"wp:attachment":[{"href":"https:\/\/www.cinier.com\/de\/wp-json\/wp\/v2\/media?parent=10779"}],"curies":[{"name":"wp","href":"https:\/\/api.w.org\/{rel}","templated":true}]}}