{"id":10765,"date":"2019-10-02T11:58:31","date_gmt":"2019-10-02T09:58:31","guid":{"rendered":"http:\/\/www.cinier.com\/olycale\/"},"modified":"2024-03-22T16:39:54","modified_gmt":"2024-03-22T15:39:54","slug":"olycale","status":"publish","type":"page","link":"https:\/\/www.cinier.com\/de\/olycale\/","title":{"rendered":"Olycale\u00ae Kunst-Heizk\u00f6rper &#038; Badw\u00e4rmer"},"content":{"rendered":"<section class=\"ps-block ps-block--textimage image-right\" data-animated>\n  <div class=\"ps-block__container\">\n    <div class=\"ps-block__grid\">\n\n      <div class=\"ps-block__img\">\n                  <img class=\"lozad\" data-src=\"https:\/\/www.cinier.com\/app\/uploads\/2019\/08\/crafting-662x640.jpg\" data-srcset=\"https:\/\/www.cinier.com\/app\/uploads\/2019\/08\/crafting-662x640.jpg 690w\" alt=\"Olycal\u00ae\">\n              <\/div>\n\n      <div class=\"ps-block__body \">\n                <h3 class=\"title\">Ein aussergew\u00f6hnlicher Komfort.<\/h3>\n                        <p class=\"text\">\n          Um einen au\u00dfergew\u00f6hnlichen Heizkomfort zu bieten, wird jeder Cinier Heizk\u00f6rper individuell entwickelt.\n        <\/p>\n                      <\/div>\n\n    <\/div>\n  <\/div>\n<\/section>\n\n\n<section class=\"ps-block ps-block--paragraph\" data-animated>\n  <div class=\"ps-block__container\">\n    <div class=\"ps-block__grid\">\n      <div class=\"ps-block__content\">\n        <div class=\"ps-block__body\">\n          <div class=\"ps-block__item\">\n            \n<p>Die Technologie beruht auf 3 Haupteigenschaften:<\/p>\n\n          <\/div>\n        <\/div>\n      <\/div>\n    <\/div>\n  <\/div>\n<\/section>\n\n\n\n\n<section class=\"ps-block ps-block--paragraph\" data-animated>\n  <div class=\"ps-block__container\">\n    <div class=\"ps-block__grid\">\n      <div class=\"ps-block__content\">\n        <div class=\"ps-block__body\">\n          <div class=\"ps-block__item\">\n            \n<p>Der Olykalstein: Nat\u00fcrlicher, wei\u00dfer Stein.<\/p>\n\n          <\/div>\n        <\/div>\n      <\/div>\n    <\/div>\n  <\/div>\n<\/section>\n\n\n<section class=\"ps-block ps-block--paragraph\" data-animated>\n  <div class=\"ps-block__container\">\n    <div class=\"ps-block__grid\">\n      <div class=\"ps-block__content\">\n        <div class=\"ps-block__body\">\n          <div class=\"ps-block__item\">\n            \n<p>Der Olykalstein wir zuerst gemahlen und dann wieder zusammengemischt damit er eine optimale W\u00e4rmeausstrahlung erreicht.<br>Wegen seiner unvergleichbaren Eigenschaften, was die W\u00e4rmeabgabe betrifft, ist derOlykalstein eine echte Alternative zum Stahl, Gusseisen oder Aluminium mit vorz\u00fcglichem Heizkomfort.<\/p>\n\n          <\/div>\n        <\/div>\n      <\/div>\n    <\/div>\n  <\/div>\n<\/section>\n\n\n  <section class=\"ps-block ps-block--accordion\" data-animated>\n    <div class=\"ps-block__container\">\n      <div class=\"ps-block__grid\">\n        <div class=\"ps-block__content\">\n          <div class=\"ps-block__body\">\n            <div class=\"ps-block__item\">\n              <ul class=\"accordion\" data-accordion data-multi-expand=\"true\" data-allow-all-closed=\"true\">\n                                  <li class=\"accordion-item\" data-accordion-item>\n                    <a href=\"#\" class=\"accordion-title\">\n                      Heizprinzip\n                      <span class=\"accordion-toggle\"><\/span>\n                    <\/a>\n                    <div class=\"accordion-content\" data-tab-content><p><strong>W\u00e4rmemasseneffekt (auch Inertie genannt)<\/strong><\/p>\n<p>Die W\u00e4rmemasse des Olycalsteins f\u00fchrt zu einer \u201ckumulierung\u201d und \u201cD\u00e4mpfung\u201d der W\u00e4rmeausstrahlung. Dies erm\u00f6glicht eine sanfte, einh\u00fcllende und best\u00e4ndige W\u00e4rmeabgabe, damit der Raum immer die gleiche Temperatur beh\u00e4lt. So wird der aussergew\u00f6hnlich Komfort erhalten.<\/p>\n<p><strong>Die niedrige Temperatur<\/strong><\/p>\n<p>Die grosse Fl\u00e4che des Heizk\u00f6rpers und pr\u00e4zise Regelung erm\u00f6glicht das heizen bei niedriger Temperatur ohne Luftzirkulation (Totale Funktionsstille). Die Luft im Raum ist nicht trocken und dadurch gesunder und angenehmer zu atmen.<\/p>\n<p>Diese abgabe bei niedriger Temperatur vermeidet die Konvektion (eventuelle Ursachen von W\u00e4rmeverlust). Es kommt kein Staub auf und die n\u00f6tige Luftfeuchtigkeit wird erhalten f\u00fcr eine bessere und gesunde Luftqualit\u00e4t.<\/p>\n<\/div>\n                  <\/li>\n                                  <li class=\"accordion-item\" data-accordion-item>\n                    <a href=\"#\" class=\"accordion-title\">\n                      F\u00fcr den Anschluss an die Warmwasser-Zentralheizung.\n                      <span class=\"accordion-toggle\"><\/span>\n                    <\/a>\n                    <div class=\"accordion-content\" data-tab-content><p><strong>F\u00fcr den Anschluss an die Warmwasser-Zentralheizung<\/strong><br \/>\n<strong>Heizk\u00f6rper :<\/strong><br \/>\nDer Heizk\u00f6rper f\u00fcr den Anschluss an die Warmwasser-Zentralheizung besteht aus massiven Kupferrohren, welche durch ein spezielles Verfahren gegen Korrosion und Ausdehnung gesch\u00fctzt werden. In jedem Heizk\u00f6rper befinden sich etwa 50 Meter dieser Kupferrohre. Die mit mehr als 16 Bar getesteten Rohre garantieren eine au\u00dfergew\u00f6hnliche Stabilit\u00e4t und eine optimale Wasserzirkulation.<br \/>\nMittels eines exklusiven technischen Verfahrens werden die Rohre vollst\u00e4ndig in die<span class=\"SpellE\">Olykalsteinmasse<\/span>\u00a0getaucht. Durch dieses Verfahren wird die ganze Fl\u00e4che des Heizk\u00f6rpers einschlie\u00dflich des mineralen Mantels erhitzt und eine behagliche und lang anhaltende W\u00e4rme verbreitet .<\/p>\n<\/div>\n                  <\/li>\n                                  <li class=\"accordion-item\" data-accordion-item>\n                    <a href=\"#\" class=\"accordion-title\">\n                      Hydraulikanschluss &#038; Leistung\n                      <span class=\"accordion-toggle\"><\/span>\n                    <\/a>\n                    <div class=\"accordion-content\" data-tab-content><p><strong>Anschluss :<\/strong><br \/>\nWenn m\u00f6glich eingebaute Stromversorgung vorsehen damit man die Kabel und Leitungen nicht sieht.<br \/>\nDas Anschluss-Schema und die Abstandsma\u00dfe werden auf Anfrage mitgegeben.<br \/>\nDie Vor-und R\u00fccklaufverschraubung mit einem gebogenen, m\u00e4nnlichen Anschluss-St\u00fcck(1\/2) vorsehen.<\/p>\n<p>Die Anschl\u00fcsse werden mittels Flexiblen ausgef\u00fchrt (geliefert mit gebogenem St\u00fcck, Anschluss und Befestigungsschl\u00fcssel). Ein Thermostathahn so wie ein T-st\u00fcck zum Einstellen werden ebenfalls f\u00fcr jeden Apparat mitgeliefert..<\/p>\n<p><strong>Leistung :<\/strong><br \/>\nDie Leistung errechnet man nach europ\u00e4ischen Normen EN 442 in Delta T 50, es gibt sie auch in Delta T 60.<\/p>\n<\/div>\n                  <\/li>\n                                  <li class=\"accordion-item\" data-accordion-item>\n                    <a href=\"#\" class=\"accordion-title\">\n                      Elektroheizk\u00f6rper \n                      <span class=\"accordion-toggle\"><\/span>\n                    <\/a>\n                    <div class=\"accordion-content\" data-tab-content><p><strong>Der Heizk\u00f6rper<br \/>\n<\/strong>Der Elektroheizk\u00f6rper ist mit einem doppelt isolierten, unverw\u00fcstlichen Kabel ausgestattet, welches \u00fcber die ganze Heizk\u00f6rperfl\u00e4che verteilt ist. Damit jedes \u00dcberhitzungsrisiko ausgeschlossen ist, besitzt das Heizelement einen doppelten W\u00e4rmebegrenzer. Dieses Heizaggregat wird durch ein exklusives technisches Verfahren integral mit der Olykalsteinmasse \u00fcberzogen. Es erhitzt die gesamte Fl\u00e4che des Mineralsteinkorpus und erzeugt so eine behagliche und lang anhaltende W\u00e4rme<\/p>\n<p><strong>Der Anschluss<br \/>\n<\/strong>Eine normale Steckdose gen\u00fcgt. Um den pers\u00f6nlichen Komfort zu optimieren, ist jeder Elektroheizk\u00f6rper mit einem Leitkabel versehen welcher mit weiteren Heizk\u00f6rpern in der Wohnung verbunden werden kann.<\/p>\n<\/div>\n                  <\/li>\n                              <\/ul>\n            <\/div>\n          <\/div>\n        <\/div>\n      <\/div>\n    <\/div>\n  <\/section>\n","protected":false},"excerpt":{"rendered":"<p>Die Technologie beruht auf 3 Haupteigenschaften: Der Olykalstein: Nat\u00fcrlicher, wei\u00dfer Stein. Der Olykalstein wir zuerst gemahlen und dann wieder zusammengemischt damit er eine optimale W\u00e4rmeausstrahlung erreicht.Wegen seiner unvergleichbaren Eigenschaften, was die W\u00e4rmeabgabe betrifft, ist derOlykalstein eine echte Alternative zum Stahl, Gusseisen oder Aluminium mit vorz\u00fcglichem Heizkomfort.<\/p>\n","protected":false},"author":1,"featured_media":4135,"parent":0,"menu_order":0,"comment_status":"closed","ping_status":"closed","template":"","meta":{"_acf_changed":false,"inline_featured_image":false,"footnotes":""},"class_list":["post-10765","page","type-page","status-publish","has-post-thumbnail","hentry"],"acf":[],"yoast_head":"<!-- This site is optimized with the Yoast SEO plugin v27.2 - https:\/\/yoast.com\/product\/yoast-seo-wordpress\/ -->\n<title>Olycale\u00ae Kunst-Heizk\u00f6rper &amp; Badw\u00e4rmer | Cinier<\/title>\n<meta name=\"description\" content=\"Die Technologie beruht auf 3 Haupteigenschaften: Die W\u00e4rmeabgabe des olykalen SteinsDer W\u00e4rmemasseneffektNiedriger Energieverbrauch dank der intelligenten\" \/>\n<meta name=\"robots\" content=\"index, follow, max-snippet:-1, max-image-preview:large, max-video-preview:-1\" \/>\n<link rel=\"canonical\" href=\"https:\/\/www.cinier.com\/de\/olycale\/\" \/>\n<meta property=\"og:locale\" content=\"de_DE\" \/>\n<meta property=\"og:type\" content=\"article\" \/>\n<meta property=\"og:title\" content=\"Olycale\u00ae Kunst-Heizk\u00f6rper &amp; Badw\u00e4rmer | Cinier\" \/>\n<meta property=\"og:description\" content=\"Die Technologie beruht auf 3 Haupteigenschaften: Die W\u00e4rmeabgabe des olykalen SteinsDer W\u00e4rmemasseneffektNiedriger Energieverbrauch dank der intelligenten\" \/>\n<meta property=\"og:url\" content=\"https:\/\/www.cinier.com\/de\/olycale\/\" \/>\n<meta property=\"og:site_name\" content=\"Cinier\" \/>\n<meta property=\"article:publisher\" content=\"https:\/\/www.facebook.com\/cinierdesign\/?ref=bookmarks\" \/>\n<meta property=\"article:modified_time\" content=\"2024-03-22T15:39:54+00:00\" \/>\n<meta property=\"og:image\" content=\"https:\/\/www.cinier.com\/app\/uploads\/2019\/08\/crafting.jpg\" \/>\n\t<meta property=\"og:image:width\" content=\"662\" \/>\n\t<meta property=\"og:image:height\" content=\"662\" \/>\n\t<meta property=\"og:image:type\" content=\"image\/jpeg\" \/>\n<meta name=\"twitter:card\" content=\"summary_large_image\" \/>\n<meta name=\"twitter:label1\" content=\"Est. reading time\" \/>\n\t<meta name=\"twitter:data1\" content=\"3 minutes\" \/>\n<script type=\"application\/ld+json\" class=\"yoast-schema-graph\">{\"@context\":\"https:\/\/schema.org\",\"@graph\":[{\"@type\":\"WebPage\",\"@id\":\"https:\/\/www.cinier.com\/de\/olycale\/\",\"url\":\"https:\/\/www.cinier.com\/de\/olycale\/\",\"name\":\"Olycale\u00ae Kunst-Heizk\u00f6rper & Badw\u00e4rmer | Cinier\",\"isPartOf\":{\"@id\":\"https:\/\/www.cinier.com\/de\/#website\"},\"primaryImageOfPage\":{\"@id\":\"https:\/\/www.cinier.com\/de\/olycale\/#primaryimage\"},\"image\":{\"@id\":\"https:\/\/www.cinier.com\/de\/olycale\/#primaryimage\"},\"thumbnailUrl\":\"https:\/\/www.cinier.com\/app\/uploads\/2019\/08\/crafting.jpg\",\"datePublished\":\"2019-10-02T09:58:31+00:00\",\"dateModified\":\"2024-03-22T15:39:54+00:00\",\"description\":\"Die Technologie beruht auf 3 Haupteigenschaften: Die W\u00e4rmeabgabe des olykalen SteinsDer W\u00e4rmemasseneffektNiedriger Energieverbrauch dank der intelligenten\",\"breadcrumb\":{\"@id\":\"https:\/\/www.cinier.com\/de\/olycale\/#breadcrumb\"},\"inLanguage\":\"de-DE\",\"potentialAction\":[{\"@type\":\"ReadAction\",\"target\":[\"https:\/\/www.cinier.com\/de\/olycale\/\"]}]},{\"@type\":\"ImageObject\",\"inLanguage\":\"de-DE\",\"@id\":\"https:\/\/www.cinier.com\/de\/olycale\/#primaryimage\",\"url\":\"https:\/\/www.cinier.com\/app\/uploads\/2019\/08\/crafting.jpg\",\"contentUrl\":\"https:\/\/www.cinier.com\/app\/uploads\/2019\/08\/crafting.jpg\",\"width\":662,\"height\":662,\"caption\":\"Olycal\u00ae\"},{\"@type\":\"BreadcrumbList\",\"@id\":\"https:\/\/www.cinier.com\/de\/olycale\/#breadcrumb\",\"itemListElement\":[{\"@type\":\"ListItem\",\"position\":1,\"name\":\"Accueil\",\"item\":\"https:\/\/www.cinier.com\/de\/\"},{\"@type\":\"ListItem\",\"position\":2,\"name\":\"Olycale\u00ae Kunst-Heizk\u00f6rper &#038; Badw\u00e4rmer\"}]},{\"@type\":\"WebSite\",\"@id\":\"https:\/\/www.cinier.com\/de\/#website\",\"url\":\"https:\/\/www.cinier.com\/de\/\",\"name\":\"Cinier\",\"description\":\"Radiateurs et Luminaires Contemporains\",\"publisher\":{\"@id\":\"https:\/\/www.cinier.com\/de\/#organization\"},\"potentialAction\":[{\"@type\":\"SearchAction\",\"target\":{\"@type\":\"EntryPoint\",\"urlTemplate\":\"https:\/\/www.cinier.com\/de\/?s={search_term_string}\"},\"query-input\":{\"@type\":\"PropertyValueSpecification\",\"valueRequired\":true,\"valueName\":\"search_term_string\"}}],\"inLanguage\":\"de-DE\"},{\"@type\":\"Organization\",\"@id\":\"https:\/\/www.cinier.com\/de\/#organization\",\"name\":\"Cinier\",\"url\":\"https:\/\/www.cinier.com\/de\/\",\"logo\":{\"@type\":\"ImageObject\",\"inLanguage\":\"de-DE\",\"@id\":\"https:\/\/www.cinier.com\/de\/#\/schema\/logo\/image\/\",\"url\":\"https:\/\/www.cinier.com\/app\/uploads\/2019\/08\/logo.png\",\"contentUrl\":\"https:\/\/www.cinier.com\/app\/uploads\/2019\/08\/logo.png\",\"width\":258,\"height\":122,\"caption\":\"Cinier\"},\"image\":{\"@id\":\"https:\/\/www.cinier.com\/de\/#\/schema\/logo\/image\/\"},\"sameAs\":[\"https:\/\/www.facebook.com\/cinierdesign\/?ref=bookmarks\",\"https:\/\/www.instagram.com\/cinier_design\/?hl=en\",\"https:\/\/www.linkedin.com\/company\/cinier-paris\/?viewAsMember=true\",\"https:\/\/www.pinterest.fr\/CINIERFrance\/\",\"https:\/\/www.youtube.com\/watch?v=EBncqm0X6-4\"]}]}<\/script>\n<!-- \/ Yoast SEO plugin. -->","yoast_head_json":{"title":"Olycale\u00ae Kunst-Heizk\u00f6rper & Badw\u00e4rmer | Cinier","description":"Die Technologie beruht auf 3 Haupteigenschaften: Die W\u00e4rmeabgabe des olykalen SteinsDer W\u00e4rmemasseneffektNiedriger Energieverbrauch dank der intelligenten","robots":{"index":"index","follow":"follow","max-snippet":"max-snippet:-1","max-image-preview":"max-image-preview:large","max-video-preview":"max-video-preview:-1"},"canonical":"https:\/\/www.cinier.com\/de\/olycale\/","og_locale":"de_DE","og_type":"article","og_title":"Olycale\u00ae Kunst-Heizk\u00f6rper & Badw\u00e4rmer | Cinier","og_description":"Die Technologie beruht auf 3 Haupteigenschaften: Die W\u00e4rmeabgabe des olykalen SteinsDer W\u00e4rmemasseneffektNiedriger Energieverbrauch dank der intelligenten","og_url":"https:\/\/www.cinier.com\/de\/olycale\/","og_site_name":"Cinier","article_publisher":"https:\/\/www.facebook.com\/cinierdesign\/?ref=bookmarks","article_modified_time":"2024-03-22T15:39:54+00:00","og_image":[{"width":662,"height":662,"url":"https:\/\/www.cinier.com\/app\/uploads\/2019\/08\/crafting.jpg","type":"image\/jpeg"}],"twitter_card":"summary_large_image","twitter_misc":{"Est. reading time":"3 minutes"},"schema":{"@context":"https:\/\/schema.org","@graph":[{"@type":"WebPage","@id":"https:\/\/www.cinier.com\/de\/olycale\/","url":"https:\/\/www.cinier.com\/de\/olycale\/","name":"Olycale\u00ae Kunst-Heizk\u00f6rper & Badw\u00e4rmer | Cinier","isPartOf":{"@id":"https:\/\/www.cinier.com\/de\/#website"},"primaryImageOfPage":{"@id":"https:\/\/www.cinier.com\/de\/olycale\/#primaryimage"},"image":{"@id":"https:\/\/www.cinier.com\/de\/olycale\/#primaryimage"},"thumbnailUrl":"https:\/\/www.cinier.com\/app\/uploads\/2019\/08\/crafting.jpg","datePublished":"2019-10-02T09:58:31+00:00","dateModified":"2024-03-22T15:39:54+00:00","description":"Die Technologie beruht auf 3 Haupteigenschaften: Die W\u00e4rmeabgabe des olykalen SteinsDer W\u00e4rmemasseneffektNiedriger Energieverbrauch dank der intelligenten","breadcrumb":{"@id":"https:\/\/www.cinier.com\/de\/olycale\/#breadcrumb"},"inLanguage":"de-DE","potentialAction":[{"@type":"ReadAction","target":["https:\/\/www.cinier.com\/de\/olycale\/"]}]},{"@type":"ImageObject","inLanguage":"de-DE","@id":"https:\/\/www.cinier.com\/de\/olycale\/#primaryimage","url":"https:\/\/www.cinier.com\/app\/uploads\/2019\/08\/crafting.jpg","contentUrl":"https:\/\/www.cinier.com\/app\/uploads\/2019\/08\/crafting.jpg","width":662,"height":662,"caption":"Olycal\u00ae"},{"@type":"BreadcrumbList","@id":"https:\/\/www.cinier.com\/de\/olycale\/#breadcrumb","itemListElement":[{"@type":"ListItem","position":1,"name":"Accueil","item":"https:\/\/www.cinier.com\/de\/"},{"@type":"ListItem","position":2,"name":"Olycale\u00ae Kunst-Heizk\u00f6rper &#038; Badw\u00e4rmer"}]},{"@type":"WebSite","@id":"https:\/\/www.cinier.com\/de\/#website","url":"https:\/\/www.cinier.com\/de\/","name":"Cinier","description":"Radiateurs et Luminaires Contemporains","publisher":{"@id":"https:\/\/www.cinier.com\/de\/#organization"},"potentialAction":[{"@type":"SearchAction","target":{"@type":"EntryPoint","urlTemplate":"https:\/\/www.cinier.com\/de\/?s={search_term_string}"},"query-input":{"@type":"PropertyValueSpecification","valueRequired":true,"valueName":"search_term_string"}}],"inLanguage":"de-DE"},{"@type":"Organization","@id":"https:\/\/www.cinier.com\/de\/#organization","name":"Cinier","url":"https:\/\/www.cinier.com\/de\/","logo":{"@type":"ImageObject","inLanguage":"de-DE","@id":"https:\/\/www.cinier.com\/de\/#\/schema\/logo\/image\/","url":"https:\/\/www.cinier.com\/app\/uploads\/2019\/08\/logo.png","contentUrl":"https:\/\/www.cinier.com\/app\/uploads\/2019\/08\/logo.png","width":258,"height":122,"caption":"Cinier"},"image":{"@id":"https:\/\/www.cinier.com\/de\/#\/schema\/logo\/image\/"},"sameAs":["https:\/\/www.facebook.com\/cinierdesign\/?ref=bookmarks","https:\/\/www.instagram.com\/cinier_design\/?hl=en","https:\/\/www.linkedin.com\/company\/cinier-paris\/?viewAsMember=true","https:\/\/www.pinterest.fr\/CINIERFrance\/","https:\/\/www.youtube.com\/watch?v=EBncqm0X6-4"]}]}},"_links":{"self":[{"href":"https:\/\/www.cinier.com\/de\/wp-json\/wp\/v2\/pages\/10765","targetHints":{"allow":["GET"]}}],"collection":[{"href":"https:\/\/www.cinier.com\/de\/wp-json\/wp\/v2\/pages"}],"about":[{"href":"https:\/\/www.cinier.com\/de\/wp-json\/wp\/v2\/types\/page"}],"author":[{"embeddable":true,"href":"https:\/\/www.cinier.com\/de\/wp-json\/wp\/v2\/users\/1"}],"replies":[{"embeddable":true,"href":"https:\/\/www.cinier.com\/de\/wp-json\/wp\/v2\/comments?post=10765"}],"version-history":[{"count":6,"href":"https:\/\/www.cinier.com\/de\/wp-json\/wp\/v2\/pages\/10765\/revisions"}],"predecessor-version":[{"id":29781,"href":"https:\/\/www.cinier.com\/de\/wp-json\/wp\/v2\/pages\/10765\/revisions\/29781"}],"wp:featuredmedia":[{"embeddable":true,"href":"https:\/\/www.cinier.com\/de\/wp-json\/wp\/v2\/media\/4135"}],"wp:attachment":[{"href":"https:\/\/www.cinier.com\/de\/wp-json\/wp\/v2\/media?parent=10765"}],"curies":[{"name":"wp","href":"https:\/\/api.w.org\/{rel}","templated":true}]}}